{"id":2025233,"date":"2020-04-03T07:41:47","date_gmt":"2020-04-03T05:41:47","guid":{"rendered":"https:\/\/romfilatelia.ro\/magazin\/?post_type=product&#038;p=2025233"},"modified":"2020-04-03T07:52:48","modified_gmt":"2020-04-03T05:52:48","slug":"marea-loja-nationala-din-romania-140-de-ani-de-la-infiintare","status":"publish","type":"product","link":"https:\/\/romfilatelia.ro\/magazin\/produs\/colectii-anuale\/2020\/marea-loja-nationala-din-romania-140-de-ani-de-la-infiintare\/","title":{"rendered":"MAREA LOJ\u0102 NA\u021aIONAL\u0102 DIN ROM\u00c2NIA, 140 DE ANI DE LA \u00ceNFIIN\u021aARE"},"content":{"rendered":"<p><a href=\"https:\/\/romfilatelia.ro\/magazin\/wp-content\/uploads\/2020\/04\/MC_Marea-Loja.jpg\"><img decoding=\"async\" loading=\"lazy\" class=\"alignleft wp-image-2025234 size-medium\" src=\"https:\/\/romfilatelia.ro\/magazin\/wp-content\/uploads\/2020\/04\/MC_Marea-Loja-300x168.jpg\" alt=\"\" width=\"300\" height=\"168\" srcset=\"https:\/\/romfilatelia.ro\/magazin\/wp-content\/uploads\/2020\/04\/MC_Marea-Loja-300x168.jpg 300w, https:\/\/romfilatelia.ro\/magazin\/wp-content\/uploads\/2020\/04\/MC_Marea-Loja-500x280.jpg 500w, https:\/\/romfilatelia.ro\/magazin\/wp-content\/uploads\/2020\/04\/MC_Marea-Loja-64x36.jpg 64w, https:\/\/romfilatelia.ro\/magazin\/wp-content\/uploads\/2020\/04\/MC_Marea-Loja-768x431.jpg 768w, https:\/\/romfilatelia.ro\/magazin\/wp-content\/uploads\/2020\/04\/MC_Marea-Loja-800x448.jpg 800w, https:\/\/romfilatelia.ro\/magazin\/wp-content\/uploads\/2020\/04\/MC_Marea-Loja.jpg 1279w\" sizes=\"(max-width: 300px) 100vw, 300px\" \/><\/a><em>Cu ocazia anivers\u0103rii anul acesta a 140 de ani de existen\u021b\u0103 a Marii Loji Na\u0163ionale din Rom\u00e2nia, <\/em><em><strong>Romfilatelia<\/strong><\/em><em> introduce \u00een circula\u021bie <\/em><em>vineri, 3 aprilie a.c.<\/em><em>, emisiunea de m\u0103rci po\u0219tale <\/em><em><strong>Marea Loj\u0103 Na\u021bional\u0103 din Rom\u00e2nia, 140 de ani de la \u00eenfiin\u021bare<\/strong><\/em><em>.<\/em><\/p>\n<p><em>Emisiunea, alc\u0103tuit\u0103 din dou\u0103 m\u0103rci po\u0219tale \u0219i o coli\u021b\u0103 dantelat\u0103, aduce \u00een aten\u0163ia pasiona\u0163ilor de filatelie aspecte inedite ale existen\u0163ei \u015fi activit\u0103\u0163ii acestei societ\u0103\u0163i fraternale. <\/em><\/p>\n<p><em>Francmasoneria este o societate fraternal\u0103 a c\u0103rei origine coboar\u0103 p\u00e2n\u0103 la leag\u0103nul umanit\u0103\u0163ii. Ea \u00ee\u015fi \u00eendreapt\u0103 eforturile spre perfectibilitatea omului consider\u00e2nd c\u0103 prin iubire po\u0163i deveni mai bun, mai luminat, mai drept, mai tolerant \u015fi deci mai folositor societ\u0103\u0163ii. <\/em><\/p>\n<p><em>Francmasoneria rom\u00e2n\u0103 are o istorie \u00eendelungat\u0103, \u00eenceputurile ei fiind apropiate de \u00eenfiin\u0163area primei Mari Loji din Londra \u0219i Westminster (24 iunie 1717). \u00cen anul 1732, la Gala\u021bi era fondat\u0103 <\/em><em>Loggia di Galazzi<\/em><em>, av\u00e2nd ca Maestru Venerabil pe prin\u021bul Scarlat Ghica. \u00cen 1735 se \u00eenfiin\u021ba la Ia\u015fi o alt\u0103 Loj\u0103, Maestru Venerabil fiind prin\u021bul Constantin Mavrocordat. Loji masonice erau fondate \u00een \u00eentreg spa\u021biul rom\u00e2nesc, mai bine cunoscute fiind lojile <\/em><em>St. Andreas zu den drei Seebl\u00e4ttern<\/em><em> din Sibiu (1767) \u0219i <\/em><em>Zu den drei S\u00e4ulen<\/em><em> din Bra\u0219ov (1749). O lung\u0103 perioad\u0103 de timp, mari personalit\u0103\u021bi ale istoriei Rom\u00e2niei au fost ini\u021biate \u00een masonerie nu doar \u00een \u021bar\u0103 ci \u0219i \u00een Obedien\u021be din str\u0103in\u0103tate, \u00eentre acestea num\u0103r\u00e2ndu-se I.C. Br\u0103tianu, C.A. Rosetti, Nicolae B\u0103lcescu, I.T. Ulic, Traian Mo\u0219oiu, Octavian Goga, Alexandru Vaida Voevod, Traian Vuia \u0219i mul\u021bi al\u021bii. <\/em><\/p>\n<p><em>Dob\u00e2ndirea independen\u021bei de stat a Rom\u00e2niei \u00een r\u0103zboiul din 1877-1878, a impulsionat ac\u021biunile \u00een plan masonic pentru <\/em><em>fondarea unei mari Obedien\u021be suverane<\/em><em>, \u00eentruc\u00e2t \u00een \u021bar\u0103 func\u021biona un mare num\u0103r de loji, aflate sub Obedien\u021bele Marelui Orient al Fran\u021bei, Marelui Orient Lusitan sau Marelui Orient al Italiei. O prim\u0103 \u00eencercare se f\u0103cuse la 1 iunie 1859, I. C. Br\u0103tianu fiind considerat Mare Maestru al \u201eMarii Loji Steaua Dun\u0103rii\u201d, iar pentru 1861 Ion Heliade R\u0103dulescu. <\/em><\/p>\n<p><em>Un pas important a fost f\u0103cut la 7 mai 1879, c\u00e2nd Anton Costiescu (1840- 1889), ofi\u021ber al armatei rom\u00e2ne, artilerist de elit\u0103 \u0219i Maestru Venerabil al Lojii <\/em><em>\u00cen\u021belep\u021bii din Heliopolis<\/em><em> p\u00e2n\u0103 \u00een iunie 1874. La 1 mai 1879, \u00eempreun\u0103 cu Basile-Constantin Livianu, promulgase \u201eConstitu\u021bia Masonic\u0103 Rom\u00e2n\u0103\u201d, pentru a constitui Marele Orient al Rom\u00e2niei ca <\/em><em>\u201ePutere Suveran\u0103 na\u0163ional\u0103 \u015fi independent\u0103\u201d<\/em><em>, cu Th. Rosetti ca Mare Maestru. Marele Orient a func\u021bionat \u00eentre 7 mai 1879 \u0219i 15 decembrie 1880. <\/em><\/p>\n<p><em>Fondarea oficial\u0103 a <\/em><em>Marii Loji Na\u021bionale din Rom\u00e2nia<\/em><em> a avut loc la 8 septembrie 1880. Constantin Moroiu\u00a0 (1837-1918), ofi\u021ber \u00een gradul de c\u0103pitan, participant la participat la R\u0103zboiul pentru Independen\u021ba Rom\u00e2niei \u0219i un foarte activ filatelist, a fost ales Mare Maestru. Constantin Moroiu a fost ini\u021biat \u00een Loja <\/em><em>\u00cen\u021belep\u021bii din Heliopolis<\/em><em> la 9\/21 iunie 1874. La 8 septembrie 1880, constituie <\/em><em>Marea Loj\u0103 Na\u021bional\u0103 din Rom\u00e2nia<\/em><em>, cu aportul Fra\u021bilor din Lojile <\/em><em>Steaua Dun\u0103rii, Ilfovul<\/em><em> \u0219i Capitulul <\/em><em>Steaua Dun\u0103rii<\/em><em>. \u00cen 1881 fonda Supremul Consiliu de Rit Antic Primitiv de Memphis \u0219i Supremul Consiliu pentru Rom\u00e2nia, iar la 22 noiembrie 1882, Marele Capitol Royal Arch. \u00centre 1884 \u0219i 1886, Moroiu cerceteaz\u0103 documente privitoare la originea Francmasoneriei din Rom\u00e2nia, \u00een arhivele italiene la Floren\u021ba, Neapole \u0219i Vene\u021bia. Stabile\u0219te leg\u0103turi cu Supremele Consilii din Europa, este Garant de amici\u021bie pentru multe Mari Loji \u0219i Supreme Consilii, Mare Maestru de Onoare al Supremului Mare Consiliu din mai multe \u021b\u0103ri din Europa \u0219i America. \u00cen 1904 particip\u0103 la Congresul Masonic din Bruxelles. P\u00e2n\u0103 \u00een 1911, Constantin Moroiu este Mare Maestru \u0219i Suveran Mare Comandor, apoi \u00eemparte \u00een dou\u0103 sec\u021biuni Marea Loj\u0103, r\u0103m\u00e2n\u00e2nd \u201eSuveran Pontif\u201d. <\/em><\/p>\n<p><em>Constantin Moroiu a urm\u0103rit p\u0103strarea suveranit\u0103\u021bii \u0219i unit\u0103\u021bii masoneriei rom\u00e2ne, drept care a fost adoptat\u0103 o singur\u0103 Constitu\u021bie pentru \u00eentregul Ordin Masonic, care \u00eengloba Marea Loj\u0103 \u0219i riturile cu atelierele de perfec\u021bie din subordinea lor. Redactarea Constitu\u021biei (320 de articole) a fost finalizat\u0103 la 5\/17 noiembrie 1880, fiind publicat\u0103 la Bucure\u0219ti \u00een 1881. \u00cenc\u0103 de la art. 1, Marea Loj\u0103 Na\u021bional\u0103\u00a0 \u00ee\u0219i afirma statutul s\u0103u de masonerie deist\u0103 \u0219i regular\u0103, proclam\u00e2nd ca principiu de baz\u0103 \u201e<\/em><em>existen\u021ba Divinit\u0103\u021bii, nemurirea sufletului \u0219i solidaritatea omenirei\u201d<\/em><em>. Era respectat\u0103 libertatea de con\u0219tiin\u021b\u0103, ca <\/em><em>\u201eun drept propriu al fiec\u0103rui om; ea nu exclude pe nimeni pentru credin\u021bele sale religioase\u201d<\/em><em>, iar deviza era cea a Masoneriei regulare universale: <\/em><em>\u201eLibertate, Egalitate, Fraternitate\u201d<\/em><em>. <\/em><\/p>\n<p><em>Coloana vertebral\u0103 a Ordinului Masonic Rom\u00e2n era <\/em><em>Marea Loj\u0103 Na\u021bional\u0103 din Rom\u00e2nia<\/em><em>. Toate atelierele masonice ale Ordinului Masonic Rom\u00e2n, at\u00e2t cele albastre c\u00e2t \u0219i cele ale gradelor \u00eenalte, erau <\/em><em>\u201elegate \u00eentre ele prin o autoritate central\u0103\u201d<\/em><em> denumit\u0103 Marea Loj\u0103 Na\u021bional\u0103 Rom\u00e2n\u0103. \u00cen Constitu\u021bie se consemna c\u0103 <\/em><em>\u201eMasoneria cuprinde ateliere de diferite grade sub denumirea de Loji, Capitule \u0219i Consilii. Exist\u0103 pe l\u00e2ng\u0103 acestea o putere masonic\u0103 central\u0103, un atelier superior cu denumirea de Marea Loj\u0103 Na\u021bional\u0103, Suprem Consiliu al Masoneriei Rom\u00e2ne care singur\u0103 are dreptul de a face ini\u021bieri la ultimele grade ale Francmasoneriei\u201d<\/em><em>. <\/em><\/p>\n<p><em>Totodat\u0103, se preciza c\u0103 M.L.N.R. se punea <\/em><em>\u201esub scutul \u0219i protec\u021bia Guvernului rom\u00e2n \u0219i a legilor \u021b\u0103rii\u201d<\/em><em>. Marea Loj\u0103 Na\u021bional\u0103 reprezenta \u00eentreg Ordinul \u00een fa\u021ba autorit\u0103\u021bilor profane. Niciun atelier, \u00een niciun caz \u0219i sub niciun pretext nu se putea adresa direct autorit\u0103\u021bilor civile, f\u0103r\u0103 aprobarea Marii Loji. Plasarea M.L.N.R. <\/em><em>\u201esub scutul \u0219i protec\u021bia Guvernului rom\u00e2n\u201d<\/em><em> \u00ee\u0219i are originea \u0219i explica\u021bia \u00een chiar \u00eemprejur\u0103rile \u00een care a fost fondat\u0103, cu concursul primului ministru Ion C. Br\u0103tianu \u0219i a ministrului de interne C. A. Rosetti, francmasoni. <\/em><\/p>\n<p><em>Constitu\u021bia prevedea c\u0103 M.L.N.R., ca unic\u0103 putere masonic\u0103 regular\u0103 avea ca arie de jurisdic\u021bie \u00eentreg teritoriul Vechiului Regat al Rom\u00e2niei. \u00cen ierarhia M.L.N.R. exista un cumul de demnit\u0103\u021bi, Marele Maestru fiind \u00een acela\u0219i timp \u0219i Suveran Mare Comandor, iar Marea Loj\u0103 dirija \u201eafacerile tuturor riturilor\u201d. \u00cen 1906, cu prilejul anivers\u0103rii a 40 de ani de domnie a regelui Carol I, pentru contribu\u021bia adus\u0103 la sus\u021binerea mi\u0219c\u0103rii pentru unitate na\u021bional\u0103, M.L.N.R. a ob\u021binut <\/em><em>\u201eMedalia de Aur \u00een persoana Ill. Fr. Constantin Moroiu, c\u0103ci Marea Loj\u0103 nu se declarase Persoan\u0103 Juridic\u0103 \u0219i Moral\u0103\u201d<\/em><em>. <\/em><\/p>\n<p><em>Obligat\u0103 s\u0103 intre \u00een adormire la 1937, apoi \u00een 1948, <\/em><em>Marea Loj\u0103 Na\u021bional\u0103 din Rom\u00e2nia<\/em><em> reaprinde Luminile la Conventul din 24 ianuarie 1993, \u021binut \u00een sala Oglinzilor, la Casa Vernescu, av\u00e2nd ca Mare Maestru pe Prea Respectabilul Frate Nicu Filip, urmat de Prea Respectabilii Fra\u021bi Adrian Dohotaru, Sever Fren\u021biu, Vladimir Boant\u0103, Gheorghe Com\u0103nescu, Ovidiu Chirovici, iar din anul 2010, pe Prea Respectabilul Frate Radu N. B\u0103l\u0103nescu, recunoscut \u0219i respectat \u00een masoneria mondial\u0103, unde a de\u021binut func\u021bia de Pre\u0219edinte al Conferin\u021bei Mondiale a Marilor Loji Regulare, ulterior acord\u00e2ndu-i-se titlul de Pre\u0219edinte de onoare <\/em><em>ad vitam<\/em><em> al acesteia. <\/em><\/p>\n<p><em>Marca po\u0219tal\u0103 cu valoarea nominal\u0103 de <\/em><em><strong>1,80 lei<\/strong><\/em><em> prezint\u0103 ca element central Biblia, \u00een jurul c\u0103reia sunt reprezentate simboluri masonice. <\/em><\/p>\n<p><em>Pe marca po\u0219tal\u0103<\/em> <em>cu valoarea nominal\u0103 de <\/em><em><strong>20,50 lei<\/strong><\/em><em> este ilustrat portretul Primului Mare Maestru, Constantin Moroiu, al\u0103turi de simboluri masonice.<\/em><\/p>\n<p><em>Pe coli\u021ba dantelat\u0103 a emisiunii av\u00e2nd timbrul cu valoarea nominal\u0103 de <\/em><em><strong>29 lei<\/strong><\/em><em> sunt reprezentate grafic urm\u0103toarele elemente: adresa semnat\u0103 de Constantin Moroiu din partea Marii Loji Na\u021bionale din Rom\u00e2nia privind delegarea lui Pericle P\u0103ltineanu pentru a participa la S\u0103rb\u0103torile de \u00cencoronare din 10 Mai 1881, a Regelui Carol I, sigla Marii Loji Na\u021bionale din Rom\u00e2nia, al\u0103turi de \u00eensemne masonice, iar lum\u00e2narea aprins\u0103 fiind reprezentat\u0103 \u0219i pe timbre, ca un element unitar.\u00a0 <\/em><\/p>\n<p><em>Pe plicul \u201eprima zi<\/em><em>\u201d <\/em><em>a emisiunii este redat\u0103 sigla Marii Loji Na\u021bionale din Rom\u00e2nia. <\/em><\/p>\n<p><em><strong>\u00a0<\/strong><\/em><\/p>\n<p><em>Romfilatelia mul\u021bume\u0219te Domnului Radu B\u0103l\u0103nescu, Mare Maestru al Marii Loji Na\u021bionale din Rom\u00e2nia \u0219i R <\/em><em>.<\/em><em><sup>.<\/sup><\/em><em>. <\/em><em>L <\/em><em>.<\/em><em><sup>.<\/sup><\/em><em>. \u00ad\u00ad<\/em><em>Cavalerii Templului, pentru sprijinul documentar \u0219i fotografic acordat la realizarea acestei emisiuni de m\u0103rci po\u0219tale.<\/em><\/p>\n<p><a href=\"https:\/\/romfilatelia.ro\/magazin\/wp-content\/uploads\/2020\/04\/caract_pliant-Marea-Loja-Nat.-din-Rom.-140-de-ani_-in-3.jpg\"><img decoding=\"async\" loading=\"lazy\" class=\"aligncenter size-full wp-image-2025235\" src=\"https:\/\/romfilatelia.ro\/magazin\/wp-content\/uploads\/2020\/04\/caract_pliant-Marea-Loja-Nat.-din-Rom.-140-de-ani_-in-3.jpg\" alt=\"\" width=\"1710\" height=\"1724\" srcset=\"https:\/\/romfilatelia.ro\/magazin\/wp-content\/uploads\/2020\/04\/caract_pliant-Marea-Loja-Nat.-din-Rom.-140-de-ani_-in-3.jpg 1710w, https:\/\/romfilatelia.ro\/magazin\/wp-content\/uploads\/2020\/04\/caract_pliant-Marea-Loja-Nat.-din-Rom.-140-de-ani_-in-3-100x100.jpg 100w, https:\/\/romfilatelia.ro\/magazin\/wp-content\/uploads\/2020\/04\/caract_pliant-Marea-Loja-Nat.-din-Rom.-140-de-ani_-in-3-500x504.jpg 500w, https:\/\/romfilatelia.ro\/magazin\/wp-content\/uploads\/2020\/04\/caract_pliant-Marea-Loja-Nat.-din-Rom.-140-de-ani_-in-3-64x65.jpg 64w, https:\/\/romfilatelia.ro\/magazin\/wp-content\/uploads\/2020\/04\/caract_pliant-Marea-Loja-Nat.-din-Rom.-140-de-ani_-in-3-150x150.jpg 150w, https:\/\/romfilatelia.ro\/magazin\/wp-content\/uploads\/2020\/04\/caract_pliant-Marea-Loja-Nat.-din-Rom.-140-de-ani_-in-3-298x300.jpg 298w, https:\/\/romfilatelia.ro\/magazin\/wp-content\/uploads\/2020\/04\/caract_pliant-Marea-Loja-Nat.-din-Rom.-140-de-ani_-in-3-768x774.jpg 768w, https:\/\/romfilatelia.ro\/magazin\/wp-content\/uploads\/2020\/04\/caract_pliant-Marea-Loja-Nat.-din-Rom.-140-de-ani_-in-3-794x800.jpg 794w, https:\/\/romfilatelia.ro\/magazin\/wp-content\/uploads\/2020\/04\/caract_pliant-Marea-Loja-Nat.-din-Rom.-140-de-ani_-in-3-53x53.jpg 53w, https:\/\/romfilatelia.ro\/magazin\/wp-content\/uploads\/2020\/04\/caract_pliant-Marea-Loja-Nat.-din-Rom.-140-de-ani_-in-3-85x85.jpg 85w\" sizes=\"(max-width: 1710px) 100vw, 1710px\" \/><\/a><\/p>\n","protected":false},"excerpt":{"rendered":"<p>Cu ocazia anivers\u0103rii anul acesta a 140 de ani de existen\u021b\u0103 a Marii Loji Na\u0163ionale din Rom\u00e2nia, Romfilatelia introduce \u00een circula\u021bie vineri, 3 aprilie a.c., emisiunea de m\u0103rci po\u0219tale Marea Loj\u0103 Na\u021bional\u0103 din Rom\u00e2nia, 140 de ani de la \u00eenfiin\u021bare. Emisiunea, alc\u0103tuit\u0103 din dou\u0103 m\u0103rci po\u0219tale \u0219i o coli\u021b\u0103 dantelat\u0103, aduce \u00een aten\u0163ia pasiona\u0163ilor de&hellip;&nbsp;<a href=\"https:\/\/romfilatelia.ro\/magazin\/produs\/colectii-anuale\/2020\/marea-loja-nationala-din-romania-140-de-ani-de-la-infiintare\/\" class=\"\" rel=\"bookmark\">Cite\u0219te mai mult &raquo;<span class=\"screen-reader-text\">MAREA LOJ\u0102 NA\u021aIONAL\u0102 DIN ROM\u00c2NIA, 140 DE ANI DE LA \u00ceNFIIN\u021aARE<\/span><\/a><\/p>\n","protected":false},"featured_media":2025236,"template":"","meta":{"neve_meta_sidebar":"","neve_meta_container":"","neve_meta_enable_content_width":"","neve_meta_content_width":0,"neve_meta_title_alignment":"","neve_meta_author_avatar":"","neve_post_elements_order":"","neve_meta_disable_header":"","neve_meta_disable_footer":"","neve_meta_disable_title":""},"product_cat":[165,6],"product_tag":[],"_links":{"self":[{"href":"https:\/\/romfilatelia.ro\/magazin\/wp-json\/wp\/v2\/product\/2025233"}],"collection":[{"href":"https:\/\/romfilatelia.ro\/magazin\/wp-json\/wp\/v2\/product"}],"about":[{"href":"https:\/\/romfilatelia.ro\/magazin\/wp-json\/wp\/v2\/types\/product"}],"wp:featuredmedia":[{"embeddable":true,"href":"https:\/\/romfilatelia.ro\/magazin\/wp-json\/wp\/v2\/media\/2025236"}],"wp:attachment":[{"href":"https:\/\/romfilatelia.ro\/magazin\/wp-json\/wp\/v2\/media?parent=2025233"}],"wp:term":[{"taxonomy":"product_cat","embeddable":true,"href":"https:\/\/romfilatelia.ro\/magazin\/wp-json\/wp\/v2\/product_cat?post=2025233"},{"taxonomy":"product_tag","embeddable":true,"href":"https:\/\/romfilatelia.ro\/magazin\/wp-json\/wp\/v2\/product_tag?post=2025233"}],"curies":[{"name":"wp","href":"https:\/\/api.w.org\/{rel}","templated":true}]}}