{"id":2025152,"date":"2020-03-20T09:05:24","date_gmt":"2020-03-20T07:05:24","guid":{"rendered":"https:\/\/romfilatelia.ro\/magazin\/?post_type=product&#038;p=2025152"},"modified":"2020-03-20T09:08:32","modified_gmt":"2020-03-20T07:08:32","slug":"aniversari-evenimente-alexandru-ioan-cuza-200-de-ani-de-la-nastere","status":"publish","type":"product","link":"https:\/\/romfilatelia.ro\/magazin\/produs\/colectii-anuale\/2020\/aniversari-evenimente-alexandru-ioan-cuza-200-de-ani-de-la-nastere\/","title":{"rendered":"ANIVERS\u0102RI. EVENIMENTE ALEXANDRU IOAN CUZA, 200 DE ANI DE LA NA\u0218TERE"},"content":{"rendered":"<p><a href=\"https:\/\/romfilatelia.ro\/magazin\/wp-content\/uploads\/2020\/03\/site-mc-Aniversari.-Evenimente.-A-I-CUZA-200-ani-nastere.jpg\"><img decoding=\"async\" loading=\"lazy\" class=\"wp-image-2025153 size-medium alignleft\" src=\"https:\/\/romfilatelia.ro\/magazin\/wp-content\/uploads\/2020\/03\/site-mc-Aniversari.-Evenimente.-A-I-CUZA-200-ani-nastere-300x150.jpg\" alt=\"\" width=\"300\" height=\"150\" srcset=\"https:\/\/romfilatelia.ro\/magazin\/wp-content\/uploads\/2020\/03\/site-mc-Aniversari.-Evenimente.-A-I-CUZA-200-ani-nastere-300x150.jpg 300w, https:\/\/romfilatelia.ro\/magazin\/wp-content\/uploads\/2020\/03\/site-mc-Aniversari.-Evenimente.-A-I-CUZA-200-ani-nastere-scaled-500x250.jpg 500w, https:\/\/romfilatelia.ro\/magazin\/wp-content\/uploads\/2020\/03\/site-mc-Aniversari.-Evenimente.-A-I-CUZA-200-ani-nastere-scaled-64x32.jpg 64w, https:\/\/romfilatelia.ro\/magazin\/wp-content\/uploads\/2020\/03\/site-mc-Aniversari.-Evenimente.-A-I-CUZA-200-ani-nastere-768x384.jpg 768w, https:\/\/romfilatelia.ro\/magazin\/wp-content\/uploads\/2020\/03\/site-mc-Aniversari.-Evenimente.-A-I-CUZA-200-ani-nastere-800x400.jpg 800w, https:\/\/romfilatelia.ro\/magazin\/wp-content\/uploads\/2020\/03\/site-mc-Aniversari.-Evenimente.-A-I-CUZA-200-ani-nastere-1140x570.jpg 1140w, https:\/\/romfilatelia.ro\/magazin\/wp-content\/uploads\/2020\/03\/site-mc-Aniversari.-Evenimente.-A-I-CUZA-200-ani-nastere-570x285.jpg 570w, https:\/\/romfilatelia.ro\/magazin\/wp-content\/uploads\/2020\/03\/site-mc-Aniversari.-Evenimente.-A-I-CUZA-200-ani-nastere-scaled.jpg 2000w\" sizes=\"(max-width: 300px) 100vw, 300px\" \/><\/a>Cu ocazia anivers\u0103rii bicentenarului na\u0219terii Domnitorului Alexandru Ioan Cuza, <strong>Romfilatelia<\/strong> introduce \u00een circula\u021bie <em>vineri, 20 martie, anul curent<\/em>, emisiunea de m\u0103rci po\u0219tale intitulat\u0103 <strong><em>Anivers\u0103ri. Evenimente. Alexandru Ioan Cuza, 200 de ani de la na\u0219tere<\/em><\/strong>, alc\u0103tuit\u0103 din dou\u0103 m\u0103rci po\u0219tale.<\/p>\n<p>Alexandru Ioan Cuza s-a n\u0103scut la 20 martie 1820, la B\u00e2rlad, \u00eentr-o familie de dreg\u0103tori moldoveni. Studiile le-a f\u0103cut la Ia\u0219i, unde a fost coleg cu Mihail Kog\u0103lniceanu \u0219i Vasile Alecsandri. \u00cen anul 1835 a ob\u021binut diploma de bacalaureat la Paris, iar mai apoi a studiat Dreptul \u0219i Medicina, \u00eens\u0103 nu a terminat niciuna dintre facult\u0103\u021bi. \u00cen 1848 s-a num\u0103rat printre oratorii care au luat parte la adunarea revolu\u021bionarilor de la Hotelul Petersburg din Ia\u0219i, cer\u00e2nd \u00eenf\u0103ptuirea unor reforme democratice. A fost arestat dup\u0103 \u00een\u0103bu\u0219irea Revolu\u021biei din Moldova, \u00eens\u0103 a reu\u0219it s\u0103 scape \u0219i s-a refugiat \u00een Transilvania, unde a participat la Marea Adunare Na\u021bional\u0103 de la Blaj, din mai 1848.<\/p>\n<p>\u00cen anii urm\u0103tori a de\u021binut mai multe func\u021bii \u00een administra\u021bia Moldovei \u2013 pre\u0219edinte al Judec\u0103toriei Covurlui (1849-1851 \u0219i 1855-1856), director al Ministerului de Interne (1851), p\u00e2rc\u0103lab de Gala\u021bi (1856). Dup\u0103 adoptarea Conven\u021biei de la Paris din 1858 a fost implicat \u00een reorganizarea politic\u0103 a Moldovei, iar \u00een cele din urm\u0103 a fost preferat pentru domnie at\u00e2t de liberali, c\u00e2t \u0219i de conservatori.<\/p>\n<p>Dup\u0103 Unire, Alexandru Ioan Cuza, sprijinit de Mihail Kog\u0103lniceanu, a ini\u021biat primele reforme pentru modernizarea \u021b\u0103rii. Sub domnia sa Unirea a fost recunoscut\u0103 de Marile Puteri, s-a creat primul Parlament \u0219i primul guvern unitar, au fost adoptate reforma electoral\u0103, secularizarea averilor m\u0103n\u0103stire\u0219ti, reforma agrar\u0103, a \u00eenv\u0103\u021b\u0103m\u00e2ntului etc.<\/p>\n<p>Deoarece a instaurat un regim autoritar, domnitorul a fost \u00eendep\u0103rtat la 11 februarie 1866 de \u201emonstruoasa coali\u021bie\u201d, o grupare din care f\u0103ceau parte politicieni liberali \u0219i conservatori, dar \u0219i militari sau comercian\u021bi. Cuza a fost obligat s\u0103 p\u0103r\u0103seasc\u0103 \u021bara, locuind la Viena, Paris \u0219i Floren\u021ba. A murit la 15 mai 1873, \u00een v\u00e2rst\u0103 de 53 de ani, \u00een timp ce se afla la tratament \u00een ora\u0219ul german Heidelberg.<\/p>\n<p>Pe marca po\u0219tal\u0103 cu valoarea de <strong>5 lei<\/strong> este reprezentat aversul Medaliei \u201ePro Virtute Militar\u0103\u201d.<\/p>\n<p>Cuza a aprobat baterea unei medalii care s\u0103 comemoreze lupta din Dealul Spirei a pompierilor rom\u00e2ni cu turcii, pentru care a emis Decretul domnesc, nr. 78 din 21 mai 1860. Medalia a fost realizat\u0103 din bronz, era rotund\u0103 \u0219i avea diametrul de 32,5 mm. Pe avers era prezentat \u00een relief un vultur \u00eencoronat, cu cruce \u00een cioc, cu spada \u0219i sceptrul \u00een cele dou\u0103 gheare, iar pe piept se afla capul de zimbru, cu steaua \u00een cinci col\u021buri \u00eentre coarne. \u00cen partea superioar\u0103 exista inscrip\u021bia \u201ePRO VIRTUTE MILITAR\u0102\u201d, iar \u00een partea de jos ap\u0103rea numele gravorului din Paris, <em>Caque F.<\/em><\/p>\n<p>Pe reversul medaliei (reprezentat grafic pe man\u0219eta blocurilor filatelice ale emisiunii) se afla scris \u201e13 septembrie 1848, Dealul Spirei\u201d. Panglica de culoare albastr\u0103 avea pe fiecare margine c\u00e2te dou\u0103 dungi, una ro\u0219ie \u00een exterior \u0219i una galben\u0103 \u00een interior.<\/p>\n<p>Pe marca po\u0219tal\u0103 cu valoarea de <strong>12 lei<\/strong> este reprezentat portretul- bust al lui Alexandru Ioan Cuza \u00een uniform\u0103 militar\u0103.<\/p>\n<p>Pe plicul <em>\u201eprima zi\u201d<\/em> a emisiunii este ilustrat\u0103 o litografie de C. Danielis, cu referire la Intrarea lui Cuza la Mitropolie cu ocazia deschiderii Camerei Na\u021bionale din Bucure\u0219ti \u00een anul 1860.<\/p>\n<p>&nbsp;<\/p>\n<p><em>Romfilatelia mul\u021bume\u0219te domnului profesor Corneliu Andonie de la Muzeul Militar Na\u021bional \u201eRegele Ferdinand I\u201d, reprezentan\u021bilor Bibliotecii Academiei Rom\u00e2ne din Bucure\u0219ti \u0219i Prim\u0103riei Municipiului Ia\u0219i, pentru sprijinul documentar \u0219i fotografic acordat la realizarea acestei emisiuni de m\u0103rci po\u0219tale. <\/em><\/p>\n<p><a href=\"https:\/\/romfilatelia.ro\/magazin\/wp-content\/uploads\/2020\/03\/caract_ANIVERSARI-EVENIMENTE_A.-I-Cuza-200-ani-nastere.jpg\"><img decoding=\"async\" loading=\"lazy\" class=\"aligncenter size-full wp-image-2025154\" src=\"https:\/\/romfilatelia.ro\/magazin\/wp-content\/uploads\/2020\/03\/caract_ANIVERSARI-EVENIMENTE_A.-I-Cuza-200-ani-nastere.jpg\" alt=\"\" width=\"1644\" height=\"995\" srcset=\"https:\/\/romfilatelia.ro\/magazin\/wp-content\/uploads\/2020\/03\/caract_ANIVERSARI-EVENIMENTE_A.-I-Cuza-200-ani-nastere.jpg 1644w, https:\/\/romfilatelia.ro\/magazin\/wp-content\/uploads\/2020\/03\/caract_ANIVERSARI-EVENIMENTE_A.-I-Cuza-200-ani-nastere-500x303.jpg 500w, https:\/\/romfilatelia.ro\/magazin\/wp-content\/uploads\/2020\/03\/caract_ANIVERSARI-EVENIMENTE_A.-I-Cuza-200-ani-nastere-64x39.jpg 64w, https:\/\/romfilatelia.ro\/magazin\/wp-content\/uploads\/2020\/03\/caract_ANIVERSARI-EVENIMENTE_A.-I-Cuza-200-ani-nastere-300x182.jpg 300w, https:\/\/romfilatelia.ro\/magazin\/wp-content\/uploads\/2020\/03\/caract_ANIVERSARI-EVENIMENTE_A.-I-Cuza-200-ani-nastere-768x465.jpg 768w, https:\/\/romfilatelia.ro\/magazin\/wp-content\/uploads\/2020\/03\/caract_ANIVERSARI-EVENIMENTE_A.-I-Cuza-200-ani-nastere-800x484.jpg 800w\" sizes=\"(max-width: 1644px) 100vw, 1644px\" \/><\/a><\/p>\n","protected":false},"excerpt":{"rendered":"<p>Cu ocazia anivers\u0103rii bicentenarului na\u0219terii Domnitorului Alexandru Ioan Cuza, Romfilatelia introduce \u00een circula\u021bie vineri, 20 martie, anul curent, emisiunea de m\u0103rci po\u0219tale intitulat\u0103 Anivers\u0103ri. Evenimente. Alexandru Ioan Cuza, 200 de ani de la na\u0219tere, alc\u0103tuit\u0103 din dou\u0103 m\u0103rci po\u0219tale. Alexandru Ioan Cuza s-a n\u0103scut la 20 martie 1820, la B\u00e2rlad, \u00eentr-o familie de dreg\u0103tori moldoveni.&hellip;&nbsp;<a href=\"https:\/\/romfilatelia.ro\/magazin\/produs\/colectii-anuale\/2020\/aniversari-evenimente-alexandru-ioan-cuza-200-de-ani-de-la-nastere\/\" class=\"\" rel=\"bookmark\">Cite\u0219te mai mult &raquo;<span class=\"screen-reader-text\">ANIVERS\u0102RI. EVENIMENTE ALEXANDRU IOAN CUZA, 200 DE ANI DE LA NA\u0218TERE<\/span><\/a><\/p>\n","protected":false},"featured_media":2025155,"template":"","meta":{"neve_meta_sidebar":"","neve_meta_container":"","neve_meta_enable_content_width":"","neve_meta_content_width":0,"neve_meta_title_alignment":"","neve_meta_author_avatar":"","neve_post_elements_order":"","neve_meta_disable_header":"","neve_meta_disable_footer":"","neve_meta_disable_title":""},"product_cat":[165,6],"product_tag":[],"_links":{"self":[{"href":"https:\/\/romfilatelia.ro\/magazin\/wp-json\/wp\/v2\/product\/2025152"}],"collection":[{"href":"https:\/\/romfilatelia.ro\/magazin\/wp-json\/wp\/v2\/product"}],"about":[{"href":"https:\/\/romfilatelia.ro\/magazin\/wp-json\/wp\/v2\/types\/product"}],"wp:featuredmedia":[{"embeddable":true,"href":"https:\/\/romfilatelia.ro\/magazin\/wp-json\/wp\/v2\/media\/2025155"}],"wp:attachment":[{"href":"https:\/\/romfilatelia.ro\/magazin\/wp-json\/wp\/v2\/media?parent=2025152"}],"wp:term":[{"taxonomy":"product_cat","embeddable":true,"href":"https:\/\/romfilatelia.ro\/magazin\/wp-json\/wp\/v2\/product_cat?post=2025152"},{"taxonomy":"product_tag","embeddable":true,"href":"https:\/\/romfilatelia.ro\/magazin\/wp-json\/wp\/v2\/product_tag?post=2025152"}],"curies":[{"name":"wp","href":"https:\/\/api.w.org\/{rel}","templated":true}]}}