{"id":2025029,"date":"2020-03-02T17:44:56","date_gmt":"2020-03-02T15:44:56","guid":{"rendered":"https:\/\/romfilatelia.ro\/magazin\/?post_type=product&#038;p=2025029"},"modified":"2020-03-02T17:48:02","modified_gmt":"2020-03-02T15:48:02","slug":"160-de-ani-de-la-inaugurarea-gradinii-botanice-dimitrie-brandza-a-universitatii-din-bucuresti","status":"publish","type":"product","link":"https:\/\/romfilatelia.ro\/magazin\/produs\/colectii-anuale\/2020\/160-de-ani-de-la-inaugurarea-gradinii-botanice-dimitrie-brandza-a-universitatii-din-bucuresti\/","title":{"rendered":"160 DE ANI DE LA INAUGURAREA GR\u0102DINII BOTANICE \u201eDIMITRIE BRANDZA\u201d  A UNIVERSIT\u0102\u021aII DIN BUCURE\u0218TI"},"content":{"rendered":"<p><a href=\"https:\/\/romfilatelia.ro\/magazin\/wp-content\/uploads\/2020\/03\/SITE_mc-Gradina-Botanica.jpg\"><img decoding=\"async\" loading=\"lazy\" class=\"alignleft wp-image-2025030 size-medium\" src=\"https:\/\/romfilatelia.ro\/magazin\/wp-content\/uploads\/2020\/03\/SITE_mc-Gradina-Botanica-271x300.jpg\" alt=\"\" width=\"271\" height=\"300\" srcset=\"https:\/\/romfilatelia.ro\/magazin\/wp-content\/uploads\/2020\/03\/SITE_mc-Gradina-Botanica-271x300.jpg 271w, https:\/\/romfilatelia.ro\/magazin\/wp-content\/uploads\/2020\/03\/SITE_mc-Gradina-Botanica-500x553.jpg 500w, https:\/\/romfilatelia.ro\/magazin\/wp-content\/uploads\/2020\/03\/SITE_mc-Gradina-Botanica-64x71.jpg 64w, https:\/\/romfilatelia.ro\/magazin\/wp-content\/uploads\/2020\/03\/SITE_mc-Gradina-Botanica-768x850.jpg 768w, https:\/\/romfilatelia.ro\/magazin\/wp-content\/uploads\/2020\/03\/SITE_mc-Gradina-Botanica-723x800.jpg 723w, https:\/\/romfilatelia.ro\/magazin\/wp-content\/uploads\/2020\/03\/SITE_mc-Gradina-Botanica.jpg 1780w\" sizes=\"(max-width: 271px) 100vw, 271px\" \/><\/a>\u00cen contextul anivers\u0103rii de anul acesta a Gr\u0103dinii Botanice din Bucure\u0219ti, <strong>Romfilatelia<\/strong> introduce \u00een circula\u0163ie <em>mar\u021bi, 3 martie a. c.<\/em>, emisiunea de m\u0103rci po\u0219tale <strong><em>160 de ani de la inaugurarea Gr\u0103dinii Botanice \u201eDimitrie Brandza\u201d a Universit\u0103\u021bii din Bucure\u0219ti<\/em><\/strong>.<\/p>\n<p>\u00cenfiin\u0163at\u0103 ca institu\u0163ie \u00een anul 1860 de c\u0103tre doctorul Carol Davila pe un teren de 7 ha, prin Decretul semnat de domnitorul Alexandru Ioan Cuza, Gr\u0103dina Botanic\u0103 din Bucure\u0219ti a fost amenajat\u0103, \u00eencep\u00e2nd cu 1884, sub conducerea profesorului doctor Dimitrie Br\u00e2ndz\u0103.<\/p>\n<p>P\u00e2n\u0103 \u00een anul 1884, profesorul doctor Dimitrie Grecescu \u0219i botanistul Ulrich Hoffman au contribuit nemijlocit la amenajarea spa\u0163iilor \u0219i la dezvoltarea colec\u0163iilor, reg\u0103site \u00een primul catalog de plante publicat \u00een Rom\u00e2nia ce includea \u00een paginile sale 3700 de specii de plante cultivate \u00een aer liber \u0219i \u00een sere.<\/p>\n<p>Medicul, naturalistul \u0219i botanistul rom\u00e2n Dimitrie Br\u00e2ndz\u0103, \u00eempreun\u0103 cu arhitectul peisagist Louis Fuchs, a realizat o amenajare complex\u0103 care includea serele, cl\u0103direa Institutului Botanic, toate amplasate \u00eentr-un spa\u0163iu \u00een care se realizau primele plant\u0103ri de arbori \u0219i arbu\u0219ti. Proiectul de amenajare \u0219i organizare a Gr\u0103dinii Botanice din Bucure\u0219ti a fost finalizat \u00een anul 1891.<\/p>\n<p>Dup\u0103 mai multe distrugeri provocate de inunda\u0163ii (1892), de trupele germane cantonate \u00een perimetrul ei \u00een timpul Primului R\u0103zboi Mondial \u0219i de bombardamentele anglo-americane din aprilie 1944, Gr\u0103dina Botanic\u0103 din Bucure\u0219ti a fost \u00eenscris\u0103 \u00eentr-un amplu proiect de reamenajare \u0219i modernizare.<\/p>\n<p>\u00cencep\u00e2nd cu anul 1954, Gr\u0103dina Botanic\u0103 trece sub conducerea Universit\u0103\u0163ii din Bucure\u0219ti, sub a c\u0103rei supraveghere \u00eencep s\u0103 se construiasc\u0103 noi sere, noul sediu al Institutului Botanic (1960), un Herbar General, un complex de sere de expozi\u0163ie (1976), precum \u0219i Muzeul Botanic, reamenajat \u00een 1978 \u00eentr-o construc\u021bie ridicat\u0103 \u00een anul 1895.<\/p>\n<p>\u00cen anul 1994 Gr\u0103dina Botanic\u0103 din Bucure\u0219ti prime\u0219te numele profesorului dr. Dimitrie Br\u00e2ndz\u0103.<\/p>\n<p>Ast\u0103zi, Gr\u0103dina Botanic\u0103 din Bucure\u0219ti reprezint\u0103 un important centru de conservare a diversit\u0103\u0163ii plantelor, de cercetare \u0219tiin\u0163ific\u0103 \u0219i \u00eenv\u0103\u0163\u0103m\u00e2nt, precum \u0219i un veritabil centru de educa\u0163ie ecologic\u0103.<\/p>\n<p>Emisiunea, alc\u0103tuit\u0103 din patru m\u0103rci po\u0219tale \u0219i un plic <em>prima zi<\/em>, prezint\u0103, \u00eentr-o frumoas\u0103 palet\u0103 cromatic\u0103, plante reprezentative reg\u0103site \u00een patrimoniul acestei institu\u021bii emblematice pentru metropola bucure\u0219tean\u0103.<\/p>\n<p>Pe marca po\u0219tal\u0103 cu valoarea nominal\u0103 de<strong> 2,20 Lei <\/strong>este ilustrat\u0103 <strong>Magnolia &#8211; <em>Magnolia liliiflora Desr<\/em>. <\/strong><\/p>\n<p>Arbust din familia <em>Magnoliaceae,<\/em> nativ din sud-vestul Chinei (provinciile Fujian, Hubei, Sichuan \u0219i Yunnan) unde cre\u0219te pe versan\u021bi \u0219i la marginile p\u0103durilor la altitudini \u00eentre 300 \u0219i 1600 de metri. A fost cultivat timp de secole ca plant\u0103 ornamental\u0103 \u00een China \u0219i Japonia. Cunoscut\u0103 datorit\u0103 florilor sale care amintesc de florile de crin, aceast\u0103 specie de magnolie are o \u00eenflorire spectaculoas\u0103, mai ales c\u00e2nd este plantat\u0103 \u00een spa\u021bii \u00eensorite. Florile splendide, la exterior roz sau purpurii \u0219i la interior albe, au miros suav \u0219i pot atinge \u0219i 13 cm \u00een diametru. Ele apar prim\u0103vara simultan cu frunzele (\u00een timp ce la alte magnolii florile apar \u00eenaintea frunzelor).<\/p>\n<p>Pe marca po\u0219tal\u0103 cu valoarea nominal\u0103 de <strong>2,70 Lei\u00a0 <\/strong>este redat\u0103 o specie de cactus denumit\u0103 <strong><em>Mammillaria magnimamma Haw. <\/em><\/strong><\/p>\n<p>Plant\u0103 suculent\u0103 peren\u0103 din familia Cactaceae. Tulpinile globulare, de culoare gri p\u00e2n\u0103 la verde alb\u0103strui, sunt acoperite cu tuberculi (noduli), spini albi \u0219i peri ca o l\u00e2n\u0103 alb\u0103. Florile mici \u00een form\u0103 de p\u00e2lnie, crem sau roz, cu linii ro\u0219cate pe mijloc, apar prim\u0103vara \u0219i uneori la sf\u00e2r\u0219itul verii.<\/p>\n<p>Specie foarte r\u0103sp\u00e2ndit\u0103 \u00een centrul Mexicului, formeaz\u0103 popula\u021bii numeroase \u00een zone st\u00e2ncoase. \u00cen ciuda abunden\u021bei \u0219i a diversit\u0103\u021bii mari a cactu\u0219ilor din Mexic, Mammillaria magnimamma este una dintre pu\u021binele specii de cactus care au colonizat c\u00e2mpurile sterile de lav\u0103. \u00cen unele p\u0103r\u021bi ale arealului, specia este amenin\u021bat\u0103 de comer\u021bul cu plante ornamentale \u0219i de extinderea zonelor urbanizate.<\/p>\n<p><strong>Laleaua s\u0103lbatic\u0103<\/strong> &#8211; <strong><em>Tulipa<\/em> <em>sylvestris<\/em> subsp. <em>australis<\/em> (Link) Pamp. <\/strong>este ilustrat\u0103 pe marca po\u0219tal\u0103 cu valoarea nominal\u0103 de<strong> 3,30 Lei<\/strong>.<\/p>\n<p>Plant\u0103 bulboas\u0103, de 10-40 cm \u00een\u0103l\u021bime, din familia Liliaceae. Specie rar\u0103 \u00een flora Rom\u00e2niei (Oltean \u0219i colab. 1994). Este o plant\u0103 extrem de delicat\u0103, ce \u00ee\u0219i deschide corola doar c\u00e2nd este soare. Florile sunt mici, de 2-3,5 cm lungime, \u00eenainte de \u00eenflorire nutante, la \u00eenflorire erecte, slab mirositoare. Tepalele galbene sunt ascu\u021bite astfel c\u0103 floarea deschis\u0103 are aspect de stea.<\/p>\n<p>Are o r\u0103sp\u00e2ndire general\u0103 destul de ampl\u0103, fiind prezent\u0103 \u00een toate \u021b\u0103rile din jurul M\u0103rii Mediterane. Totu\u0219i, la noi, este o prezen\u021b\u0103 destul de rar\u0103, put\u00e2nd fi g\u0103sit\u0103 \u00een sudul, sud-estul \u0219i estul \u021b\u0103rii, prin p\u0103duri, tuf\u0103ri\u0219uri sau margini de p\u0103dure.<\/p>\n<p>Marca po\u0219tal\u0103 cu valoarea nominal\u0103 de<strong> 20,50 Lei <\/strong>prezint\u0103 grafic trandafirul denumit <strong><em>Rosa<\/em> Hocus Pocus<\/strong>.<\/p>\n<p>Soi de trandafir pitic, miniros\u0103 a fost ob\u021binut \u00een anul 2000 de c\u0103tre W. Kordes &amp; Sons. Foarte apreciat pentru florile u\u0219or parfumate, cu petale de culoare ro\u0219u \u00eenchis spre vi\u0219iniu str\u0103b\u0103tute de stria\u0163ii galbene. Culoarea vireaz\u0103 \u00een alb odat\u0103 cu maturarea florilor. Florile \u00eencep s\u0103 se deschid\u0103 \u00een mai-iunie, \u00eenflorirea prelungindu-se pe toat\u0103 perioada de var\u0103 p\u00e2n\u0103 toamna t\u00e2rziu. Dup\u0103 fiecare perioad\u0103 de \u00eenflorire, plantele necesit\u0103 t\u0103ieri de stimulare, ultima t\u0103iere fiind la \u00eenceputul lunii octombrie, pentru a nu for\u0163a prelungirea perioadei de vegeta\u0163ie. Pentru a avea un decor frumos se planteaz\u0103 \u00een grupuri mici. Soiul nu este rezistent la ger, de aceea trebuie protejat pe toat\u0103 perioada iernii.<\/p>\n<p><strong><em>\u00a0<\/em><\/strong><\/p>\n<p><em>Aducem mul\u0163umirile noastre reprezentan\u021bilor Gr\u0103dinii Botanice \u201eDimitrie Brandza\u201c a Universit\u0103\u021bii din Bucure\u0219ti pentru sprijinul documentar acordat la realizarea acestei emisiuni de m\u0103rci po\u0219tale.<\/em><\/p>\n<p><a href=\"https:\/\/romfilatelia.ro\/magazin\/wp-content\/uploads\/2020\/03\/caract_-Gradina-Botanica-din-Bucuresti-160-ani_in-3-1.jpg\"><img decoding=\"async\" loading=\"lazy\" class=\"aligncenter size-full wp-image-2025031\" src=\"https:\/\/romfilatelia.ro\/magazin\/wp-content\/uploads\/2020\/03\/caract_-Gradina-Botanica-din-Bucuresti-160-ani_in-3-1.jpg\" alt=\"\" width=\"1140\" height=\"1071\" srcset=\"https:\/\/romfilatelia.ro\/magazin\/wp-content\/uploads\/2020\/03\/caract_-Gradina-Botanica-din-Bucuresti-160-ani_in-3-1.jpg 1140w, https:\/\/romfilatelia.ro\/magazin\/wp-content\/uploads\/2020\/03\/caract_-Gradina-Botanica-din-Bucuresti-160-ani_in-3-1-500x470.jpg 500w, https:\/\/romfilatelia.ro\/magazin\/wp-content\/uploads\/2020\/03\/caract_-Gradina-Botanica-din-Bucuresti-160-ani_in-3-1-64x60.jpg 64w, https:\/\/romfilatelia.ro\/magazin\/wp-content\/uploads\/2020\/03\/caract_-Gradina-Botanica-din-Bucuresti-160-ani_in-3-1-300x282.jpg 300w, https:\/\/romfilatelia.ro\/magazin\/wp-content\/uploads\/2020\/03\/caract_-Gradina-Botanica-din-Bucuresti-160-ani_in-3-1-768x722.jpg 768w, https:\/\/romfilatelia.ro\/magazin\/wp-content\/uploads\/2020\/03\/caract_-Gradina-Botanica-din-Bucuresti-160-ani_in-3-1-800x752.jpg 800w\" sizes=\"(max-width: 1140px) 100vw, 1140px\" \/><\/a><\/p>\n","protected":false},"excerpt":{"rendered":"<p>\u00cen contextul anivers\u0103rii de anul acesta a Gr\u0103dinii Botanice din Bucure\u0219ti, Romfilatelia introduce \u00een circula\u0163ie mar\u021bi, 3 martie a. c., emisiunea de m\u0103rci po\u0219tale 160 de ani de la inaugurarea Gr\u0103dinii Botanice \u201eDimitrie Brandza\u201d a Universit\u0103\u021bii din Bucure\u0219ti. \u00cenfiin\u0163at\u0103 ca institu\u0163ie \u00een anul 1860 de c\u0103tre doctorul Carol Davila pe un teren de 7 ha,&hellip;&nbsp;<a href=\"https:\/\/romfilatelia.ro\/magazin\/produs\/colectii-anuale\/2020\/160-de-ani-de-la-inaugurarea-gradinii-botanice-dimitrie-brandza-a-universitatii-din-bucuresti\/\" class=\"\" rel=\"bookmark\">Cite\u0219te mai mult &raquo;<span class=\"screen-reader-text\">160 DE ANI DE LA INAUGURAREA GR\u0102DINII BOTANICE \u201eDIMITRIE BRANDZA\u201d  A UNIVERSIT\u0102\u021aII DIN BUCURE\u0218TI<\/span><\/a><\/p>\n","protected":false},"featured_media":2025032,"template":"","meta":{"neve_meta_sidebar":"","neve_meta_container":"","neve_meta_enable_content_width":"","neve_meta_content_width":0,"neve_meta_title_alignment":"","neve_meta_author_avatar":"","neve_post_elements_order":"","neve_meta_disable_header":"","neve_meta_disable_footer":"","neve_meta_disable_title":""},"product_cat":[165,6],"product_tag":[],"_links":{"self":[{"href":"https:\/\/romfilatelia.ro\/magazin\/wp-json\/wp\/v2\/product\/2025029"}],"collection":[{"href":"https:\/\/romfilatelia.ro\/magazin\/wp-json\/wp\/v2\/product"}],"about":[{"href":"https:\/\/romfilatelia.ro\/magazin\/wp-json\/wp\/v2\/types\/product"}],"wp:featuredmedia":[{"embeddable":true,"href":"https:\/\/romfilatelia.ro\/magazin\/wp-json\/wp\/v2\/media\/2025032"}],"wp:attachment":[{"href":"https:\/\/romfilatelia.ro\/magazin\/wp-json\/wp\/v2\/media?parent=2025029"}],"wp:term":[{"taxonomy":"product_cat","embeddable":true,"href":"https:\/\/romfilatelia.ro\/magazin\/wp-json\/wp\/v2\/product_cat?post=2025029"},{"taxonomy":"product_tag","embeddable":true,"href":"https:\/\/romfilatelia.ro\/magazin\/wp-json\/wp\/v2\/product_tag?post=2025029"}],"curies":[{"name":"wp","href":"https:\/\/api.w.org\/{rel}","templated":true}]}}