{"id":2024890,"date":"2020-02-14T07:47:27","date_gmt":"2020-02-14T05:47:27","guid":{"rendered":"https:\/\/romfilatelia.ro\/magazin\/?post_type=product&#038;p=2024890"},"modified":"2020-02-14T07:52:14","modified_gmt":"2020-02-14T05:52:14","slug":"100-de-ani-de-la-trecerea-in-vesnicie-a-sfantului-ierarh-nectarie-de-la-eghina","status":"publish","type":"product","link":"https:\/\/romfilatelia.ro\/magazin\/produs\/colectii-anuale\/2020\/100-de-ani-de-la-trecerea-in-vesnicie-a-sfantului-ierarh-nectarie-de-la-eghina\/","title":{"rendered":"100 DE ANI DE LA TRECEREA \u00ceN VE\u0218NICIE A SF\u00c2NTULUI IERARH NECTARIE  DE LA EGHINA"},"content":{"rendered":"<p><a href=\"https:\/\/romfilatelia.ro\/magazin\/wp-content\/uploads\/2020\/02\/mc_Nectarie-de-la-Eghina-100ani-de-la-moarte.jpg\"><img decoding=\"async\" loading=\"lazy\" class=\"wp-image-2024891 size-medium alignleft\" src=\"https:\/\/romfilatelia.ro\/magazin\/wp-content\/uploads\/2020\/02\/mc_Nectarie-de-la-Eghina-100ani-de-la-moarte-300x270.jpg\" alt=\"\" width=\"300\" height=\"270\" srcset=\"https:\/\/romfilatelia.ro\/magazin\/wp-content\/uploads\/2020\/02\/mc_Nectarie-de-la-Eghina-100ani-de-la-moarte-300x270.jpg 300w, https:\/\/romfilatelia.ro\/magazin\/wp-content\/uploads\/2020\/02\/mc_Nectarie-de-la-Eghina-100ani-de-la-moarte-500x451.jpg 500w, https:\/\/romfilatelia.ro\/magazin\/wp-content\/uploads\/2020\/02\/mc_Nectarie-de-la-Eghina-100ani-de-la-moarte-64x58.jpg 64w, https:\/\/romfilatelia.ro\/magazin\/wp-content\/uploads\/2020\/02\/mc_Nectarie-de-la-Eghina-100ani-de-la-moarte-768x692.jpg 768w, https:\/\/romfilatelia.ro\/magazin\/wp-content\/uploads\/2020\/02\/mc_Nectarie-de-la-Eghina-100ani-de-la-moarte-800x721.jpg 800w, https:\/\/romfilatelia.ro\/magazin\/wp-content\/uploads\/2020\/02\/mc_Nectarie-de-la-Eghina-100ani-de-la-moarte.jpg 1228w\" sizes=\"(max-width: 300px) 100vw, 300px\" \/><\/a><strong>Romfilatelia<\/strong> introduce \u00een circula\u021bie vineri, <em>14 februarie a.c.<\/em>, emisiunea de m\u0103rci po\u0219tale intitulat\u0103<strong> <em>100 de ani de la trecerea \u00een ve\u0219nicie a Sf\u00e2ntului Ierarh Nectarie de la Eghina<\/em><\/strong><em>.<\/em><\/p>\n<p>Sf\u00e2ntul Ierarh Nectarie s-a n\u0103scut \u00een anul 1846, \u00een Silivria Traciei (localitate l\u00e2ng\u0103 Constantinopol), din p\u0103rin\u0163i s\u0103raci, dar foarte evlavio\u015fi, Dimos \u0219i Maria Kefalas, primind numele de botez Anastasie.<\/p>\n<p>La v\u00e2rsta de 14 ani pleac\u0103 la Constantinopol pentru a urma \u0219coala. \u00cen anul 1866, la v\u00e2rsta de 20 de ani, Sf\u00e2ntul Nectarie pleac\u0103 \u00een insula Chios ca s\u0103 predea ca \u00eenv\u0103\u021b\u0103tor. \u00cen data de 7 noiembrie 1876 este tuns \u00een monahism, primind numele de Laz\u0103r, \u00een binecunoscuta M\u0103n\u0103stire Nea Moni. Un an mai t\u00e2rziu a fost hirotonit diacon, apoi, prin generozitatea unui cre\u0219tin bogat din insul\u0103 \u0219i cu ajutorul patriarhului Sofronie al IV-lea al Alexandriei, a putut s\u0103-\u0219i termine studiile la Atena \u0219i s\u0103 ob\u021bin\u0103, \u00een 1885, o diplom\u0103 a Facult\u0103\u021bii de Teologie din capitala Greciei.<\/p>\n<p>\u00cen acela\u0219i an Sf\u00e2ntul Nectarie pleac\u0103 \u00een Alexandria Egiptului, unde a fost hirotonit preot la biserica Sf\u00e2ntul Nicolae din Cairo. C\u00e2\u021biva ani mai t\u00e2rziu, \u00een 1889, a fost hirotonit episcop \u0219i numit mitropolit al Pentapolei (eparhie corespunz\u00e2nd \u00een acea vreme Libiei superioare) de c\u0103tre patriarhul Sofronie, care l-a numit secretar patriarhal \u0219i reprezentant al s\u0103u la Cairo.<\/p>\n<p>Dup\u0103 doar un an a fost alungat din Egipt \u00een urma calomniilor unor clerici invidio\u0219i. A trebuit s\u0103 se \u00eentoarc\u0103 la Atena, singur, neb\u0103gat \u00een seam\u0103, dispre\u021buit, \u00een mari lipsuri materiale. A r\u0103mas c\u00e2\u021biva ani predicator (1891-1894), iar apoi a fost numit director al \u0219colii teologice Rizarios, care forma viitori preo\u021bi, unde a r\u0103mas vreme de 15 ani.<\/p>\n<p>\u00cen 1904, la cererea mai multor fiice duhovnice\u0219ti care-\u0219i doreau s\u0103 devin\u0103 c\u0103lug\u0103ri\u021be, a ctitorit M\u0103n\u0103stirea <em>Sf\u00e2nta Treime<\/em> \u00een insula Eghina, devenit\u0103 azi unul din marile locuri de pelerinaj din lumea ortodox\u0103. \u00cen decembrie 1908, la v\u00e2rsta de 62 de ani, sf\u00e2ntul Nectarie \u0219i-a dat demisia din postul de director al \u0219colii teologice \u0219i s-a retras \u00een m\u0103n\u0103stirea sa din Eghina, unde a r\u0103mas p\u00e2n\u0103 la sf\u00e2r\u0219itul vie\u021bii.<\/p>\n<p>A trecut la Domnul \u00een 8 noiembrie 1920, \u00een urma unui cancer de prostat\u0103. A fost \u00eenmorm\u00e2ntat \u00een m\u0103n\u0103stirea sa de c\u0103tre ieromonahul iconar Sava, care mai t\u00e2rziu a pictat prima icoan\u0103 a sf\u00e2ntului.<\/p>\n<p>La 33 de ani de la trecerea la cele ve\u0219nice, \u00een anul 1953, moa\u0219tele Sf\u00e2ntului Nectarie sunt mutate \u00een biserica nou\u0103 a m\u00e2n\u0103stirii. Pomenirea mut\u0103rii moa\u0219telor sale se face \u00een ziua de 3 septembrie.<\/p>\n<p>La data de 20 aprilie 1961, Patriarhia Ecumenic\u0103 a Constantinopolului a proclamat canonizarea Sf\u00e2ntului Nectarie, cu pomenirea pe 9 noiembrie.<\/p>\n<p>Sf\u00e2ntul Nectarie Taumaturgul este unul dintre cei mai iubi\u021bi \u0219i mai c\u0103uta\u021bi sfin\u021bi de dat recent\u0103, cunoscut mai ales ca vindec\u0103tor. Puterea f\u0103c\u0103toare de minuni ce izvor\u0103\u0219te din moa\u0219tele sale, aflate la M\u0103n\u0103stirea \u201eSf\u00e2nta Treime\u201d din Insula Eghina, atrage mii de credincio\u0219i. Cei care caut\u0103 pacea \u0219i vindecarea se pot \u00eenchina moa\u0219telor Sf\u00e2ntului Nectarie \u0219i la M\u0103n\u0103stirea \u201eRadu Vod\u0103\u201d din Bucure\u0219ti, unde exist\u0103 un fragment d\u0103ruit \u00een anul 2002 de un arhiereu grec \u0219i p\u0103strat \u00eentr-o racl\u0103 a\u0219ezat\u0103 \u00eentr-un baldachin din pronaosul bisericii.<\/p>\n<p>Prin aducerea acestui dar binecuv\u00e2ntat, aceast\u0103 m\u0103n\u0103stire a devenit \u201eEghina rom\u00e2neasc\u0103\u201d.<\/p>\n<p>Icoana Sf\u00e2ntului Nectarie de la Eghina, reprodus\u0103 pe marca po\u0219tal\u0103 omagial\u0103, face parte din patrimoniul M\u0103n\u0103stirii \u201eRadu Vod\u0103\u201d cu hramurile <em>Sf\u00e2nta Treime<\/em> \u015fi <em>Sf\u00e2ntul Ierarh Nectarie de la Eghina<\/em>. M\u0103n\u0103stirea a fost ctitorit\u0103 de voievodul Alexandru al II-lea Mircea (1568-1577) \u015fi doamna sa, Ecaterina cu g\u00e2ndul de a fi Mitropolia Capitalei.<strong><em>\u00a0<\/em><\/strong><\/p>\n<p><em>Romfilatelia aduce respectoase mul\u021bumiri ob\u0219tii M\u0103n\u0103stirii \u201eRadu Vod\u0103\u201d din Bucure\u0219ti, pentru binecuv\u00e2ntarea \u0219i sprijinul documentar oferite la realizarea acestei emisiuni de m\u0103rci po\u0219tale.<\/em><\/p>\n<p><a href=\"https:\/\/romfilatelia.ro\/magazin\/wp-content\/uploads\/2020\/02\/caract_Nectarie_100-ani-de-la-moarte-copy.jpg\"><img decoding=\"async\" loading=\"lazy\" class=\"aligncenter size-full wp-image-2024892\" src=\"https:\/\/romfilatelia.ro\/magazin\/wp-content\/uploads\/2020\/02\/caract_Nectarie_100-ani-de-la-moarte-copy.jpg\" alt=\"\" width=\"1657\" height=\"876\" srcset=\"https:\/\/romfilatelia.ro\/magazin\/wp-content\/uploads\/2020\/02\/caract_Nectarie_100-ani-de-la-moarte-copy.jpg 1657w, https:\/\/romfilatelia.ro\/magazin\/wp-content\/uploads\/2020\/02\/caract_Nectarie_100-ani-de-la-moarte-copy-500x264.jpg 500w, https:\/\/romfilatelia.ro\/magazin\/wp-content\/uploads\/2020\/02\/caract_Nectarie_100-ani-de-la-moarte-copy-64x34.jpg 64w, https:\/\/romfilatelia.ro\/magazin\/wp-content\/uploads\/2020\/02\/caract_Nectarie_100-ani-de-la-moarte-copy-300x159.jpg 300w, https:\/\/romfilatelia.ro\/magazin\/wp-content\/uploads\/2020\/02\/caract_Nectarie_100-ani-de-la-moarte-copy-768x406.jpg 768w, https:\/\/romfilatelia.ro\/magazin\/wp-content\/uploads\/2020\/02\/caract_Nectarie_100-ani-de-la-moarte-copy-800x423.jpg 800w\" sizes=\"(max-width: 1657px) 100vw, 1657px\" \/><\/a><\/p>\n","protected":false},"excerpt":{"rendered":"<p>Romfilatelia introduce \u00een circula\u021bie vineri, 14 februarie a.c., emisiunea de m\u0103rci po\u0219tale intitulat\u0103 100 de ani de la trecerea \u00een ve\u0219nicie a Sf\u00e2ntului Ierarh Nectarie de la Eghina. Sf\u00e2ntul Ierarh Nectarie s-a n\u0103scut \u00een anul 1846, \u00een Silivria Traciei (localitate l\u00e2ng\u0103 Constantinopol), din p\u0103rin\u0163i s\u0103raci, dar foarte evlavio\u015fi, Dimos \u0219i Maria Kefalas, primind numele de&hellip;&nbsp;<a href=\"https:\/\/romfilatelia.ro\/magazin\/produs\/colectii-anuale\/2020\/100-de-ani-de-la-trecerea-in-vesnicie-a-sfantului-ierarh-nectarie-de-la-eghina\/\" class=\"\" rel=\"bookmark\">Cite\u0219te mai mult &raquo;<span class=\"screen-reader-text\">100 DE ANI DE LA TRECEREA \u00ceN VE\u0218NICIE A SF\u00c2NTULUI IERARH NECTARIE  DE LA EGHINA<\/span><\/a><\/p>\n","protected":false},"featured_media":2024893,"template":"","meta":{"neve_meta_sidebar":"","neve_meta_container":"","neve_meta_enable_content_width":"","neve_meta_content_width":0,"neve_meta_title_alignment":"","neve_meta_author_avatar":"","neve_post_elements_order":"","neve_meta_disable_header":"","neve_meta_disable_footer":"","neve_meta_disable_title":""},"product_cat":[165,6],"product_tag":[],"_links":{"self":[{"href":"https:\/\/romfilatelia.ro\/magazin\/wp-json\/wp\/v2\/product\/2024890"}],"collection":[{"href":"https:\/\/romfilatelia.ro\/magazin\/wp-json\/wp\/v2\/product"}],"about":[{"href":"https:\/\/romfilatelia.ro\/magazin\/wp-json\/wp\/v2\/types\/product"}],"wp:featuredmedia":[{"embeddable":true,"href":"https:\/\/romfilatelia.ro\/magazin\/wp-json\/wp\/v2\/media\/2024893"}],"wp:attachment":[{"href":"https:\/\/romfilatelia.ro\/magazin\/wp-json\/wp\/v2\/media?parent=2024890"}],"wp:term":[{"taxonomy":"product_cat","embeddable":true,"href":"https:\/\/romfilatelia.ro\/magazin\/wp-json\/wp\/v2\/product_cat?post=2024890"},{"taxonomy":"product_tag","embeddable":true,"href":"https:\/\/romfilatelia.ro\/magazin\/wp-json\/wp\/v2\/product_tag?post=2024890"}],"curies":[{"name":"wp","href":"https:\/\/api.w.org\/{rel}","templated":true}]}}