{"id":2024558,"date":"2020-01-06T12:30:07","date_gmt":"2020-01-06T10:30:07","guid":{"rendered":"https:\/\/romfilatelia.ro\/magazin\/?post_type=product&#038;p=2024558"},"modified":"2020-01-23T16:05:42","modified_gmt":"2020-01-23T14:05:42","slug":"flori","status":"publish","type":"product","link":"https:\/\/romfilatelia.ro\/magazin\/produs\/colectii-anuale\/2020\/flori\/","title":{"rendered":"FLORI"},"content":{"rendered":"<p><a href=\"https:\/\/romfilatelia.ro\/magazin\/wp-content\/uploads\/2020\/01\/site-mc_florile-1.jpg\"><img decoding=\"async\" loading=\"lazy\" class=\"alignleft wp-image-2024716 size-medium\" src=\"https:\/\/romfilatelia.ro\/magazin\/wp-content\/uploads\/2020\/01\/site-mc_florile-1-300x237.jpg\" alt=\"\" width=\"300\" height=\"237\" \/><\/a><strong>Romfilatelia <\/strong>introduce \u00een circula\u021bie <em>Mar\u021bi, 7 ianuarie a.c<\/em>, emisiunea de m\u0103rci po\u0219tale uzuale <strong><em>Flori<\/em><\/strong><em>.<\/em><\/p>\n<p>Timbrul cu valoarea nominal\u0103 de <strong>1,80 lei<\/strong> prezint\u0103 <strong><em>laleaua<\/em><\/strong>, ce face parte din familia <em>Liliaceae<\/em>. Planta este originar\u0103 din Asia Central\u0103 \u0219i Turcia. \u00cen Europa a fost introdus\u0103 la mijlocul secolului al XVI-lea, c\u00e2nd bulbi de lalele din Turcia au fost adu\u0219i \u00een Olanda, devenind rapid una dintre cele mai populare flori. Numele botanic, <em>Tulipa<\/em>, este derivat din cuv\u00e2ntul turcesc \u201e<em>tulbend<\/em>\u201d adic\u0103 \u201e<em>turban<\/em>\u201d, cu care floarea se aseam\u0103n\u0103. \u00cen prezent exist\u0103 mii de variet\u0103\u021bi horticole ob\u021binute prin hibridizarea formelor ini\u021biale. Floarea variaz\u0103 foarte mult ca aspect, de la cel clasic de turban, la cele franjurate sau \u00een form\u0103 de crin.<\/p>\n<p>Octombrie-noiembrie este perioada ideal\u0103 pentru plantarea bulbilor. Lalelele prefer\u0103 soluri lutoase, fertile, bine drenate, \u00eensorite sau u\u0219or umbrite. Dup\u0103 terminarea \u00eenfloririi \u0219i ofilirea complet\u0103 a frunzelor, bulbii se scot \u0219i se depoziteaz\u0103 p\u00e2n\u0103 toamna \u00een locuri aerisite.<\/p>\n<p>Timbrul cu valoarea nominal\u0103 de <strong>1,90 lei<\/strong> reprezint\u0103 grafic <strong><em>narcisa<\/em><\/strong>, parte din familia <em>Amaryllidaceae<\/em>. Este originar\u0103 din regiunea mediteraneean\u0103, dar c\u00e2teva specii se g\u0103sesc \u00een Asia central\u0103 \u0219i China. Denumirea genului vine de la cuv\u00e2ntul grecesc <em>\u201enarke\u201d<\/em> ce \u00eenseamn\u0103 somn ad\u00e2nc sau amor\u021beal\u0103, f\u0103c\u00e2nd referire la alcaloidul toxic ce se g\u0103se\u0219te \u00een bulb. \u00cen prezent exist\u0103 mii de variet\u0103\u021bi horticole, floarea fiind, de obicei, galben\u0103 sau alb\u0103 \u0219i ocazional, portocalie, verde sau somon.<\/p>\n<p>\u00cen gr\u0103dinile noastre sunt cultivate soiuri de la dou\u0103 specii, <em>N. pseudonarcissus<\/em> \u0219i <em>N. poeticus<\/em>.<\/p>\n<p>Narcisele prefer\u0103 solurile u\u0219oare, argilo-nisipoase. Pentru o \u00eenflorire prelungit\u0103, ideal este s\u0103 fie plantate sub arbori, unde lumina este filtrat\u0103. Bulbii se planteaz\u0103 toamna, \u00een septembrie-octombrie.<\/p>\n<p>Pe timbrul cu valoarea nominal\u0103 de <strong>2,20 lei<\/strong> este ilustrat\u0103 <strong><em>floarea de piersic<\/em><\/strong>. Prunus persica este un pom fructifer din familia <em>Rosaceae<\/em>, genul <em>Prunus<\/em>. Originar din China, a fost adus \u00een Europa de c\u0103tre persani. Este foarte cultivat pentru fructele sale \u00een zonele temperate \u0219i subtropicale. Piersicul este un arbore care atinge p\u00e2n\u0103 la 10 m \u00een\u0103l\u021bime. Tolereaz\u0103 temperaturile p\u00e2n\u0103 la aproximativ -20\u00b0 C, dar necesit\u0103 veri fierbin\u021bi pentru a-\u0219i matura fructele \u0219i o distinc\u021bie clar\u0103 \u00eentre anotimpuri. Pentru o fructificare abundent\u0103, se planteaz\u0103 \u00een zone \u00eensorite cu sol bine drenat.<\/p>\n<p><strong><em>Dalia<\/em><\/strong> ilustrat\u0103 pe timbrul cu valoarea nominal\u0103 de <strong>2,70 lei<\/strong>, face parte din familia <em>Asteraceae<\/em>. Este o plant\u0103 originar\u0103 din America Central\u0103 \u0219i de Nord. A fost adus\u0103 \u00een Europa \u00een secolul XVI, prin Spania, de unde s-a r\u0103sp\u00e2ndit rapid \u00een celelalte \u021b\u0103ri. Daliile sunt foarte apreciate pentru florile de diverse forme \u0219i culori ce \u00eenfloresc de vara p\u00e2n\u0103 toamna t\u00e2rziu. Sunt plante sensibile la ger, de aceea toamna se scot r\u0103d\u0103cinile tuberizate \u0219i se p\u0103streaz\u0103 \u00een nisip, \u00een locuri r\u0103coroase \u0219i uscate. Se planteaz\u0103 \u00een soluri bogate, argiloase, \u00een zone \u00eensorite.<\/p>\n<p><strong><em>Macul<\/em><\/strong>, floarea redat\u0103 pe timbrul cu valoarea nominal\u0103 de <strong>3,30 lei<\/strong>, face parte din familia <em>Papaveraceae<\/em>. Genul <em>Papaver<\/em> cuprinde aproximativ 80 de specii de plante anuale, bienale sau perene, native din Europa, Asia \u0219i America de Nord. Cea mai mare parte sunt specii spontane, \u00eent\u00e2lnite \u00een natur\u0103, doar c\u00e2teva specii (<em>Papaver orientale<\/em>, <em>Papaver somniferum<\/em>) av\u00e2nd cultivaruri la care difer\u0103 forma \u0219i culoarea florilor. Macul prefer\u0103 solurile af\u00e2nate, mai mult sau mai pu\u021bin calcaroase, fertile, cu expozi\u021bie \u00eensorit\u0103. De asemenea cuprinde plante erbacee ce pot avea \u00een\u0103l\u021bimi \u00eentre 20-150 cm.<\/p>\n<p>Macul este o floare de prim\u0103var\u0103, \u00eent\u00e2lnit\u0103 \u00een categoria florilor de c\u00e2mp (flori spontane).<\/p>\n<p><strong><em>Anemona<\/em><\/strong> sau floarea v\u00e2ntului, ce face parte din familia <em>Ranunculaceae,<\/em> apare pe timbrul cu valoarea nominal\u0103 de <strong>53,50 lei<\/strong>. Acest gen de plante cuprinde aproximativ 120 de specii, cele mai multe native din regiunile reci ale emisferei nordice. Numele vine de la cuv\u00e2ntul grecesc \u201c<em>anemos<\/em>\u201d care \u00eenseamn\u0103 v\u00e2nt. Multe referiri simbolice la anemone vorbesc \u0219i despre moarte datorit\u0103 istoriei lor interesante. Ele au fost adesea legate de mitul lui Adonis \u0219i al Afroditei.<\/p>\n<p>Anemonele sunt plante perene ce \u00eenfloresc prim\u0103vara. Sunt cultivate pentru florile ginga\u0219e colorate \u00een alb, roz, purpuriu sau albastru. Plantarea se face toamna \u00een locuri \u00eensorite sau par\u021bial umbrite. Pentru un efect de culoare se planteaz\u0103 \u00een grupuri. Floarea pa\u0219telui sau <em>Anemone nemorosa<\/em> este una din speciile de anemone ce cre\u0219te spontan \u00een \u021bara noastr\u0103.<\/p>\n<p>Pe plicul \u201eprima zi\u201d a emisiunii a fost ilustrat <strong><em>ghiocelul<\/em><\/strong>. <em>Galanthus nivalis<\/em>, face parte din familia <em>Amaryllidaceae<\/em>. Genul <em>Galanthus<\/em> cuprinde cca. 20 de specii de plante originare din Europa p\u00e2n\u0103 \u00een nordul Iranului. \u00cen \u021bara noastr\u0103, sunt \u00eent\u00e2lnite \u00een natur\u0103 3 specii de ghiocei, dintre care 2 declarate specii rare la nivel interna\u021bional \u0219i <em>Galanthus nivalis<\/em>, declarat\u0103 rar\u0103 la nivel european.<\/p>\n<p>Este o specie indigen\u0103 (cre\u0219te spontan \u00een paji\u0219ti \u0219i p\u0103\u0219uni). Ghiocelul comun este cea mai cultivat\u0103 specie de ghiocei \u0219i prima plant\u0103 care \u00eenflore\u0219te la \u00eenceputul prim\u0103verii.<\/p>\n<p><em>Romfilatelia mul\u021bume\u0219te reprezentan\u021bilor Gr\u0103dinii Botanice \u201eDimitrie Br\u00e2ndz\u0103\u201d a Universit\u0103\u021bii din Bucure\u0219ti pentru sprijinul documentar acordat la realizarea acestei emisiuni de m\u0103rci po\u0219tale.\u00a0 <\/em><\/p>\n<p><a href=\"https:\/\/romfilatelia.ro\/magazin\/wp-content\/uploads\/2020\/01\/caract_Flori.jpg\"><img decoding=\"async\" loading=\"lazy\" class=\"aligncenter size-full wp-image-2024560\" src=\"https:\/\/romfilatelia.ro\/magazin\/wp-content\/uploads\/2020\/01\/caract_Flori.jpg\" alt=\"\" width=\"1710\" height=\"1568\" srcset=\"https:\/\/romfilatelia.ro\/magazin\/wp-content\/uploads\/2020\/01\/caract_Flori.jpg 1710w, https:\/\/romfilatelia.ro\/magazin\/wp-content\/uploads\/2020\/01\/caract_Flori-500x458.jpg 500w, https:\/\/romfilatelia.ro\/magazin\/wp-content\/uploads\/2020\/01\/caract_Flori-64x59.jpg 64w, https:\/\/romfilatelia.ro\/magazin\/wp-content\/uploads\/2020\/01\/caract_Flori-300x275.jpg 300w, https:\/\/romfilatelia.ro\/magazin\/wp-content\/uploads\/2020\/01\/caract_Flori-768x704.jpg 768w, https:\/\/romfilatelia.ro\/magazin\/wp-content\/uploads\/2020\/01\/caract_Flori-800x734.jpg 800w\" sizes=\"(max-width: 1710px) 100vw, 1710px\" \/><\/a><\/p>\n","protected":false},"excerpt":{"rendered":"<p>Romfilatelia introduce \u00een circula\u021bie Mar\u021bi, 7 ianuarie a.c, emisiunea de m\u0103rci po\u0219tale uzuale Flori. Timbrul cu valoarea nominal\u0103 de 1,80 lei prezint\u0103 laleaua, ce face parte din familia Liliaceae. Planta este originar\u0103 din Asia Central\u0103 \u0219i Turcia. \u00cen Europa a fost introdus\u0103 la mijlocul secolului al XVI-lea, c\u00e2nd bulbi de lalele din Turcia au fost&hellip;&nbsp;<a href=\"https:\/\/romfilatelia.ro\/magazin\/produs\/colectii-anuale\/2020\/flori\/\" class=\"\" rel=\"bookmark\">Cite\u0219te mai mult &raquo;<span class=\"screen-reader-text\">FLORI<\/span><\/a><\/p>\n","protected":false},"featured_media":2024716,"template":"","meta":{"neve_meta_sidebar":"","neve_meta_container":"","neve_meta_enable_content_width":"","neve_meta_content_width":0,"neve_meta_title_alignment":"","neve_meta_author_avatar":"","neve_post_elements_order":"","neve_meta_disable_header":"","neve_meta_disable_footer":"","neve_meta_disable_title":""},"product_cat":[165,6],"product_tag":[],"_links":{"self":[{"href":"https:\/\/romfilatelia.ro\/magazin\/wp-json\/wp\/v2\/product\/2024558"}],"collection":[{"href":"https:\/\/romfilatelia.ro\/magazin\/wp-json\/wp\/v2\/product"}],"about":[{"href":"https:\/\/romfilatelia.ro\/magazin\/wp-json\/wp\/v2\/types\/product"}],"wp:featuredmedia":[{"embeddable":true,"href":"https:\/\/romfilatelia.ro\/magazin\/wp-json\/wp\/v2\/media\/2024716"}],"wp:attachment":[{"href":"https:\/\/romfilatelia.ro\/magazin\/wp-json\/wp\/v2\/media?parent=2024558"}],"wp:term":[{"taxonomy":"product_cat","embeddable":true,"href":"https:\/\/romfilatelia.ro\/magazin\/wp-json\/wp\/v2\/product_cat?post=2024558"},{"taxonomy":"product_tag","embeddable":true,"href":"https:\/\/romfilatelia.ro\/magazin\/wp-json\/wp\/v2\/product_tag?post=2024558"}],"curies":[{"name":"wp","href":"https:\/\/api.w.org\/{rel}","templated":true}]}}