{"id":2024294,"date":"2019-11-21T07:07:14","date_gmt":"2019-11-21T05:07:14","guid":{"rendered":"https:\/\/romfilatelia.ro\/magazin\/?post_type=product&#038;p=2024294"},"modified":"2019-11-21T07:11:07","modified_gmt":"2019-11-21T05:11:07","slug":"excelenta-in-drept-160-de-ani-de-invatamant-juridic-romanesc","status":"publish","type":"product","link":"https:\/\/romfilatelia.ro\/magazin\/produs\/colectii-anuale\/2019\/excelenta-in-drept-160-de-ani-de-invatamant-juridic-romanesc\/","title":{"rendered":"EXCELEN\u021aA \u00ceN DREPT. 160 DE ANI DE \u00ceNV\u0102\u021a\u0102M\u00c2NT JURIDIC ROM\u00c2NESC"},"content":{"rendered":"<p><a href=\"https:\/\/romfilatelia.ro\/magazin\/wp-content\/uploads\/2019\/11\/Fac-drept-160-ani_mc.jpg\"><img decoding=\"async\" loading=\"lazy\" class=\"alignleft wp-image-2024295 size-medium\" src=\"https:\/\/romfilatelia.ro\/magazin\/wp-content\/uploads\/2019\/11\/Fac-drept-160-ani_mc-295x300.jpg\" alt=\"\" width=\"295\" height=\"300\" \/><\/a><strong>Romfilatelia<\/strong> \u00ee\u0219i propune s\u0103 aniverseze o institu\u021bie emblematic\u0103 de \u00eenv\u0103\u021b\u0103m\u00e2nt juridic rom\u00e2nesc, Facultatea de Drept a Universit\u0103\u021bii din Bucure\u0219ti, prin introducerea \u00een circula\u021bie, <em>Joi, <\/em><em>21 noiembrie a.c.<\/em>, a emisiunii de m\u0103rci po\u0219tale<strong><em> EXCELEN\u021aA \u00ceN DREPT. 160 DE ANI DE \u00ceNV\u0102\u021a\u0102M\u00c2NT JURIDIC ROM\u00c2NESC. <\/em><\/strong><\/p>\n<p><em>Timbrul cu valoarea nominal\u0103 de <strong>8,50 lei<\/strong> red\u0103 sigla Facult\u0103\u021bii de Drept. Emisiunea con\u021bine \u0219i o coli\u021b\u0103 dantelat\u0103 al c\u0103rei timbru, cu valoarea nominal\u0103 de <strong>28,50 lei<\/strong>, prezint\u0103 Palatul Facult\u0103\u021bii de Drept ilustrat \u00eentr-un desen de arhitectul Petre Antonescu (1873 &#8211; 1965). Elementele grafice care \u00eentregesc compozi\u021bia coli\u021bei au ca subiect decanii Facult\u0103\u021bii de Drept, ce s-au remarcat ca personalit\u0103\u021bi ilustre <\/em><em><strong>\u00een \u00eenv\u0103\u021b\u0103m\u00e2ntul juridic rom\u00e2nesc \u00eencep\u00e2nd cu<\/strong><\/em><em> anul 1859.<\/em><\/p>\n<p>\u00cen urm\u0103 cu 160 de ani, la 25 noiembrie 1859, prin decretul nr. 519, semnat de Domnitorul Alexandru Ioan Cuza, Facultatea de Drept din Bucure\u0219ti devenea institu\u021bie independent\u0103. Dar istoria \u00eenv\u0103\u021b\u0103m\u00e2ntului din Bucure\u0219ti \u00eencepe \u00eenc\u0103 din perioada lui Constantin Br\u00e2ncoveanu, Domnitor al \u021a\u0103rii Rom\u00e2ne\u0219ti care, \u00een 1694, fonda la Bucure\u0219ti Academia Domneasc\u0103 de la Sf. Sava, la \u00eendemnul stolnicului Constantin Cantacuzino, ilustru c\u0103rturar umanist cu studii la Padova.<\/p>\n<p>Apoi, sub domnia lui Alexandru Ipsilanti, \u00een perioada 1776-1779, sunt construite noi localuri pentru Academie. \u00cen 1818, c\u0103rturarul transilv\u0103nean Gheorghe Laz\u0103r creeaz\u0103 \u0218coala de la Sf\u00e2ntul Sava, cu predare \u00een limba rom\u00e2n\u0103. \u00cen 1832 are loc reforma \u0219colar\u0103 a lui Petrache Poenaru, la Colegiul National Sf. Sava fiind create cursuri superioare juridice \u0219i \u0219tiin\u021bifice. Odat\u0103 cu Reforma \u00eenv\u0103\u021b\u0103m\u00e2ntului, din 1850, sunt dezvoltate cursurile superioare cu caracter juridic \u0219i \u0219tiin\u021bific, iar patru ani mai t\u00e2rziu iese prima promo\u021bie de juri\u0219ti.<\/p>\n<p>La 25 noiembrie 1859, Facultatea de Drept devine institu\u021bie independent\u0103, primul s\u0103u decan fiind Constantin Boianu. La 4\/16 iulie 1864, prin Decretul nr. 765, Domnitorul Alexandru Ioan Cuza aprob\u0103 \u00eenfiin\u021barea Universit\u0103\u021bii din Bucure\u0219ti, prin reunirea celor trei facult\u0103\u021bi existente: Facultatea de Drept, Facultatea de \u0218tiin\u021be \u0219i Facultatea de Litere \u0219i Filozofie. Din 1864, anul \u00eenfiin\u021b\u0103rii, Universitatea din Bucure\u0219ti a contribuit \u0219i contribuie \u00een mod decisiv la dezvoltarea \u0219i modernizarea \u00eenv\u0103\u021b\u0103m\u00e2ntului, \u0219tiin\u021bei \u0219i culturii rom\u00e2ne\u0219ti. Facultatea de Drept a avut la \u00eenceputurile ei 9 catedre, 9 profesori \u0219i 30 de studen\u021bi. \u00cen primii ani universitari, disciplinele predate au fost: dreptul roman, dreptul civil rom\u00e2n \u0219i procedura dreptului civil, dreptul penal rom\u00e2n \u0219i procedura dreptului penal, dreptul comercial, dreptul constitu\u021bional, dreptul administrativ \u0219i economia politic\u0103. Durata studiilor era de 4 ani.<\/p>\n<p>\u00cen anul 1908 a fost decernat primul titlu de Doctor \u00een Drept. Datorit\u0103 num\u0103rului mare de studen\u021bi \u00eenmatricula\u021bi la Facultatea de Drept, necesitatea unui nou sediu pentru aceasta a devenit stringent\u0103. Astfel, \u00een deceniul al IV-lea al secolului XX, la ini\u021biativa decanului de atunci, Nicolae Basilescu \u0219i cu sprijinul Regelui Carol al II-lea \u0219i al ministerului de resort, \u00eentre 1934-1936, a fost construit actualul Palat al Facult\u0103\u021bii de Drept, dup\u0103 un proiect al arhitectului Petre Antonescu, membru al Academiei Rom\u00e2ne, construc\u021bie care a devenit unul din reperele de pe harta monumentelor istorice ale Bucure\u0219tiului.<\/p>\n<p>Decanii Facult\u0103\u021bii de Drept a Universit\u0103\u021bii din Bucure\u0219ti au fost personalit\u0103\u021bi marcante ale \u00eenv\u0103\u021b\u0103m\u00e2ntului superior juridic rom\u00e2nesc \u0219i ale vie\u021bii publice din Rom\u00e2nia, l\u0103s\u00e2ndu-\u0219i amprenta asupra evolu\u021biei acestora. Romfilatelia \u00eei onoreaz\u0103 prin aceast\u0103 emisiune de m\u0103rci po\u0219tale, dedicat\u0103 s\u0103rb\u0103toririi a 160 de ani de la \u00eenfiin\u021barea Facult\u0103\u021bii de Drept a Universit\u0103\u021bii din Bucure\u0219ti (25 noiembrie 1859 &#8211; 25 noiembrie 2019). Printre decanii ilu\u0219tri ai Facult\u0103\u021bii de Drept se num\u0103r\u0103: Constantin Bosianu, George Costaforu, Vasile Boerescu, Constantin Dissescu, Ioan Tanoviceanu, Gheorghe Mironescu, Nicolae Basilescu, Constantin Stoicescu, Anibal Teodorescu, Alexandru Oteteli\u0219anu \u0219i Viorel Ciobanu.<\/p>\n<p>Pe plicul \u201ePrima zi\u201d a emisiunii este reprezentat Palatul Facult\u0103\u021bii de Drept, crea\u021bia grafic\u0103 a arhitectului <em>Petre Antonescu \u00eempreun\u0103 cu medaliile aniversare de bronz ce redau chipul primului Decan, Constantin Bosianu (1815-1882), \u0219i cl\u0103direa facult\u0103\u021bii \u00eempreun\u0103 cu sigla aniversar\u0103 de 160 de ani de la \u00eenfiin\u021bare.<\/em><em>\u00a0<\/em><\/p>\n<p><em>Aducem mul\u021bumiri pentru sprijinul acordat la realizarea acestei emisiuni de m\u0103rci po\u0219tale conducerii Facult\u0103\u021bii de Drept a Universit\u0103\u021bii din Bucure\u0219ti.<\/em><\/p>\n<p><strong><em>\u00a0<a href=\"https:\/\/romfilatelia.ro\/magazin\/wp-content\/uploads\/2019\/11\/caract_-Fac-drept-160-ani.jpg\"><img decoding=\"async\" loading=\"lazy\" class=\"aligncenter size-full wp-image-2024296\" src=\"https:\/\/romfilatelia.ro\/magazin\/wp-content\/uploads\/2019\/11\/caract_-Fac-drept-160-ani.jpg\" alt=\"\" width=\"1669\" height=\"1064\" srcset=\"https:\/\/romfilatelia.ro\/magazin\/wp-content\/uploads\/2019\/11\/caract_-Fac-drept-160-ani.jpg 1669w, https:\/\/romfilatelia.ro\/magazin\/wp-content\/uploads\/2019\/11\/caract_-Fac-drept-160-ani-500x319.jpg 500w, https:\/\/romfilatelia.ro\/magazin\/wp-content\/uploads\/2019\/11\/caract_-Fac-drept-160-ani-64x41.jpg 64w, https:\/\/romfilatelia.ro\/magazin\/wp-content\/uploads\/2019\/11\/caract_-Fac-drept-160-ani-300x191.jpg 300w, https:\/\/romfilatelia.ro\/magazin\/wp-content\/uploads\/2019\/11\/caract_-Fac-drept-160-ani-768x490.jpg 768w, https:\/\/romfilatelia.ro\/magazin\/wp-content\/uploads\/2019\/11\/caract_-Fac-drept-160-ani-800x510.jpg 800w\" sizes=\"(max-width: 1669px) 100vw, 1669px\" \/><\/a><\/em><\/strong><\/p>\n","protected":false},"excerpt":{"rendered":"<p>Romfilatelia \u00ee\u0219i propune s\u0103 aniverseze o institu\u021bie emblematic\u0103 de \u00eenv\u0103\u021b\u0103m\u00e2nt juridic rom\u00e2nesc, Facultatea de Drept a Universit\u0103\u021bii din Bucure\u0219ti, prin introducerea \u00een circula\u021bie, Joi, 21 noiembrie a.c., a emisiunii de m\u0103rci po\u0219tale EXCELEN\u021aA \u00ceN DREPT. 160 DE ANI DE \u00ceNV\u0102\u021a\u0102M\u00c2NT JURIDIC ROM\u00c2NESC. Timbrul cu valoarea nominal\u0103 de 8,50 lei red\u0103 sigla Facult\u0103\u021bii de Drept. Emisiunea&hellip;&nbsp;<a href=\"https:\/\/romfilatelia.ro\/magazin\/produs\/colectii-anuale\/2019\/excelenta-in-drept-160-de-ani-de-invatamant-juridic-romanesc\/\" class=\"\" rel=\"bookmark\">Cite\u0219te mai mult &raquo;<span class=\"screen-reader-text\">EXCELEN\u021aA \u00ceN DREPT. 160 DE ANI DE \u00ceNV\u0102\u021a\u0102M\u00c2NT JURIDIC ROM\u00c2NESC<\/span><\/a><\/p>\n","protected":false},"featured_media":2024295,"template":"","meta":{"neve_meta_sidebar":"","neve_meta_container":"","neve_meta_enable_content_width":"","neve_meta_content_width":0,"neve_meta_title_alignment":"","neve_meta_author_avatar":"","neve_post_elements_order":"","neve_meta_disable_header":"","neve_meta_disable_footer":"","neve_meta_disable_title":""},"product_cat":[162,6],"product_tag":[],"_links":{"self":[{"href":"https:\/\/romfilatelia.ro\/magazin\/wp-json\/wp\/v2\/product\/2024294"}],"collection":[{"href":"https:\/\/romfilatelia.ro\/magazin\/wp-json\/wp\/v2\/product"}],"about":[{"href":"https:\/\/romfilatelia.ro\/magazin\/wp-json\/wp\/v2\/types\/product"}],"wp:featuredmedia":[{"embeddable":true,"href":"https:\/\/romfilatelia.ro\/magazin\/wp-json\/wp\/v2\/media\/2024295"}],"wp:attachment":[{"href":"https:\/\/romfilatelia.ro\/magazin\/wp-json\/wp\/v2\/media?parent=2024294"}],"wp:term":[{"taxonomy":"product_cat","embeddable":true,"href":"https:\/\/romfilatelia.ro\/magazin\/wp-json\/wp\/v2\/product_cat?post=2024294"},{"taxonomy":"product_tag","embeddable":true,"href":"https:\/\/romfilatelia.ro\/magazin\/wp-json\/wp\/v2\/product_tag?post=2024294"}],"curies":[{"name":"wp","href":"https:\/\/api.w.org\/{rel}","templated":true}]}}