{"id":2024126,"date":"2019-10-31T10:57:24","date_gmt":"2019-10-31T08:57:24","guid":{"rendered":"https:\/\/romfilatelia.ro\/magazin\/?post_type=product&#038;p=2024126"},"modified":"2025-03-06T15:31:24","modified_gmt":"2025-03-06T13:31:24","slug":"plic-prima-zi-100-de-ani-de-invatamant-superior-romanesc-la-cluj-napoca","status":"publish","type":"product","link":"https:\/\/romfilatelia.ro\/magazin\/produs\/plicuri-prima-zi\/plic-prima-zi-100-de-ani-de-invatamant-superior-romanesc-la-cluj-napoca\/","title":{"rendered":"Plic prima zi 100 DE ANI DE \u00ceNV\u0102\u021a\u0102M\u00c2NT SUPERIOR ROM\u00c2NESC  LA CLUJ-NAPOCA"},"content":{"rendered":"","protected":false},"excerpt":{"rendered":"","protected":false},"featured_media":2024129,"template":"","meta":{"neve_meta_sidebar":"","neve_meta_container":"","neve_meta_enable_content_width":"","neve_meta_content_width":0,"neve_meta_title_alignment":"","neve_meta_author_avatar":"","neve_post_elements_order":"","neve_meta_disable_header":"","neve_meta_disable_footer":"","neve_meta_disable_title":""},"product_cat":[145,9],"product_tag":[],"_links":{"self":[{"href":"https:\/\/romfilatelia.ro\/magazin\/wp-json\/wp\/v2\/product\/2024126"}],"collection":[{"href":"https:\/\/romfilatelia.ro\/magazin\/wp-json\/wp\/v2\/product"}],"about":[{"href":"https:\/\/romfilatelia.ro\/magazin\/wp-json\/wp\/v2\/types\/product"}],"wp:featuredmedia":[{"embeddable":true,"href":"https:\/\/romfilatelia.ro\/magazin\/wp-json\/wp\/v2\/media\/2024129"}],"wp:attachment":[{"href":"https:\/\/romfilatelia.ro\/magazin\/wp-json\/wp\/v2\/media?parent=2024126"}],"wp:term":[{"taxonomy":"product_cat","embeddable":true,"href":"https:\/\/romfilatelia.ro\/magazin\/wp-json\/wp\/v2\/product_cat?post=2024126"},{"taxonomy":"product_tag","embeddable":true,"href":"https:\/\/romfilatelia.ro\/magazin\/wp-json\/wp\/v2\/product_tag?post=2024126"}],"curies":[{"name":"wp","href":"https:\/\/api.w.org\/{rel}","templated":true}]}}