{"id":2024121,"date":"2019-10-31T10:54:45","date_gmt":"2019-10-31T08:54:45","guid":{"rendered":"https:\/\/romfilatelia.ro\/magazin\/?post_type=product&#038;p=2024121"},"modified":"2019-11-01T10:03:33","modified_gmt":"2019-11-01T08:03:33","slug":"100-de-ani-de-invatamant-superior-romanesc-la-cluj-napoca","status":"publish","type":"product","link":"https:\/\/romfilatelia.ro\/magazin\/produs\/colectii-anuale\/2019\/100-de-ani-de-invatamant-superior-romanesc-la-cluj-napoca\/","title":{"rendered":"100 DE ANI DE \u00ceNV\u0102\u021a\u0102M\u00c2NT SUPERIOR ROM\u00c2NESC  LA CLUJ-NAPOCA"},"content":{"rendered":"<p><a href=\"https:\/\/romfilatelia.ro\/magazin\/wp-content\/uploads\/2019\/10\/mc_Cluj-100-ani-invatamant-superior.jpg\"><img decoding=\"async\" loading=\"lazy\" class=\"alignleft wp-image-2024122 size-medium\" src=\"https:\/\/romfilatelia.ro\/magazin\/wp-content\/uploads\/2019\/10\/mc_Cluj-100-ani-invatamant-superior-300x170.jpg\" alt=\"\" width=\"300\" height=\"170\" \/><\/a>Pentru a omagia dou\u0103 institu\u021bii de \u00eenv\u0103\u021b\u0103m\u00e2nt rom\u00e2nesc emblematice, <strong>Romfilatelia<\/strong> introduce \u00een circula\u021bie emisiunea de m\u0103rci po\u0219tale <strong><em>\u201e100 de ani de \u00eenv\u0103\u021b\u0103m\u00e2nt superior rom\u00e2nesc la Cluj-Napoca\u201d<\/em><\/strong>. Emisiunea este alc\u0103tuit\u0103 din dou\u0103 timbre \u0219i o coli\u021b\u0103 nedantelat\u0103 \u0219i va fi introdus\u0103 \u00een circula\u021bie <strong>vineri, 1 noiembrie a.c.<\/strong><\/p>\n<p>Timbrul cu valoarea nominal\u0103 de <strong>3,10 lei<\/strong> ilustreaz\u0103 <strong><em>Universitatea Babe\u0219-Bolyai<\/em><\/strong>. Universitatea rom\u00e2neasc\u0103 din Cluj \u0219i-a \u00eenceput activitatea la aproape un an dup\u0103 Marea Unire din 1 decembrie 1918, c\u00e2nd reprezentan\u021bii rom\u00e2nilor votaser\u0103 \u00een unanimitate alipirea Transilvaniei, Banatului, Cri\u0219anei \u0219i Maramure\u0219ului cu Regatul Rom\u00e2niei.<\/p>\n<p>Universitatea rom\u00e2neasc\u0103 \u0219i-a definitivat statutul \u00een perioada 12 mai 1919 &#8211; 2 februarie 1920. Astfel, la data de 12 mai 1919, o comisie coordonat\u0103 de c\u0103tre Onisifor Ghibu a preluat \u00een administrarea rom\u00e2nilor \u00eentreg patrimoniul mobil \u0219i imobil al universit\u0103\u021bii maghiare din Cluj. Cursurile \u00een limba rom\u00e2n\u0103 s-au deschis \u00een 3 noiembrie 1919. Universitatea clujean\u0103 avea \u00een componen\u021b\u0103 patru facult\u0103\u021bi: Drept, Medicin\u0103, Litere \u0219i Filozofie, \u0218tiin\u021be. Profesorul Sextil Pu\u0219cariu, de la Facultatea de Litere, a fost ales cel dint\u00e2i rector rom\u00e2n. Printre profesorii de seam\u0103 din ace\u0219ti ani trebuie aminti\u021bi savan\u021bii Sextil Pu\u0219cariu, Vasile P\u00e2rvan, Alexandru Borza, Iuliu Ha\u021bieganu \u0219i Petre Sergescu.<\/p>\n<p>Perioada interbelic\u0103 a fost una dintre cele mai rodnice din via\u021ba universit\u0103\u021bii rom\u00e2ne\u0219ti din Cluj. Disciplinele studiate au abordat domenii diverse \u0219i s-au creat numeroase institute, laboratoare, catedre \u0219i seminarii. Universitatea s-a impus rapid \u00een peisajul academic interna\u021bional, ea desf\u0103\u0219ur\u00e2nd o sus\u021binut\u0103 activitate de colaborare \u0219tiin\u021bific\u0103 \u0219i didactic\u0103 cu institu\u021bii similare din Europa \u0219i din lume.<\/p>\n<p>Universitatea Babe\u0219-Bolyai este singura institu\u021bie multicultural\u0103 din \u021bar\u0103, cu 21 de facult\u0103\u021bi \u0219i trei limbi de predare (rom\u00e2n\u0103, maghiar\u0103 \u0219i german\u0103) \u0219i cu numeroase programe \u00een limbi de circula\u021bie interna\u021bional\u0103. La \u00eenceputul lui 2018, \u00een urma evalu\u0103rii interna\u021bionale QS Star, Universit\u0103\u021bii Babe\u0219-Bolyai i-a fost acordat statutul de universitate interna\u021bional\u0103 de excelen\u021b\u0103 (universitate de 4 stele).<\/p>\n<p>Onor\u00e2nd tradi\u021bia de \u00eenv\u0103\u021b\u0103m\u00e2nt universitar \u00een limba rom\u00e2n\u0103, inaugurat la 1919, Universitatea clujean\u0103 reprezint\u0103 ast\u0103zi, a\u0219a dup\u0103 cum afirma cu m\u00e2ndrie rectorul Ioan-Aurel Pop, <em>\u201ecea mai mare \u0219i mai complex\u0103 \u0219i, din multe motive \u0219i puncte de vedere, cea mai prestigioas\u0103\u201d <\/em>universitate din Rom\u00e2nia.<\/p>\n<p>Redat\u0103 pe timbrul cu valoarea nominal\u0103 de <strong>12 lei<\/strong> se afl\u0103 imaginea sediului <strong><em>Universit\u0103\u021bii de Medicin\u0103 \u0219i Farmacie Cluj-Napoca<\/em><\/strong>, considerat\u0103, de asemenea, o institu\u021bie educa\u021bional\u0103 valoroas\u0103 a ora\u0219ului. Facultatea maghiar\u0103 de Medicin\u0103 a fost fondat\u0103 chiar de la \u00eenceputul existen\u021bei Universit\u0103\u021bii \u201eFerencz Jozsef\u201d din Cluj, adic\u0103 \u00een 1872. \u00cen perioada 1888-1901 au fost construite clinicile \u0219i institutele Facult\u0103\u021bii.<\/p>\n<p>Imediat dup\u0103 Marea Unire a Transilvaniei cu Rom\u00e2nia, \u00een \u00eenv\u0103\u021b\u0103m\u00e2ntul superior de medicin\u0103 \u0219i farmacie din Cluj a avut loc o transformare notabil\u0103. \u00cen 1919 a fost \u00eentemeiat\u0103 Facultatea rom\u00e2neasc\u0103 de Medicin\u0103, ca parte component\u0103 a Universit\u0103\u021bii \u201eDaciei Superioare\u201d. Primul decan \u0219i organizator al Facult\u0103\u021bii a fost Iuliu Ha\u021bieganu, unul din fondatorii \u00eenv\u0103\u021b\u0103m\u00e2ntului medical rom\u00e2nesc. Datorit\u0103 ini\u021biativei sale, au fost create noi discipline, precum: semiologia medical\u0103, radiologia, stomatologia \u0219i istoria medicinii, care au fost premiere \u00een \u00eenv\u0103\u021b\u0103m\u00e2ntul medical rom\u00e2nesc.<\/p>\n<p>Istoria \u00eenv\u0103\u021b\u0103m\u00e2ntului clujean de medicin\u0103 \u0219i farmacie a \u00eenregistrat o cotitur\u0103 \u00een 1948, prin desprinderea sa de Universitatea din Cluj \u0219i \u00eentemeierea Institutului Medico-Farmaceutic. Acesta a avut la \u00eenceput cinci facult\u0103\u021bi: medicina general\u0103, pediatria, stomatologia, farmacia \u0219i igiena. Cea mai mare pondere a avut-o Facultatea de Medicin\u0103.<\/p>\n<p>\u00cencep\u00e2nd din 1990, istoria \u0218colii Clujene de Medicin\u0103 \u0219i Farmacie a \u00eenregistrat o dezvoltare rapid\u0103 \u0219i consistent\u0103. \u00cen acel an vechea denumire de I. M. F. a fost schimbat\u0103 \u00een Universitate de Medicin\u0103 \u0219i Farmacie. Numele lui Iuliu Ha\u021bieganu a fost pus pe frontispiciul U.M.F. \u00een 1992, ca semn de respect \u0219i considera\u021bie pentru \u00eentemeietorul ei.<\/p>\n<p>Coli\u021ba emisiunii, cu valoarea nominal\u0103 de <strong>28,50 lei<\/strong>, prezint\u0103 o splendid\u0103 imagine care apar\u021bine <strong><em>Gr\u0103dinii Botanice din Cluj-Napoca<\/em><\/strong>, institu\u021bie a Universit\u0103\u021bii Babe\u0219-Bolyai. Odat\u0103 cu \u00eenfiin\u021barea Universit\u0103\u021bii Daciei Superioare, \u00eencep\u00e2nd cu anul 1919, profesorul Alexandru Borza, este chemat \u00een cadrul Comisiei Universitare s\u0103 participe la reorganizarea \u00eenv\u0103\u021b\u0103m\u00e2ntului biologic superior clujean. Acesta m\u0103re\u0219te suprafa\u021ba, deja achizi\u021bionat\u0103, la 13 ha \u0219i organizeaz\u0103, \u00een subordinea Universit\u0103\u021bii, pe baze \u0219tiin\u021bifice riguroase, noua Gr\u0103din\u0103 Botanic\u0103, care azi \u00eei poart\u0103 numele.<\/p>\n<p>Institu\u021bia se deschide oficial pentru vizitatori \u00een data de 25 iunie 1925. Ulterior evenimentului, \u00eentre anii 1930-1935 se mai adaug\u0103 cl\u0103direa Institutului Botanic, inaugurat\u0103 oficial \u00een anul 1937 \u00een prezen\u021ba Regelui Carol II, ce ad\u0103poste\u0219te \u00een prezent Muzeul botanic \u0219i cel mai mare Herbar al Rom\u00e2niei.<\/p>\n<p>Dorin\u021ba fondatorului a fost ca \u00een aceast\u0103 nou\u0103 gr\u0103din\u0103 botanic\u0103, principiile filogeniei plantelor \u0219i fitogeografiei s\u0103 se \u00eempleteasc\u0103 armonios cu principiile ecologiei, cu rafinamentul artistic \u0219i cu cerin\u021bele instruirii publicului.<\/p>\n<p><em>\u00a0<\/em><\/p>\n<p><em>Romfilatelia mul\u021bume\u0219te Universit\u0103\u021bii Babe\u0219-Bolyai \u0219i Universit\u0103\u021bii de Medicin\u0103 \u0219i Farmacie, ambele din Cluj-Napoca \u0219i fotografului George Avanu, pentru sprijinul documentar \u0219i fotografic acordat la realizarea acestei emisiuni de m\u0103rci po\u0219tale.<\/em><\/p>\n<p><img decoding=\"async\" loading=\"lazy\" class=\"aligncenter wp-image-2024123 size-full\" src=\"https:\/\/romfilatelia.ro\/magazin\/wp-content\/uploads\/2019\/10\/caract-Cluj-100-ani-de-invatamant-superior_triptic.jpg\" alt=\"\" width=\"1712\" height=\"1745\" srcset=\"https:\/\/romfilatelia.ro\/magazin\/wp-content\/uploads\/2019\/10\/caract-Cluj-100-ani-de-invatamant-superior_triptic.jpg 1712w, https:\/\/romfilatelia.ro\/magazin\/wp-content\/uploads\/2019\/10\/caract-Cluj-100-ani-de-invatamant-superior_triptic-500x510.jpg 500w, https:\/\/romfilatelia.ro\/magazin\/wp-content\/uploads\/2019\/10\/caract-Cluj-100-ani-de-invatamant-superior_triptic-64x65.jpg 64w, https:\/\/romfilatelia.ro\/magazin\/wp-content\/uploads\/2019\/10\/caract-Cluj-100-ani-de-invatamant-superior_triptic-294x300.jpg 294w, https:\/\/romfilatelia.ro\/magazin\/wp-content\/uploads\/2019\/10\/caract-Cluj-100-ani-de-invatamant-superior_triptic-768x783.jpg 768w, https:\/\/romfilatelia.ro\/magazin\/wp-content\/uploads\/2019\/10\/caract-Cluj-100-ani-de-invatamant-superior_triptic-785x800.jpg 785w, https:\/\/romfilatelia.ro\/magazin\/wp-content\/uploads\/2019\/10\/caract-Cluj-100-ani-de-invatamant-superior_triptic-53x53.jpg 53w\" sizes=\"(max-width: 1712px) 100vw, 1712px\" \/><\/p>\n","protected":false},"excerpt":{"rendered":"<p>Pentru a omagia dou\u0103 institu\u021bii de \u00eenv\u0103\u021b\u0103m\u00e2nt rom\u00e2nesc emblematice, Romfilatelia introduce \u00een circula\u021bie emisiunea de m\u0103rci po\u0219tale \u201e100 de ani de \u00eenv\u0103\u021b\u0103m\u00e2nt superior rom\u00e2nesc la Cluj-Napoca\u201d. Emisiunea este alc\u0103tuit\u0103 din dou\u0103 timbre \u0219i o coli\u021b\u0103 nedantelat\u0103 \u0219i va fi introdus\u0103 \u00een circula\u021bie vineri, 1 noiembrie a.c. Timbrul cu valoarea nominal\u0103 de 3,10 lei ilustreaz\u0103 Universitatea&hellip;&nbsp;<a href=\"https:\/\/romfilatelia.ro\/magazin\/produs\/colectii-anuale\/2019\/100-de-ani-de-invatamant-superior-romanesc-la-cluj-napoca\/\" class=\"\" rel=\"bookmark\">Cite\u0219te mai mult &raquo;<span class=\"screen-reader-text\">100 DE ANI DE \u00ceNV\u0102\u021a\u0102M\u00c2NT SUPERIOR ROM\u00c2NESC  LA CLUJ-NAPOCA<\/span><\/a><\/p>\n","protected":false},"featured_media":2024122,"template":"","meta":{"neve_meta_sidebar":"","neve_meta_container":"","neve_meta_enable_content_width":"","neve_meta_content_width":0,"neve_meta_title_alignment":"","neve_meta_author_avatar":"","neve_post_elements_order":"","neve_meta_disable_header":"","neve_meta_disable_footer":"","neve_meta_disable_title":""},"product_cat":[162,6],"product_tag":[],"_links":{"self":[{"href":"https:\/\/romfilatelia.ro\/magazin\/wp-json\/wp\/v2\/product\/2024121"}],"collection":[{"href":"https:\/\/romfilatelia.ro\/magazin\/wp-json\/wp\/v2\/product"}],"about":[{"href":"https:\/\/romfilatelia.ro\/magazin\/wp-json\/wp\/v2\/types\/product"}],"wp:featuredmedia":[{"embeddable":true,"href":"https:\/\/romfilatelia.ro\/magazin\/wp-json\/wp\/v2\/media\/2024122"}],"wp:attachment":[{"href":"https:\/\/romfilatelia.ro\/magazin\/wp-json\/wp\/v2\/media?parent=2024121"}],"wp:term":[{"taxonomy":"product_cat","embeddable":true,"href":"https:\/\/romfilatelia.ro\/magazin\/wp-json\/wp\/v2\/product_cat?post=2024121"},{"taxonomy":"product_tag","embeddable":true,"href":"https:\/\/romfilatelia.ro\/magazin\/wp-json\/wp\/v2\/product_tag?post=2024121"}],"curies":[{"name":"wp","href":"https:\/\/api.w.org\/{rel}","templated":true}]}}