{"id":2023845,"date":"2019-09-23T15:31:50","date_gmt":"2019-09-23T13:31:50","guid":{"rendered":"https:\/\/romfilatelia.ro\/magazin\/?post_type=product&#038;p=2023845"},"modified":"2019-09-23T15:35:31","modified_gmt":"2019-09-23T13:35:31","slug":"magellan-500-de-ani-de-la-inceputul-calatoriei-in-jurul-lumii","status":"publish","type":"product","link":"https:\/\/romfilatelia.ro\/magazin\/produs\/colectii-anuale\/2019\/magellan-500-de-ani-de-la-inceputul-calatoriei-in-jurul-lumii\/","title":{"rendered":"MAGELLAN,  500 DE ANI DE LA \u00ceNCEPUTUL C\u0102L\u0102TORIEI \u00ceN JURUL LUMII"},"content":{"rendered":"<p><a href=\"https:\/\/romfilatelia.ro\/magazin\/wp-content\/uploads\/2019\/09\/MC_Magellan.jpg\"><img decoding=\"async\" loading=\"lazy\" class=\"size-medium wp-image-2023846 alignleft\" src=\"https:\/\/romfilatelia.ro\/magazin\/wp-content\/uploads\/2019\/09\/MC_Magellan-300x218.jpg\" alt=\"\" width=\"300\" height=\"218\" \/><\/a><em>\u201eLa 20 Septembrie 1519, flota lui Magellan s-a desprins de \u021b\u0103rm. \u00cenc\u0103 din anul acesta, Spania \u00eencepe s\u0103 se \u00eentind\u0103 departe, dincolo de limitele Europei.\u201d<\/em><\/p>\n<p>(\u0218tefan Zweig, autorul biografiei <em>Magellan<\/em>)<\/p>\n<p>\u00cen contextul anivers\u0103rii a cinci secole de la \u00eenceputul expedi\u021biei lui Magellan, <strong>Romfilatelia<\/strong> v\u0103 invit\u0103 s\u0103 descoperi\u021bi emisiunea de m\u0103rci po\u0219tale <strong><em>\u201eMagellan, 500 de ani de la \u00eenceputul c\u0103l\u0103toriei \u00een jurul lumii\u201c<\/em><\/strong>.<\/p>\n<p>Se estimeaz\u0103 c\u0103 Magellan s-a n\u0103scut \u00een 1480, \u00eentr-o familie nobil\u0103 a Portugaliei. La v\u00e2rsta de zece ani a devenit paj pentru regin\u0103, \u00eenscriindu-se la \u0218coala de Paji a Reginei Leonora. Aici \u0219i-a petrecut o mare parte din timp preocupat cu texte despre naviga\u021bie interplanetar\u0103, astronomie \u0219i cartografie. Aceste subiecte \u00eei vor servi mai t\u00e2rziu \u00een expedi\u021bia ce i-a imortalizat numele \u00een istoria naval\u0103 \u0219i universal\u0103.<\/p>\n<p>\u00cen 1505 se al\u0103tur\u0103 echipajului flotei portugheze \u00een navigarea spre Africa de Est, pasiunea pentru oceanul deschis duc\u00e2ndu-l doi ani mai t\u00e2rziu \u00een Malacca. Spiritul s\u0103u explorator \u00eel \u00eendeamn\u0103 s\u0103 cutreiere lumea, posibil chiar s\u0103 fi navigat p\u00e2n\u0103 la Insula Spice, numele comun pentru Insulele Molucca din Indonezia. C\u00e2nd expedi\u021bia lui Magellan era \u00eenc\u0103 un mugur de speran\u021b\u0103, comer\u021bul de mirodenii \u00eencuraja navigatorii s\u0103 str\u0103bat\u0103 m\u0103rile \u0219i oceanele pentru a procura \u201eespeceria\u201d (<em>mirodenii <\/em>\u00een limba spaniol\u0103).<\/p>\n<p>Toate teritoriile de la vest de linia de demarca\u021bie de 46\u02da30W\u2019 apar\u021bin Portugaliei, \u00een timp ce toate teritoriile de la est de linia de demarca\u021bie apar\u021bin Spaniei, un rezultat al Tratatului de la Tordesillas, ratificat \u00een 1494, tratatul oferindu-i lui Magellan libertatea de a naviga \u00een pace. A studiat toate diagramele de naviga\u021bie cunoscute p\u00e2n\u0103 la el, precum \u0219i textele grece\u0219ti, ajung\u00e2nd la concluzia c\u0103 toate continentele apar\u021bin unei planete sferice, iar \u00een 1517 revine \u00een Sevilla pentru a-\u0219i oferi abilit\u0103\u021bile la Curtea Spaniol\u0103, dar \u00eel ademeneau aventura \u0219i oceanul, aleg\u00e2nd s\u0103 p\u0103r\u0103seasc\u0103 uscatul.<\/p>\n<p>Marele explorator a pornit pe 20 septembrie 1519 cu o flot\u0103 de cinci nave care a parcurs distan\u021ba p\u00e2n\u0103 \u00een Brazilia ca apoi s\u0103 urmeze coasta Americii de Sud spre Patagonia. P\u00e2n\u0103 \u00een octombrie 1520 a ajuns la ceea ce este acum cunoscut sub numele de Str\u00e2mtoarea Magellan. Ajuns pe Insula Homonham din Filipine, \u00een martie 1521, echipajul expedi\u021biei a \u00eent\u00e2lnit un obstacol dovedit fatal lui Magellan iar din cauza unei destabiliz\u0103ri de putere \u00eentre liderul Homonham \u0219i un rival, echipajul a fost implicat \u00eentr-un r\u0103zboi pe meleaguri str\u0103ine. Ini\u021biatorul campaniei de \u00eenconjur al lumii, Fernando Magellan, \u0219i-a g\u0103sit sf\u00e2r\u0219itul \u00een lupta din 27 aprilie 1521. Expedi\u021bia a continuat sub conducerea lui Juan Sebastian Elcano, care, \u00eempreun\u0103 cu 18 supravie\u021buitori \u0219i o singur\u0103 nav\u0103, ajunge la Sevilla, pe 9 septembrie 1522.<\/p>\n<p>C\u0103l\u0103toria \u00eendr\u0103znea\u021b\u0103 \u0219i ambi\u021bioas\u0103 \u00een jurul lumii a lui Magellan, ini\u021bial parcurs\u0103 \u00een c\u0103utare de bog\u0103\u021bii \u0219i glorie personal\u0103, le-a oferit europenilor mult mai mult dec\u00e2t simple condimente din Insula Spice. Chiar dac\u0103 pornind din Europa, ruta de la vest la est, prin Str\u00e2mtoarea Magellan, fusese deja descoperit\u0103 \u0219i cartografiat\u0103, circumnavigarea oferea posibilitatea unei lumi f\u0103r\u0103 limite geografice. Datorit\u0103 expedi\u021biei lui Magellan, cunoa\u0219terea geografic\u0103 european\u0103 a \u00eenregistrat un salt spectaculos.<\/p>\n<p>Nu numai c\u0103 a g\u0103sit un ocean cu o \u00eentindere de neimaginat, p\u00e2n\u0103 atunci necunoscut pentru europeni, dar a descoperit, de asemenea, c\u0103 suprafa\u021ba globului p\u0103m\u00e2ntesc, reg\u0103sit\u0103 \u00een h\u0103r\u021bile elaborate, era mult mai mare dec\u00e2t se credea. \u00cen sf\u00e2r\u0219it, de\u0219i \u00een acel punct al istoriei nu se mai sus\u021binea c\u0103 p\u0103m\u00e2ntul era plat, circumnavigarea de c\u0103tre Magellan a globului a discreditat \u00een mod empiric teoria medieval\u0103.<\/p>\n<p>Expedi\u021bia sa a avut loc \u00een\u00a0 <em>epoca marilor descoperiri geografice<\/em>, o perioad\u0103 ce a avansat cuno\u0219tin\u021bele geografice \u0219i culturale europene, \u00een care au avut loc ample explor\u0103ri peste m\u0103ri generate de \u00eencerc\u0103rile de globalizare timpurie, o epoc\u0103 care a marcat \u00eenceputul colonialismului \u0219i al mercantilismului. Faima pentru tenacitatea \u0219i abilitatea sa de naviga\u021bie a fost eviden\u021biat\u0103 \u00een prima evaluare a lui Magellan, amintit\u0103 mai t\u00e2rziu drept <em>\u201ecea mai mare c\u0103l\u0103torie din era descoperirii\u201d<\/em>, considerat\u0103 a fi cea mai important\u0103 c\u0103l\u0103torie maritim\u0103 \u00eentreprins\u0103 vreodat\u0103.<\/p>\n<p>Pe timbrul cu valoarea nominal\u0103 de <strong>7 Lei<\/strong>, ve\u021bi descoperi personalitatea celui mai mare navigator din <em>Epoca marilor descoperiri geografice<\/em>, Fernando Magellan.<\/p>\n<p>Coli\u0163a nedantelat\u0103 cu valoarea nominal\u0103 de <strong>28,50 Lei,<\/strong> ilustreaz\u0103 un fragment din harta lui Ortelius, datat\u0103 1589, coasta de vest a Americii de Sud \u0219i nava Victoria. Peste corabie, este plasat un glob p\u0103m\u00e2ntesc stilizat, \u00eenconjurat de \u00eenscrisul <em>\u201e500 de ani de la \u00eenceputul c\u0103l\u0103toriei \u00een jurul lumii\u201d<\/em>, reprezent\u00e2nd c\u0103l\u0103toria transglobal\u0103 a expedi\u021biei lui Magellan. \u00cen partea st\u00e2nga-sus a coli\u021bei este portretul lui Magellan suprapus peste o timon\u0103 stilizat\u0103.<\/p>\n<p><em>Str\u00e2mtoarea Magellan<\/em> \u0219i Oceanului Pacific \u00eei poart\u0103 numele, cel din urm\u0103 denumit <em>Marea lui Magellan<\/em> p\u00e2n\u0103 \u00een secolul XVIII.<\/p>\n<p><a href=\"https:\/\/romfilatelia.ro\/magazin\/wp-content\/uploads\/2019\/09\/caract_Magellan-500-ani-de-la-prima-calatorie.jpg\"><img decoding=\"async\" loading=\"lazy\" class=\"aligncenter wp-image-2023847 size-full\" src=\"https:\/\/romfilatelia.ro\/magazin\/wp-content\/uploads\/2019\/09\/caract_Magellan-500-ani-de-la-prima-calatorie.jpg\" alt=\"\" width=\"1675\" height=\"914\" srcset=\"https:\/\/romfilatelia.ro\/magazin\/wp-content\/uploads\/2019\/09\/caract_Magellan-500-ani-de-la-prima-calatorie.jpg 1675w, https:\/\/romfilatelia.ro\/magazin\/wp-content\/uploads\/2019\/09\/caract_Magellan-500-ani-de-la-prima-calatorie-500x273.jpg 500w, https:\/\/romfilatelia.ro\/magazin\/wp-content\/uploads\/2019\/09\/caract_Magellan-500-ani-de-la-prima-calatorie-64x35.jpg 64w\" sizes=\"(max-width: 1675px) 100vw, 1675px\" \/><\/a><\/p>\n","protected":false},"excerpt":{"rendered":"<p>\u201eLa 20 Septembrie 1519, flota lui Magellan s-a desprins de \u021b\u0103rm. \u00cenc\u0103 din anul acesta, Spania \u00eencepe s\u0103 se \u00eentind\u0103 departe, dincolo de limitele Europei.\u201d (\u0218tefan Zweig, autorul biografiei Magellan) \u00cen contextul anivers\u0103rii a cinci secole de la \u00eenceputul expedi\u021biei lui Magellan, Romfilatelia v\u0103 invit\u0103 s\u0103 descoperi\u021bi emisiunea de m\u0103rci po\u0219tale \u201eMagellan, 500 de ani&hellip;&nbsp;<a href=\"https:\/\/romfilatelia.ro\/magazin\/produs\/colectii-anuale\/2019\/magellan-500-de-ani-de-la-inceputul-calatoriei-in-jurul-lumii\/\" class=\"\" rel=\"bookmark\">Cite\u0219te mai mult &raquo;<span class=\"screen-reader-text\">MAGELLAN,  500 DE ANI DE LA \u00ceNCEPUTUL C\u0102L\u0102TORIEI \u00ceN JURUL LUMII<\/span><\/a><\/p>\n","protected":false},"featured_media":2023846,"template":"","meta":{"neve_meta_sidebar":"","neve_meta_container":"","neve_meta_enable_content_width":"","neve_meta_content_width":0,"neve_meta_title_alignment":"","neve_meta_author_avatar":"","neve_post_elements_order":"","neve_meta_disable_header":"","neve_meta_disable_footer":"","neve_meta_disable_title":""},"product_cat":[162,6],"product_tag":[],"_links":{"self":[{"href":"https:\/\/romfilatelia.ro\/magazin\/wp-json\/wp\/v2\/product\/2023845"}],"collection":[{"href":"https:\/\/romfilatelia.ro\/magazin\/wp-json\/wp\/v2\/product"}],"about":[{"href":"https:\/\/romfilatelia.ro\/magazin\/wp-json\/wp\/v2\/types\/product"}],"wp:featuredmedia":[{"embeddable":true,"href":"https:\/\/romfilatelia.ro\/magazin\/wp-json\/wp\/v2\/media\/2023846"}],"wp:attachment":[{"href":"https:\/\/romfilatelia.ro\/magazin\/wp-json\/wp\/v2\/media?parent=2023845"}],"wp:term":[{"taxonomy":"product_cat","embeddable":true,"href":"https:\/\/romfilatelia.ro\/magazin\/wp-json\/wp\/v2\/product_cat?post=2023845"},{"taxonomy":"product_tag","embeddable":true,"href":"https:\/\/romfilatelia.ro\/magazin\/wp-json\/wp\/v2\/product_tag?post=2023845"}],"curies":[{"name":"wp","href":"https:\/\/api.w.org\/{rel}","templated":true}]}}