{"id":2023787,"date":"2019-09-18T10:11:51","date_gmt":"2019-09-18T08:11:51","guid":{"rendered":"https:\/\/romfilatelia.ro\/magazin\/?post_type=product&#038;p=2023787"},"modified":"2019-10-09T08:23:00","modified_gmt":"2019-10-09T06:23:00","slug":"plic-prima-zi-expozitia-filatelica-romana-efiro-2019-editia-a-v-a","status":"publish","type":"product","link":"https:\/\/romfilatelia.ro\/magazin\/produs\/plicuri-prima-zi\/plic-prima-zi-expozitia-filatelica-romana-efiro-2019-editia-a-v-a\/","title":{"rendered":"Plic prima zi Expozi\u021bia Filatelic\u0103 Rom\u00e2n\u0103 EFIRO 2019, Edi\u021bia a V-a"},"content":{"rendered":"","protected":false},"excerpt":{"rendered":"","protected":false},"featured_media":2023790,"template":"","meta":{"neve_meta_sidebar":"","neve_meta_container":"","neve_meta_enable_content_width":"","neve_meta_content_width":0,"neve_meta_title_alignment":"","neve_meta_author_avatar":"","neve_post_elements_order":"","neve_meta_disable_header":"","neve_meta_disable_footer":"","neve_meta_disable_title":""},"product_cat":[145,9],"product_tag":[],"_links":{"self":[{"href":"https:\/\/romfilatelia.ro\/magazin\/wp-json\/wp\/v2\/product\/2023787"}],"collection":[{"href":"https:\/\/romfilatelia.ro\/magazin\/wp-json\/wp\/v2\/product"}],"about":[{"href":"https:\/\/romfilatelia.ro\/magazin\/wp-json\/wp\/v2\/types\/product"}],"wp:featuredmedia":[{"embeddable":true,"href":"https:\/\/romfilatelia.ro\/magazin\/wp-json\/wp\/v2\/media\/2023790"}],"wp:attachment":[{"href":"https:\/\/romfilatelia.ro\/magazin\/wp-json\/wp\/v2\/media?parent=2023787"}],"wp:term":[{"taxonomy":"product_cat","embeddable":true,"href":"https:\/\/romfilatelia.ro\/magazin\/wp-json\/wp\/v2\/product_cat?post=2023787"},{"taxonomy":"product_tag","embeddable":true,"href":"https:\/\/romfilatelia.ro\/magazin\/wp-json\/wp\/v2\/product_tag?post=2023787"}],"curies":[{"name":"wp","href":"https:\/\/api.w.org\/{rel}","templated":true}]}}