{"id":2023284,"date":"2019-07-25T13:04:21","date_gmt":"2019-07-25T11:04:21","guid":{"rendered":"https:\/\/romfilatelia.ro\/magazin\/?post_type=product&#038;p=2023284"},"modified":"2019-07-25T13:09:36","modified_gmt":"2019-07-25T11:09:36","slug":"plic-prima-zi-echipat-cu-colita-nedantelata-simona-halep-ambasadorul-tenisului-romanesc","status":"publish","type":"product","link":"https:\/\/romfilatelia.ro\/magazin\/produs\/plicuri-prima-zi\/plic-prima-zi-echipat-cu-colita-nedantelata-simona-halep-ambasadorul-tenisului-romanesc\/","title":{"rendered":"Plic prima zi echipat cu coli\u021b\u0103 nedantelat\u0103 SIMONA HALEP,  AMBASADORUL  TENISULUI ROM\u00c2NESC"},"content":{"rendered":"","protected":false},"excerpt":{"rendered":"","protected":false},"featured_media":2023290,"template":"","meta":{"neve_meta_sidebar":"","neve_meta_container":"","neve_meta_enable_content_width":"","neve_meta_content_width":0,"neve_meta_title_alignment":"","neve_meta_author_avatar":"","neve_post_elements_order":"","neve_meta_disable_header":"","neve_meta_disable_footer":"","neve_meta_disable_title":""},"product_cat":[9],"product_tag":[],"_links":{"self":[{"href":"https:\/\/romfilatelia.ro\/magazin\/wp-json\/wp\/v2\/product\/2023284"}],"collection":[{"href":"https:\/\/romfilatelia.ro\/magazin\/wp-json\/wp\/v2\/product"}],"about":[{"href":"https:\/\/romfilatelia.ro\/magazin\/wp-json\/wp\/v2\/types\/product"}],"wp:featuredmedia":[{"embeddable":true,"href":"https:\/\/romfilatelia.ro\/magazin\/wp-json\/wp\/v2\/media\/2023290"}],"wp:attachment":[{"href":"https:\/\/romfilatelia.ro\/magazin\/wp-json\/wp\/v2\/media?parent=2023284"}],"wp:term":[{"taxonomy":"product_cat","embeddable":true,"href":"https:\/\/romfilatelia.ro\/magazin\/wp-json\/wp\/v2\/product_cat?post=2023284"},{"taxonomy":"product_tag","embeddable":true,"href":"https:\/\/romfilatelia.ro\/magazin\/wp-json\/wp\/v2\/product_tag?post=2023284"}],"curies":[{"name":"wp","href":"https:\/\/api.w.org\/{rel}","templated":true}]}}