{"id":2022858,"date":"2019-05-30T06:34:48","date_gmt":"2019-05-30T04:34:48","guid":{"rendered":"https:\/\/romfilatelia.ro\/magazin\/?post_type=product&#038;p=2022858"},"modified":"2025-02-21T10:04:54","modified_gmt":"2025-02-21T08:04:54","slug":"mapa-emisiune-comuna-romania-vatican-2019-vizita-apostolica-a-papei-francisc-in-romania","status":"publish","type":"product","link":"https:\/\/romfilatelia.ro\/magazin\/produs\/outofstock\/mapa-emisiune-comuna-romania-vatican-2019-vizita-apostolica-a-papei-francisc-in-romania\/","title":{"rendered":"Mapa Emisiune comun\u0103  Rom\u00e2nia \u2013 Vatican 2019 VIZITA APOSTOLIC\u0102 A PAPEI FRANCISC \u00ceN ROM\u00c2NIA"},"content":{"rendered":"","protected":false},"excerpt":{"rendered":"","protected":false},"featured_media":2022859,"template":"","meta":{"neve_meta_sidebar":"","neve_meta_container":"","neve_meta_enable_content_width":"","neve_meta_content_width":0,"neve_meta_title_alignment":"","neve_meta_author_avatar":"","neve_post_elements_order":"","neve_meta_disable_header":"","neve_meta_disable_footer":"","neve_meta_disable_title":""},"product_cat":[164,145],"product_tag":[],"_links":{"self":[{"href":"https:\/\/romfilatelia.ro\/magazin\/wp-json\/wp\/v2\/product\/2022858"}],"collection":[{"href":"https:\/\/romfilatelia.ro\/magazin\/wp-json\/wp\/v2\/product"}],"about":[{"href":"https:\/\/romfilatelia.ro\/magazin\/wp-json\/wp\/v2\/types\/product"}],"wp:featuredmedia":[{"embeddable":true,"href":"https:\/\/romfilatelia.ro\/magazin\/wp-json\/wp\/v2\/media\/2022859"}],"wp:attachment":[{"href":"https:\/\/romfilatelia.ro\/magazin\/wp-json\/wp\/v2\/media?parent=2022858"}],"wp:term":[{"taxonomy":"product_cat","embeddable":true,"href":"https:\/\/romfilatelia.ro\/magazin\/wp-json\/wp\/v2\/product_cat?post=2022858"},{"taxonomy":"product_tag","embeddable":true,"href":"https:\/\/romfilatelia.ro\/magazin\/wp-json\/wp\/v2\/product_tag?post=2022858"}],"curies":[{"name":"wp","href":"https:\/\/api.w.org\/{rel}","templated":true}]}}