{"id":2022794,"date":"2019-05-17T15:39:06","date_gmt":"2019-05-17T13:39:06","guid":{"rendered":"https:\/\/romfilatelia.ro\/magazin\/?post_type=product&#038;p=2022794"},"modified":"2019-05-30T06:35:42","modified_gmt":"2019-05-30T04:35:42","slug":"emisiune-comuna-romania-vatican-2019-vizita-apostolica-a-papei-francisc-in-romania","status":"publish","type":"product","link":"https:\/\/romfilatelia.ro\/magazin\/produs\/colectii-anuale\/2019\/emisiune-comuna-romania-vatican-2019-vizita-apostolica-a-papei-francisc-in-romania\/","title":{"rendered":"Emisiune comun\u0103  Rom\u00e2nia \u2013 Vatican 2019 VIZITA APOSTOLIC\u0102 A PAPEI FRANCISC \u00ceN ROM\u00c2NIA"},"content":{"rendered":"<p><a href=\"https:\/\/romfilatelia.ro\/magazin\/wp-content\/uploads\/2019\/05\/Em-com-RO-Vatican_colita.jpg\"><img decoding=\"async\" loading=\"lazy\" class=\"wp-image-2022795 size-medium alignleft\" src=\"https:\/\/romfilatelia.ro\/magazin\/wp-content\/uploads\/2019\/05\/Em-com-RO-Vatican_colita-300x290.jpg\" alt=\"\" width=\"300\" height=\"290\" \/><\/a><strong>Romfilatelia<\/strong>, \u00een parteneriat cu Oficiul Po\u0219tal al Statului Vatican, va introduce \u00een circula\u021bie vineri, 31 mai 2019, emisiunea comun\u0103 de m\u0103rci po\u0219tale <strong><em>Rom\u00e2nia-Vatican 2019. Vizita Apostolic\u0103 a Papei Francisc \u00een Rom\u00e2nia<\/em><\/strong>.<\/p>\n<p>Emisiunea este alc\u0103tuit\u0103 dintr-o coli\u021b\u0103 dantelat\u0103 a c\u0103rei valoare nominal\u0103 este de <strong>11,50 lei<\/strong>.<\/p>\n<p>Dup\u0103 dou\u0103 decenii de la ultima vizit\u0103 a unui Suveran Pontif \u00een Rom\u00e2nia, un nou Pap\u0103 va vizita \u021bara noastr\u0103 \u00een perioada 31 mai \u2013 2 iunie.<\/p>\n<p>Papa Francisc va fi prezent pentru prima dat\u0103 \u00een \u201eGr\u0103dina Maicii Domnului\u201d, a\u0219a cum a fost numit\u0103 Rom\u00e2nia de c\u0103tre Papa Ioan Paul al II-lea \u00een Vizita Apostolic\u0103 din luna mai a anului 1999. La vremea aceea, Rom\u00e2nia nu era membr\u0103 a Uniunii Europene, dar vizita Papei s-a desf\u0103\u0219urat sub semnul unit\u0103\u021bii, plas\u00e2nd Rom\u00e2nia \u00een aten\u021bia mass-mediei interna\u021bionale.<\/p>\n<p>\u00cen fa\u021ba Catedralei Patriarhale, Patriarhul Teoctist \u00eei m\u0103rturisea Suveranului Pontif c\u0103 \u00eel prime\u0219te \u201epe aceast\u0103 vatr\u0103 de lumin\u0103 a neamului rom\u00e2nesc, martori av\u00e2nd, al\u0103turi de noi, ierarhii, clerul \u0219i poporul de fa\u021b\u0103. \u00cen persoana Sanctit\u0103\u021bii Voastre, primim \u0219i cinstim Biserica lui Hristos\u201d.<\/p>\n<p>Vizita s-a \u00eencheiat \u00eentr-o comuniune, o fraternitate adev\u0103rat\u0103, o apropiere unic\u0103 \u00een istoria Bisericilor Ortodox\u0103 \u0219i Catolic\u0103, manifestat\u0103 puternic \u00een zona Parcului Izvor din Capital\u0103, unde mii de ortodoc\u0219i \u0219i catolici scandau cu o vibrant\u0103 emo\u021bie: \u201eUnitate, unitate!\u201d. Referindu-se la acest moment, Arhiepiscopul Mitropolit Ioan Robu aminte\u0219te: \u201eEcoul \u00abunitate\u00bb r\u0103m\u00e2ne. De\u0219i la suprafa\u021b\u0103 nu vedem mare lucru, totu\u0219i r\u0103m\u00e2ne \u00een inimile \u0219i \u00een min\u021bile oamenilor aceast\u0103 chemare la unitate, exprimat\u0103 \u00eentr-un fel sau altul. Dar este o realitate: vrem acest lucru.\u201d<\/p>\n<p>Despre vizita Papei Francisc se poate spune cert c\u0103 ea nu este o repeti\u021bie a ceea ce am trait \u00een urm\u0103 cu dou\u0103 decenii. Este un nou Pap\u0103 \u0219i vom participa la un eveniment deosebit cu un puternic ecou \u00een \u021bar\u0103 \u0219i \u00een afara ei.<\/p>\n<p>Numele Suveranului Pontif vine de la Sf\u00e2ntul Francisc de Assisi. A\u0219a cum a explicat Papa \u00eensu\u0219i, a ales acest nume din trei motive: pentru c\u0103 Sf\u00e2ntul Francisc \u00eei pre\u021buia foarte mult pe s\u0103raci, era un om al p\u0103cii \u0219i nutrea un profund respect fa\u021b\u0103 de \u00eentreaga crea\u021bie. \u0218i, \u00eentr-adev\u0103r, s\u0103racii, pacea \u0219i grija pentru crea\u021bie sunt o prioritate pentru Papa Francisc.<\/p>\n<p>Loca\u0219urile de cult catolice \u00eenscrise \u00een programul de vizit\u0103 al Papei Francisc sunt Catedrala Sf\u00e2ntul Iosif din Bucure\u0219ti \u0219i a\u0219ez\u0103mintele de cult catolic din Ia\u0219i, Blaj \u0219i \u0218umuleu-Ciuc. \u00cen spa\u021biul sfin\u021bit al Catedralei Na\u021bionale va fi rostit\u0103 rug\u0103ciunea \u201eTat\u0103l nostru\u201d.<\/p>\n<p>Sloganul acestei vizite \u201eS\u0103 mergem \u00eempreun\u0103!\u201d este un \u00eendemn la comuniune \u0219i la cooperarea tuturor, indiferent de apartenen\u021b\u0103 religioas\u0103 sau etnie, pentru urm\u0103rirea binelui comun, a p\u0103cii \u0219i bunei \u00een\u021belegeri.<\/p>\n<p>Pe 2 iunie, pe C\u00e2mpia Libert\u0103\u021bii de la Blaj, Suveranul Pontif va oficia beatificarea celor \u0219apte episcopi greco-catolici martiri: Vasile Aftenie, Valeriu Traian Fren\u021biu, Ioan Suciu, Tit Liviu Chinezu, Ioan B\u0103lan, Alexandru Rusu \u0219i Iuliu Hossu. \u201eEste o mare bucurie nu numai pentru Biserica Greco-Catolic\u0103\u201d &#8211; a m\u0103rturisit PS Mihai Fr\u0103\u021bil\u0103, Episcop greco-catolic de Bucure\u0219ti -, \u201eci \u0219i pentru orice om de bun\u0103 voin\u021b\u0103 care \u00een\u021belege c\u0103 jertfa lor a fost jertfa unei Rom\u00e2nii demne care trebuie \u00eentotdeauna recunoscut\u0103\u201d.<\/p>\n<p><em>Romfilatelia mul\u021bume\u0219te Nun\u021biaturii Apostolice \u00een Rom\u00e2nia, Arhiepiscopiei Romano-Catolice de Bucure\u0219ti \u0219i Alba Iulia, Arihidiecezei de Ia\u0219i, Arhiepiscopiei Majore de Alba Iulia \u0219i F\u0103g\u0103ra\u0219, Ambasadei Rom\u00e2niei pe l\u00e2ng\u0103 Sf\u00e2ntul Scaun, Oficiului Po\u0219tal al Statului Vatican, pentru sprijinul documentar \u0219i fotografic acordat la realizarea emisiunii comune de m\u0103rci po\u0219tale.<\/em><\/p>\n<p>Mapa con\u021bine colita emisa de Romania si colita emisa de Oficiul Po\u0219tal al Statului Vatican.<\/p>\n<p>Livrarea comenzilor va \u00eencepe din data de 3 iunie 2019.<\/p>\n<p><img decoding=\"async\" loading=\"lazy\" class=\"aligncenter wp-image-2022796 size-full\" src=\"https:\/\/romfilatelia.ro\/magazin\/wp-content\/uploads\/2019\/05\/pliant_RO-VATICAN.jpg\" alt=\"\" width=\"1102\" height=\"562\" srcset=\"https:\/\/romfilatelia.ro\/magazin\/wp-content\/uploads\/2019\/05\/pliant_RO-VATICAN.jpg 1102w, https:\/\/romfilatelia.ro\/magazin\/wp-content\/uploads\/2019\/05\/pliant_RO-VATICAN-500x255.jpg 500w, https:\/\/romfilatelia.ro\/magazin\/wp-content\/uploads\/2019\/05\/pliant_RO-VATICAN-64x33.jpg 64w, https:\/\/romfilatelia.ro\/magazin\/wp-content\/uploads\/2019\/05\/pliant_RO-VATICAN-300x153.jpg 300w, https:\/\/romfilatelia.ro\/magazin\/wp-content\/uploads\/2019\/05\/pliant_RO-VATICAN-768x392.jpg 768w, https:\/\/romfilatelia.ro\/magazin\/wp-content\/uploads\/2019\/05\/pliant_RO-VATICAN-800x408.jpg 800w\" sizes=\"(max-width: 1102px) 100vw, 1102px\" \/><\/p>\n<p><strong><em>\u00a0<\/em><\/strong><\/p>\n<p><strong><em>\u00a0<\/em><\/strong><\/p>\n<p>&nbsp;<\/p>\n","protected":false},"excerpt":{"rendered":"<p>Romfilatelia, \u00een parteneriat cu Oficiul Po\u0219tal al Statului Vatican, va introduce \u00een circula\u021bie vineri, 31 mai 2019, emisiunea comun\u0103 de m\u0103rci po\u0219tale Rom\u00e2nia-Vatican 2019. Vizita Apostolic\u0103 a Papei Francisc \u00een Rom\u00e2nia. Emisiunea este alc\u0103tuit\u0103 dintr-o coli\u021b\u0103 dantelat\u0103 a c\u0103rei valoare nominal\u0103 este de 11,50 lei. Dup\u0103 dou\u0103 decenii de la ultima vizit\u0103 a unui Suveran&hellip;&nbsp;<a href=\"https:\/\/romfilatelia.ro\/magazin\/produs\/colectii-anuale\/2019\/emisiune-comuna-romania-vatican-2019-vizita-apostolica-a-papei-francisc-in-romania\/\" class=\"\" rel=\"bookmark\">Cite\u0219te mai mult &raquo;<span class=\"screen-reader-text\">Emisiune comun\u0103  Rom\u00e2nia \u2013 Vatican 2019 VIZITA APOSTOLIC\u0102 A PAPEI FRANCISC \u00ceN ROM\u00c2NIA<\/span><\/a><\/p>\n","protected":false},"featured_media":2022795,"template":"","meta":{"neve_meta_sidebar":"","neve_meta_container":"","neve_meta_enable_content_width":"","neve_meta_content_width":0,"neve_meta_title_alignment":"","neve_meta_author_avatar":"","neve_post_elements_order":"","neve_meta_disable_header":"","neve_meta_disable_footer":"","neve_meta_disable_title":""},"product_cat":[162,6],"product_tag":[],"_links":{"self":[{"href":"https:\/\/romfilatelia.ro\/magazin\/wp-json\/wp\/v2\/product\/2022794"}],"collection":[{"href":"https:\/\/romfilatelia.ro\/magazin\/wp-json\/wp\/v2\/product"}],"about":[{"href":"https:\/\/romfilatelia.ro\/magazin\/wp-json\/wp\/v2\/types\/product"}],"wp:featuredmedia":[{"embeddable":true,"href":"https:\/\/romfilatelia.ro\/magazin\/wp-json\/wp\/v2\/media\/2022795"}],"wp:attachment":[{"href":"https:\/\/romfilatelia.ro\/magazin\/wp-json\/wp\/v2\/media?parent=2022794"}],"wp:term":[{"taxonomy":"product_cat","embeddable":true,"href":"https:\/\/romfilatelia.ro\/magazin\/wp-json\/wp\/v2\/product_cat?post=2022794"},{"taxonomy":"product_tag","embeddable":true,"href":"https:\/\/romfilatelia.ro\/magazin\/wp-json\/wp\/v2\/product_tag?post=2022794"}],"curies":[{"name":"wp","href":"https:\/\/api.w.org\/{rel}","templated":true}]}}