{"id":2022708,"date":"2019-05-07T05:44:25","date_gmt":"2019-05-07T03:44:25","guid":{"rendered":"https:\/\/romfilatelia.ro\/magazin\/?post_type=product&#038;p=2022708"},"modified":"2019-05-07T15:23:02","modified_gmt":"2019-05-07T13:23:02","slug":"alexandru-romalo-200-de-ani-de-la-nastere","status":"publish","type":"product","link":"https:\/\/romfilatelia.ro\/magazin\/produs\/colectii-anuale\/2019\/alexandru-romalo-200-de-ani-de-la-nastere\/","title":{"rendered":"ALEXANDRU ROMALO, 200 DE ANI DE LA NA\u0218TERE"},"content":{"rendered":"<p><a href=\"https:\/\/romfilatelia.ro\/magazin\/wp-content\/uploads\/2019\/05\/Alexandro-Romalo_colita.jpg\"><img decoding=\"async\" loading=\"lazy\" class=\"alignleft wp-image-2022709 size-medium\" src=\"https:\/\/romfilatelia.ro\/magazin\/wp-content\/uploads\/2019\/05\/Alexandro-Romalo_colita-219x300.jpg\" alt=\"\" width=\"219\" height=\"300\" srcset=\"https:\/\/romfilatelia.ro\/magazin\/wp-content\/uploads\/2019\/05\/Alexandro-Romalo_colita-219x300.jpg 219w, https:\/\/romfilatelia.ro\/magazin\/wp-content\/uploads\/2019\/05\/Alexandro-Romalo_colita-500x683.jpg 500w, https:\/\/romfilatelia.ro\/magazin\/wp-content\/uploads\/2019\/05\/Alexandro-Romalo_colita-64x87.jpg 64w, https:\/\/romfilatelia.ro\/magazin\/wp-content\/uploads\/2019\/05\/Alexandro-Romalo_colita-585x800.jpg 585w, https:\/\/romfilatelia.ro\/magazin\/wp-content\/uploads\/2019\/05\/Alexandro-Romalo_colita.jpg 698w\" sizes=\"(max-width: 219px) 100vw, 219px\" \/><\/a><strong>Romfilatelia<\/strong> introduce \u00een circula\u021bie la data de mar\u021bi, 7 mai 2019, o emisiune aniversar\u0103 de m\u0103rci po\u0219tale sub denumirea <strong><em>Alexandru Romalo, 200 de ani de la <\/em><\/strong><strong><em>na\u0219tere<\/em><\/strong><em>,<\/em> materializat\u0103 sub forma unei coli\u021be filatelice dantelate cu o marc\u0103 po\u0219tal\u0103 a c\u0103rei valoare nominal\u0103 este de<strong> 28,50 lei<\/strong>. Grafica al\u0103turat\u0103 imaginii m\u0103rcii po\u0219tale ilustreaz\u0103 \u00een facsimil prima pagin\u0103 a \u201eMonitorului Oficial\u201d, \u00een care a fost publicat\u0103 legea \u00eenfiin\u021b\u0103rii Cur\u021bii de Conturi a Rom\u00e2niei \u0219i sigla actual\u0103 a acestei institu\u021bii.<\/p>\n<p>Primul pre\u0219edinte al Cur\u021bii de Conturi amintit de domnitorul Alexandru Ioan Cuza la data de 6\/18 iulie 1864 a fost Alexandru Romalo, a c\u0103rui imagine este ilustrat\u0103 pe marca po\u0219tal\u0103 a coli\u021bei dantelate.<\/p>\n<p>Alexandru (Alecu) Romalo s-a n\u0103scut \u00een Ia\u0219i la data de 10\/22 iulie 1819. P\u0103rin\u021bii s\u0103i au fost postelnicul Iordache Grigoriade Romalo \u0219i Maria (n\u0103scut\u0103 Roset), fiica vornicului Iordache Roset de la Sole\u0219ti. De mic s-a remarcat prin pasiunea pentru studiu, primind la 3 iulie 1838 premiul Academiei Mih\u0103ilene &#8211; <em>Clas de Emine\u021bie au meritat \u00een filozofie Romalo Alecsandru<\/em>.<\/p>\n<p>Ca elev \u00een anul I al cursului de legi \u00eenfiin\u021bat de Mihai Vod\u0103 Sturdza, se distinge prin seriozitate, curiozitate \u0219i talentul prin care interpreta legile. Gra\u021bie acestei pasiuni, \u00een octombrie 1840, Casa \u0218coalelor \u00eei aprob\u0103 o burs\u0103 pentru a-\u0219i continua studiile la Paris, la Facultatea de Drept, unde \u00een 1843 ob\u021bine diploma de Bacalaureat \u00een Drept.<\/p>\n<p>\u00cen urma sus\u021binerii publice a tezei de licen\u021b\u0103 \u00eenaintea juriului Facult\u0103\u021bii de Drept din Paris la 22 mai 1845, devine licen\u021biat \u00een Drept. Diploma de licen\u021b\u0103 este semnat\u0103 de Narcisse-Achille de Salvandy, ilustrul profesor, politician \u0219i diplomat francez.<\/p>\n<p>Se c\u0103s\u0103tore\u0219te \u00een februarie 1851 cu Zoe Ralet, fiica lui Ion Ralet \u0219i a Elizabetei Sturdza, sora caimacamului Vasile Sturdza (1810 \u2013 1870). La 30 octombrie 1852, Grigore Alexandru Vod\u0103 Ghica \u00eei confer\u0103 rangul de Sp\u0103tar. La 23 martie 1857 devine membru al Comitetului Unirii de la B\u00e2rlad. Semneaz\u0103 <em>Dolean\u021ba Unioni\u0219tilor Moldoveni <\/em>c\u0103tre Comisiunea European\u0103 \u00eentrunit\u0103 la Bucure\u0219ti \u00een 22 aprilie 1857.<\/p>\n<p>Deja experimentat \u0219i apreciat, Alexandru Romalo, este numit de <em>Alecsandru Ioan I Domnu Principatelor Unite Moldova \u0219i \u021aera Rom\u00e2neasc\u0103<\/em> Ministru secretar de stat la Departamentul Cultelor \u0219i al Instruc\u021biunii Publice, la 31 octombrie 1860.<\/p>\n<p>S-a implicat activ \u00een via\u021ba politico-social\u0103 a Principatelor Rom\u00e2ne. A\u0219a a ajuns s\u0103 fac\u0103 parte din comitetul delega\u021bilor care au deliberat asupra proiectului de lege relativ la <em>naturaliza\u021biunea cea mare a d-lui dr. \u00een medicin\u0103 Carol Davila<\/em>, \u00eentemeietorul \u015ecolii Na\u0163ionale de Medicin\u0103 \u015fi Farmacie.<\/p>\n<p>Prin Decretul nr. 757\/1864, <em>M\u0103ria Sa Principele Domnitore<\/em> \u00eel nume\u0219te <em>Pre\u0219edinte la Curtea de Compturi<\/em>, institu\u021bie proasp\u0103t \u00eenfiin\u021bat\u0103, dup\u0103 modelul francez al <em>Cour des Comptes<\/em>.<br \/>\nDin \u00een\u0219tiin\u021barea realizat\u0103 la data de 3 iulie 1864, de c\u0103tre <em>Ministeriulu Finan\u021belor<\/em>, reiese c\u0103 \u00een numirea pre\u0219edintelui s-a \u021binut cont de <em>\u201c<\/em><em>presentarea personeloru, f\u0103cut\u0103 de Camera legislativ\u0103 \u0219i recomanda\u021bia subscrisului\u201d<\/em>.<\/p>\n<p>Prin Legea pentru \u00eenfiin\u021barea Cur\u021bii de Compturi, publicat\u0103 \u00een Monitorul Oficial, institu\u021bia se compunea din: <em>un Pre\u0219edinte, opt Membri judec\u0103tori, un Procuror, un Substitutu, opt Referendari \u0219i personalul cancelariei mai josu aretatu<\/em> (art. 2). Art. 12 prevedea: <em>Pre\u0219edintele, membrii Cur\u021bii \u0219i Procurorul depunu jur\u0103mentul \u00een m\u00e2inile Domnitorului, iar Referendarii, Grefierul \u0219i ceilal\u021bi func\u021bionari, \u00eenaintea Curtei. Substitutul depune jur\u0103mentul \u00eenaintea Ministrului de Finan\u021be<\/em>.<\/p>\n<p>\u00cenc\u0103 de la \u00eenceputurile institu\u021biei, etica \u0219i corectitudinea au fost ferm stabilite, art. 13 prev\u0103z\u00e2nd: <em>Membrii Cur\u021bii de Compturi nu potu fi rude sau cuscri \u00eentre d\u00e2n\u0219ii p\u00e2n\u0103 la a 4-a spi\u021b\u0103 inclusivu<\/em>.<\/p>\n<p>Despre <em>competin\u021b\u0103<\/em>, art. 15 prevedea: <em>\u201cCurtea este \u00eens\u0103rcinat\u0103 cu cercetarea \u0219i hot\u0103r\u00e2rea socotelilor ating\u0103tore de veniturile tesaurului, casieriilor generale de jude\u021be, ale regiilor \u0219i ale administra\u021biilor contribu\u021biilor indirecte, precum \u0219i cu \u00eencheierea socotelilor ating\u0103tore de cheltuielile facute de to\u021bi agen\u021bii comptabili\u201d<\/em>.<\/p>\n<p>Alexandru Romalo a continuat s\u0103 de\u021bin\u0103 func\u021bia de Pre\u0219edinte al Cur\u021bii de Conturi \u0219i sub Domnitorul Carol I, p\u00e2n\u0103 \u00een data de 1 ianuarie 1868, c\u00e2nd se \u0219i retrage din via\u021ba public\u0103, din cauza problemelor de s\u0103n\u0103tate.<\/p>\n<p>S-a stins din via\u021b\u0103 \u00een iulie 1875, la doar 56 de ani. Este \u00eenmorm\u00e2ntat \u00een cimitirul Bellu din Bucure\u0219ti.<\/p>\n<p>&nbsp;<\/p>\n<p><em>Romfilatelia mul\u021bume\u0219te Cur\u021bii de Conturi a Rom\u00e2niei pentru sprijinul documentar acordat la realizarea acestei emisiuni de m\u0103rci po\u0219tale. <\/em><\/p>\n<p><img decoding=\"async\" loading=\"lazy\" class=\"aligncenter wp-image-2022733 size-full\" src=\"https:\/\/romfilatelia.ro\/magazin\/wp-content\/uploads\/2019\/05\/caract_Alexandru-Romalo-200-ani-nastere.jpg\" alt=\"\" width=\"1692\" height=\"838\" srcset=\"https:\/\/romfilatelia.ro\/magazin\/wp-content\/uploads\/2019\/05\/caract_Alexandru-Romalo-200-ani-nastere.jpg 1692w, https:\/\/romfilatelia.ro\/magazin\/wp-content\/uploads\/2019\/05\/caract_Alexandru-Romalo-200-ani-nastere-500x248.jpg 500w, https:\/\/romfilatelia.ro\/magazin\/wp-content\/uploads\/2019\/05\/caract_Alexandru-Romalo-200-ani-nastere-64x32.jpg 64w, https:\/\/romfilatelia.ro\/magazin\/wp-content\/uploads\/2019\/05\/caract_Alexandru-Romalo-200-ani-nastere-300x149.jpg 300w, https:\/\/romfilatelia.ro\/magazin\/wp-content\/uploads\/2019\/05\/caract_Alexandru-Romalo-200-ani-nastere-768x380.jpg 768w, https:\/\/romfilatelia.ro\/magazin\/wp-content\/uploads\/2019\/05\/caract_Alexandru-Romalo-200-ani-nastere-800x396.jpg 800w\" sizes=\"(max-width: 1692px) 100vw, 1692px\" \/><\/p>\n<p><em>\u00a0<\/em><\/p>\n","protected":false},"excerpt":{"rendered":"<p>Romfilatelia introduce \u00een circula\u021bie la data de mar\u021bi, 7 mai 2019, o emisiune aniversar\u0103 de m\u0103rci po\u0219tale sub denumirea Alexandru Romalo, 200 de ani de la na\u0219tere, materializat\u0103 sub forma unei coli\u021be filatelice dantelate cu o marc\u0103 po\u0219tal\u0103 a c\u0103rei valoare nominal\u0103 este de 28,50 lei. Grafica al\u0103turat\u0103 imaginii m\u0103rcii po\u0219tale ilustreaz\u0103 \u00een facsimil prima&hellip;&nbsp;<a href=\"https:\/\/romfilatelia.ro\/magazin\/produs\/colectii-anuale\/2019\/alexandru-romalo-200-de-ani-de-la-nastere\/\" class=\"\" rel=\"bookmark\">Cite\u0219te mai mult &raquo;<span class=\"screen-reader-text\">ALEXANDRU ROMALO, 200 DE ANI DE LA NA\u0218TERE<\/span><\/a><\/p>\n","protected":false},"featured_media":2022709,"template":"","meta":{"neve_meta_sidebar":"","neve_meta_container":"","neve_meta_enable_content_width":"","neve_meta_content_width":0,"neve_meta_title_alignment":"","neve_meta_author_avatar":"","neve_post_elements_order":"","neve_meta_disable_header":"","neve_meta_disable_footer":"","neve_meta_disable_title":""},"product_cat":[162,6],"product_tag":[],"_links":{"self":[{"href":"https:\/\/romfilatelia.ro\/magazin\/wp-json\/wp\/v2\/product\/2022708"}],"collection":[{"href":"https:\/\/romfilatelia.ro\/magazin\/wp-json\/wp\/v2\/product"}],"about":[{"href":"https:\/\/romfilatelia.ro\/magazin\/wp-json\/wp\/v2\/types\/product"}],"wp:featuredmedia":[{"embeddable":true,"href":"https:\/\/romfilatelia.ro\/magazin\/wp-json\/wp\/v2\/media\/2022709"}],"wp:attachment":[{"href":"https:\/\/romfilatelia.ro\/magazin\/wp-json\/wp\/v2\/media?parent=2022708"}],"wp:term":[{"taxonomy":"product_cat","embeddable":true,"href":"https:\/\/romfilatelia.ro\/magazin\/wp-json\/wp\/v2\/product_cat?post=2022708"},{"taxonomy":"product_tag","embeddable":true,"href":"https:\/\/romfilatelia.ro\/magazin\/wp-json\/wp\/v2\/product_tag?post=2022708"}],"curies":[{"name":"wp","href":"https:\/\/api.w.org\/{rel}","templated":true}]}}