{"id":2022475,"date":"2019-03-22T17:18:05","date_gmt":"2019-03-22T15:18:05","guid":{"rendered":"https:\/\/romfilatelia.ro\/magazin\/?post_type=product&#038;p=2022475"},"modified":"2019-03-22T17:24:11","modified_gmt":"2019-03-22T15:24:11","slug":"sfintele-pasti-2019","status":"publish","type":"product","link":"https:\/\/romfilatelia.ro\/magazin\/produs\/colectii-anuale\/2019\/sfintele-pasti-2019\/","title":{"rendered":"SFINTELE PA\u0218TI 2019"},"content":{"rendered":"<p><a href=\"https:\/\/romfilatelia.ro\/magazin\/wp-content\/uploads\/2019\/03\/minicoli.jpg\"><img decoding=\"async\" loading=\"lazy\" class=\"alignleft wp-image-2022476 size-medium\" src=\"https:\/\/romfilatelia.ro\/magazin\/wp-content\/uploads\/2019\/03\/minicoli-300x181.jpg\" alt=\"\" width=\"300\" height=\"181\" srcset=\"https:\/\/romfilatelia.ro\/magazin\/wp-content\/uploads\/2019\/03\/minicoli-300x181.jpg 300w, https:\/\/romfilatelia.ro\/magazin\/wp-content\/uploads\/2019\/03\/minicoli-500x302.jpg 500w, https:\/\/romfilatelia.ro\/magazin\/wp-content\/uploads\/2019\/03\/minicoli-64x39.jpg 64w, https:\/\/romfilatelia.ro\/magazin\/wp-content\/uploads\/2019\/03\/minicoli-768x464.jpg 768w, https:\/\/romfilatelia.ro\/magazin\/wp-content\/uploads\/2019\/03\/minicoli-800x484.jpg 800w, https:\/\/romfilatelia.ro\/magazin\/wp-content\/uploads\/2019\/03\/minicoli-570x342.jpg 570w, https:\/\/romfilatelia.ro\/magazin\/wp-content\/uploads\/2019\/03\/minicoli.jpg 1500w\" sizes=\"(max-width: 300px) 100vw, 300px\" \/><\/a>Pa\u0219tile, s\u0103rb\u0103toarea cre\u0219tin\u0103 care cheam\u0103 oamenii s\u0103 ia Lumina Sf\u00e2nt\u0103, aduce bucuria unic\u0103 a \u00cenvierii M\u00e2ntuitorului, dar \u0219i ritualuri \u0219i tradi\u021bii religioase, printre care \u0219i cea a salutului cunoscut chiar \u0219i de cei mici: <em>Hristos a \u00cenviat!, Adev\u0103rat a \u00cenviat!<\/em><\/p>\n<p>\u00cen ultima noapte a robiei lor \u00een Egipt, evreii au respectat porunca Domnului, jertfind un miel spe care l-au fript \u0219i l-au luat cu ei, al\u0103turi de p\u00e2inea f\u0103r\u0103 aluat (azim\u0103)\u00a0 \u00een timpul \u00een care p\u0103r\u0103seau \u021bara Faraonilor.<\/p>\n<p>Transformat\u0103 \u00eentr-o s\u0103rb\u0103toare anual\u0103 sub numele de <em>Pesah<\/em> (din ebraic\u0103: a s\u0103ri peste, a cru\u021ba, a trece), aceasta a fost respectat\u0103 \u0219i de Hristos.<\/p>\n<p>Textele Noului Testament, cuprind \u00een con\u021binutul versetelor mai multe momente concrete menite s\u0103 probeze afirma\u021bia anterioar\u0103.<\/p>\n<p>\u201e\u0218i p\u0103rin\u021bii Lui \u00een fiecare an se duceau de S\u0103rb\u0103toarea Pa\u0219tilor la Ierusalim. Iar c\u00e2nd a fost El de doisprezece ani, s-au suit la Ierusalim, dup\u0103 obiceiul s\u0103rb\u0103torii.\u201d (Luca 2:41, 42)<\/p>\n<p>\u0218i erau aproape Pa\u0219tile iudeilor \u0219i Iisus S-a urcat la Ierusalim.\u201d (Ioan 2:13)<\/p>\n<p>Ultima cin\u0103 pe care Iisus a m\u00e2ncat-o cu ucenicii s\u0103i la Ierusalim, cu pu\u021bin timp \u00eenainte de a fi r\u0103stignit, a fost o mas\u0103 de Pa\u0219ti.<\/p>\n<p>\u201e\u00cen cea dint\u00e2i zi a Azimelor, au venit ucenicii la Iisus \u0219i l-au \u00eentrebat: Unde voie\u0219ti s\u0103-\u021bi preg\u0103tim s\u0103 m\u0103n\u00e2nci Pa\u0219tile? Iar El a zis: Merge\u021bi \u00een cetate, la cutare \u0219i spune\u021bi-i: \u00cenv\u0103\u021b\u0103torul zice: Timpul Meu este aproape; la tine vreau s\u0103 fac Pa\u0219tile cu ucenicii Mei. \u0218i ucenicii au f\u0103cut precum le-a poruncit Iisus \u0219i au preg\u0103tit Pa\u0219tile.\u201d (Matei 26:17-19)<\/p>\n<p>Pa\u0219tile cre\u0219tinilor reprezint\u0103 s\u0103rb\u0103torirea \u00cenvierii Domnului, a treia zi dup\u0103 cobor\u00e2rea \u00een morm\u00e2nt a trupului M\u00e2ntuitorului, a\u0219a cum ne rug\u0103m \u00een Crezul nostru: \u201e\u2026\u0219i a \u00eenviat a treia zi, dup\u0103 Scripturi\u2026 \u201d<\/p>\n<p>A treia zi era duminic\u0103, de aceea Pa\u0219tile cre\u0219tinesc este s\u0103rb\u0103torit \u00eentotdeauna \u00een zi de duminic\u0103. Prin biruin\u021ba glorioas\u0103 a lui Iisus Hristos asupra mor\u021bii, noi s\u0103rb\u0103torim de Pa\u0219ti \u0219i \u00cenvierea Domnului dar \u0219i consecin\u021ba \u00cenvierii, adic\u0103 \u0219i trecerea noastr\u0103 de la moarte la via\u021b\u0103.<\/p>\n<p>Referitor la data din calendar hot\u0103r\u00e2t\u0103 pentru s\u0103rb\u0103torirea Pa\u0219tilor cre\u0219tinilor, Sinodul ecumenic de la Niceea din anul 325, a stabilit ca \u00eentreaga cre\u0219tin\u0103tate s\u0103 serbeze Pa\u0219tile \u00een prima Duminic\u0103 ce urmeaz\u0103 dup\u0103 luna plin\u0103 a echinoc\u021biului de prim\u0103var\u0103, preced\u00e2nd Pa\u0219tile iudeilor. Practica Bisericii noastre stabile\u0219te c\u0103 Pa\u0219tile nu poate fi s\u0103rb\u0103torit mai devreme de 3 aprilie \u0219i obligatoriu, \u00een zi de duminic\u0103.<\/p>\n<p>Emisiunea tematic\u0103 <strong><em>Sfintele Pa\u0219ti 2019<\/em><\/strong> este compus\u0103 din dou\u0103 m\u0103rci po\u0219tale cu valoarea nominal\u0103 de <strong>1,50 lei<\/strong> fiecare \u0219i o coli\u021b\u0103 dantelat\u0103 a c\u0103rei marc\u0103 po\u0219tal\u0103 are valoarea nominal\u0103 de <strong>28,50 lei<\/strong>.<\/p>\n<p>Timbrele reproduc imagini care se reg\u0103sesc \u00een lucr\u0103rile <em>Miscelaneu de c\u00e2nt\u0103ri biserice\u0219ti<\/em> av\u00e2ndu-i ca autori pe Mitrofan, Patriarhul Constantinopolului (306-314) \u0219i Grigorie Sinaitul (1255 \u2013 1346), respectiv, <em>Slujebnicul arhieresc al Mitropolitului \u0218tefan al \u021a\u0103rii Rom\u00e2ne\u0219ti<\/em> (sec. XVII), aflate \u00een patrimonul Bibliotecii Academiei Rom\u00e2ne.<\/p>\n<p>Lucrarea reprezint\u0103 un str\u0103lucit exemplu pentru preluarea elementelor occidentale \u00een arta miniaturistic\u0103. Prelu\u00e2nd din elementele str\u0103ine, ceea ce corespundea limbajului plastic rom\u00e2nesc, \u00een spiritul tradi\u021biei \u0219i viziunii artistice proprii, copistul a realizat o capodoper\u0103 a miniaturilor rom\u00e2ne\u0219ti.<\/p>\n<p>M\u0103rcile po\u0219tale reproduc scenele <em>R\u0103stignirii<\/em> \u0219i respectiv<em> \u00cenvierii <\/em>lui Iisus Hristos, imaginate \u00een desene realizate de scriitorii \u0219i ilustratorii filelor lucr\u0103rilor amintite.<\/p>\n<p>Colita dantelat\u0103 a emisiunii reproduce integral imaginea filei 44 din Slujebnic unde este redat\u0103 scena <em>R\u0103stignirii <\/em>lui Iisus Hristos.<\/p>\n<p>Pe plicul prima zi a emisiunii este redat\u0103 letrina ornat\u0103 <em>Cina cea de Tain\u0103<\/em>, iar \u00een registrul inferior sunt ilustrate: <em>Crucea R\u0103stignirii<\/em>, <em>Mironosi\u021bele<\/em> la morm\u00e2ntul gol, \u00cenvierea, \u00cen\u0103l\u021barea, <em>Sf\u00e2nta Treime<\/em>, <em>a doua venire a lui Iisus<\/em>, elementele fiind preluate din lucrarea men\u021bionat\u0103 anterior, respectiv, <em>Slujebnicul arhieresc al Mitropolitului \u0218tefan al \u021a\u0103rii Rom\u00e2ne\u0219ti<\/em> (sec. XVII).<\/p>\n<p><strong>Hristos a \u00cenviat!<\/strong><\/p>\n<p><em>Romfilatelia mul\u021bume\u0219te Bibliotecii Academiei Rom\u00e2ne pentru sprijinul documentar \u0219i fotografic acordat la realizarea acestei emisiuni de m\u0103rci po\u0219tale.<\/em><\/p>\n<p><a href=\"https:\/\/romfilatelia.ro\/magazin\/wp-content\/uploads\/2019\/03\/pliant-Sfintele-Pasti-2019-in-3-1.jpg\"><img decoding=\"async\" loading=\"lazy\" class=\"aligncenter size-full wp-image-2022477\" src=\"https:\/\/romfilatelia.ro\/magazin\/wp-content\/uploads\/2019\/03\/pliant-Sfintele-Pasti-2019-in-3-1.jpg\" alt=\"\" width=\"1103\" height=\"1178\" srcset=\"https:\/\/romfilatelia.ro\/magazin\/wp-content\/uploads\/2019\/03\/pliant-Sfintele-Pasti-2019-in-3-1.jpg 1103w, https:\/\/romfilatelia.ro\/magazin\/wp-content\/uploads\/2019\/03\/pliant-Sfintele-Pasti-2019-in-3-1-500x534.jpg 500w, https:\/\/romfilatelia.ro\/magazin\/wp-content\/uploads\/2019\/03\/pliant-Sfintele-Pasti-2019-in-3-1-64x68.jpg 64w, https:\/\/romfilatelia.ro\/magazin\/wp-content\/uploads\/2019\/03\/pliant-Sfintele-Pasti-2019-in-3-1-281x300.jpg 281w, https:\/\/romfilatelia.ro\/magazin\/wp-content\/uploads\/2019\/03\/pliant-Sfintele-Pasti-2019-in-3-1-768x820.jpg 768w, https:\/\/romfilatelia.ro\/magazin\/wp-content\/uploads\/2019\/03\/pliant-Sfintele-Pasti-2019-in-3-1-749x800.jpg 749w\" sizes=\"(max-width: 1103px) 100vw, 1103px\" \/><\/a><\/p>\n","protected":false},"excerpt":{"rendered":"<p>Pa\u0219tile, s\u0103rb\u0103toarea cre\u0219tin\u0103 care cheam\u0103 oamenii s\u0103 ia Lumina Sf\u00e2nt\u0103, aduce bucuria unic\u0103 a \u00cenvierii M\u00e2ntuitorului, dar \u0219i ritualuri \u0219i tradi\u021bii religioase, printre care \u0219i cea a salutului cunoscut chiar \u0219i de cei mici: Hristos a \u00cenviat!, Adev\u0103rat a \u00cenviat! \u00cen ultima noapte a robiei lor \u00een Egipt, evreii au respectat porunca Domnului, jertfind un&hellip;&nbsp;<a href=\"https:\/\/romfilatelia.ro\/magazin\/produs\/colectii-anuale\/2019\/sfintele-pasti-2019\/\" class=\"\" rel=\"bookmark\">Cite\u0219te mai mult &raquo;<span class=\"screen-reader-text\">SFINTELE PA\u0218TI 2019<\/span><\/a><\/p>\n","protected":false},"featured_media":2022476,"template":"","meta":{"neve_meta_sidebar":"","neve_meta_container":"","neve_meta_enable_content_width":"","neve_meta_content_width":0,"neve_meta_title_alignment":"","neve_meta_author_avatar":"","neve_post_elements_order":"","neve_meta_disable_header":"","neve_meta_disable_footer":"","neve_meta_disable_title":""},"product_cat":[162,6],"product_tag":[],"_links":{"self":[{"href":"https:\/\/romfilatelia.ro\/magazin\/wp-json\/wp\/v2\/product\/2022475"}],"collection":[{"href":"https:\/\/romfilatelia.ro\/magazin\/wp-json\/wp\/v2\/product"}],"about":[{"href":"https:\/\/romfilatelia.ro\/magazin\/wp-json\/wp\/v2\/types\/product"}],"wp:featuredmedia":[{"embeddable":true,"href":"https:\/\/romfilatelia.ro\/magazin\/wp-json\/wp\/v2\/media\/2022476"}],"wp:attachment":[{"href":"https:\/\/romfilatelia.ro\/magazin\/wp-json\/wp\/v2\/media?parent=2022475"}],"wp:term":[{"taxonomy":"product_cat","embeddable":true,"href":"https:\/\/romfilatelia.ro\/magazin\/wp-json\/wp\/v2\/product_cat?post=2022475"},{"taxonomy":"product_tag","embeddable":true,"href":"https:\/\/romfilatelia.ro\/magazin\/wp-json\/wp\/v2\/product_tag?post=2022475"}],"curies":[{"name":"wp","href":"https:\/\/api.w.org\/{rel}","templated":true}]}}