{"id":2022430,"date":"2019-03-14T06:34:53","date_gmt":"2019-03-14T04:34:53","guid":{"rendered":"https:\/\/romfilatelia.ro\/magazin\/?post_type=product&#038;p=2022430"},"modified":"2019-03-14T06:39:34","modified_gmt":"2019-03-14T04:39:34","slug":"cecilia-cutescu-storck-140-de-ani-de-la-nastere","status":"publish","type":"product","link":"https:\/\/romfilatelia.ro\/magazin\/produs\/colectii-anuale\/2019\/cecilia-cutescu-storck-140-de-ani-de-la-nastere\/","title":{"rendered":"CECILIA CU\u021aESCU-STORCK, 140 DE ANI DE LA NA\u0218TERE"},"content":{"rendered":"<p><a href=\"https:\/\/www.romfilatelia.ro\/wp-content\/uploads\/2019\/03\/minic81_-cecilia-cutescu.jpg\"><img decoding=\"async\" loading=\"lazy\" class=\"alignleft wp-image-2020183 size-medium\" src=\"https:\/\/www.romfilatelia.ro\/wp-content\/uploads\/2019\/03\/minic81_-cecilia-cutescu-195x300.jpg\" alt=\"\" width=\"195\" height=\"300\" \/><\/a>Emisiunea de m\u0103rci po\u0219tale <strong><em>Cecilia Cu\u021bescu-Storck, 140 de ani de la na\u0219tere<\/em><\/strong>, pe care <strong>Romfilatelia<\/strong> o introduce \u00een circula\u021bie, joi, 14 martie a.c., este dedicat\u0103 celebr\u0103rii vie\u021bii \u0219i personalit\u0103\u021bii primei profesoare de arte decorative din Rom\u00e2nia, remarcat\u0103 \u0219i ca prima femeie profesor la o universitate de art\u0103 de stat din Europa.<\/p>\n<p>A v\u0103zut lumina zilei la data de 14 martie 1879, \u00een localitatea C\u00e2ineni, jud. V\u00e2lcea. Artista fost adoptat\u0103 de bunicii Constantin \u0219i Elena Cu\u021bescu, locuind \u00eempreun\u0103 cu ei la Predeal.<\/p>\n<p>Dup\u0103 absolvirea cursurilor primare, la Bucure\u0219ti, se \u00eenscrie la Academia de Arte Frumoase.<\/p>\n<p>La numai 18 ani pleac\u0103 la M\u00fcnchen \u0219i studiaz\u0103 pictura sub \u00eendrumarea lui Fredrich Fehr \u0219i Ludwig Schmidt, de unde drumul ei ajunge la Paris, pentru a deveni elev\u0103 a <em>Academiei Julian. <\/em><\/p>\n<p>Tot \u00een capitala Fran\u021bei urmeaz\u0103 cursurile institu\u021biei <em>\u00c9cole des Beaux Arts. <\/em><\/p>\n<p>Primele sale manifest\u0103ri picturale sunt influen\u021bate de expresionismul german, remarc\u00e2ndu-se prin lucr\u0103ri temperamentale, pline de vigoare.<\/p>\n<p>Se stabile\u0219te pentru o perioad\u0103 de timp la Paris. \u00cen anul 1902 lucr\u0103rile ei sunt expuse la <em>Champs de Mars<\/em>, iar mai apoi, \u00een 1903, devine so\u021bia muzicianului Romulus Kunzer.<\/p>\n<p>Dup\u0103 organizarea primei expozi\u021bii personale la Paris (1905), organizeaz\u0103 o expozi\u021bie similar\u0103 la <em>Ateneul Rom\u00e2n. <\/em>A fost membr\u0103 <em>a Societ\u0103\u021bii Tinerimea Artistic\u0103. <\/em><\/p>\n<p>\u00cen anul 1909 se rec\u0103s\u0103tore\u0219te cu sculptorul Frederic Storck.<\/p>\n<p>Apreciat\u0103 pentru profesionalismul s\u0103u, este titularizat\u0103 ca profesoar\u0103 la Catedra de Arte Decorative, a \u0218colii de Arte Frumoase din Bucure\u0219ti, devenind prima femeie profesor de arte monumentale din Europa.<\/p>\n<p>Dup\u0103 pictura mural\u0103 realizat\u0103 la Banca Marmorosch Blanc (1916) concepe \u0219i execut\u0103 o alt\u0103 pictur\u0103 mural\u0103 monumental\u0103 pentru Aula Academiei de Studii Economice (1933) av\u00e2nd ca tem\u0103 <em>Istoria Nego\u021bului Rom\u00e2nesc.<\/em><\/p>\n<p>\u00cencep\u00e2nd cu anul 1922, lucr\u0103rile sale sunt expuse \u00een numeroase expozi\u021bii organizate la Vene\u021bia, Atena, Barcelona, Amsterdam, Milano, Roma, Var\u0219ovia, Paris, Praga, Oslo, Berna, Budapesta etc.<\/p>\n<p>Al\u0103turi de alte dou\u0103 extraordinare personalit\u0103\u021bi feminine, Olga Greceanu \u0219i Nina Arbore, Cecilia Cu\u021bescu-Storck \u00eenfiin\u021beaz\u0103<em> Asocia\u021bia femeilor pictore \u0219i sculptore din Rom\u00e2nia<\/em>, form\u00e2nd a\u0219a numitul <em>Grup al celor trei doamne<\/em>, mari maestre ale artei autohtone. \u00cen anul 1937 Cecilia Cu\u021bescu-Storck este aleas\u0103 pre\u0219edinte al <em>Sindicatelor Frumoase din Rom\u00e2nia<\/em>.<\/p>\n<p>Activitatea ei a fost r\u0103spl\u0103tit\u0103 \u00een \u021bar\u0103, \u00een anul 1957, cu titlul de <em>Maestru Emerit al Artei. <\/em><\/p>\n<p>La Balcic, unde so\u0163ii Storck c\u0103l\u0103toreau adeseori \u015fi \u00ee\u015fi construiser\u0103 \u0219i o elegant\u0103 locuin\u0163\u0103, artista se simte inspirat\u0103 de peisajul exotic \u015fi de localit\u0103\u0163ile pitore\u015fti. De altfel, Cecilia Cu\u021bescu-Storck m\u0103rturisea \u00een cartea sa <em>Fresca unei vie\u0163i<\/em>, c\u0103: \u201eDatoresc acestui peisaj tremur\u0103tor de frumuse\u0163e al Balcicului, inspira\u0163ia a patru expozi\u0163ii de pictur\u0103.\u201d<\/p>\n<p>\u00cen ultimii ani de via\u021b\u0103 se ocup\u0103 \u00een principal de asigurarea func\u021bion\u0103rii muzeului, organizat \u00een propria cas\u0103: <em>Muzeul Frederic Storck \u0219i Cecilia Cu\u021bescu-Storck<\/em>. Picturile alegorice monumentate din marele hol al casei rezoneaz\u0103 cu maniera pictural\u0103 a lui Paul Gauguin.<\/p>\n<p>Riguroas\u0103 \u00een execu\u021bia pictural\u0103, Cecilia Cu\u021bescu-Storck se remarc\u0103 drept o artist\u0103 original\u0103, \u00een crea\u021bia sa \u00eencerc\u00e2nd s\u0103 \u00eembine tradi\u021bia picturii de \u0219evalet cu o viziune de redare plastic\u0103 monumental\u0103 \u0219i decorativ\u0103.<\/p>\n<p>Pe timbrul emisiunii cu valoarea de <strong>5 lei<\/strong> este ilustrat autoportretul Ceciliei Cu\u021bescu-Storck. Acesta poate fi datat \u00een jurul anului 1930, c\u00e2nd artista se afla \u00een plin\u0103 maturitate \u015fi la apogeul carierei sale. Desenul este o lucrare foarte pre\u0163ioas\u0103 \u015fi rar\u0103 pentru c\u0103 pictori\u0163ei nu-i pl\u0103cea de obicei s\u0103 se autoreprezinte. Schi\u0163a este \u00eens\u0103 semnat\u0103 ceea ce demonstreaz\u0103 c\u0103, de acest\u0103 dat\u0103, Cecilia Cu\u0163escu-Storck a fost mul\u0163umit\u0103 de rezultatul muncii sale.<\/p>\n<p>Linia dens\u0103 \u015fi \u00eentunecat\u0103 a c\u0103rbunelui de desen a dat for\u0163\u0103 tr\u0103s\u0103turilor fe\u0163ei iar privirea direct\u0103 \u015fi clar\u0103 sugereaz\u0103 perfect t\u0103ria de caracter a acestei femei, o pictori\u0163\u0103 excep\u0163ional\u0103, care s-a remarcat pe t\u0103r\u00e2mul artei monumentale, rezervat p\u00e2n\u0103 atunci doar arti\u015filor b\u0103rba\u0163i.<\/p>\n<p>Coli\u021ba dantelat\u0103, cu valoarea de <strong>28,50 lei<\/strong>, prezint\u0103 \u00een timbru, portretul acesteia, al\u0103turi de o serie de opere realizate de aceasta. Portretul Ceciliei Cu\u0163escu-Storck realizat de c\u0103tre so\u0163ul s\u0103u, sculptorul Frederic Storck, o reprezint\u0103 pe artist\u0103 la tinere\u0163e. Este o lucrare care reflect\u0103 frumuse\u0163ea \u015fi senzualitatea femeii-muz\u0103 dar \u015fi determinarea \u015fi for\u0163a acesteia, chipul ei fiind cioplit \u00eentr-un bloc masiv de marmur\u0103, portretul av\u00e2nd un fundal brut, foarte pu\u0163in prelucrat.<\/p>\n<p>Inedita sculptur\u0103 demonstraz\u0103 leg\u0103tura foarte str\u00e2ns\u0103 dintre cei doi excep\u0163ionali arti\u015fti, uni\u0163i, \u00een primul r\u00e2nd, de iubirea comun\u0103 pentru armonie \u015fi frumos.<\/p>\n<p>Pe plicul prima zi a emisiunii este ilustrat un detaliu din spa\u021biul de expunere al Muzeului Frederick Storck \u0219i Cecilia Cu\u021bescu-Storck.<\/p>\n<p><em>Romfilatelia mul\u021bume\u0219te Muzeului Municipiului Bucure\u0219ti pentru sprijinul documentar \u0219i fotografic acordat la realizarea acestei emisiuni de m\u0103rci po\u0219tale.<\/em><\/p>\n<p><a href=\"https:\/\/www.romfilatelia.ro\/wp-content\/uploads\/2019\/03\/caract_Cecilia-Cutescu_storck.jpg\"><img decoding=\"async\" loading=\"lazy\" class=\"size-full wp-image-2020184 aligncenter\" src=\"https:\/\/www.romfilatelia.ro\/wp-content\/uploads\/2019\/03\/caract_Cecilia-Cutescu_storck.jpg\" alt=\"\" width=\"1693\" height=\"1006\" \/><\/a><\/p>\n<p>&nbsp;<\/p>\n","protected":false},"excerpt":{"rendered":"<p>Emisiunea de m\u0103rci po\u0219tale Cecilia Cu\u021bescu-Storck, 140 de ani de la na\u0219tere, pe care Romfilatelia o introduce \u00een circula\u021bie, joi, 14 martie a.c., este dedicat\u0103 celebr\u0103rii vie\u021bii \u0219i personalit\u0103\u021bii primei profesoare de arte decorative din Rom\u00e2nia, remarcat\u0103 \u0219i ca prima femeie profesor la o universitate de art\u0103 de stat din Europa. A v\u0103zut lumina zilei&hellip;&nbsp;<a href=\"https:\/\/romfilatelia.ro\/magazin\/produs\/colectii-anuale\/2019\/cecilia-cutescu-storck-140-de-ani-de-la-nastere\/\" class=\"\" rel=\"bookmark\">Cite\u0219te mai mult &raquo;<span class=\"screen-reader-text\">CECILIA CU\u021aESCU-STORCK, 140 DE ANI DE LA NA\u0218TERE<\/span><\/a><\/p>\n","protected":false},"featured_media":2022431,"template":"","meta":{"neve_meta_sidebar":"","neve_meta_container":"","neve_meta_enable_content_width":"","neve_meta_content_width":0,"neve_meta_title_alignment":"","neve_meta_author_avatar":"","neve_post_elements_order":"","neve_meta_disable_header":"","neve_meta_disable_footer":"","neve_meta_disable_title":""},"product_cat":[162,6],"product_tag":[],"_links":{"self":[{"href":"https:\/\/romfilatelia.ro\/magazin\/wp-json\/wp\/v2\/product\/2022430"}],"collection":[{"href":"https:\/\/romfilatelia.ro\/magazin\/wp-json\/wp\/v2\/product"}],"about":[{"href":"https:\/\/romfilatelia.ro\/magazin\/wp-json\/wp\/v2\/types\/product"}],"wp:featuredmedia":[{"embeddable":true,"href":"https:\/\/romfilatelia.ro\/magazin\/wp-json\/wp\/v2\/media\/2022431"}],"wp:attachment":[{"href":"https:\/\/romfilatelia.ro\/magazin\/wp-json\/wp\/v2\/media?parent=2022430"}],"wp:term":[{"taxonomy":"product_cat","embeddable":true,"href":"https:\/\/romfilatelia.ro\/magazin\/wp-json\/wp\/v2\/product_cat?post=2022430"},{"taxonomy":"product_tag","embeddable":true,"href":"https:\/\/romfilatelia.ro\/magazin\/wp-json\/wp\/v2\/product_tag?post=2022430"}],"curies":[{"name":"wp","href":"https:\/\/api.w.org\/{rel}","templated":true}]}}