{"id":2022290,"date":"2019-02-12T17:26:41","date_gmt":"2019-02-12T15:26:41","guid":{"rendered":"https:\/\/romfilatelia.ro\/magazin\/?post_type=product&#038;p=2022290"},"modified":"2019-02-13T16:57:39","modified_gmt":"2019-02-13T14:57:39","slug":"nuduri-in-pictura-romaneasca","status":"publish","type":"product","link":"https:\/\/romfilatelia.ro\/magazin\/produs\/colectii-anuale\/2019\/nuduri-in-pictura-romaneasca\/","title":{"rendered":"NUDURI \u00ceN PICTURA ROM\u00c2NEASC\u0102"},"content":{"rendered":"<p><a href=\"https:\/\/romfilatelia.ro\/magazin\/wp-content\/uploads\/2019\/02\/MC_nuduri.jpg\"><img decoding=\"async\" loading=\"lazy\" class=\"alignleft wp-image-2022291 size-medium\" src=\"https:\/\/romfilatelia.ro\/magazin\/wp-content\/uploads\/2019\/02\/MC_nuduri-191x300.jpg\" alt=\"\" width=\"191\" height=\"300\" srcset=\"https:\/\/romfilatelia.ro\/magazin\/wp-content\/uploads\/2019\/02\/MC_nuduri-191x300.jpg 191w, https:\/\/romfilatelia.ro\/magazin\/wp-content\/uploads\/2019\/02\/MC_nuduri-scaled-scaled-500x784.jpg 500w, https:\/\/romfilatelia.ro\/magazin\/wp-content\/uploads\/2019\/02\/MC_nuduri-scaled-scaled-64x100.jpg 64w, https:\/\/romfilatelia.ro\/magazin\/wp-content\/uploads\/2019\/02\/MC_nuduri-768x1204.jpg 768w, https:\/\/romfilatelia.ro\/magazin\/wp-content\/uploads\/2019\/02\/MC_nuduri-510x800.jpg 510w, https:\/\/romfilatelia.ro\/magazin\/wp-content\/uploads\/2019\/02\/MC_nuduri-scaled-scaled.jpg 1276w\" sizes=\"(max-width: 191px) 100vw, 191px\" \/><\/a>Dup\u0103 ce arta rom\u00e2neasc\u0103 a fost dominat\u0103, mai multe secole, de arta bizantin\u0103 \u0219i de religia cre\u0219tin\u0103, nudul a p\u0103truns \u00een pictura rom\u00e2neasc\u0103 \u0219i prin opera lui Nicolae Grigorescu.<\/p>\n<p>Anul acesta, <strong>Romfilatelia<\/strong> introduce \u00een circula\u021bie, vineri, 15 februarie, emisiunea de m\u0103rci po\u0219tale intitulat\u0103 <strong><em>Nuduri \u00een pictura rom\u00e2neasc\u0103<\/em><\/strong>, \u00een care sunt ilustrate cele mai apreciate opere de acest gen apar\u021bin\u00e2nd lui Nicolae Grigorescu.<\/p>\n<p>Nicolae Grigorescu (1838-1907), socotit a fi marele maestru al penelului rom\u00e2nesc, a ilustrat, \u00een picturile sale, simbioza dintre realismul \u0218colii de la Barbizon, impresionism \u015fi simbolism.<\/p>\n<p>Nicolae Grigorescu a fost primul artist plastic care a devenit membru al Academiei Rom\u00e2ne.<\/p>\n<p>\u201eRar sunt cei dintre pictorii no\u0219tri care s\u0103 fi sim\u021bit ad\u00e2nc farmecul feminin, acea c\u0103ldur\u0103 ce eman\u0103 din trupul \u0219i fa\u021ba femeii, acel flux nervos ce str\u0103bate fiin\u021ba ei t\u00e2n\u0103r\u0103\u201d, spunea George Oprescu.<\/p>\n<p>\u00cen picturile ale c\u0103ror imagini sunt reproduse pe timbre, se reg\u0103sesc modelele care-l atr\u0103geau cel mai mult pe Nicolae Grigorescu, respectiv cele delicate, \u00eenc\u0103 neformate, zvelte \u0219i ml\u0103dioase, \u00een care totul era numai promisiune \u0219i nimic ajuns la maturitate.<\/p>\n<p>Pe timbrul cu valoarea nominal\u0103 de <strong>2 lei<\/strong> este ilustrat\u0103 imaginea tabloului<strong><em> Bacanta,<\/em><\/strong> cel mai reu\u0219it dintre toate nudurile pe care le-a pictat Nicoale Grigorescu. Este un tablou de dimensiune mijlocie \u0219i a fost pictat cu o pasiune \u0219i o c\u0103ldur\u0103 ce s-au transmis \u00een \u00eentregime acestei compozi\u021bii plastice remarcabile.<\/p>\n<p>Timbrul cu valoarea de <strong>3 lei<\/strong> reproduce lucrarea <strong><em>Dup\u0103 baie<\/em><\/strong>, \u00een care personajul este v\u0103zut din spate, manier\u0103 pictural\u0103 ce pune mai bine \u00een valoare linia delicat\u0103 a formelor \u2013 curbura g\u00e2tului \u0219i \u00eentreaga unduire a corpului.<\/p>\n<p>Timbrul cu valoarea de <strong>5 lei, <\/strong>care ilustreaz\u0103 pictura <strong><em>Intr\u00e2nd \u00een baie<\/em><\/strong> \u0219i timbrul cu valoarea de <strong>19 lei<\/strong>, care red\u0103 pictura <strong><em>\u00cenainte de baie,<\/em><\/strong> p\u0103streaz\u0103 armonia cromatic\u0103 \u0219i etalarea cu fine\u021be a formelor \u00eentr-o poetic\u0103 prezentare, care \u00eembin\u0103 ambian\u021ba peisaj-lumin\u0103, plin\u0103 de lirism \u0219i \u00eendemn la visare.<\/p>\n<p>Pe plicul \u201eprima zi\u201d este redat\u0103 pictura <strong><em>Nud pe malul m\u0103rii<\/em><\/strong>, ce contureaz\u0103, pe fundalul m\u0103rii \u0219i al cerului, silueta elegant\u0103, nobil\u0103 a unei femei privind romantic \u00eentr-o parte, pictura \u00eembin\u00e2nd tratarea realist\u0103 a nudului cu elemente impresioniste \u00een interpretarea peisajului.<\/p>\n<p>Pictat pe malul M\u0103rii Negre, \u00een dreptul localit\u0103\u021bii <em>Viile<\/em>, de l\u00e2ng\u0103 Constan\u021ba, tabloul a avut drept model personajul feminin cunoscut sub numele de Zettina Urechia.<\/p>\n<p><em>Romfilatelia mul\u021bume\u0219te Muzeului Na\u021bional de Art\u0103 al Rom\u00e2niei pentru sprijinul documentar acordat la realizarea acestei emisiuni de m\u0103rci po\u0219tale. <\/em><\/p>\n<p><img decoding=\"async\" loading=\"lazy\" class=\"aligncenter wp-image-2022292 size-full\" src=\"https:\/\/romfilatelia.ro\/magazin\/wp-content\/uploads\/2019\/02\/CARACT_Nuduri-in-pictura-romaneasca.jpg\" alt=\"\" width=\"1658\" height=\"980\" srcset=\"https:\/\/romfilatelia.ro\/magazin\/wp-content\/uploads\/2019\/02\/CARACT_Nuduri-in-pictura-romaneasca.jpg 1658w, https:\/\/romfilatelia.ro\/magazin\/wp-content\/uploads\/2019\/02\/CARACT_Nuduri-in-pictura-romaneasca-500x296.jpg 500w, https:\/\/romfilatelia.ro\/magazin\/wp-content\/uploads\/2019\/02\/CARACT_Nuduri-in-pictura-romaneasca-64x38.jpg 64w, https:\/\/romfilatelia.ro\/magazin\/wp-content\/uploads\/2019\/02\/CARACT_Nuduri-in-pictura-romaneasca-300x177.jpg 300w, https:\/\/romfilatelia.ro\/magazin\/wp-content\/uploads\/2019\/02\/CARACT_Nuduri-in-pictura-romaneasca-768x454.jpg 768w, https:\/\/romfilatelia.ro\/magazin\/wp-content\/uploads\/2019\/02\/CARACT_Nuduri-in-pictura-romaneasca-800x473.jpg 800w\" sizes=\"(max-width: 1658px) 100vw, 1658px\" \/><\/p>\n","protected":false},"excerpt":{"rendered":"<p>Dup\u0103 ce arta rom\u00e2neasc\u0103 a fost dominat\u0103, mai multe secole, de arta bizantin\u0103 \u0219i de religia cre\u0219tin\u0103, nudul a p\u0103truns \u00een pictura rom\u00e2neasc\u0103 \u0219i prin opera lui Nicolae Grigorescu. Anul acesta, Romfilatelia introduce \u00een circula\u021bie, vineri, 15 februarie, emisiunea de m\u0103rci po\u0219tale intitulat\u0103 Nuduri \u00een pictura rom\u00e2neasc\u0103, \u00een care sunt ilustrate cele mai apreciate opere&hellip;&nbsp;<a href=\"https:\/\/romfilatelia.ro\/magazin\/produs\/colectii-anuale\/2019\/nuduri-in-pictura-romaneasca\/\" class=\"\" rel=\"bookmark\">Cite\u0219te mai mult &raquo;<span class=\"screen-reader-text\">NUDURI \u00ceN PICTURA ROM\u00c2NEASC\u0102<\/span><\/a><\/p>\n","protected":false},"featured_media":2022291,"template":"","meta":{"neve_meta_sidebar":"","neve_meta_container":"","neve_meta_enable_content_width":"","neve_meta_content_width":0,"neve_meta_title_alignment":"","neve_meta_author_avatar":"","neve_post_elements_order":"","neve_meta_disable_header":"","neve_meta_disable_footer":"","neve_meta_disable_title":""},"product_cat":[162,6],"product_tag":[],"_links":{"self":[{"href":"https:\/\/romfilatelia.ro\/magazin\/wp-json\/wp\/v2\/product\/2022290"}],"collection":[{"href":"https:\/\/romfilatelia.ro\/magazin\/wp-json\/wp\/v2\/product"}],"about":[{"href":"https:\/\/romfilatelia.ro\/magazin\/wp-json\/wp\/v2\/types\/product"}],"wp:featuredmedia":[{"embeddable":true,"href":"https:\/\/romfilatelia.ro\/magazin\/wp-json\/wp\/v2\/media\/2022291"}],"wp:attachment":[{"href":"https:\/\/romfilatelia.ro\/magazin\/wp-json\/wp\/v2\/media?parent=2022290"}],"wp:term":[{"taxonomy":"product_cat","embeddable":true,"href":"https:\/\/romfilatelia.ro\/magazin\/wp-json\/wp\/v2\/product_cat?post=2022290"},{"taxonomy":"product_tag","embeddable":true,"href":"https:\/\/romfilatelia.ro\/magazin\/wp-json\/wp\/v2\/product_tag?post=2022290"}],"curies":[{"name":"wp","href":"https:\/\/api.w.org\/{rel}","templated":true}]}}