{"id":2021969,"date":"2018-12-12T19:02:03","date_gmt":"2018-12-12T17:02:03","guid":{"rendered":"https:\/\/romfilatelia.ro\/magazin\/?post_type=product&#038;p=2021969"},"modified":"2018-12-13T17:31:11","modified_gmt":"2018-12-13T15:31:11","slug":"eroii-invizibili-din-spatele-frontului","status":"publish","type":"product","link":"https:\/\/romfilatelia.ro\/magazin\/produs\/colectii-anuale\/2018\/eroii-invizibili-din-spatele-frontului\/","title":{"rendered":"EROII INVIZIBILI  DIN SPATELE FRONTULUI"},"content":{"rendered":"<p><a href=\"https:\/\/romfilatelia.ro\/magazin\/wp-content\/uploads\/2018\/12\/int-pliant_Eroii-invizibili-din-spatele-frontului.jpg\"><img decoding=\"async\" loading=\"lazy\" class=\"alignleft wp-image-2021970 size-medium\" src=\"https:\/\/romfilatelia.ro\/magazin\/wp-content\/uploads\/2018\/12\/int-pliant_Eroii-invizibili-din-spatele-frontului-186x300.jpg\" alt=\"\" width=\"186\" height=\"300\" \/><\/a><\/p>\n<p>\u00cen anul Centenarului Marii Uniri, <strong>Romfilatelia<\/strong> cinste\u0219te memoria eroilor care au luptat \u00een Primul R\u0103zboi Mondial pe frontul invizibil al informa\u021biilor, prin introducerea \u00een circula\u021bie a emisiunii de m\u0103rci po\u0219tale <strong><em>Eroii invizibili din spatele frontului<\/em><\/strong>.<\/p>\n<p>C\u00e2nd a intrat \u00een Marele R\u0103zboi, armata rom\u00e2n\u0103 nu avea o tradi\u021bie \u00eendelungat\u0103 \u0219i constant\u0103 a serviciilor de informa\u021bii militare, neajuns care a contat destul de mult \u00een campania dezastruoas\u0103 din anul 1916. Ofi\u021berii \u0219i trupa nu erau preg\u0103ti\u021bi s\u0103 fac\u0103 fa\u021b\u0103 r\u0103zboiului nev\u0103zut, iar multe informa\u021bii cu caracter strategic au fost divulgate din neglijen\u021b\u0103 spionilor inamici care ac\u021bionau \u00een Rom\u00e2nia.<\/p>\n<p>Mult mai bine organizate erau structurile Ministerului de Interne, care au contribuit, de asemenea, la eforturile de r\u0103zboi.<br \/>\n\u00cen perioada 1914-1919, a func\u021bionat Direc\u021biunea Poli\u021biei \u0219i Siguran\u021bei Generale, care avea \u00een subordine Direc\u021biunea Siguran\u021bei Generale \u0219i Inspectoratul General al Poli\u021biilor.<\/p>\n<p>\u00cen perioada neutralit\u0103\u021bii (1914-1916), serviciile de spionaj str\u0103ine au profitat de disponibilitatea rom\u00e2nilor de a furniza informa\u021bii,<br \/>\n\u00een schimbul banilor. \u00censu\u0219i Nicolae Iorga, care de\u021binea ziarul <em>Neamul Rom\u00e2nesc<\/em>, s-a revoltat public fa\u021b\u0103 de aceast\u0103 situa\u021bie \u0219i a scris articolul \u201eCum de lupt\u0103m cu spionii\u201d, publicat \u00een iunie 1915. C\u0103rturarul aprecia c\u0103 serviciile se spionaj str\u0103ine au mizat pe predispozi\u021bia general\u0103 pentru mit\u0103, \u00eentruc\u00e2t: \u201eNu suntem o \u021bar\u0103 unde se poate jena cineva\u201d.<\/p>\n<p>Un agent austriac arestat de Direc\u021biunea Poli\u021biei \u0219i Siguran\u021bei Generale a m\u0103rturisit c\u0103 discu\u021bii cu caracter secret se iscau \u00een tramvaie, trenuri, localuri publice, pe strad\u0103, \u00een familie. Se strigau \u00een gura mare, \u00een fa\u021ba oricui, secrete despre armat\u0103, armament, dot\u0103rii, iar spionii str\u0103ini nu aveau dec\u00e2t s\u0103 asculte \u0219i s\u0103 culeag\u0103 aceste informa\u021bii.<\/p>\n<p>\u00cen august 1916, c\u00e2nd Rom\u00e2nia a intrat \u00een r\u0103zboi, Marele Stat Major a fost reorganizat pentru a face fa\u021b\u0103 noii situa\u021bii. Pentru partea operativ\u0103 a fost activat Marele Cartier General, iar pentru partea sedentar\u0103 func\u021biona tot Marele Stat Major. Ambele structuri aveau \u00een componen\u021b\u0103 birouri de informa\u021bii, specializate \u00een culegerea de informa\u021bii \u0219i supravegherea \u0219tirilor.<\/p>\n<p>Totu\u0219i, Direc\u021biunea Poli\u021biei \u0219i Siguran\u021bei Generale a desf\u0103\u0219urat ac\u021biuni contrainformative menite s\u0103 \u00eempiedice serviciile de spionaj str\u0103ine s\u0103 ac\u021bioneze pe teritoriul rom\u00e2nesc, iar la nevoie, s\u0103 le intoxice cu informa\u021bii false.<\/p>\n<p>A \u00eenfiin\u021bat un serviciu de culegere de informa\u021bii \u00een diferite localit\u0103\u021bi din jurul Rom\u00e2niei, format din agen\u021bi permanen\u021bi \u0219i fic\u0219i, cu re\u0219edin\u021ba \u00een ora\u0219ele Odessa, Chi\u0219in\u0103u, Ungheni, \u0218umla, Timi\u0219oara, Sibiu, Cern\u0103u\u021bi, Belgrad, Bra\u0219ov \u0219i Rusciuk. Agen\u021bii erau recruta\u021bi, \u00een mare parte, dintre etnicii rom\u00e2ni din zon\u0103, care erau selecta\u021bi pe baza sentimentelor patriotice.<\/p>\n<p>Dup\u0103 retragerea \u00een Moldova, la sf\u00e2r\u0219itul anului 1916, s-au \u00eentreprins ac\u021biuni de consolidare \u00een domeniul informa\u021biilor \u0219i contrainforma\u021biilor, \u00een sensul eficientiz\u0103rii. Au fost formulate proceduri clare privind modul de desf\u0103\u0219urare a activit\u0103\u021bii informative \u0219i a manipul\u0103rii informa\u021biilor, atribu\u021biile personalului \u00eens\u0103rcinat cu misiuni informative, stabilirea misiunilor avia\u021biei de recunoa\u0219tere \u0219i a modului de executare a cercet\u0103rii aeriene, coordonarea activit\u0103\u021bii agen\u021bilor secre\u021bi etc.<\/p>\n<p>Pe coli\u021ba dantelat\u0103 a emisiunii filatelice, cu valoarea nominal\u0103 de <strong>28,50 lei<\/strong>, sunt reprezentate trei dintre personalit\u0103\u021bile care s-au remarcat pe frontul invizibil al informa\u021biilor \u00een anii Primului R\u0103zboi Mondial, respectiv col. Nicolae Condeescu, Ion Panaitescu \u0219i Romulus P. Voinescu. Al\u0103turi de portretele acestora, pe coli\u021b\u0103 reg\u0103sim o ma\u0219in\u0103 de scris, o casc\u0103 din Primul R\u0103zboi Mondial \u0219i un dispozitiv de transmisiuni \u00een codul Morse.<\/p>\n<p>Colonelul <strong>Nicolae Condeescu<\/strong> (1876-1936) \u2013 a condus Biroul Informa\u021bii din Marele Cartier General (1916-1918) \u0219i Sec\u021bia Informa\u021bii din Marele Stat Major (1918-1919). A conlucrat cu reprezentan\u021bii alia\u021bi englezi, francezi \u0219i ru\u0219i pentru reorganizarea domeniului de informa\u021bii militare, a elaborat instruc\u021biuni informative \u0219i contrainformative. S-a preocupat de \u00eenfiin\u021barea unor cursuri de informa\u021bii pentru ofi\u021beri \u0219i a gestionat culegerea, analiza \u0219i transmiterea informa\u021biilor care au contribuit la c\u00e2\u0219tigarea b\u0103t\u0103liilor de la M\u0103r\u0103\u0219ti, M\u0103r\u0103\u0219e\u0219ti \u0219i Oituz.<\/p>\n<p><strong>Ion Panaitescu<\/strong> (1875-1929) \u2013 a \u00eenfiin\u021bat \u0219i condus Direc\u021biunea Poli\u021biei \u0219i Siguran\u021bei Generale (1908-1919), fiind cel care a introdus<br \/>\n\u00een activitatea profesional\u0103 compartimentarea \u0219i conspirativitatea muncii. A gestionat culegerea de informa\u021bii externe, anihilarea agen\u021bilor inamici, monitorizarea surselor publice \u0219i a \u00eentocmit analize de securitate pentru deciden\u021bii politici. \u00cen perioada c\u00e2nd guvernul s-a aflat la Ia\u0219i, a fost numit \u0219ef al Sec\u021biei Siguran\u021bei din Marele Cartier General.<\/p>\n<p><strong>Romulus P. Voinescu<\/strong> (1867-1936) \u2013 a fost delegat al Direc\u021biunii Poli\u021biei \u0219i Siguran\u021bei Generale pe l\u00e2ng\u0103 Cartierul General al armatelor ruse din Rom\u00e2nia, \u0219ef al Serviciului de Contrainforma\u021bii rom\u00e2no-rus (noiembrie 1916 \u2013 martie 1918) \u0219i \u0219eful Directoratului de Interne din Basarabia (1918-1919). A ac\u021bionat cu succes \u00een domeniul contrainformativ \u0219i a f\u0103cut dovada unui management de calitate \u00een fruntea structurilor pe care le-a condus.<\/p>\n<p><em>Romfilatelia mul\u021bume\u0219te domnului prof. Corneliu Andonie, din cadrul Muzeului Militar Na\u021bional \u201eFerdinand I\u201d \u0219i istoricului Alin Sp\u00e2nu,<br \/>\npentru sprijinul documentar \u0219i fotografic acordat la realizarea acestei emisiuni de m\u0103rci po\u0219tale.<\/em><\/p>\n<p><img decoding=\"async\" loading=\"lazy\" class=\"aligncenter wp-image-2021989 size-full\" src=\"https:\/\/romfilatelia.ro\/magazin\/wp-content\/uploads\/2018\/12\/caract-Eroii-invizibili.jpg\" alt=\"\" width=\"1122\" height=\"566\" srcset=\"https:\/\/romfilatelia.ro\/magazin\/wp-content\/uploads\/2018\/12\/caract-Eroii-invizibili.jpg 1122w, https:\/\/romfilatelia.ro\/magazin\/wp-content\/uploads\/2018\/12\/caract-Eroii-invizibili-500x252.jpg 500w, https:\/\/romfilatelia.ro\/magazin\/wp-content\/uploads\/2018\/12\/caract-Eroii-invizibili-64x32.jpg 64w\" sizes=\"(max-width: 1122px) 100vw, 1122px\" \/><\/p>\n","protected":false},"excerpt":{"rendered":"<p>\u00cen anul Centenarului Marii Uniri, Romfilatelia cinste\u0219te memoria eroilor care au luptat \u00een Primul R\u0103zboi Mondial pe frontul invizibil al informa\u021biilor, prin introducerea \u00een circula\u021bie a emisiunii de m\u0103rci po\u0219tale Eroii invizibili din spatele frontului. C\u00e2nd a intrat \u00een Marele R\u0103zboi, armata rom\u00e2n\u0103 nu avea o tradi\u021bie \u00eendelungat\u0103 \u0219i constant\u0103 a serviciilor de informa\u021bii militare,&hellip;&nbsp;<a href=\"https:\/\/romfilatelia.ro\/magazin\/produs\/colectii-anuale\/2018\/eroii-invizibili-din-spatele-frontului\/\" class=\"\" rel=\"bookmark\">Cite\u0219te mai mult &raquo;<span class=\"screen-reader-text\">EROII INVIZIBILI  DIN SPATELE FRONTULUI<\/span><\/a><\/p>\n","protected":false},"featured_media":2021970,"template":"","meta":{"neve_meta_sidebar":"","neve_meta_container":"","neve_meta_enable_content_width":"","neve_meta_content_width":0,"neve_meta_title_alignment":"","neve_meta_author_avatar":"","neve_post_elements_order":"","neve_meta_disable_header":"","neve_meta_disable_footer":"","neve_meta_disable_title":""},"product_cat":[161,6],"product_tag":[],"_links":{"self":[{"href":"https:\/\/romfilatelia.ro\/magazin\/wp-json\/wp\/v2\/product\/2021969"}],"collection":[{"href":"https:\/\/romfilatelia.ro\/magazin\/wp-json\/wp\/v2\/product"}],"about":[{"href":"https:\/\/romfilatelia.ro\/magazin\/wp-json\/wp\/v2\/types\/product"}],"wp:featuredmedia":[{"embeddable":true,"href":"https:\/\/romfilatelia.ro\/magazin\/wp-json\/wp\/v2\/media\/2021970"}],"wp:attachment":[{"href":"https:\/\/romfilatelia.ro\/magazin\/wp-json\/wp\/v2\/media?parent=2021969"}],"wp:term":[{"taxonomy":"product_cat","embeddable":true,"href":"https:\/\/romfilatelia.ro\/magazin\/wp-json\/wp\/v2\/product_cat?post=2021969"},{"taxonomy":"product_tag","embeddable":true,"href":"https:\/\/romfilatelia.ro\/magazin\/wp-json\/wp\/v2\/product_tag?post=2021969"}],"curies":[{"name":"wp","href":"https:\/\/api.w.org\/{rel}","templated":true}]}}