{"id":2021899,"date":"2018-12-05T22:46:22","date_gmt":"2018-12-05T20:46:22","guid":{"rendered":"https:\/\/romfilatelia.ro\/magazin\/?post_type=product&#038;p=2021899"},"modified":"2018-12-05T22:48:30","modified_gmt":"2018-12-05T20:48:30","slug":"obiceiuri-de-iarna","status":"publish","type":"product","link":"https:\/\/romfilatelia.ro\/magazin\/produs\/colectii-anuale\/2018\/obiceiuri-de-iarna\/","title":{"rendered":"OBICEIURI DE IARN\u0102"},"content":{"rendered":"<p><a href=\"https:\/\/romfilatelia.ro\/magazin\/wp-content\/uploads\/2018\/12\/Obiceiuri-de-iarna_mc.jpg\"><img decoding=\"async\" loading=\"lazy\" class=\"wp-image-2021900 size-medium alignleft\" src=\"https:\/\/romfilatelia.ro\/magazin\/wp-content\/uploads\/2018\/12\/Obiceiuri-de-iarna_mc-300x255.jpg\" alt=\"\" width=\"300\" height=\"255\" \/><\/a>Cu ocazia S\u0103rb\u0103torilor sf\u00e2r\u0219itului de an, <strong>Romfilatelia<\/strong> introduce \u00een circula\u021bie emisiunea de m\u0103rci po\u0219tale <strong><em>Obiceiuri de iarn\u0103<\/em><\/strong><em>.<\/em><\/p>\n<p>Iarna este anotimpul s\u0103rb\u0103torilor, al colindelor, al cadourilor \u0219i al mirosului de brad, care abund\u0103 \u00een evenimente religioase de mare \u00eensemn\u0103tate pentru cre\u0219tini, de datini \u0219i obiceiuri p\u0103strate din vechime, preluate ca atare sau adaptate vremurilor moderne pe care tr\u0103im.<\/p>\n<p>Calendaristic, s\u0103rb\u0103torile se desf\u0103\u0219oar\u0103 \u00eentre 24 decembrie \u0219i 7 ianuarie, \u00eencep\u00e2nd cu Na\u0219terea Domnului Iisus Hristos \u0219i \u00eencheindu-se cu Sf\u00e2ntul Ioan.<\/p>\n<p>Cu toate acestea, cei mici \u00eencep, cu mult timp \u00eenainte, s\u0103 fie preocupa\u021bi de ceea ce le va aduce \u00een dar Mo\u0219 Cr\u0103ciun. De aceea, ei scriu Mo\u0219ului scrisori lungi, \u00een care a\u0219tern pe h\u00e2rtie toate dorin\u021belor lor, rug\u00e2ndu-l s\u0103 le aduc\u0103 juc\u0103rii, dulciuri \u0219i, mai nou, pentru c\u0103 genera\u021biile evolueaz\u0103, <em>gadget-uri.<\/em> \u00cen aceea\u0219i perioad\u0103, \u0219i cei mari, adul\u021bii, scriu scrisori celor dragi, deoarece Cr\u0103ciunul este prilej de mare bucurie, fiind, prin tradi\u021bie, o s\u0103rb\u0103toare a familiei, a bun\u0103t\u0103\u021bii, a iert\u0103rii \u0219i a \u00eemp\u0103c\u0103rii.<\/p>\n<p>Na\u0219terea Domnului Iisus Hristos este vestit\u0103 \u00eenc\u0103 din Ajun, c\u00e2nd cete de colind\u0103tori merg la casele oamenilor c\u00e2nt\u00e2nd <em>Bun\u0103 diminea\u021ba la Mo\u0219 Ajun<\/em>. Ei primesc de la gazdele colindate nuci, covrigi, colaci \u0219i mere. Un alt obicei cunoscut, care evoc\u0103 momentul na\u0219terii lui Iisus, este colindatul cu <em>Steaua<\/em>, cea care i-a c\u0103l\u0103uzit pe magi. Cele mai r\u0103sp\u00e2ndite c\u00e2ntece de stea sunt <em>Steaua sus r\u0103sare<\/em>, <em>Trei p\u0103stori se \u00eent\u00e2lnir\u0103<\/em>, <em>O, ce veste minunat\u0103!<\/em>.<\/p>\n<p>De asemenea, \u00een noaptea de Ajun casele copiilor sunt vizitate, conform tradi\u021biei, de Mo\u0219 Cr\u0103ciun care le las\u0103 sub bradul frumos \u00eempodobit daruri, acesta fiind cel mai a\u0219teptat moment al s\u0103rb\u0103torilor.<\/p>\n<p>\u0218i noaptea Anului Nou are obiceiurile \u0219i tradi\u021biile ei. Astfel, <em>Sorcova<\/em>, unul dintre\u00a0 obiceiurile\u00a0 rom\u00e2ne\u0219ti care se practic\u0103 imediat dup\u0103 trecerea dintre ani, este foarte \u00eendr\u0103git\u0103 de copii. \u00cenclinat\u0103 de mai multe ori \u00een direc\u021bia unei anumite persoane, <em>Sorcova<\/em> joac\u0103 \u00eentruc\u00e2tva rolul unei baghete magice care transmite celui sorcovit puteri miraculoase prin c\u00e2ntecul s\u0103u.<\/p>\n<p>Emisiunea de m\u0103rci po\u0219tale <em>Obiceiuri de iarn\u0103<\/em> este alc\u0103tuit\u0103 din 4 timbre, care ilustreaz\u0103 \u00eentr-o interpretare ludic\u0103, dar sugestiv\u0103, obiceiuri specifice sezonului, astfel:<\/p>\n<p>Timbrul cu valoarea nominal\u0103 de <strong>2 lei<\/strong> prezint\u0103, \u00eentr-o manier\u0103 stilizat\u0103, momentul trimiterii scrisorilor c\u0103tre Mo\u0219 Cr\u0103ciun.<\/p>\n<p>Pe timbrul cu valoarea nominal\u0103 de <strong>3 lei<\/strong> este ilustrat\u0103 o scen\u0103 \u00een care oamenii \u00ee\u0219i fac daruri.<\/p>\n<p>Timbrul cu valoarea nominal\u0103 de <strong>11,50 lei<\/strong> prezint\u0103 un grup de colind\u0103tori, iar timbrul cu valoarea nominal\u0103 de <strong>12 lei<\/strong> sugereaz\u0103 obiceiul din noaptea Anului Nou, <em>Sorcova<\/em>.<\/p>\n<p>Pe plicul <em>prima zi<\/em> a emisiunii este ilustrat Mo\u0219 Cr\u0103ciun, al\u0103turi de un b\u0103ie\u021bel care \u00eei \u00eenm\u00e2neaz\u0103 o scrisoare.<\/p>\n<p>Cu prilejul <em>S\u0103rb\u0103torilor de iarn\u0103,<\/em> echipa Romfilatelia colind\u0103 din suflet pe to\u0163i prietenii timbrelor \u015fi le ureaz\u0103 <em>S\u0103rb\u0103tori fericite, al\u0103turi de cei dragi<\/em>. <strong>La mul\u021bi ani<\/strong>!<\/p>\n<p><a href=\"https:\/\/romfilatelia.ro\/magazin\/wp-content\/uploads\/2018\/12\/Obiceiuri-de-iarna_mc.jpg\"><img decoding=\"async\" loading=\"lazy\" class=\"aligncenter size-full wp-image-2021901\" src=\"https:\/\/romfilatelia.ro\/magazin\/wp-content\/uploads\/2018\/12\/Caracteristici-Obiceiuri-de-Iarna.jpg\" alt=\"\" width=\"1529\" height=\"912\" srcset=\"https:\/\/romfilatelia.ro\/magazin\/wp-content\/uploads\/2018\/12\/Caracteristici-Obiceiuri-de-Iarna.jpg 1529w, https:\/\/romfilatelia.ro\/magazin\/wp-content\/uploads\/2018\/12\/Caracteristici-Obiceiuri-de-Iarna-500x298.jpg 500w, https:\/\/romfilatelia.ro\/magazin\/wp-content\/uploads\/2018\/12\/Caracteristici-Obiceiuri-de-Iarna-64x38.jpg 64w\" sizes=\"(max-width: 1529px) 100vw, 1529px\" \/><\/a><\/p>\n","protected":false},"excerpt":{"rendered":"<p>Cu ocazia S\u0103rb\u0103torilor sf\u00e2r\u0219itului de an, Romfilatelia introduce \u00een circula\u021bie emisiunea de m\u0103rci po\u0219tale Obiceiuri de iarn\u0103. Iarna este anotimpul s\u0103rb\u0103torilor, al colindelor, al cadourilor \u0219i al mirosului de brad, care abund\u0103 \u00een evenimente religioase de mare \u00eensemn\u0103tate pentru cre\u0219tini, de datini \u0219i obiceiuri p\u0103strate din vechime, preluate ca atare sau adaptate vremurilor moderne pe&hellip;&nbsp;<a href=\"https:\/\/romfilatelia.ro\/magazin\/produs\/colectii-anuale\/2018\/obiceiuri-de-iarna\/\" class=\"\" rel=\"bookmark\">Cite\u0219te mai mult &raquo;<span class=\"screen-reader-text\">OBICEIURI DE IARN\u0102<\/span><\/a><\/p>\n","protected":false},"featured_media":2021900,"template":"","meta":{"neve_meta_sidebar":"","neve_meta_container":"","neve_meta_enable_content_width":"","neve_meta_content_width":0,"neve_meta_title_alignment":"","neve_meta_author_avatar":"","neve_post_elements_order":"","neve_meta_disable_header":"","neve_meta_disable_footer":"","neve_meta_disable_title":""},"product_cat":[161,6],"product_tag":[],"_links":{"self":[{"href":"https:\/\/romfilatelia.ro\/magazin\/wp-json\/wp\/v2\/product\/2021899"}],"collection":[{"href":"https:\/\/romfilatelia.ro\/magazin\/wp-json\/wp\/v2\/product"}],"about":[{"href":"https:\/\/romfilatelia.ro\/magazin\/wp-json\/wp\/v2\/types\/product"}],"wp:featuredmedia":[{"embeddable":true,"href":"https:\/\/romfilatelia.ro\/magazin\/wp-json\/wp\/v2\/media\/2021900"}],"wp:attachment":[{"href":"https:\/\/romfilatelia.ro\/magazin\/wp-json\/wp\/v2\/media?parent=2021899"}],"wp:term":[{"taxonomy":"product_cat","embeddable":true,"href":"https:\/\/romfilatelia.ro\/magazin\/wp-json\/wp\/v2\/product_cat?post=2021899"},{"taxonomy":"product_tag","embeddable":true,"href":"https:\/\/romfilatelia.ro\/magazin\/wp-json\/wp\/v2\/product_tag?post=2021899"}],"curies":[{"name":"wp","href":"https:\/\/api.w.org\/{rel}","templated":true}]}}