{"id":2021807,"date":"2018-11-29T06:54:07","date_gmt":"2018-11-29T04:54:07","guid":{"rendered":"https:\/\/romfilatelia.ro\/magazin\/?post_type=product&#038;p=2021807"},"modified":"2018-11-29T07:00:02","modified_gmt":"2018-11-29T05:00:02","slug":"sfintirea-altarului-catedralei-mantuirii-neamului","status":"publish","type":"product","link":"https:\/\/romfilatelia.ro\/magazin\/produs\/colectii-anuale\/2018\/sfintirea-altarului-catedralei-mantuirii-neamului\/","title":{"rendered":"SFIN\u021aIREA ALTARULUI CATEDRALEI M\u00c2NTUIRII NEAMULUI"},"content":{"rendered":"<p><a href=\"https:\/\/romfilatelia.ro\/magazin\/wp-content\/uploads\/2018\/11\/Catedrala_Mantuirii_Neamului_emis.jpg\"><img decoding=\"async\" loading=\"lazy\" class=\"wp-image-2021808 size-medium alignleft\" src=\"https:\/\/romfilatelia.ro\/magazin\/wp-content\/uploads\/2018\/11\/Catedrala_Mantuirii_Neamului_emis-300x208.jpg\" alt=\"\" width=\"300\" height=\"208\" \/><\/a>\u00cen anul Centenar al Marii Uniri,<strong> Romfilatelia<\/strong> introduce \u00een circula\u021bie emisiunea de m\u0103rci po\u0219tale intitulat\u0103 <strong><em>Sfin\u021birea Altarului Catedralei M\u00e2ntuirii Neamului (Catedrala Na\u021bional\u0103) <\/em><\/strong>dedicat\u0103 unui important eveniment pentru cre\u0219tinii ortodoc\u0219i.<\/p>\n<p>Pe timbrul emisiunii de m\u0103rci po\u0219tale, cu valoarea nominal\u0103 de <strong>5 lei<\/strong>, este ilustrat\u0103 icoana <em>Sf\u00e2ntului Apostol Andrei<\/em>, <em>cel \u00eent\u00e2i chemat, Ocrotitorul Rom\u00e2niei<\/em>, de pe catapeteasma Catedralei, al\u0103turi de macheta l\u0103ca\u0219ului de cult.<\/p>\n<p>Coli\u021ba dantelat\u0103 a emisiunii de m\u0103rci po\u0219tale ilustreaz\u0103 pe Sf\u00e2ntul Apostol Andrei, al\u0103turi de sigla Patriarhiei \u0219i macheta Catedralei. Pe timbrul coli\u021bei dantelate, cu valoarea nominal\u0103 de <strong>28,50 lei,<\/strong> este reprezentat\u0103 icoana <em>\u00cen\u0103l\u021barea Domnului<\/em>, de asemenea de pe catapeteasma Catedralei Na\u021bionale.<\/p>\n<p>Sfin\u021birea Altarului \u0219i a Catapetesmei Catedralei Na\u021bionale \u2013 l\u0103ca\u0219 de cult ridicat \u00een memoria tuturor eroilor \u0219i martirilor rom\u00e2ni c\u0103rora le dator\u0103m Rom\u00e2nia modern\u0103, dar \u0219i ap\u0103rarea valorilor cre\u0219tine ale acestei \u021b\u0103ri \u2013 , cu doar c\u00e2teva zile \u00eenaintea s\u0103rb\u0103toririi celor 100 de ani de la Marea Unire, la 1 Decembrie, Ziua Na\u021bional\u0103 a tuturor rom\u00e2nilor, reprezint\u0103 momentul care a marcat \u00een modul cel mai vizibil, emo\u021bionant \u0219i luminos, Anul Centenar.<\/p>\n<p>\u00cen ziua sfin\u021birii, duminic\u0103, 25 noiembrie 2018, apoi \u00een \u201ezilele sfin\u021birii\u201d, a\u0219a cum sunt numite zilele premerg\u0103toare s\u0103rb\u0103toririi primului hram al Catedralei, Sf\u00e2ntul Apostol Andrei (30 noiembrie), mii de credincio\u0219i \u0219i-au anun\u021bat participarea la toate programele religioase legate de acest eveniment istoric spiritual al Ortodoxiei Neamului Rom\u00e2nesc.<\/p>\n<p>Slujba de sfin\u021bire a altarului \u0219i a catapetesmei noii Catedrale a avut loc \u00een prezen\u021ba tuturor ierarhilor Sf\u00e2ntului Sinod al Bisericii Ortodoxe Rom\u00e2ne, c\u0103rora li s-a al\u0103turat Sanctitatea Sa Patriarhul Ecumenic Bartolomeu I \u0219i Mitropolitul Hrisostom de Patras din Grecia, care a adus cu acest prilej, spre cinstire, M\u00e2na Sf\u00e2ntului Apostol Andrei.<\/p>\n<p>Ziua a \u00eenceput cu slujba de sfin\u021bire a Altarului Catedralei Na\u021bionale, care a fost urmat\u0103 de Sf\u00e2nta Liturghie. Dup\u0103 citirea Sfintei Evanghelii, Sanctitatea Sa Bartolomeu I, Patriarhul Ecumenic, a rostit <em>omilia<\/em> (explicarea, pe \u00een\u021belesul tuturor, a pasajelor Noului Testament), iar la sf\u00e2r\u0219itul Sfintei Liturghii Preafericitul P\u0103rinte Patriarh Daniel a rostit un cuv\u00e2nt de mul\u021bumire \u0219i binecuv\u00e2ntare. \u00cencep\u00e2nd cu ora 18.00 a fost programat\u0103 oficierea slujbei Privegherii \u00eenchinat\u0103 Sf\u00e2ntului Apostol Andrei.<\/p>\n<p>Un eveniment foarte important \u00eel constituie s\u0103rb\u0103torirea primului hram al noii Catedrale, \u00een data de 30 noiembrie 2018, ziua <em>Sf\u00e2ntului Apostol Andrei, cel \u00eent\u00e2i chemat, Ocrotitorul Rom\u00e2niei<\/em>. Sf\u00e2nta Liturghie din aceast\u0103 zi va fi oficiat\u0103 de Preafericitul P\u0103rinte Teofil al III-lea, Patriarhul Ierusalimului, \u00eempreun\u0103 cu Preafericitul P\u0103rinte Patriarh Daniel.<\/p>\n<p>\u201e\u00cemplinirea unui ideal al rom\u00e2nilor, vechi de peste 130 de ani\u201d, dup\u0103 cum spunea Preafericitul P\u0103rinte Patriarh Daniel, adic\u0103 ridicarea Catedralei (promulgat\u0103 de Regele Carol I drept Biseric\u0103 Catedral\u0103 Na\u021bional\u0103 sau Patriarhal\u0103 \u0219i considerat\u0103 de Regele Ferdinand I drept \u201esimbol al unit\u0103\u021bii suflete\u0219ti a \u00eentregului neam\u201d) devine, pe m\u0103sur\u0103 ce ne apropiesm de finalizare, un timp de puternic\u0103 manifestare a spiritualit\u0103\u021bii credin\u021bei neamului, p\u0103str\u0103toare de istorie \u0219i iubire de \u021bar\u0103.<\/p>\n<p>Zilele de sfin\u021bire a Catedralei Na\u021bionale \u00eenchinate Sf\u00e2ntului Apostol Andrei \u0219i Eroilor rom\u00e2ni din toate timpurile vor r\u0103m\u00e2ne \u00een memorie \u0219i con\u0219tiin\u021b\u0103 prin amploare \u0219i \u00eensemn\u0103tate, un eveniment de prim rang cu multe manifest\u0103ri duhovnice\u0219ti, liturgice \u0219i culturale, al c\u0103ror punct culminant \u00eel va reprezenta pelerinajul credincio\u0219ilor la moa\u0219tele Sf\u00e2ntului Apostol Andrei, Ocrotitorul Rom\u00e2niei.<\/p>\n<p>&nbsp;<\/p>\n<p><em>Romfilatelia mul\u021bume\u0219te Preafericitului P\u0103rinte Daniel, Patriarhul Bisericii Ortodoxe Rom\u00e2ne pentru sprijinul documentar \u0219i fotografic acordat la realizarea acestei emisiuni de m\u0103rci po\u0219tale.<\/em><\/p>\n<p><a href=\"https:\/\/romfilatelia.ro\/magazin\/wp-content\/uploads\/2018\/11\/Catedrala_Mantuirii_Neamului_emis.jpg\"><img decoding=\"async\" loading=\"lazy\" class=\"aligncenter wp-image-2021809 size-full\" src=\"https:\/\/romfilatelia.ro\/magazin\/wp-content\/uploads\/2018\/11\/Catedrala_Mantuirii_Neamului_caract.jpg\" alt=\"\" width=\"900\" height=\"659\" srcset=\"https:\/\/romfilatelia.ro\/magazin\/wp-content\/uploads\/2018\/11\/Catedrala_Mantuirii_Neamului_caract.jpg 900w, https:\/\/romfilatelia.ro\/magazin\/wp-content\/uploads\/2018\/11\/Catedrala_Mantuirii_Neamului_caract-500x366.jpg 500w, https:\/\/romfilatelia.ro\/magazin\/wp-content\/uploads\/2018\/11\/Catedrala_Mantuirii_Neamului_caract-64x47.jpg 64w, https:\/\/romfilatelia.ro\/magazin\/wp-content\/uploads\/2018\/11\/Catedrala_Mantuirii_Neamului_caract-300x220.jpg 300w, https:\/\/romfilatelia.ro\/magazin\/wp-content\/uploads\/2018\/11\/Catedrala_Mantuirii_Neamului_caract-768x562.jpg 768w, https:\/\/romfilatelia.ro\/magazin\/wp-content\/uploads\/2018\/11\/Catedrala_Mantuirii_Neamului_caract-800x586.jpg 800w\" sizes=\"(max-width: 900px) 100vw, 900px\" \/><\/a><\/p>\n","protected":false},"excerpt":{"rendered":"<p>\u00cen anul Centenar al Marii Uniri, Romfilatelia introduce \u00een circula\u021bie emisiunea de m\u0103rci po\u0219tale intitulat\u0103 Sfin\u021birea Altarului Catedralei M\u00e2ntuirii Neamului (Catedrala Na\u021bional\u0103) dedicat\u0103 unui important eveniment pentru cre\u0219tinii ortodoc\u0219i. Pe timbrul emisiunii de m\u0103rci po\u0219tale, cu valoarea nominal\u0103 de 5 lei, este ilustrat\u0103 icoana Sf\u00e2ntului Apostol Andrei, cel \u00eent\u00e2i chemat, Ocrotitorul Rom\u00e2niei, de pe catapeteasma&hellip;&nbsp;<a href=\"https:\/\/romfilatelia.ro\/magazin\/produs\/colectii-anuale\/2018\/sfintirea-altarului-catedralei-mantuirii-neamului\/\" class=\"\" rel=\"bookmark\">Cite\u0219te mai mult &raquo;<span class=\"screen-reader-text\">SFIN\u021aIREA ALTARULUI CATEDRALEI M\u00c2NTUIRII NEAMULUI<\/span><\/a><\/p>\n","protected":false},"featured_media":2021808,"template":"","meta":{"neve_meta_sidebar":"","neve_meta_container":"","neve_meta_enable_content_width":"","neve_meta_content_width":0,"neve_meta_title_alignment":"","neve_meta_author_avatar":"","neve_post_elements_order":"","neve_meta_disable_header":"","neve_meta_disable_footer":"","neve_meta_disable_title":""},"product_cat":[161,6],"product_tag":[],"_links":{"self":[{"href":"https:\/\/romfilatelia.ro\/magazin\/wp-json\/wp\/v2\/product\/2021807"}],"collection":[{"href":"https:\/\/romfilatelia.ro\/magazin\/wp-json\/wp\/v2\/product"}],"about":[{"href":"https:\/\/romfilatelia.ro\/magazin\/wp-json\/wp\/v2\/types\/product"}],"wp:featuredmedia":[{"embeddable":true,"href":"https:\/\/romfilatelia.ro\/magazin\/wp-json\/wp\/v2\/media\/2021808"}],"wp:attachment":[{"href":"https:\/\/romfilatelia.ro\/magazin\/wp-json\/wp\/v2\/media?parent=2021807"}],"wp:term":[{"taxonomy":"product_cat","embeddable":true,"href":"https:\/\/romfilatelia.ro\/magazin\/wp-json\/wp\/v2\/product_cat?post=2021807"},{"taxonomy":"product_tag","embeddable":true,"href":"https:\/\/romfilatelia.ro\/magazin\/wp-json\/wp\/v2\/product_tag?post=2021807"}],"curies":[{"name":"wp","href":"https:\/\/api.w.org\/{rel}","templated":true}]}}