{"id":2021228,"date":"2018-09-03T16:09:13","date_gmt":"2018-09-03T14:09:13","guid":{"rendered":"https:\/\/romfilatelia.ro\/magazin\/?post_type=product&#038;p=2021228"},"modified":"2018-09-03T16:11:23","modified_gmt":"2018-09-03T14:11:23","slug":"jocurile-olimpice-in-imaginatia-copiilor","status":"publish","type":"product","link":"https:\/\/romfilatelia.ro\/magazin\/produs\/colectii-anuale\/2018\/jocurile-olimpice-in-imaginatia-copiilor\/","title":{"rendered":"JOCURILE OLIMPICE \u00ceN IMAGINA\u0162IA COPIILOR"},"content":{"rendered":"<p><a href=\"https:\/\/romfilatelia.ro\/magazin\/wp-content\/uploads\/2018\/09\/JO_imag_copii_COSR_emis.jpg\"><img decoding=\"async\" loading=\"lazy\" class=\"wp-image-2021229 size-medium alignleft\" src=\"https:\/\/romfilatelia.ro\/magazin\/wp-content\/uploads\/2018\/09\/JO_imag_copii_COSR_emis-290x300.jpg\" alt=\"\" width=\"290\" height=\"300\" \/><\/a><strong>Romfilatelia<\/strong> sus\u021bine \u0219i promoveaz\u0103 spiritul olimpic \u0219i valorile Olimpismului \u00een r\u00e2ndul tinerelor talente din mediul \u0219colar prin introducerea \u00een circula\u0163ie a emisiunii de m\u0103rci po\u0219tale <strong><em>Jocurile Olimpice \u00een imagina\u0163ia copiilor<\/em><\/strong><em>. <\/em><\/p>\n<p>Concursul Na\u0163ional de arte plastice (pictur\u0103, grafic\u0103 \u0219i desen), intitulat <em>Jocurile Olimpice \u00een imagina\u0163ia copiilor<\/em> este organizat, \u00een fiecare an, de c\u0103tre Comitetul Olimpic \u0219i Sportiv Rom\u00e2n (C.O.S.R.), prin Academia Olimpic\u0103 Rom\u00e2n\u0103 (A.O.R.), \u00een parteneriat cu Ministerul Educa\u0163iei Na\u0163ionale (M.E.N.). Concursul, organizat \u00een dou\u0103 faze, jude\u0163ean\u0103 \u0219i na\u0163ional\u0103, se reg\u0103se\u0219te \u00een Calendarul concursurilor \u0219colare. Structurat pe trei categorii de v\u00e2rst\u0103 \u2013 6-10 ani, 11-14 ani \u0219i 15-18 ani, concursul se adreseaz\u0103 elevilor din toate unit\u0103\u021bile de \u00eenv\u0103\u021b\u0103m\u00e2nt primar, gimnazial \u0219i liceal.<\/p>\n<p>Sub aspect tematic, lucr\u0103rile participan\u0163ilor abordeaz\u0103 spiritul olimpic sau una dintre valorile Olimpismului \u2013 excelen\u0163a, prietenia, fair play-ul, toleran\u0163a, bucuria, echilibrul dintre corp \u0219i minte etc.<\/p>\n<p>Cele mai valoroase lucr\u0103ri sunt expuse \u00een incinta Muzeului Sportului, pe pagina oficial\u0103 a C.O.S.R. \u0219i a A.O.R., \u00een Buletinul Informativ al Academiei Olimpice Rom\u00e2ne <em>\u201eSpirit Olimpic\u201d, <\/em>dar \u0219i \u00een alte tip\u0103rituri specifice.<\/p>\n<p>Pentru cele patru m\u0103rci po\u0219tale au fost selec\u0163ionate desene premiate la Concursul Na\u0163ional de arte plastice, apar\u0163in\u00e2nd celor trei categorii de v\u00e2rst\u0103, dup\u0103 cum urmeaz\u0103:<\/p>\n<p>Lucrarea <em>Dinamism cromatic<\/em>, semnat\u0103 de c\u0103tre elevul <em>Roman Gabriel<\/em> de la <em>Liceul de Art\u0103 \u201eCiprian Porumbescu\u201d <\/em>Suceava, ilustreaz\u0103 timbrul cu valoarea nominal\u0103 de <strong>2 lei.<\/strong> Desenul, apar\u0163in\u00e2nd categoriei de v\u00e2rst\u0103 15-18 ani, apreciat de c\u0103tre juriul concursului cu Premiul I, red\u0103 scene ale unor discipline sportive cum ar fi scrim\u0103, gimnastic\u0103, haltere, \u00eenot, tir cu arcul etc.<\/p>\n<p>Din categoria de v\u00e2rst\u0103 6-10 ani, a fost selectat\u0103, pentru a ilustra timbrul cu valoarea nominal\u0103 de <strong>3 lei<\/strong>, lucrarea <em>Tenis, <\/em>autor <em>Fluera\u0219u Sofia<\/em> de la <em>Palatul Copiilor<\/em> din Craiova, apreciat\u0103 cu Men\u0163iune.<\/p>\n<p>Pe timbrul cu valoarea nominal\u0103 de <strong>5 lei<\/strong> este ilustrat desenul intitulat <em>Tinere speran\u0163e<\/em>, autor <em>Adumitroaie Anna Rocsana <\/em>de la <em>Liceul de Art\u0103 \u201e\u0218tefan Luchian<\/em>\u201d Boto\u0219ani. Lucrarea, apreciat\u0103 de c\u0103tre juriu cu Men\u0163iune, apar\u0163ine categoriei 11-14 ani \u0219i red\u0103 imagini sugestive din scrim\u0103, gimnastic\u0103, canotaj \u0219i volei.<\/p>\n<p>Desenul <em>Gra\u0163ie \u0219i elegan\u0163\u0103<\/em>, apar\u0163in\u00e2nd elevei <em>Aveloiu Diana<\/em> de la <em>Liceul cu Program Sportiv <\/em>T\u00e2rgu Jiu, este redat pe timbrul cu valoarea nominal\u0103 de <strong>19 lei<\/strong>. Lucrarea, participant\u0103 la categoria de v\u00e2rst\u0103 11-14 ani, a fost r\u0103spl\u0103tit\u0103 de juriul compe\u0163itiei cu Men\u0163iune. Aceasta ilustreaz\u0103, a\u0219a cum sugereaz\u0103 \u0219i titlul ei, gra\u0163ia elementelor din gimnastic\u0103.<\/p>\n<p>Pe plicul \u201eprima zi\u201d a emisiunii este ilustrat desenul intitulat <em>Roma antic\u0103<\/em>, autor <em>Dre\u0163canu Raluca Ioana<\/em> de la <em>Liceul de Art\u0103 \u201e\u0218tefan Luchian\u201d<\/em> Boto\u0219ani<em>.<\/em> Lucrarea reproduce cea mai cunoscut\u0103 oper\u0103 a sculptorului grec <em>Miron<\/em>, <em><a href=\"https:\/\/ro.wikipedia.org\/w\/index.php?title=Discobolul&amp;action=edit&amp;redlink=1\">Discobolul<\/a><\/em>, cunoscut \u0219i sub numele de <em>Arunc\u0103torul cu discul<\/em>.<\/p>\n<p><em>Romfilatelia mul\u021bume\u0219te Comitetului Olimpic Sportiv \u0219i Rom\u00e2n (C.O.S.R.) pentru sprijinul documentar acordat la realizarea acestei emisiuni de m\u0103rci po\u0219tale. <\/em><\/p>\n<p><img decoding=\"async\" loading=\"lazy\" class=\"aligncenter size-full wp-image-2021230\" src=\"https:\/\/romfilatelia.ro\/magazin\/wp-content\/uploads\/2018\/09\/JO_imag_copii_COSR_caract.jpg\" alt=\"\" width=\"900\" height=\"623\" srcset=\"https:\/\/romfilatelia.ro\/magazin\/wp-content\/uploads\/2018\/09\/JO_imag_copii_COSR_caract.jpg 900w, https:\/\/romfilatelia.ro\/magazin\/wp-content\/uploads\/2018\/09\/JO_imag_copii_COSR_caract-500x346.jpg 500w, https:\/\/romfilatelia.ro\/magazin\/wp-content\/uploads\/2018\/09\/JO_imag_copii_COSR_caract-64x44.jpg 64w, https:\/\/romfilatelia.ro\/magazin\/wp-content\/uploads\/2018\/09\/JO_imag_copii_COSR_caract-300x208.jpg 300w, https:\/\/romfilatelia.ro\/magazin\/wp-content\/uploads\/2018\/09\/JO_imag_copii_COSR_caract-768x532.jpg 768w, https:\/\/romfilatelia.ro\/magazin\/wp-content\/uploads\/2018\/09\/JO_imag_copii_COSR_caract-800x554.jpg 800w\" sizes=\"(max-width: 900px) 100vw, 900px\" \/><\/p>\n<p>&nbsp;<\/p>\n","protected":false},"excerpt":{"rendered":"<p>Romfilatelia sus\u021bine \u0219i promoveaz\u0103 spiritul olimpic \u0219i valorile Olimpismului \u00een r\u00e2ndul tinerelor talente din mediul \u0219colar prin introducerea \u00een circula\u0163ie a emisiunii de m\u0103rci po\u0219tale Jocurile Olimpice \u00een imagina\u0163ia copiilor. Concursul Na\u0163ional de arte plastice (pictur\u0103, grafic\u0103 \u0219i desen), intitulat Jocurile Olimpice \u00een imagina\u0163ia copiilor este organizat, \u00een fiecare an, de c\u0103tre Comitetul Olimpic \u0219i&hellip;&nbsp;<a href=\"https:\/\/romfilatelia.ro\/magazin\/produs\/colectii-anuale\/2018\/jocurile-olimpice-in-imaginatia-copiilor\/\" class=\"\" rel=\"bookmark\">Cite\u0219te mai mult &raquo;<span class=\"screen-reader-text\">JOCURILE OLIMPICE \u00ceN IMAGINA\u0162IA COPIILOR<\/span><\/a><\/p>\n","protected":false},"featured_media":2021229,"template":"","meta":{"neve_meta_sidebar":"","neve_meta_container":"","neve_meta_enable_content_width":"","neve_meta_content_width":0,"neve_meta_title_alignment":"","neve_meta_author_avatar":"","neve_post_elements_order":"","neve_meta_disable_header":"","neve_meta_disable_footer":"","neve_meta_disable_title":""},"product_cat":[161,6],"product_tag":[],"_links":{"self":[{"href":"https:\/\/romfilatelia.ro\/magazin\/wp-json\/wp\/v2\/product\/2021228"}],"collection":[{"href":"https:\/\/romfilatelia.ro\/magazin\/wp-json\/wp\/v2\/product"}],"about":[{"href":"https:\/\/romfilatelia.ro\/magazin\/wp-json\/wp\/v2\/types\/product"}],"wp:featuredmedia":[{"embeddable":true,"href":"https:\/\/romfilatelia.ro\/magazin\/wp-json\/wp\/v2\/media\/2021229"}],"wp:attachment":[{"href":"https:\/\/romfilatelia.ro\/magazin\/wp-json\/wp\/v2\/media?parent=2021228"}],"wp:term":[{"taxonomy":"product_cat","embeddable":true,"href":"https:\/\/romfilatelia.ro\/magazin\/wp-json\/wp\/v2\/product_cat?post=2021228"},{"taxonomy":"product_tag","embeddable":true,"href":"https:\/\/romfilatelia.ro\/magazin\/wp-json\/wp\/v2\/product_tag?post=2021228"}],"curies":[{"name":"wp","href":"https:\/\/api.w.org\/{rel}","templated":true}]}}