{"id":2021001,"date":"2018-08-17T09:56:53","date_gmt":"2018-08-17T07:56:53","guid":{"rendered":"https:\/\/romfilatelia.ro\/magazin\/?post_type=product&#038;p=2021001"},"modified":"2018-09-05T19:12:38","modified_gmt":"2018-09-05T17:12:38","slug":"parcuri-naturale-din-romania","status":"publish","type":"product","link":"https:\/\/romfilatelia.ro\/magazin\/produs\/colectii-anuale\/2018\/parcuri-naturale-din-romania\/","title":{"rendered":"PARCURI NATURALE  DIN ROM\u00c2NIA"},"content":{"rendered":"<p><a href=\"https:\/\/romfilatelia.ro\/magazin\/wp-content\/uploads\/2018\/08\/Parcuri_Naturale-_RO_emis.jpg\"><img decoding=\"async\" loading=\"lazy\" class=\"alignleft wp-image-2021259 size-medium\" src=\"https:\/\/romfilatelia.ro\/magazin\/wp-content\/uploads\/2018\/08\/Parcuri_Naturale-_RO_emis-300x208.jpg\" alt=\"\" width=\"300\" height=\"208\" \/><\/a><strong>Romfilatelia<\/strong>, promotoare permanent\u0103 a tematicilor filatelice care au ca subiect frumuse\u021bile de necontestat ale Rom\u00e2niei, introduce \u00een circula\u021bie emisiunea de m\u0103rci po\u0219tale <strong><em>Parcuri Naturale din Rom\u00e2nia<\/em><\/strong>, poposind de aceast\u0103 dat\u0103 \u00een <em>Parcul Natural Domogled \u2013 Valea Cernei, <\/em>cel mai mare parc na\u0163ional.<\/p>\n<p>Pe timbrele emisiunii de m\u0103rci po\u0219tale sunt reproduse exemplare din flora \u0219i fauna parcului. <em>Edraianthus graminifolius <\/em>ssp.<em> kitaibelii<\/em>, o plant\u0103 cu florile de culoare albastru-violet, ilustreaz\u0103 timbrul cu valoarea nominal\u0103 de <strong>1,60 lei<\/strong>. Pe timbrul cu valoarea nominal\u0103 de <strong>2 lei<\/strong> este reprodus\u0103 <em>Primula auricula<\/em> ssp. <em>serratifolia<\/em>, cunoscut\u0103 popular ca <em>Urechea ursului<\/em>. <em>Testudo hermanni<\/em>, sau <em>\u021aestoasa b\u0103n\u0103\u021bean\u0103<\/em>, ilustreaz\u0103 timbrul cu valoarea nominal\u0103 de <strong>5 lei<\/strong>. R\u0103da\u0219ca, denumit\u0103 \u0219tiin\u021bific <em>Lucanus cervus<\/em>, este reprodus\u0103 pe timbrul cu valoarea nominal\u0103 de <strong>19 lei<\/strong>. Pe timbrul coli\u021bei dantelate a emisiunii, cu valoarea nominal\u0103 de <strong>28,50 lei<\/strong>, este redat <em>Zamenis longissimus<\/em>, denumit \u0219i <em>\u0218arpele lui Esculap<\/em>, care, \u00eenf\u0103\u0219urat pe un toiag, este simbolul medicinei.<\/p>\n<p>Arie protejat\u0103 de interes na\u021bional, <strong>Parcul Na\u021bional Domogled \u2013 Valea Cernei<\/strong>, cu o suprafa\u021b\u0103 de peste 60.000 ha, este situat \u00een partea sud-vestic\u0103 a <a href=\"https:\/\/ro.wikipedia.org\/wiki\/Rom%C3%A2nia\"><u>Rom\u00e2niei<\/u><\/a>, pe teritoriile jude\u021belor <a href=\"https:\/\/ro.wikipedia.org\/wiki\/Jude%C8%9Bul_Cara%C8%99-Severin\"><u>Cara\u0219-Severin<\/u><\/a>, <a href=\"https:\/\/ro.wikipedia.org\/wiki\/Jude%C8%9Bul_Mehedin%C8%9Bi\"><u>Mehedin\u021bi<\/u><\/a> \u0219i <a href=\"https:\/\/ro.wikipedia.org\/wiki\/Jude%C8%9Bul_Gorj\"><u>Gorj<\/u><\/a>. \u00cen interiorul s\u0103u se delimiteaz\u0103 un num\u0103r de 11 rezerva\u021bii naturale, dintre care amintim: Rezerva\u021bia Domogled, Cheile Corcoaiei, V\u00e2rful lui Stan, Coronini-Bedina etc.<\/p>\n<p>Datorit\u0103 complexit\u0103\u021bii aspectelor sta\u021bionale, fizico-geografice \u0219i climatice, Parcul Na\u021bional Domogled \u2013 Valea Cernei este caracterizat de o diversitate floristic\u0103 remarcabil\u0103, \u00eensum\u00e2nd peste 1.100 specii de plante vasculare (superioare). Parcul g\u0103zduie\u0219te o faun\u0103 bogat\u0103 \u0219i interesant\u0103, numeroase specii de animale de mare valoare \u0219tiin\u021bific\u0103, unele unice \u00een \u021bar\u0103 \u0219i chiar \u00een lume. Pe teritoriul parcului na\u021bional exist\u0103 specii de plante sub protec\u021bie strict\u0103, oriunde s-ar afla pe teritoriul parcului, distrugerea lor fiind pedepsit\u0103 de lege.<\/p>\n<p><strong><em>Edraianthus graminifolius <\/em><\/strong><strong>ssp.<\/strong><strong><em> kitaibelii <\/em><\/strong>este o specie xero-mezofil\u0103, care cre\u0219te ca plant\u0103 erbacee peren\u0103. Plantele sunt joase, iar tulpinile lor pot avea de la 1 cm p\u00e2n\u0103 la maximum 20 cm. Frunzele sunt dispuse alternativ pe tulpin\u0103, iar cele inferioare sunt \u00een principal pe\u021biolate. Florile, de culoare albastru-violet, sunt grupate \u00een mod individual, au form\u0103 de clopot \u0219i sunt hermafrodite. Datorit\u0103 arealului restr\u00e2ns \u00een care poate fi \u00eent\u00e2lnit\u0103, aceast\u0103 specie este protejat\u0103.<\/p>\n<p><strong><em>Primula auricula <\/em><\/strong><strong>ssp.<\/strong><strong><em> serratifolia<\/em><\/strong>, denumit\u0103 \u0219i <em>Ciubo\u021bica cucului b\u0103n\u0103\u021bean<\/em>, sau <em>Urechea ursului<\/em>, este printre speciile cu cea mai mare valoare fitogeografic\u0103 din familia <em>Primulaceae<\/em>, reprezent\u00e2nd un taxon endemic amenin\u021bat. De obicei, \u00eenflore\u0219te din aprilie p\u00e2n\u0103 la sf\u00e2r\u0219itul lunii mai. Este o specie peren\u0103 ce cre\u0219te p\u00e2n\u0103\u00a0 la 20 cm \u00een\u0103l\u021bime. Florile galbene cresc \u00een clustere pe tulpini lungi de 5-20 cm. Epitetul specific <em>auricula<\/em> \u00eenseamn\u0103 \u201e\u00een form\u0103 de ureche\u201d \u0219i se refer\u0103 la forma frunzelor.<\/p>\n<p><strong><em>Testudo hermanni<\/em><\/strong>, sau <em>\u021aestoasa b\u0103n\u0103\u021bean\u0103<\/em> (<em>Testudo hermanni<\/em>) face parte din familia <em>Testudinae<\/em> \u0219i este caracterizat\u0103 prin carapacea de 12-24 cm, care este bombat\u0103,\u00a0 galben-maronie cu pete \u00eenchise la culoare. O broasc\u0103 \u021bestoas\u0103 de uscat poate atinge u\u0219or la maturitate 25-30 cm, \u00een diametru \u0219i 2-3 kg, \u00een greutate. \u00cen condi\u021bii optime de via\u021b\u0103 pot tr\u0103i chiar \u0219i peste 75 de ani.<\/p>\n<p><strong><em>Lucanus cervus<\/em><\/strong>, cunoscut\u0103 sub numele de r\u0103da\u0219c\u0103, este un <a href=\"https:\/\/ro.wikipedia.org\/wiki\/Coleoptera\">g\u00e2ndac<\/a> din familia <em><a href=\"https:\/\/ro.wikipedia.org\/w\/index.php?title=Lucanidae&amp;action=edit&amp;redlink=1\">Lucanidae<\/a><\/em>. R\u0103da\u0219ca se num\u0103r\u0103 printre cei mai mari \u0219i remarcabili g\u00e2ndaci din <a href=\"https:\/\/ro.wikipedia.org\/wiki\/Europa\">Europa<\/a>. Caracteristice sunt mandibulele mari \u0219i ro\u0219cate ale <a href=\"https:\/\/ro.wikipedia.org\/wiki\/Mascul\">masculului<\/a>, care seam\u0103n\u0103 cu coarnele de <a href=\"https:\/\/ro.wikipedia.org\/wiki\/Cerb\">cerb<\/a> \u0219i pot fi mi\u0219cate ca un cle\u0219te. La exemplare mari, lungimea coarnelor poate atinge aproape jum\u0103tate din lungimea total\u0103 a g\u00e2ndacului, care este 25-75 mm. R\u0103da\u0219ca poate <a href=\"https:\/\/ro.wikipedia.org\/w\/index.php?title=Zborul_insectelor&amp;action=edit&amp;redlink=1\">zbura<\/a>.<\/p>\n<p><strong><em>Zamenis longissimus<\/em><\/strong>, sau <em>\u0218arpele lui Esculap<\/em>, este un \u0219arpe neveninos din familia <em>Colubridae<\/em>. Lungimea acestui exemplar poate ajunge p\u00e2n\u0103 la 2 m. Are un aspect zvelt, capul mic \u0219i \u00eengust, coada lung\u0103 \u0219i sub\u021bire. Spatele este brun cu mul\u021bi solzi, dunga\u021bi \u00een lung cu alb. C\u00e2nd este prins, se repede furios \u0219i mu\u0219c\u0103, de aici mai fiind numit \u00een anumite zone \u0219i \u201e\u0219arpe r\u0103u\u201d.<\/p>\n<p>&nbsp;<\/p>\n<p><em>Romfilatelia mul\u021bume\u0219te administra\u021biei Parcului Na\u0163ional Domogled \u2013 Valea Cernei \u0219i Gr\u0103dinii Botanice \u201eDimitrie Br\u00e2ndz\u0103\u201d a Universit\u0103\u021bii din Bucure\u0219ti pentru sprijinul documentar \u0219i fotografic acordat la realizarea acestei emisiuni de m\u0103rci po\u0219tale.<\/em><\/p>\n<p><em>\u00a0<img decoding=\"async\" loading=\"lazy\" class=\"aligncenter wp-image-2021250 size-full\" src=\"https:\/\/romfilatelia.ro\/magazin\/wp-content\/uploads\/2018\/08\/Parcuri_Naturale-_RO_caract.jpg\" alt=\"\" width=\"900\" height=\"863\" srcset=\"https:\/\/romfilatelia.ro\/magazin\/wp-content\/uploads\/2018\/08\/Parcuri_Naturale-_RO_caract.jpg 900w, https:\/\/romfilatelia.ro\/magazin\/wp-content\/uploads\/2018\/08\/Parcuri_Naturale-_RO_caract-500x479.jpg 500w, https:\/\/romfilatelia.ro\/magazin\/wp-content\/uploads\/2018\/08\/Parcuri_Naturale-_RO_caract-64x61.jpg 64w, https:\/\/romfilatelia.ro\/magazin\/wp-content\/uploads\/2018\/08\/Parcuri_Naturale-_RO_caract-300x288.jpg 300w, https:\/\/romfilatelia.ro\/magazin\/wp-content\/uploads\/2018\/08\/Parcuri_Naturale-_RO_caract-768x736.jpg 768w, https:\/\/romfilatelia.ro\/magazin\/wp-content\/uploads\/2018\/08\/Parcuri_Naturale-_RO_caract-800x767.jpg 800w\" sizes=\"(max-width: 900px) 100vw, 900px\" \/><\/em><\/p>\n<p><em>\u00a0<\/em><\/p>\n<p>&nbsp;<\/p>\n","protected":false},"excerpt":{"rendered":"<p>Romfilatelia, promotoare permanent\u0103 a tematicilor filatelice care au ca subiect frumuse\u021bile de necontestat ale Rom\u00e2niei, introduce \u00een circula\u021bie emisiunea de m\u0103rci po\u0219tale Parcuri Naturale din Rom\u00e2nia, poposind de aceast\u0103 dat\u0103 \u00een Parcul Natural Domogled \u2013 Valea Cernei, cel mai mare parc na\u0163ional. Pe timbrele emisiunii de m\u0103rci po\u0219tale sunt reproduse exemplare din flora \u0219i fauna&hellip;&nbsp;<a href=\"https:\/\/romfilatelia.ro\/magazin\/produs\/colectii-anuale\/2018\/parcuri-naturale-din-romania\/\" class=\"\" rel=\"bookmark\">Cite\u0219te mai mult &raquo;<span class=\"screen-reader-text\">PARCURI NATURALE  DIN ROM\u00c2NIA<\/span><\/a><\/p>\n","protected":false},"featured_media":2021259,"template":"","meta":{"neve_meta_sidebar":"","neve_meta_container":"","neve_meta_enable_content_width":"","neve_meta_content_width":0,"neve_meta_title_alignment":"","neve_meta_author_avatar":"","neve_post_elements_order":"","neve_meta_disable_header":"","neve_meta_disable_footer":"","neve_meta_disable_title":""},"product_cat":[161,6],"product_tag":[],"_links":{"self":[{"href":"https:\/\/romfilatelia.ro\/magazin\/wp-json\/wp\/v2\/product\/2021001"}],"collection":[{"href":"https:\/\/romfilatelia.ro\/magazin\/wp-json\/wp\/v2\/product"}],"about":[{"href":"https:\/\/romfilatelia.ro\/magazin\/wp-json\/wp\/v2\/types\/product"}],"wp:featuredmedia":[{"embeddable":true,"href":"https:\/\/romfilatelia.ro\/magazin\/wp-json\/wp\/v2\/media\/2021259"}],"wp:attachment":[{"href":"https:\/\/romfilatelia.ro\/magazin\/wp-json\/wp\/v2\/media?parent=2021001"}],"wp:term":[{"taxonomy":"product_cat","embeddable":true,"href":"https:\/\/romfilatelia.ro\/magazin\/wp-json\/wp\/v2\/product_cat?post=2021001"},{"taxonomy":"product_tag","embeddable":true,"href":"https:\/\/romfilatelia.ro\/magazin\/wp-json\/wp\/v2\/product_tag?post=2021001"}],"curies":[{"name":"wp","href":"https:\/\/api.w.org\/{rel}","templated":true}]}}