{"id":2020843,"date":"2018-07-19T21:00:19","date_gmt":"2018-07-19T19:00:19","guid":{"rendered":"https:\/\/romfilatelia.ro\/magazin\/?post_type=product&#038;p=2020843"},"modified":"2020-01-27T10:22:42","modified_gmt":"2020-01-27T08:22:42","slug":"80-de-ani-de-la-trecerea-la-cele-vesnice-a-reginei-maria","status":"publish","type":"product","link":"https:\/\/romfilatelia.ro\/magazin\/produs\/colectii-anuale\/2018\/80-de-ani-de-la-trecerea-la-cele-vesnice-a-reginei-maria\/","title":{"rendered":"80 DE ANI DE LA TRECEREA LA CELE VE\u0218NICE A REGINEI MARIA"},"content":{"rendered":"<p><a href=\"https:\/\/romfilatelia.ro\/magazin\/wp-content\/uploads\/2018\/07\/mc.jpg\"><img decoding=\"async\" loading=\"lazy\" class=\"wp-image-2020844 size-medium alignleft\" src=\"https:\/\/romfilatelia.ro\/magazin\/wp-content\/uploads\/2018\/07\/mc-186x300.jpg\" alt=\"\" width=\"186\" height=\"300\" srcset=\"https:\/\/romfilatelia.ro\/magazin\/wp-content\/uploads\/2018\/07\/mc-186x300.jpg 186w, https:\/\/romfilatelia.ro\/magazin\/wp-content\/uploads\/2018\/07\/mc-500x805.jpg 500w, https:\/\/romfilatelia.ro\/magazin\/wp-content\/uploads\/2018\/07\/mc-64x103.jpg 64w, https:\/\/romfilatelia.ro\/magazin\/wp-content\/uploads\/2018\/07\/mc-768x1236.jpg 768w, https:\/\/romfilatelia.ro\/magazin\/wp-content\/uploads\/2018\/07\/mc-497x800.jpg 497w, https:\/\/romfilatelia.ro\/magazin\/wp-content\/uploads\/2018\/07\/mc.jpg 1063w\" sizes=\"(max-width: 186px) 100vw, 186px\" \/><\/a><em>Frumoas\u0103 \u021bar\u0103 pe care am v\u0103zut-o \u00eentregit\u0103, a c\u0103rei soart\u0103 am \u00eemp\u0103rt\u0103\u0219it-o at\u00e2\u021bia ani, al c\u0103rei vis str\u0103mo\u0219esc l-am visat \u0219i eu \u0219i mi-a fost \u00eeng\u0103duit s\u0103-l v\u0103d \u00eemplinit. Fii tu ve\u0219nic \u00eembel\u0219ugat\u0103, fii tu mare \u0219i plin\u0103 de cinste, s\u0103 stai ve\u0219nic falnic\u0103 printre alte na\u021biuni, s\u0103 fii cinstit\u0103, iubit\u0103 \u0219i priceput\u0103\u2026<\/em><\/p>\n<p><strong><em>Regina Maria<\/em><\/strong><\/p>\n<p><em>\u00a0<\/em><\/p>\n<p>\u00cen anul Centenar al Marii Uniri din 1918, <strong>Romfilatelia<\/strong> cinste\u015fte memoria <em>Reginei Marii Uniri<\/em> prin introducerea \u00een circula\u021bie a emisiunii de m\u0103rci po\u0219tale <strong><em>80 de ani de la trecerea la cele ve\u0219nice a Reginei Maria<\/em><\/strong>. Primul timbru al emisiunii, cu valoarea nominal\u0103 de <strong>3 lei<\/strong>, este ilustrat cu un portret al Reginei, \u00een care suverana poart\u0103 pe cap o diadem\u0103. Pe al doilea timbru al emisiunii, cu valoarea nominal\u0103 de <strong>11,50 lei<\/strong>, este reprodus un alt portret, \u00een care Regina poart\u0103 coroana realizat\u0103 special pentru ceremonia \u00cencoron\u0103rii de la Alba Iulia, din 15 octombrie 1922. Timbrul coli\u021bei nedantelate, cu valoarea nominal\u0103 de <strong>19 lei<\/strong>, este ilustrat cu o fotografie de studio a Reginei, \u00een care este \u00eembr\u0103cat\u0103 \u00een stilul <em>Belle-\u00c9poque<\/em>. Timbrele \u015fi coli\u021ba sunt decorate cu flori de crin, extrase dintr-un tablou pictat de Regin\u0103.<\/p>\n<p>Maria Alexandra Victoria de Saxa-Coburg \u0219i Gotha, Principes\u0103 a Marii Britanii \u0219i Irlandei, s-a n\u0103scut pe 29 octombrie 1875, \u00een Marea Britanie. Tat\u0103l s\u0103u, Alfred de Edinburg, Duce de Saxa Coburg-Gotha, era al doilea fiu al Reginei Victoria a Marii Britanii, iar mama, Marea Duces\u0103 <a href=\"https:\/\/ro.wikipedia.org\/wiki\/Marea_Duces%C4%83_Maria_Alexandrovna\">Maria Alexandrovna Romanova<\/a>, era fiica \u021aarului Alexandru al II-lea al Rusiei. Maria \u0219i-a petrecut copil\u0103ria \u0219i adolescen\u021ba aproape de natur\u0103, la re\u0219edin\u021ba familiei din Eastwell Park, comitatul Kent. \u00centr-un decor princiar,\u00a0 \u00eenconjurat\u0103 de un parc foarte frumos \u0219i de o p\u0103dure mirific\u0103, cu p\u0103\u0219uni \u00eentinse, av\u00e2ndu-i l\u00e2ng\u0103 ea pe fratele s\u0103u \u0219i cele trei surori mai mici, Maria a tr\u0103it din plin bucuria copil\u0103riei. Printre jocurile pline de ingeniozitate se num\u0103ra \u0219i jocul \u201ede-a regina\u201d, care, peste ani, s-a transformat \u00een realitate.<\/p>\n<p>Aranjamente \u021bin\u00e2nd de statutul caselor regale fac ca \u00een anul 1892, c\u00e2nd Maria avea 17 ani, viitorul Rege Ferdinand \u0219i frumoasa prin\u021bes\u0103 s\u0103 se logodeasc\u0103. Astfel, la 10 ianuarie 1893, la Sigmaringen, are loc c\u0103s\u0103toria celor doi, martor al unirii fiind chiar \u00eemp\u0103ratul Germaniei, Wilhelm al II-lea.<\/p>\n<p>Dup\u0103 mariaj, sosi\u021bi \u00een Rom\u00e2nia, tinerii c\u0103s\u0103tori\u021bi au parte de o primire c\u0103lduroas\u0103. Aici, al\u0103turi de Ferdinand, Prin\u021bul mo\u0219tenitor al Rom\u00e2niei, prin\u021besa Maria va fi mam\u0103, politician \u0219i gazd\u0103 pentru prin\u021bii \u0219i regii Europei, care vor fi oaspe\u021bi ai Familiei Regale a Rom\u00e2niei, dar \u0219i emisar \u0219i invitat de seam\u0103 la cur\u021bile regale, d\u00e2nd dovad\u0103 de tact, dar \u0219i de \u00eendr\u0103zneal\u0103. Dup\u0103 decesul Regelui Carol I,\u00a0 \u00een 1914, Maria devine Regin\u0103, al\u0103turi de Regele Ferdinand.<\/p>\n<p>Regina Maria \u201ea \u00eentrupat aspira\u021biile cele mai \u00eenalte ale con\u0219tiin\u021bei rom\u00e2ne\u0219ti. Prin modul cum a influen\u021bat \u00een 1916 intrarea Rom\u00e2niei \u00een r\u0103zboi \u0219i din nou \u00een 1918, c\u00e2nd aproape numai datorit\u0103 ei, Regele Ferdinand nu a ratificat dezastruoasa pace de la Bucure\u0219ti, Regina s-a a\u0219ezat ca ctitori\u021b\u0103 a Rom\u00e2niei \u00eentregite \u0219i ca una din cele mai mari figuri ale istoriei noastre na\u021bionale\u201d, dup\u0103 cum scria Constantin Argetoianu.<\/p>\n<p>Participarea efectiv\u0103 la luptele duse \u00een Moldova, precum \u0219i prezen\u021ba suveranei \u00een spitalele de r\u0103ni\u021bi, \u00eei aduce apelativul de \u201eMama R\u0103ni\u021bilor\u201d. Ea a r\u0103mas pentru to\u021bi cei care au v\u0103zut-o, at\u00e2t \u00een vizite la spitale, printre sutele de bolnavi, c\u00e2t \u0219i pe front, printre solda\u021bii r\u0103ni\u021bi, un simbol al curajului neclintit.<\/p>\n<p>Regina Maria a cucerit inimile tuturor rom\u00e2nilor prin naturale\u021be, elegan\u021b\u0103 \u0219i inteligen\u021b\u0103, prin d\u0103ruire \u0219i bun\u0103tate, dar mai presus de toate, prin iubirea fa\u021b\u0103 de \u021bara sa. A \u0219tiut \u00eentotdeauna s\u0103 se fac\u0103 remarcat\u0103, apreciat\u0103 \u0219i \u00eendr\u0103git\u0103. Aprecia costumul popular rom\u00e2nesc, pe care-l \u00eembr\u0103ca ades, cutreier\u00e2nd prin \u021bar\u0103.<\/p>\n<p>Regina s-a stins din via\u021b\u0103 la data de 18 iulie 1938, la Castelul Peli\u0219or. Dorin\u021ba sa a fost s\u0103 tr\u0103iasc\u0103 ultimele clipe \u00een \u021bara c\u0103reia i-a dedicat \u00eentreaga via\u021b\u0103.<\/p>\n<p>A cerut prin testament ca trupul s\u0103-i fie \u00eenhumat \u00een biserica episcopal\u0103 de la Curtea de Arge\u0219, iar inima s\u0103 fie p\u0103strat\u0103 \u00eentr-o racl\u0103 la capela <em>Stella Maris<\/em> a re\u0219edin\u021bei din Balcic.<\/p>\n<p>Dup\u0103 cedarea Cadrilaterului \u00een 1940, inima reginei a fost mutat\u0103 la Bran. Ulterior, aceasta s-a aflat \u00een patrimoniul Muzeului Na\u021bional de Istorie a Rom\u00e2niei, pentru 44 de ani.<\/p>\n<p>Din 2015, inima reginei Maria\u00a0 s-a \u00eentors la Peli\u0219or, locul \u00een care a b\u0103tut pentru ultima oar\u0103.<\/p>\n<p>&nbsp;<\/p>\n<p><em>Aminte\u0219te-\u021bi, Poporul meu, c\u0103 te-am iubit \u0219i c\u0103 te binecuv\u00e2ntez cu ultima mea suflare.<\/em><\/p>\n<p><strong><em>Regina Maria<\/em><\/strong><\/p>\n<p><strong><em>\u00a0<\/em><\/strong><strong><em>\u00a0<\/em><\/strong><\/p>\n<p><em>Romfilatelia mul\u021bume\u0219te conducerii \u0219i echipei Muzeului Na\u021bional Pele\u0219 \u0219i Arhiepiscopiei Ortodoxe de Alba Iulia pentru sprijinul documentar acordat la realizarea acestei emisiuni de m\u0103rci po\u0219tale \u0219i a albumului filatelic. <\/em><\/p>\n<p><em>\u00a0<\/em><\/p>\n<p><em>\u00a0<\/em><strong><em>Albumul filatelic<\/em><\/strong><em> este realizat \u00een tiraj limitat de <strong>258<\/strong> de exemplare \u0219i este echipat cu blocul special de dou\u0103 timbre diferite nedantelate al emisiunii, precum \u0219i cu plicul \u201eprima zi\u201d av\u00e2nd \u0219tampila \u201eprima zi\u201d aplicat\u0103 \u00een clar cu folio, ambele produse fiind numerotate de la <strong>001<\/strong> la <strong>258<\/strong>. <\/em><\/p>\n<p><img decoding=\"async\" loading=\"lazy\" class=\"aligncenter wp-image-2020845 size-full\" src=\"https:\/\/romfilatelia.ro\/magazin\/wp-content\/uploads\/2018\/07\/caracteristici.jpg\" alt=\"\" width=\"1681\" height=\"1705\" srcset=\"https:\/\/romfilatelia.ro\/magazin\/wp-content\/uploads\/2018\/07\/caracteristici.jpg 1681w, https:\/\/romfilatelia.ro\/magazin\/wp-content\/uploads\/2018\/07\/caracteristici-100x100.jpg 100w, https:\/\/romfilatelia.ro\/magazin\/wp-content\/uploads\/2018\/07\/caracteristici-500x507.jpg 500w, https:\/\/romfilatelia.ro\/magazin\/wp-content\/uploads\/2018\/07\/caracteristici-64x65.jpg 64w, https:\/\/romfilatelia.ro\/magazin\/wp-content\/uploads\/2018\/07\/caracteristici-296x300.jpg 296w, https:\/\/romfilatelia.ro\/magazin\/wp-content\/uploads\/2018\/07\/caracteristici-768x779.jpg 768w, https:\/\/romfilatelia.ro\/magazin\/wp-content\/uploads\/2018\/07\/caracteristici-789x800.jpg 789w, https:\/\/romfilatelia.ro\/magazin\/wp-content\/uploads\/2018\/07\/caracteristici-53x53.jpg 53w, https:\/\/romfilatelia.ro\/magazin\/wp-content\/uploads\/2018\/07\/caracteristici-85x85.jpg 85w\" sizes=\"(max-width: 1681px) 100vw, 1681px\" \/><\/p>\n<p>&nbsp;<\/p>\n","protected":false},"excerpt":{"rendered":"<p>Frumoas\u0103 \u021bar\u0103 pe care am v\u0103zut-o \u00eentregit\u0103, a c\u0103rei soart\u0103 am \u00eemp\u0103rt\u0103\u0219it-o at\u00e2\u021bia ani, al c\u0103rei vis str\u0103mo\u0219esc l-am visat \u0219i eu \u0219i mi-a fost \u00eeng\u0103duit s\u0103-l v\u0103d \u00eemplinit. Fii tu ve\u0219nic \u00eembel\u0219ugat\u0103, fii tu mare \u0219i plin\u0103 de cinste, s\u0103 stai ve\u0219nic falnic\u0103 printre alte na\u021biuni, s\u0103 fii cinstit\u0103, iubit\u0103 \u0219i priceput\u0103\u2026 Regina Maria&hellip;&nbsp;<a href=\"https:\/\/romfilatelia.ro\/magazin\/produs\/colectii-anuale\/2018\/80-de-ani-de-la-trecerea-la-cele-vesnice-a-reginei-maria\/\" class=\"\" rel=\"bookmark\">Cite\u0219te mai mult &raquo;<span class=\"screen-reader-text\">80 DE ANI DE LA TRECEREA LA CELE VE\u0218NICE A REGINEI MARIA<\/span><\/a><\/p>\n","protected":false},"featured_media":2024747,"template":"","meta":{"neve_meta_sidebar":"","neve_meta_container":"","neve_meta_enable_content_width":"","neve_meta_content_width":0,"neve_meta_title_alignment":"","neve_meta_author_avatar":"","neve_post_elements_order":"","neve_meta_disable_header":"","neve_meta_disable_footer":"","neve_meta_disable_title":""},"product_cat":[161,6],"product_tag":[],"_links":{"self":[{"href":"https:\/\/romfilatelia.ro\/magazin\/wp-json\/wp\/v2\/product\/2020843"}],"collection":[{"href":"https:\/\/romfilatelia.ro\/magazin\/wp-json\/wp\/v2\/product"}],"about":[{"href":"https:\/\/romfilatelia.ro\/magazin\/wp-json\/wp\/v2\/types\/product"}],"wp:featuredmedia":[{"embeddable":true,"href":"https:\/\/romfilatelia.ro\/magazin\/wp-json\/wp\/v2\/media\/2024747"}],"wp:attachment":[{"href":"https:\/\/romfilatelia.ro\/magazin\/wp-json\/wp\/v2\/media?parent=2020843"}],"wp:term":[{"taxonomy":"product_cat","embeddable":true,"href":"https:\/\/romfilatelia.ro\/magazin\/wp-json\/wp\/v2\/product_cat?post=2020843"},{"taxonomy":"product_tag","embeddable":true,"href":"https:\/\/romfilatelia.ro\/magazin\/wp-json\/wp\/v2\/product_tag?post=2020843"}],"curies":[{"name":"wp","href":"https:\/\/api.w.org\/{rel}","templated":true}]}}