{"id":2020698,"date":"2018-06-21T16:42:21","date_gmt":"2018-06-21T14:42:21","guid":{"rendered":"https:\/\/romfilatelia.ro\/magazin\/?post_type=product&#038;p=2020698"},"modified":"2018-10-25T14:53:55","modified_gmt":"2018-10-25T12:53:55","slug":"carti-postale-maxime-ia-romaneasca-unitate-in-spirit","status":"publish","type":"product","link":"https:\/\/romfilatelia.ro\/magazin\/produs\/carti-postale-maxime\/carti-postale-maxime-ia-romaneasca-unitate-in-spirit\/","title":{"rendered":"Carti postale maxime IA ROM\u00c2NEASC\u0102, UNITATE \u00ceN SPIRIT"},"content":{"rendered":"","protected":false},"excerpt":{"rendered":"","protected":false},"featured_media":2020706,"template":"","meta":{"neve_meta_sidebar":"","neve_meta_container":"","neve_meta_enable_content_width":"","neve_meta_content_width":0,"neve_meta_title_alignment":"","neve_meta_author_avatar":"","neve_post_elements_order":"","neve_meta_disable_header":"","neve_meta_disable_footer":"","neve_meta_disable_title":""},"product_cat":[8,145],"product_tag":[],"_links":{"self":[{"href":"https:\/\/romfilatelia.ro\/magazin\/wp-json\/wp\/v2\/product\/2020698"}],"collection":[{"href":"https:\/\/romfilatelia.ro\/magazin\/wp-json\/wp\/v2\/product"}],"about":[{"href":"https:\/\/romfilatelia.ro\/magazin\/wp-json\/wp\/v2\/types\/product"}],"wp:featuredmedia":[{"embeddable":true,"href":"https:\/\/romfilatelia.ro\/magazin\/wp-json\/wp\/v2\/media\/2020706"}],"wp:attachment":[{"href":"https:\/\/romfilatelia.ro\/magazin\/wp-json\/wp\/v2\/media?parent=2020698"}],"wp:term":[{"taxonomy":"product_cat","embeddable":true,"href":"https:\/\/romfilatelia.ro\/magazin\/wp-json\/wp\/v2\/product_cat?post=2020698"},{"taxonomy":"product_tag","embeddable":true,"href":"https:\/\/romfilatelia.ro\/magazin\/wp-json\/wp\/v2\/product_tag?post=2020698"}],"curies":[{"name":"wp","href":"https:\/\/api.w.org\/{rel}","templated":true}]}}