{"id":2020475,"date":"2018-05-25T09:36:50","date_gmt":"2018-05-25T07:36:50","guid":{"rendered":"https:\/\/romfilatelia.ro\/magazin\/?post_type=product&#038;p=2020475"},"modified":"2018-05-25T09:39:37","modified_gmt":"2018-05-25T07:39:37","slug":"miniaturisti-in-arta-bisericeasca","status":"publish","type":"product","link":"https:\/\/romfilatelia.ro\/magazin\/produs\/colectii-anuale\/2018\/miniaturisti-in-arta-bisericeasca\/","title":{"rendered":"MINIATURI\u0218TI \u00ceN ARTA BISERICEASC\u0102"},"content":{"rendered":"<p><a href=\"https:\/\/romfilatelia.ro\/magazin\/wp-content\/uploads\/2018\/05\/Miniaturisti_emis.jpg\"><img decoding=\"async\" loading=\"lazy\" class=\"alignleft wp-image-2020476 size-medium\" src=\"https:\/\/romfilatelia.ro\/magazin\/wp-content\/uploads\/2018\/05\/Miniaturisti_emis-300x146.jpg\" alt=\"\" width=\"300\" height=\"146\" \/><\/a>\u00cen <em>Anul omagial al unit\u0103\u021bii de credin\u021b\u0103 \u0219i de neam<\/em>, <strong>Romfilatelia<\/strong> introduce \u00een circula\u021bie emisiunea de m\u0103rci po\u0219tale <strong><em>Miniaturi\u0219ti \u00een arta bisericeasc\u0103<\/em><\/strong>, prin care onoreaz\u0103 opera arti\u0219tilor religio\u0219i de pe ambele creste ale Carpa\u021bilor. Pe timbrul cu valoarea nominal\u0103 de <strong>2,90 lei<\/strong> este reprodus\u0103 miniatura <em>Cina cea de tain\u0103<\/em>, realizat\u0103 \u00een anul 1653 de un artist anonim, care activa pe l\u00e2ng\u0103 Mitropolia \u021a\u0103rii Rom\u00e2ne\u0219ti de la T\u00e2rgovi\u0219te, \u00een vremea p\u0103storirii mitropolitului \u0218tefan. Timbrele cu valorile nominale de <strong>3 lei<\/strong> \u0219i <strong>15 lei<\/strong> ilustreaz\u0103 miniaturile <em>Sf\u00e2nta Treime<\/em> \u0219i <em>Hristos Pantocrator<\/em>, realizate de Picu P\u0103tru\u021b (1818-1872), artist popular din S\u0103li\u0219tea Sibiului.<\/p>\n<p>\u00cen prima jum\u0103tate a secolului al XVII-lea, domnitorul \u021a\u0103rii Rom\u00e2ne\u0219ti, Matei Basarab, a sprijinit puternic dezvoltarea culturii, mai ales editarea de carte. \u00cen demersul s\u0103u a fost ajutat \u0219i de mitropolitul \u0218tefan (c. 1600-1668), care a p\u0103storit Mitropolia de la T\u00e2rgovi\u0219te \u00eentre anii 1648-1653 \u0219i 1655-1668.<\/p>\n<p>Din grija \u0219i cu finan\u021barea mitropolitului, a fost copiat \u00een manuscris, \u00een anul 1653, <strong><em>Slujebnicul arhieresc al Mitropolitului \u0218tefan al \u021a\u0103rii Rom\u00e2ne\u0219ti<\/em><\/strong>. Slujebnicul, sau liturghierul, red\u0103, \u00een limbile slavon\u0103 \u0219i greac\u0103, rug\u0103ciunile liturgice, iar \u00een limba rom\u00e2n\u0103, r\u00e2nduielile la diferite slujbe \u0219i texte ale p\u0103rin\u021bilor bisericii. Textul este \u00eembog\u0103\u021bit cu miniaturi de o rar\u0103 frumuse\u021be, realizate de un autor anonim. Operele de art\u0103 au fost desenate, cel mai probabil, de copistul care a transcris slujebnicul.<\/p>\n<p>Miniaturile sunt realizate \u00een plin\u0103 pagin\u0103, pe jum\u0103tate sau sfert de pagin\u0103, pe frontispicii, colontitluri. De asemenea, \u00eent\u00e2lnim \u0219i ini\u021biale ornate, care au ca not\u0103 dominant\u0103 lujerul floral, \u00eempletit \u00een jurul elementelor zoomorfe, fitomorfe sau antropomorfe. Ciclul miniaturilor se construie\u0219te \u00eentr-un adev\u0103rat discurs teologic, accesibil ochiului. Paginile slujebnicului con\u021bin portrete ale lui Iisus Hristos \u0219i sfin\u021bilor, scene din via\u021b\u0103 p\u0103m\u00e2nteasc\u0103 a M\u00e2ntuitorului etc. Miniaturistul a avut ca surse de inspira\u021bie c\u0103r\u021bi religioase ortodoxe \u0219i occidentale din epoc\u0103, icoane \u0219i picturi murale.<\/p>\n<p><strong>Picu P\u0103tru\u021b<\/strong> este unul dinte cei mai importan\u021bi miniaturi\u0219ti ai Europei din secolul al XIX-lea. El s-a n\u0103scut \u00een 1818, la S\u0103li\u015ftea Sibiului, \u00eentr-o familie de oieri. A fost atras \u00eenc\u0103 de mic de via\u021ba religioas\u0103 \u0219i a manifestat interes pentru lectur\u0103. Prin intermediul oamenilor din sat care practicau transhuman\u021ba, a avut acces la c\u0103r\u021bi din toate zonele rom\u00e2nit\u0103\u021bii, ceea ce l-a ajutat s\u0103-\u0219i dezvolte o bogat\u0103 cultur\u0103 laic\u0103 \u0219i religioas\u0103.<\/p>\n<p>Deoarece avea o s\u0103n\u0103tate firav\u0103, p\u0103rin\u021bii nu l-au trimis \u00een transhuman\u021b\u0103, dup\u0103 obiceiul locului, l\u0103s\u00e2ndu-l s\u0103 activeze pe l\u00e2ng\u0103 biserica mare din S\u0103li\u0219te, ca \u201eaprinz\u0103tor de candele\u201d (cr\u00e2snic). \u0218i-a dedicat astfel \u00eentreaga via\u021b\u0103 Bisericii, perfec\u021bion\u00e2ndu-se \u00een copierea \u0219i ilustrarea cu miniaturi a c\u0103r\u021bilor sfinte. Picu P\u0103tru\u021b a scris \u0219i poezii cu tematic\u0103 religioas\u0103, iar pentru oamenii din satul s\u0103u a fost un teolog popular.<\/p>\n<p>Picu P\u0103tru\u021b a l\u0103sat posterit\u0103\u021bii peste 40 de lucr\u0103ri manuscrise, care cuprind opera sa poetic\u0103, dramatic\u0103, imnuri \u0219i copii dup\u0103 texte biserice\u0219ti, toate acestea ilustrate cu peste 3.000 de miniaturi \u00een culori. Desenele sale impresioneaz\u0103 prin fine\u021bea artistic\u0103 \u0219i tehnica special\u0103, care sunt sus\u021binute de o bun\u0103 cunoa\u0219tere a picturii religioase. Miniaturistul a realizat c\u0103, \u00eentr-o epoc\u0103 \u00een care \u0219tiin\u021ba de carte nu era la \u00eendem\u00e2na tuturor, vizualul avea \u00eent\u00e2ietate fa\u021b\u0103 de verbal. Prin reprezent\u0103rile sale, Picu P\u0103tru\u021b a deschis o poart\u0103 spre cunoa\u0219terea textului biblic, oferind posibilitatea \u00een\u021belegerii Scripturii prin imagine.<\/p>\n<p>Miniaturile sunt influen\u021bate de stilul popular din zona Sibiului: formele de relief, personajele asem\u0103n\u0103toare p\u0103storilor, cu c\u0103ciuli specifice. Sursele sale de inspira\u021bie au fost iconografia cre\u0219tin\u0103, picturile de pe bisericile din jurul S\u0103li\u0219tei, dar \u0219i stampe baroce de epoc\u0103. Opera lui Picu P\u0103tru\u021b se remarc\u0103 \u0219i prin tehnica coloristic\u0103, nuan\u021bele alese fiind discrete, nimic nu deranjeaz\u0103 privirea.<\/p>\n<p>&nbsp;<\/p>\n<p><em>Romfilatelia mul\u021bume\u0219te Bibliotecii Academiei Rom\u00e2ne pentru sprijinul documentar acordat la realizarea acestei emisiuni de m\u0103rci po\u0219tale. <\/em><\/p>\n<p><a href=\"https:\/\/romfilatelia.ro\/magazin\/wp-content\/uploads\/2018\/05\/Miniaturisti_caract.jpg\"><img decoding=\"async\" loading=\"lazy\" class=\"aligncenter size-full wp-image-2020477\" src=\"https:\/\/romfilatelia.ro\/magazin\/wp-content\/uploads\/2018\/05\/Miniaturisti_caract.jpg\" alt=\"\" width=\"900\" height=\"602\" srcset=\"https:\/\/romfilatelia.ro\/magazin\/wp-content\/uploads\/2018\/05\/Miniaturisti_caract.jpg 900w, https:\/\/romfilatelia.ro\/magazin\/wp-content\/uploads\/2018\/05\/Miniaturisti_caract-500x334.jpg 500w, https:\/\/romfilatelia.ro\/magazin\/wp-content\/uploads\/2018\/05\/Miniaturisti_caract-64x43.jpg 64w, https:\/\/romfilatelia.ro\/magazin\/wp-content\/uploads\/2018\/05\/Miniaturisti_caract-300x201.jpg 300w, https:\/\/romfilatelia.ro\/magazin\/wp-content\/uploads\/2018\/05\/Miniaturisti_caract-768x514.jpg 768w, https:\/\/romfilatelia.ro\/magazin\/wp-content\/uploads\/2018\/05\/Miniaturisti_caract-800x535.jpg 800w, https:\/\/romfilatelia.ro\/magazin\/wp-content\/uploads\/2018\/05\/Miniaturisti_caract-570x380.jpg 570w, https:\/\/romfilatelia.ro\/magazin\/wp-content\/uploads\/2018\/05\/Miniaturisti_caract-380x254.jpg 380w, https:\/\/romfilatelia.ro\/magazin\/wp-content\/uploads\/2018\/05\/Miniaturisti_caract-285x190.jpg 285w\" sizes=\"(max-width: 900px) 100vw, 900px\" \/><\/a><\/p>\n","protected":false},"excerpt":{"rendered":"<p>\u00cen Anul omagial al unit\u0103\u021bii de credin\u021b\u0103 \u0219i de neam, Romfilatelia introduce \u00een circula\u021bie emisiunea de m\u0103rci po\u0219tale Miniaturi\u0219ti \u00een arta bisericeasc\u0103, prin care onoreaz\u0103 opera arti\u0219tilor religio\u0219i de pe ambele creste ale Carpa\u021bilor. Pe timbrul cu valoarea nominal\u0103 de 2,90 lei este reprodus\u0103 miniatura Cina cea de tain\u0103, realizat\u0103 \u00een anul 1653 de un&hellip;&nbsp;<a href=\"https:\/\/romfilatelia.ro\/magazin\/produs\/colectii-anuale\/2018\/miniaturisti-in-arta-bisericeasca\/\" class=\"\" rel=\"bookmark\">Cite\u0219te mai mult &raquo;<span class=\"screen-reader-text\">MINIATURI\u0218TI \u00ceN ARTA BISERICEASC\u0102<\/span><\/a><\/p>\n","protected":false},"featured_media":2020476,"template":"","meta":{"neve_meta_sidebar":"","neve_meta_container":"","neve_meta_enable_content_width":"","neve_meta_content_width":0,"neve_meta_title_alignment":"","neve_meta_author_avatar":"","neve_post_elements_order":"","neve_meta_disable_header":"","neve_meta_disable_footer":"","neve_meta_disable_title":""},"product_cat":[161,6],"product_tag":[],"_links":{"self":[{"href":"https:\/\/romfilatelia.ro\/magazin\/wp-json\/wp\/v2\/product\/2020475"}],"collection":[{"href":"https:\/\/romfilatelia.ro\/magazin\/wp-json\/wp\/v2\/product"}],"about":[{"href":"https:\/\/romfilatelia.ro\/magazin\/wp-json\/wp\/v2\/types\/product"}],"wp:featuredmedia":[{"embeddable":true,"href":"https:\/\/romfilatelia.ro\/magazin\/wp-json\/wp\/v2\/media\/2020476"}],"wp:attachment":[{"href":"https:\/\/romfilatelia.ro\/magazin\/wp-json\/wp\/v2\/media?parent=2020475"}],"wp:term":[{"taxonomy":"product_cat","embeddable":true,"href":"https:\/\/romfilatelia.ro\/magazin\/wp-json\/wp\/v2\/product_cat?post=2020475"},{"taxonomy":"product_tag","embeddable":true,"href":"https:\/\/romfilatelia.ro\/magazin\/wp-json\/wp\/v2\/product_tag?post=2020475"}],"curies":[{"name":"wp","href":"https:\/\/api.w.org\/{rel}","templated":true}]}}