{"id":2020313,"date":"2018-04-20T05:43:40","date_gmt":"2018-04-20T03:43:40","guid":{"rendered":"https:\/\/romfilatelia.ro\/magazin\/?post_type=product&#038;p=2020313"},"modified":"2018-04-20T06:17:29","modified_gmt":"2018-04-20T04:17:29","slug":"aniversari-culturale-2018-filarmonica-george-enescu-bucuresti-150-ani-ateneul-roman-130-ani-festivalul-george-enescu-60-ani","status":"publish","type":"product","link":"https:\/\/romfilatelia.ro\/magazin\/produs\/colectii-anuale\/2018\/aniversari-culturale-2018-filarmonica-george-enescu-bucuresti-150-ani-ateneul-roman-130-ani-festivalul-george-enescu-60-ani\/","title":{"rendered":"ANIVERS\u0102RI CULTURALE 2018   FILARMONICA  \u201eGEORGE ENESCU\u201d BUCURE\u015eTI, 150 ANI  ATENEUL ROM\u00c2N, 130 ANI  FESTIVALUL \u201eGEORGE ENESCU\u201d, 60 ANI"},"content":{"rendered":"<p><a href=\"https:\/\/romfilatelia.ro\/magazin\/wp-content\/uploads\/2018\/04\/Aniv_Cult_2018_emis.jpg\"><img decoding=\"async\" loading=\"lazy\" class=\"wp-image-2020315 size-medium alignleft\" src=\"https:\/\/romfilatelia.ro\/magazin\/wp-content\/uploads\/2018\/04\/Aniv_Cult_2018_emis-300x223.jpg\" alt=\"\" width=\"300\" height=\"223\" \/><\/a>\u00cen anul Centenar al Marii Uniri din 1918, <strong>Romfilatelia<\/strong> cinste\u015fte marile valori culturale ale Rom\u00e2niei prin emisiunea de m\u0103rci po\u015ftale <strong><em>Anivers\u0103ri culturale 2018: Filarmonica \u201eGeorge Enescu\u201d Bucure\u015fti, 150 ani; Ateneul Rom\u00e2n, 130 ani; Festivalul \u201eGeorge Enescu\u201d, 60 ani<\/em><\/strong>. Pe cele trei timbre ale emisiunii sunt reproduse portretele unor personalit\u0103\u0163i care au contribuit la grandoarea muzicii clasice rom\u00e2ne\u015fti: <em>George Enescu<\/em> (1881-1955), cel mai cunoscut compozitor rom\u00e2n, pe timbrul cu valoarea nominal\u0103 de <strong>4 lei<\/strong>, <em>Eduard Wachmann<\/em> (1836-1908), fondatorul Filarmonicii, pe timbrul cu valoarea nominal\u0103 de <strong>4,5 lei<\/strong> \u015fi <em>Albert Galleron<\/em> (1846-1930), arhitectul Ateneului Rom\u00e2n, pe timbrul cu valoarea nominal\u0103 de <strong>8 lei<\/strong>.<\/p>\n<p><strong><em>Filarmonica \u201eGeorge Enescu\u201d<\/em><\/strong> a fost fondat\u0103 \u00een aprilie 1868, la ini\u0163iativa dirijorului \u015fi compozitorului Eduard Wachmann, unul dintre cei mai aprecia\u0163i arti\u015fti ai vremii, cu o activitate de 35 de ani \u00een domeniul muzicii clasice rom\u00e2ne\u015fti. Primul concert a avut loc la 15 decembrie 1868, sub bagheta ini\u0163iatorului s\u0103u. \u00cen timp, Wachmann \u015fi Filarmonica au reu\u015fit s\u0103 dezvolte cultura muzical\u0103 a elitelor rom\u00e2ne\u015fti \u015fi s\u0103 popularizeze capodoperele muzicii clasice.<\/p>\n<p>\u00cen cei 150 de ani de activitate, nume ca Eduard Wachmann, George Enescu, George Georgescu, Constantin Silvestri, Sergiu Celibidache, Cristian Mandeal, Horia Andreescu, Christian Badea alc\u0103tuiesc o continuitate a excelen\u0163ei \u00een arta dirijoral\u0103 rom\u00e2neasc\u0103. \u00cen perioada de glorie interbelic\u0103, practic nu a existat dirijor sau solist important care s\u0103 nu fi concertat la Bucure\u015fti. Dup\u0103 1990, Sergiu Celibidache a devenit directorul de onoare al Filarmonicii, iar nume precum Sergiu Comissiona, Lawrence Foster, Heinrich Schiff, Seiji Ozawa, David Jimenez Carreras \u015fi Maxim Vengerov, au readus str\u0103lucirea de odinioar\u0103 a concertelor de muzic\u0103 clasic\u0103.<\/p>\n<p>Edificiu-simbol al culturii na\u0163ionale, <strong><em>Ateneul Rom\u00e2n<\/em><\/strong> a fost construit \u00een inima Bucure\u015ftilor \u00een urm\u0103 cu 130 de ani (1886-1888). Originile institu\u0163iei se reg\u0103sesc \u00een anul 1865, c\u00e2nd Constantin Esarcu, Vasile Alexandrescu Urechea \u015fi Nicolae Kretzulescu au \u00eenfiin\u0163at Societatea Literar\u0103 \u201eAteneul Rom\u00e2n\u201d, cu scopul educ\u0103rii claselor sociale de mijloc, prin intermediul unor cursuri \u015fi conferin\u0163e publice.<\/p>\n<p>Palatul Ateneului Rom\u00e2n s-a cl\u0103dit cu banii dintr-o subscrip\u0163ie public\u0103, folosindu-se sloganul <em>\u201eDa\u0163i un leu pentru Ateneu!\u201d<\/em>. Creatorul acestui a\u015fez\u0103m\u00e2nt de cultur\u0103 este arhitectul francez Albert Galleron, celebru \u00een epoc\u0103 pentru edificiile publice \u015fi private pe care le-a construit, printre care vechiul palat al B\u0103ncii Na\u0163ionale a Rom\u00e2niei. Galleron a colaborat pentru construc\u0163ia Ateneului cu cei mai aprecia\u0163i arhitec\u0163ii rom\u00e2ni ai timpului, printre care Alexandru Or\u0103scu, Ion Mincu, Ion Socolescu, Grigore Cerkez etc. Inspirat din vechile temple grece\u015fti, edificiul surprinde la prima vedere printr-o colonad\u0103 istoric\u0103 ce sus\u0163ine un fronton triunghiular. Acustica excep\u0163ional\u0103 a Ateneului Rom\u00e2n a plasat sala de concerte printre cele mai reu\u015fite construc\u0163ii de acest gen din lume.<\/p>\n<p>Grandoarea edificiului este suplimentat\u0103 \u015fi de <strong><em>fresca<\/em><\/strong> din sala de concerte, care ilustreaz\u0103 momentele emblematice ale istoriei na\u0163ionale. Opera \u00eei apar\u0163ine lui Costin Petrescu (1872-1954), un artist remarcabil \u00een tehnica picturii murale, care a realizat \u00een perioada interbelic\u0103 fresce de mari dimensiuni pentru edificii publice \u015fi religioase. Tot el a conceput \u015fi mantia regal\u0103 pe care Regele Ferdinand I a purtat-o la \u00cencoronarea de la Alba Iulia, din 15 octombrie 1922. Ve\u015fm\u00e2ntul a fost inspirat din costumul de gal\u0103 al domnitorilor medievali rom\u00e2ni.<\/p>\n<p>Fresca de la Ateneul Rom\u00e2n \u00eenf\u0103\u0163i\u015feaz\u0103 25 de episoade importante din istoria romanilor, \u00eencep\u00e2nd cu venirea romanilor \u015fi \u00eenfruntarea cu dacii, formarea poporului rom\u00e2n, faptele de vitejie ale voievozilor medievali, p\u00e2n\u0103 la crearea Rom\u00e2niei moderne \u015fi Marea Unire din 1918.<\/p>\n<p><strong><em>Festivalul Interna\u0163ional \u201eGeorge Enescu\u201d<\/em><\/strong> este cea mai prestigioas\u0103 manifestare muzical\u0103 g\u0103zduit\u0103 de Rom\u00e2nia. Prima edi\u0163ie a avut loc \u00een septembrie 1958, dup\u0103 trei ani de la moartea lui George Enescu. La evenimentul inaugural au participat nume mari ale muzicii clasice mondiale, precum violoni\u015ftii Yehudi Menuhin \u015fi David Oistrah, sau dirijorii Sir John Barbirolli \u015fi Carlo Felice Cillario. \u00cen anii \u201970, anvergura interna\u0163ional\u0103 a festivalului s-a diminuat, \u00eens\u0103 odat\u0103 cu edi\u0163ia din 1991 au reap\u0103rut \u00een repertoriu nume mari ale muzicii clasice mondiale.<\/p>\n<p>Pe vinietele minicolilor este reprodus unul dintre afi\u015fele primei edi\u021bii a Festivalului \u201eGeorge Enescu\u201d, precum \u015fi portretele lui Constantin Silvestri (1913-1969), unul dintre cei mai importan\u0163i dirijori ai secolului al XX-lea \u015fi cel al lui Constantin Esarcu (1836-1898), ini\u0163iator al Societ\u0103\u0163ii Literare \u201eAteneul Rom\u00e2n\u201d. Man\u015feta minicolilor ilustreaz\u0103 fresca din sala de concerte a Ateneului Rom\u00e2n.<\/p>\n<p>&nbsp;<\/p>\n<p><em>Romfilatelia mul\u0163ume\u015fte Filarmonicii \u201eGeorge Enescu\u201d Bucure\u015fti, Bibliotecii Academiei Rom\u00e2ne \u015fi Muzeului Na\u0163ional \u201eGeorge Enescu\u201d pentru sprijinul acordat la realizarea acestei emisiuni de m\u0103rci po\u015ftale, precum \u015fi fotografilor Lucian Tudose \u015fi Ioana Chiri\u0163\u0103. <\/em><\/p>\n<p>&nbsp;<\/p>\n<p><img decoding=\"async\" loading=\"lazy\" class=\"aligncenter wp-image-2020314 size-full\" src=\"https:\/\/romfilatelia.ro\/magazin\/wp-content\/uploads\/2018\/04\/Aniv_Cult_2018_caract.jpg\" alt=\"\" width=\"900\" height=\"601\" srcset=\"https:\/\/romfilatelia.ro\/magazin\/wp-content\/uploads\/2018\/04\/Aniv_Cult_2018_caract.jpg 900w, https:\/\/romfilatelia.ro\/magazin\/wp-content\/uploads\/2018\/04\/Aniv_Cult_2018_caract-500x334.jpg 500w, https:\/\/romfilatelia.ro\/magazin\/wp-content\/uploads\/2018\/04\/Aniv_Cult_2018_caract-64x43.jpg 64w, https:\/\/romfilatelia.ro\/magazin\/wp-content\/uploads\/2018\/04\/Aniv_Cult_2018_caract-300x200.jpg 300w, https:\/\/romfilatelia.ro\/magazin\/wp-content\/uploads\/2018\/04\/Aniv_Cult_2018_caract-768x513.jpg 768w, https:\/\/romfilatelia.ro\/magazin\/wp-content\/uploads\/2018\/04\/Aniv_Cult_2018_caract-800x534.jpg 800w, https:\/\/romfilatelia.ro\/magazin\/wp-content\/uploads\/2018\/04\/Aniv_Cult_2018_caract-570x380.jpg 570w, https:\/\/romfilatelia.ro\/magazin\/wp-content\/uploads\/2018\/04\/Aniv_Cult_2018_caract-380x254.jpg 380w, https:\/\/romfilatelia.ro\/magazin\/wp-content\/uploads\/2018\/04\/Aniv_Cult_2018_caract-285x190.jpg 285w\" sizes=\"(max-width: 900px) 100vw, 900px\" \/><\/p>\n<p>&nbsp;<\/p>\n","protected":false},"excerpt":{"rendered":"<p>\u00cen anul Centenar al Marii Uniri din 1918, Romfilatelia cinste\u015fte marile valori culturale ale Rom\u00e2niei prin emisiunea de m\u0103rci po\u015ftale Anivers\u0103ri culturale 2018: Filarmonica \u201eGeorge Enescu\u201d Bucure\u015fti, 150 ani; Ateneul Rom\u00e2n, 130 ani; Festivalul \u201eGeorge Enescu\u201d, 60 ani. Pe cele trei timbre ale emisiunii sunt reproduse portretele unor personalit\u0103\u0163i care au contribuit la grandoarea muzicii&hellip;&nbsp;<a href=\"https:\/\/romfilatelia.ro\/magazin\/produs\/colectii-anuale\/2018\/aniversari-culturale-2018-filarmonica-george-enescu-bucuresti-150-ani-ateneul-roman-130-ani-festivalul-george-enescu-60-ani\/\" class=\"\" rel=\"bookmark\">Cite\u0219te mai mult &raquo;<span class=\"screen-reader-text\">ANIVERS\u0102RI CULTURALE 2018   FILARMONICA  \u201eGEORGE ENESCU\u201d BUCURE\u015eTI, 150 ANI  ATENEUL ROM\u00c2N, 130 ANI  FESTIVALUL \u201eGEORGE ENESCU\u201d, 60 ANI<\/span><\/a><\/p>\n","protected":false},"featured_media":2020315,"template":"","meta":{"neve_meta_sidebar":"","neve_meta_container":"","neve_meta_enable_content_width":"","neve_meta_content_width":0,"neve_meta_title_alignment":"","neve_meta_author_avatar":"","neve_post_elements_order":"","neve_meta_disable_header":"","neve_meta_disable_footer":"","neve_meta_disable_title":""},"product_cat":[161,6],"product_tag":[],"_links":{"self":[{"href":"https:\/\/romfilatelia.ro\/magazin\/wp-json\/wp\/v2\/product\/2020313"}],"collection":[{"href":"https:\/\/romfilatelia.ro\/magazin\/wp-json\/wp\/v2\/product"}],"about":[{"href":"https:\/\/romfilatelia.ro\/magazin\/wp-json\/wp\/v2\/types\/product"}],"wp:featuredmedia":[{"embeddable":true,"href":"https:\/\/romfilatelia.ro\/magazin\/wp-json\/wp\/v2\/media\/2020315"}],"wp:attachment":[{"href":"https:\/\/romfilatelia.ro\/magazin\/wp-json\/wp\/v2\/media?parent=2020313"}],"wp:term":[{"taxonomy":"product_cat","embeddable":true,"href":"https:\/\/romfilatelia.ro\/magazin\/wp-json\/wp\/v2\/product_cat?post=2020313"},{"taxonomy":"product_tag","embeddable":true,"href":"https:\/\/romfilatelia.ro\/magazin\/wp-json\/wp\/v2\/product_tag?post=2020313"}],"curies":[{"name":"wp","href":"https:\/\/api.w.org\/{rel}","templated":true}]}}