{"id":2019592,"date":"2017-12-19T20:11:12","date_gmt":"2017-12-19T18:11:12","guid":{"rendered":"https:\/\/romfilatelia.ro\/magazin\/?post_type=product&#038;p=2019592"},"modified":"2017-12-19T20:17:57","modified_gmt":"2017-12-19T18:17:57","slug":"stele-ale-scenei-si-ecranului-bucurestiul-artistic","status":"publish","type":"product","link":"https:\/\/romfilatelia.ro\/magazin\/produs\/colectii-anuale\/2017\/stele-ale-scenei-si-ecranului-bucurestiul-artistic\/","title":{"rendered":"STELE ALE SCENEI \u0218I ECRANULUI  Bucure\u015ftiul artistic"},"content":{"rendered":"<p><a href=\"https:\/\/romfilatelia.ro\/magazin\/wp-content\/uploads\/2017\/12\/Stele_3_emis.jpg\"><img decoding=\"async\" loading=\"lazy\" class=\"alignleft wp-image-2019595 size-medium\" src=\"https:\/\/romfilatelia.ro\/magazin\/wp-content\/uploads\/2017\/12\/Stele_3_emis-300x300.jpg\" alt=\"\" width=\"300\" height=\"300\" \/><\/a><strong>Romfilatelia<\/strong> dedic\u0103 emisiunea de m\u0103rci po\u0219tale <strong><em>Stele ale scenei \u0219i ecranului<\/em><\/strong> unora dintre cei mai aprecia\u0163i \u0219i \u00eendr\u0103gi\u0163i actori rom\u00e2ni, care, de-a lungul carierei lor, au promovat valorile culturale, contribuind la crearea Bucure\u0219tiului artistic.<\/p>\n<p>Timbrele, fiecare cu valoarea nominal\u0103 de <strong>8 lei<\/strong>, ilustreaz\u0103 portretele actorilor <em>Maia Morgenstern, Oana Pellea, Lumini\u0163a Gheorghiu, George Mih\u0103i\u0163\u0103, Hora\u0163iu M\u0103l\u0103ele <\/em>\u0219i <em>Marcel Iure\u0219<\/em>, personalit\u0103\u0163i ale scenei \u0219i ecranului rom\u00e2nesc.<\/p>\n<p>Cunoscuta \u0219i \u00eendr\u0103gita actri\u0163\u0103 <strong><em>Maia Morgenstern<\/em><\/strong> s-a n\u0103scut \u00een prima zi a lunii mai, \u00een anul 1962. Dup\u0103 absolvirea <em>Institutului de Art\u0103 Teatral\u0103 \u0219i Cinematografic\u0103<\/em>, \u00een 1985, la clasa profesorului Dem R\u0103dulescu, a jucat pe scena Teatrului Tineretului din Piatra Neam\u0163.<\/p>\n<p>La Teatrul Evreiesc de Stat, unde este manager din 2012, a interpretat roluri remarcabile \u00een <em>Ast\u0103 sear\u0103: Lola Blau<\/em>, <em>Jocul Regilor<\/em>, <em>Miss Daisy \u0219i \u0219oferul ei<\/em> sau <em>Parcheaz\u0103 ma\u0219ina la Harvard.<\/em> Pe scena Teatrului Na\u0163ional Bucure\u0219ti a avut roluri \u00een <em>Visul unei nop\u0163i de var\u0103<\/em>, <em>Vizita b\u0103tr\u00e2nei doamne<\/em>,<em> Livada de vi\u0219ini<\/em>,<em> Ecaterina cea Mare <\/em>sau <em>Burghezul gentilom<\/em>, iar la Teatrul Metropolis \u00een <em>Jubileul<\/em>, <em>O noapte furtunoas\u0103 <\/em>etc. Are colabor\u0103ri \u0219i cu alte teatre, din Bucure\u0219ti \u0219i din \u0163ar\u0103 <em>\u2013 <\/em>Teatrul Bulandra, Teatrul Odeon, Teatrul Mic, Teatrul Na\u0163ional \u201eRadu Stanca\u201d din Sibiu<em>, <\/em>precum \u0219i cu alte personalit\u0103\u0163i din lumea teatrului \u0219i filmului din str\u0103in\u0103tate<em>. <\/em><\/p>\n<p>O putem vedea \u00een filme precum <em>Secretul lui Bachus<\/em>,<em> Balan\u0163a<\/em>,<em> Cel mai iubit dintre p\u0103m\u00e2nteni<\/em>, <em>Orient Express<\/em>,<em> Patimile lui Hristos<\/em>,<em> Sf\u00e2r\u0219itul t\u0103cerii<\/em>,<em> Secretul lui Polichinelle<\/em> sau<em> Domni\u0219oara Christina<\/em>.<\/p>\n<p>Talentul \u0219i munca ne\u00eencetat\u0103 i-au fost r\u0103spl\u0103tite cu numeroase premii \u0219i distinc\u0163ii, dintre care amintim: <em>Premiul pentru cea mai bun\u0103 actri\u0163\u0103<\/em> la Festivalul Emma (Londra), pentru rolul <em>Maria<\/em> din<em> Patimile lui Hristos<\/em>, <em>Ursul de Argint<\/em> la Festivalul Filmului de la Berlin \u0219i <em>Premiul Felix <\/em>al <em>Academiei Europene de Film<\/em>, pentru rolul <em>Nela<\/em> din filmul <em>Balan\u0163a<\/em>, <em>Premiul UNITER <\/em>pentru C<em>ea mai bun\u0103 actri\u0163\u0103<\/em>, pentru rolul <em>Medeea<\/em>, din <em>Trilogia antic\u0103<\/em>, \u0219i <em>Lola Blau<\/em> din <em>Ast\u0103 sear\u0103: Lola Blau<\/em>, <em>Ordinul Artelor \u0219i Literelor \u00een grad de Cavaler<\/em>, \u00een Fran\u0163a, <em>Ordinul Regal \u201eNihil Sine Deo\u201d<\/em>. Parlamentul European de la Strasbourg o desemneaz\u0103 \u00een anul 2003 <em>Actri\u0163a \u0219i Femeia anului<\/em>. \u00cen 2017 prime\u0219te titlul de <em>Doctor Honoris Causa Artis <\/em>din partea Universit\u0103\u0163ii de Vest din Timi\u0219oara.<\/p>\n<p>N\u0103scut\u0103 la 29 ianuarie 1962, \u00een Bucure\u0219ti, <strong>Oana Pellea<\/strong> a studiat la <em><a href=\"https:\/\/ro.wikipedia.org\/wiki\/Institutul_de_Art%C4%83_Teatral%C4%83_%C8%99i_Cinematografic%C4%83\">Institutul de Art\u0103 Teatral\u0103 \u0219i Cinematografic\u0103<\/a><\/em>, promo\u0163ia 1984, la clasa Sandei Manu. \u00cen perioada 1984-1987 a fost actri\u0163\u0103 la Teatrul din <a href=\"https:\/\/ro.wikipedia.org\/wiki\/Piatra_Neam%C8%9B\">Piatra Neam\u0163<\/a>, iar din 1987 p\u00e2n\u0103 \u00een 1999 a jucat la <a href=\"https:\/\/ro.wikipedia.org\/wiki\/Teatrul_Bulandra\">Teatrul Bulandra<\/a>.<\/p>\n<p>Cariera Oanei Pellea cuprinde peste 40 de roluri importante \u00een teatru: Ma\u0219a <em>(Trei Surori)<\/em>, Lucius <em>(Iulius Cezar)<\/em>, Julieta <em>(Mefisto)<\/em>, Catarina <em>(\u00cembl\u00e2nzirea scorpiei)<\/em>, Drussila <em>(Caligula)<\/em> etc.<\/p>\n<p>De asemenea, actri\u0163a a jucat \u00een 20 de filme, unele dintre ele produc\u0163ii interna\u0163ionale, printre care se num\u0103r\u0103 <em>Faleze de nisip<\/em>, <em>Cu dragoste, Rita<\/em> <em>(With Love, Rita)<\/em>, <em>Camera ascuns\u0103<\/em>, <em>\u00cemi ur\u0103sc meseria<\/em> <em>(I Really Hate My Job)<\/em>,<em> Cu un pas \u00eenainte<\/em>,<em> Biblioteca Pascal (Biblioteque Pascal)<\/em> sau <em>Foc \u015fi ghea\u0163\u0103: Cronicile dragonului<\/em> (<em>Fire &amp; Ice: The Dragon Chronicles).<\/em> \u00cen 2006 a jucat al\u0103turi de actorii Clive Owen \u0219i Julianne Moore \u00een filmul <em>Children of Men<\/em>, regizat de Alfonso Cuar\u00f3n.<\/p>\n<p>Academia Rom\u00e2n\u0103 i-a acordat actri\u0163ei premiul <em>Aristizza Romanescu<\/em> pentru cariera teatral\u0103 \u0219i cinematografic\u0103.<\/p>\n<p>Majestatea Sa, Regele Mihai I al Rom\u00e2niei, i-a conferit Oanei Pellea decora\u0163ia <em>Crucea Casei Regale a Rom\u00e2niei<\/em>, la 25 octombrie 2012.<\/p>\n<p>Uniunea Teatral\u0103 din Rom\u00e2nia (UNITER) i-a decernat de dou\u0103 ori Premiul pentru<em> Cea mai bun\u0103 actri\u0163\u0103<\/em>, iar Funda\u0163ia Cultural\u0103 Rom\u00e2n\u0103 i-a acordat Premiul pentru<em> Cariera Interna\u0163ional\u0103 Remarcabil\u0103<\/em>. De asemenea, a primit numeroase premii interna\u0163ionale pentru rolul principal din <em>Stare de fapt<\/em>, regia <a href=\"https:\/\/ro.wikipedia.org\/wiki\/Stere_Gulea\">Stere Gulea<\/a>, inclusiv premiile pentru <em>Cea mai bun\u0103 Actri\u0163\u0103<\/em> la Festivalul de Film de la <a href=\"https:\/\/ro.wikipedia.org\/wiki\/Geneva\">Geneva<\/a>, la Festivalul Filmului Politic de la <a href=\"https:\/\/ro.wikipedia.org\/wiki\/San_Marino\">San Marino<\/a> \u0219i la Festivalul Interna\u0163ional de Film \u201eVulturul de Aur\u201d din <a href=\"https:\/\/ro.wikipedia.org\/wiki\/Batumi\">Batumi<\/a>, Georgia.<\/p>\n<p>Una dintre cele mai apreciate \u0219i premiate actri\u0163e din Rom\u00e2nia, <strong><em>Lumini\u0163a Gheorghiu<\/em><\/strong>, s-a n\u0103scut la 1 septembrie 1949 \u0219i a absolvit \u00een 1972 <em>Institutul de Art\u0103 Teatral\u0103 \u0219i Cinematografic\u0103<\/em>. Debuteaz\u0103 \u00een timpul facult\u0103\u0163ii pe scena Studioului Casandra, iar \u00een perioada 1972-1975 joac\u0103 la Teatrul \u201eMihai Eminescu\u201d din Boto\u0219ani \u0219i Teatrul Tineretului din Piatra Neam\u0163. Din 1975 p\u00e2n\u0103 \u00een 2003 este actri\u0163\u0103 a Teatrului Bulandra din Bucure\u0219ti.<\/p>\n<p>\u00cen teatru s-a remarcat \u00een spectacole precum <em>Pelicanul<\/em> de Strindberg, <em>R\u0103ceala<\/em> de Marin Sorescu, <em>Unchiul Vanea <\/em>\u0219i <em>Trei surori<\/em> de Cehov, <em>Poveste de iarn\u0103<\/em> de Shakespeare, <em>Baba care-ascult\u0103 Abba<\/em> de Catherine Aigner.<\/p>\n<p>Atras\u0103 \u00een egal\u0103 m\u0103sur\u0103 de teatru \u0219i film, actri\u0163a a pus bazele carierei sale cinematografice cu rolul <em>Catrina<\/em> din <em>Morome\u0163ii<\/em>. Recunoa\u0219terea la nivel interna\u0163ional vine odat\u0103 cu apari\u0163ia \u00een <em>Moartea domnului L\u0103z\u0103rescu<\/em>, dar \u0219i cu ocazia colabor\u0103rii cu regizorul Michael Haneke, \u00een <em>Cod necunoscut<\/em>, precum \u0219i \u00een <em>Timpul Lupilor<\/em>. Filmografia sa, cu peste 35 de roluri, i-a adus numeroase premii:<em> Premiul de Excelen\u0163\u0103<\/em> (Festivalul Interna\u0163ional de Film de la Ia\u0219i, 2009, Festivalul TIFF, 2013), Premiul Municipiului Bucure\u0219ti pentru <em>Cea mai bun\u0103 actri\u0163\u0103 \u00een stagiunea teatral\u0103 2008-2009<\/em>, <em>Premiul de Onoare<\/em> pentru merite extraordinare aduse Cinematografiei Rom\u00e2ne\u0219ti (GE-FO-RUM&amp;Filmmuseum M\u00fcnchen, 2013), Premiul pentru <em>Cea mai bun\u0103 actri\u0163\u0103<\/em> \u0219i <em>Premiul Academic<\/em> \u00een cadrul Galei UCIN 2013, pentru rolul din <em>Pozi\u0163ia Copilului<\/em> \u0219i <em>Sunt o bab\u0103 comunist\u0103! <\/em><\/p>\n<p>Lumini\u0163a Gheorghiu a primit \u0219i o nominalizare \u00een cadrul <em>European Film Awards 2013<\/em>, pentru rolul din <em>Pozi\u0163ia Copilului<\/em>, film care a fost premiat cu <em>Ursul de Aur<\/em> la Festivalul Interna\u0163ional de Film de la Berlin.<\/p>\n<p><strong><em>George Mih\u0103i\u0163\u0103<\/em><\/strong>, n\u0103scut la 23 septembrie 1948, este un actor emblematic al scenei rom\u00e2ne\u0219ti, care s-a remarcat \u00een teatru \u0219i film prin talent, expresivitate facial\u0103, dar \u0219i prin vocea distinctiv\u0103. Din 2002 este directorul Teatrului de Comedie.<\/p>\n<p>A studiat Arta Actorului la <em>Institutul de Art\u0103 Teatral\u0103 \u0219i Cinematografic\u0103<\/em> din Bucure\u0219ti \u0219i a absolvit \u00een anul 1971.<\/p>\n<p><em>O scrisoare pierdut\u0103<\/em>, <em>Pe\u0163itoarea<\/em>,<em> Livada de vi\u0219ini<\/em>, <em>M\u0103seaua de minte<\/em>, <em>12 oameni furio\u0219i<\/em>, <em>O noapte furtunoas\u0103<\/em>,<em> Poker<\/em>, <em>P\u0103l\u0103ria florentin\u0103 <\/em>\u2013 sunt doar c\u00e2teva dintre piesele de teatru din repertoriul artistului. Cu spectacolul <em>Revizorul <\/em>de N.V. Gogol, \u00een regia lui Hora\u0163iu M\u0103l\u0103ele, \u00een care joac\u0103 rolul<em> Primarul<\/em>, George Mih\u0103i\u0163\u0103 a participat la numeroase festivaluri europene.<\/p>\n<p>Rolul <em>Vuic\u0103<\/em> din<em> Reconstituirea<\/em>, pelicul\u0103 aleas\u0103 de Asocia\u0163ia Criticilor de Film drept cel mai bun film rom\u00e2nesc din toate timpurile, a fost prima sa apari\u0163ie \u00eentr-un film \u0219i, totodat\u0103, rolul care l-a propulsat \u00een carier\u0103.<\/p>\n<p>\u00cen cei 45 de ani de activitate a fost distribuit \u00een peste 70 de filme: <em>Accidentul<\/em>,<em> Omul zilei<\/em>, <em>Veronica<\/em>,<em> Undeva la Palilula<\/em>,<em> Supravie\u0163uitorul<\/em>,<em> Nunt\u0103 mut\u0103<\/em> etc.<\/p>\n<p>Talentul \u0219i pasiunea puse \u00een slujba scenei i-au adus numeroase premii, precum: <em>Cel mai bun actor 2010<\/em> (Gala UNITER pentru rolul <em>Ametistov<\/em> din piesa <em>Casa Zoik\u0103i<\/em>), <em>Cel mai bun actor 2007<\/em> (Festivalul Na\u0163ional de Comedie, Gala\u0163i \u0219i Festivalul JoakimInterFest, Kragujevac, Serbia, pentru rolul <em>Primarul<\/em> din spectacolul <em>Revizorul<\/em>).<\/p>\n<p>Ca fondator \u0219i pre\u0219edinte al <em>Clubului UNESCO Adolescen\u021bii<\/em>, s-a implicat \u00een acest domeniu \u0219i a \u00eenfiin\u021bat Festivalul de Teatru pentru Liceeni <em>Jos P\u0103l\u0103ria<\/em>.<\/p>\n<p>\u00cen 2002 a fost decorat cu <em>Ordinul Na\u0163ional Serviciul Credincios \u00een grad de Cavaler<\/em> \u201epentru devotamentul \u0219i harul artistic puse \u00een slujba teatrului rom\u00e2nesc\u201d.<\/p>\n<p>N\u0103scut la data de 1 august 1952, la T\u00e2rgu-Jiu, absolvent al <em>Institutului de Art\u0103 Teatral\u0103 \u0219i Cinematografic\u0103<\/em> \u00een 1975, clasa Octavian Cotescu, <strong><em>Hora\u0163iu M\u0103l\u0103ele<\/em><\/strong> este un reputat actor, regizor, caricaturist \u0219i scriitor rom\u00e2n, cu o activitate deosebit\u0103 \u00een teatru \u0219i film, unde a interpretat numeroase roluri.<\/p>\n<p>\u00cen teatru a jucat roluri devenite celebre \u00een: <em>Slug\u0103 la doi st\u0103p\u00e2ni<\/em> \u0219i <em>Mincinosul<\/em> de Carlo Goldoni, <em>Familia T\u00f3t <\/em>de Istv\u00e1n \u00d6rk\u00e9ny, <em>Karamazovii <\/em>dup\u0103 Dostoievski, <em>Scapino<\/em> de Moli\u010dre, <em>Teatru descompus<\/em> de Matei Vi\u0219niec, <em>Sinuciga\u0219ul <\/em>de Nicolai Erdman, <em>Unchiul Vanea<\/em> de Cehov, <em>Dineu cu pro\u0219ti<\/em> de Veber etc.<\/p>\n<p>\u00cen 2009, la Teatrul Na\u0163ional Bucure\u0219ti, regizeaz\u0103 primul spectacol din carier\u0103, <em>Lec\u0163ia<\/em> de Eug\u010dne Ionesco. Ulterior, pune \u00een scen\u0103 <em>Puricele<\/em> de Georges Feydeau, <em>Poiana boilor <\/em>\u0219i <em>Masc\u0103riciul<\/em> dup\u0103 Cehov, <em>Cafeneaua<\/em> dup\u0103 Sam Bobrik, <em>Revizorul<\/em> de Gogol, <em>Shylock <\/em>dup\u0103 Gareth Armstrong etc.<\/p>\n<p>De-a lungul carierei, Hora\u0163iu M\u0103l\u0103ele a ob\u0163inut numeroase distinc\u0163ii: Premiul Asocia\u0163iei Umori\u0219tilor Rom\u00e2ni pentru interpretare (1993), pentru <em>Puricele<\/em>, <em>Premiul pentru regie <\/em>la Festivalul comediei rom\u00e2ne\u0219ti (1994) \u0219i <em>Premiul special al juriului <\/em>la Festivalul de Teatru Contemporan (Bra\u0219ov, 1996), Premiul pentru<em> Cel mai bun spectacol<\/em> la Festivalul Na\u0163ional de Comedie, pentru spectacolul <em>Bani din cer<\/em> (Gala\u0163i, 2001). La Festivalul Comediei Rom\u00e2ne\u0219ti \u201efestCO 2010\u201d, edi\u0163ia a VIII-a, Hora\u0163iu M\u0103l\u0103ele a primit Premiul pentru <em>Cel mai bun actor \u00een rol principal<\/em>, pentru rolul <em>Profesorul <\/em>din spectacolul <em>Lec\u0163ia<\/em>, de Eug\u010dne Ionesco \u0219i, pentru acela\u0219i spectacol, <em>Premiul pentru cea mai bun\u0103 regie<\/em>. Palmaresul actorului include dou\u0103 Premii UNITER: <em>Cel mai Bun Actor<\/em> \u00een 1992, pentru rolul <em>Lelio <\/em>din piesa<em> Mincinosul, <\/em>interpretat pe scena Teatrului Odeon \u0219i <em>Cel mai Bun Actor<\/em> \u00een 1998, pentru rolul K. M\u00fcller din piesa<em> Unde-i revolverul?<\/em>, \u00een montarea Teatrului Nottara.<\/p>\n<p>\u00cen filme \u00eel reg\u0103sim \u00een <em>Divor\u0163\u2026 din dragoste<\/em>,<em> Aceast\u0103 lehamite<\/em>, <em>Tic\u0103lo\u0219ii<\/em>, <em>Amen<\/em>,<em> Morome\u0163ii<\/em> etc.<\/p>\n<p>\u00cen 2012, actorului i-a fost conferit <em>Premiul de Excelen\u0163\u0103 pentru \u00eentreaga carier\u0103<\/em> la Festivalul Interna\u0163ional de Film \u201eComedy Cluj\u201d. \u00cen acela\u0219i an, \u00eendr\u0103gitul actor a primit o stea pe <em>Aleea Celebrit\u0103\u0163ilor <\/em>din Pia\u0163a Timpului din Bucure\u0219ti.<\/p>\n<p>\u00cen 2002, a lansat cartea <em>Hora\u021biu despre M\u0103l\u0103ele<\/em>, care cuprinde texte, fotografii, reproduceri de grafic\u0103 despre via\u0163a \u0219i activitatea teatral\u0103 sau plastic\u0103 a artistului. De asemenea, este autorul volumelor <em>O poveste cu Hora\u0163iu<\/em> \u0219i <em>R\u0103t\u0103ciri<\/em>. \u00cen ceea ce prive\u0219te activitatea sa de caricaturist \u0219i grafician, Hora\u0163iu M\u0103l\u0103ele a avut zeci de expozi\u0163ii na\u0163ionale \u0219i interna\u0163ionale \u0219i a publicat mii de caricaturi \u0219i desene. A expus la M\u00fcnchen, Paris, Vene\u0163ia, San Francisco, Montevideo etc.<\/p>\n<p><strong><em>Marcel Iure\u0219<\/em><\/strong>, n\u0103scut la data de 2 august 1951, a absolvit \u00een 1978 <em>Institutul de Art\u0103 Teatral\u0103 \u0219i Cinematografic\u0103 <\/em>din Bucure\u0219ti \u0219i s-a remarcat prin talent \u0219i prezen\u021b\u0103 scenic\u0103.<\/p>\n<p>\u00cen perioada 1978-1980 a jucat la Teatrul Na\u0163ional Cluj-Napoca, urm\u00e2nd ca dup\u0103 1980 s\u0103 joace pe scena teatrelor Bulandra \u0219i Odeon din Bucure\u0219ti.<\/p>\n<p>Pe scen\u0103 se afirm\u0103 \u00een piese precum <em>Romeo \u0219i Julieta<\/em>, <em>Cum v\u0103 place<\/em>,<em> Hamlet<\/em>, <em>Richard al III-lea<\/em>, <em>O noapte furtunoas\u0103<\/em>, sau \u00een rolul principal din <em>Caligula<\/em>.<\/p>\n<p>Presta\u0163ia sa cinematografic\u0103 este una de seam\u0103, actorul cre\u00e2nd roluri de neuitat \u00een <em>Castelul din Carpa\u021bi<\/em>,<em> S\u0103 mori r\u0103nit din dragoste de via\u021b\u0103<\/em>,<em> Domni\u0219oara Aurica<\/em>,<em> Balan\u021ba<\/em>,<em> Fii cu ochii pe fericire<\/em>,<em> Amen<\/em>,<em> Tat\u0103l fantom\u0103<\/em>,<em> 3 p\u0103ze\u0219te<\/em> etc.<\/p>\n<p>Talentul i-a deschis por\u0163ile Hollywood-ului, unde joac\u0103 al\u0103turi de celebrit\u0103\u0163i ale cinematografiei americane: \u00een <em>Misiune Imposibil\u0103<\/em>, al\u0103turi de Tom Cruise <em>(Mission: imposible)<\/em>, cu Nicole Kidman \u0219i George Clooney \u00een <em>Pacificatorul<\/em> <em>(The Peacemaker)<\/em>, iar \u00een <em>R\u0103zboiul lui Tom Hart<\/em> <em>(<\/em><em><a href=\"https:\/\/www.cinemagia.ro\/filme\/harts-war-razboiul-lui-tom-hart-2674\/\">Hart\u2019s War<\/a>)<\/em> \u00eei are ca parteneri pe Bruce Willis \u0219i Colin Farrell.<\/p>\n<p>De-a lungul carierei a fost r\u0103spl\u0103tit cu numeroase premii: Premiul pentru<em> Cel mai bun actor \u00een rolul titular<\/em> (Galele Premiilor UNITER 1999 \u0219i 2002), Premiul pentru<em> Excelen\u021b\u0103<\/em> (Gala Premiilor UNITER 2004), Trofeul pentru <em>Cea mai important\u0103 personalitate a teatrului rom\u00e2nesc<\/em> (oferit de Funda\u021bia pentru Teatru \u0219i Film Tofan, \u00een 2001), Marele Premiu<em> Flac\u0103ra<\/em> (\u00een cadrul unei Gale organizate la Teatrul Na\u021bional Bucure\u0219ti, noiembrie 2008).<\/p>\n<p>\u00cen 1995, Marcel Iure\u0219 pune bazele Funda\u021biei Cultural Artistice <em>Teatrul ACT<\/em>, prima institu\u0163ie cultural-artistic\u0103 independent\u0103 din Romania, cu sal\u0103 proprie, multifunc\u0163ional\u0103, destinat\u0103 spectacolelor de teatru, muzic\u0103, film, dans \u0219i expozi\u0163ii. Sala a fost inaugurat\u0103 \u00een luna septembrie 1998.<\/p>\n<p>\u00cen 2012, la ceremonia decern\u0103rii trofeelor <em>Oscar rom\u00e2nesc<\/em> \u2013<em> pentru excelen\u021b\u0103<\/em>, Marcel Iure\u0219 s-a num\u0103rat printre personalit\u0103\u021bile cu rezultate deosebite \u00een diverse domenii de activitate c\u0103rora le-a fost decernat\u0103 o astfel de distinc\u0163ie \u2013 o statuet\u0103 de metal suflat\u0103 cu aur, replic\u0103 modificat\u0103 a celebrului Oscar american.<\/p>\n<p><em>\u00a0<\/em><em>Mul\u0163umim tuturor actorilor pentru sprijinul acordat la realizarea acestei emisiuni de m\u0103rci po\u0219tale \u0219i le transmitem \u00eentreaga noastr\u0103 admira\u0163ie \u0219i recuno\u0219tin\u0163\u0103 pentru tot ceea ce au realizat \u00een teatru \u0219i cinematografie, precum \u0219i pentru promovarea valorilor culturale ale Rom\u00e2niei peste hotare. <\/em><\/p>\n<p><img decoding=\"async\" loading=\"lazy\" class=\"aligncenter wp-image-2019596 size-full\" src=\"https:\/\/romfilatelia.ro\/magazin\/wp-content\/uploads\/2017\/12\/Stele_3_caract.jpg\" alt=\"\" width=\"811\" height=\"900\" srcset=\"https:\/\/romfilatelia.ro\/magazin\/wp-content\/uploads\/2017\/12\/Stele_3_caract.jpg 811w, https:\/\/romfilatelia.ro\/magazin\/wp-content\/uploads\/2017\/12\/Stele_3_caract-500x555.jpg 500w, https:\/\/romfilatelia.ro\/magazin\/wp-content\/uploads\/2017\/12\/Stele_3_caract-64x71.jpg 64w, https:\/\/romfilatelia.ro\/magazin\/wp-content\/uploads\/2017\/12\/Stele_3_caract-270x300.jpg 270w, https:\/\/romfilatelia.ro\/magazin\/wp-content\/uploads\/2017\/12\/Stele_3_caract-768x852.jpg 768w, https:\/\/romfilatelia.ro\/magazin\/wp-content\/uploads\/2017\/12\/Stele_3_caract-721x800.jpg 721w\" sizes=\"(max-width: 811px) 100vw, 811px\" \/><\/p>\n","protected":false},"excerpt":{"rendered":"<p>Romfilatelia dedic\u0103 emisiunea de m\u0103rci po\u0219tale Stele ale scenei \u0219i ecranului unora dintre cei mai aprecia\u0163i \u0219i \u00eendr\u0103gi\u0163i actori rom\u00e2ni, care, de-a lungul carierei lor, au promovat valorile culturale, contribuind la crearea Bucure\u0219tiului artistic. Timbrele, fiecare cu valoarea nominal\u0103 de 8 lei, ilustreaz\u0103 portretele actorilor Maia Morgenstern, Oana Pellea, Lumini\u0163a Gheorghiu, George Mih\u0103i\u0163\u0103, Hora\u0163iu M\u0103l\u0103ele&hellip;&nbsp;<a href=\"https:\/\/romfilatelia.ro\/magazin\/produs\/colectii-anuale\/2017\/stele-ale-scenei-si-ecranului-bucurestiul-artistic\/\" class=\"\" rel=\"bookmark\">Cite\u0219te mai mult &raquo;<span class=\"screen-reader-text\">STELE ALE SCENEI \u0218I ECRANULUI  Bucure\u015ftiul artistic<\/span><\/a><\/p>\n","protected":false},"featured_media":2019595,"template":"","meta":{"neve_meta_sidebar":"","neve_meta_container":"","neve_meta_enable_content_width":"","neve_meta_content_width":0,"neve_meta_title_alignment":"","neve_meta_author_avatar":"","neve_post_elements_order":"","neve_meta_disable_header":"","neve_meta_disable_footer":"","neve_meta_disable_title":""},"product_cat":[138,6],"product_tag":[],"_links":{"self":[{"href":"https:\/\/romfilatelia.ro\/magazin\/wp-json\/wp\/v2\/product\/2019592"}],"collection":[{"href":"https:\/\/romfilatelia.ro\/magazin\/wp-json\/wp\/v2\/product"}],"about":[{"href":"https:\/\/romfilatelia.ro\/magazin\/wp-json\/wp\/v2\/types\/product"}],"wp:featuredmedia":[{"embeddable":true,"href":"https:\/\/romfilatelia.ro\/magazin\/wp-json\/wp\/v2\/media\/2019595"}],"wp:attachment":[{"href":"https:\/\/romfilatelia.ro\/magazin\/wp-json\/wp\/v2\/media?parent=2019592"}],"wp:term":[{"taxonomy":"product_cat","embeddable":true,"href":"https:\/\/romfilatelia.ro\/magazin\/wp-json\/wp\/v2\/product_cat?post=2019592"},{"taxonomy":"product_tag","embeddable":true,"href":"https:\/\/romfilatelia.ro\/magazin\/wp-json\/wp\/v2\/product_tag?post=2019592"}],"curies":[{"name":"wp","href":"https:\/\/api.w.org\/{rel}","templated":true}]}}