{"id":2019330,"date":"2017-12-05T21:45:09","date_gmt":"2017-12-05T19:45:09","guid":{"rendered":"https:\/\/romfilatelia.ro\/magazin\/?post_type=product&#038;p=2019330"},"modified":"2017-12-05T21:48:49","modified_gmt":"2017-12-05T19:48:49","slug":"cele-mai-otravitoare-vietuitoare","status":"publish","type":"product","link":"https:\/\/romfilatelia.ro\/magazin\/produs\/colectii-anuale\/2017\/cele-mai-otravitoare-vietuitoare\/","title":{"rendered":"CELE MAI OTR\u0102VITOARE VIE\u021aUITOARE"},"content":{"rendered":"<p><a href=\"https:\/\/romfilatelia.ro\/magazin\/wp-content\/uploads\/2017\/12\/vietuitoare_otravitoare_emis.jpg\"><img decoding=\"async\" loading=\"lazy\" class=\"alignleft wp-image-2019332 size-medium\" src=\"https:\/\/romfilatelia.ro\/magazin\/wp-content\/uploads\/2017\/12\/vietuitoare_otravitoare_emis-300x229.jpg\" alt=\"\" width=\"300\" height=\"229\" \/><\/a>Venind \u00een \u00eent\u00e2mpinarea colec\u0163ionarilor \u015fi iubitorilor tematicii <em>Faun\u0103,<\/em> <strong>Romfilatelia<\/strong> introduce \u00een circula\u021bie emisiunea de m\u0103rci po\u0219tale <strong><em>\u201eCele mai otr\u0103vitoare vie\u021buitoare\u201d<\/em><\/strong>.<\/p>\n<p>Regnul animal, nedescoperit \u00een totalitate \u0219i fascinant pentru cercet\u0103tori, include, pe suprafa\u0163a \u0219i \u00een interiorul p\u0103m\u00e2ntului, \u00een ape sau \u00een v\u0103zduh, vertebrate \u0219i nevertebrate, unele inofensive, alte periculoase.<\/p>\n<p>Animalele veninoase sunt creaturi care produc substan\u021be otr\u0103vitoare, at\u00e2t pentru indivizii altor specii de animale, c\u00e2t \u0219i pentru om. \u00cen lume se cunosc numeroase specii de animale veninoase: circa 600 de specii de \u0219erpi venino\u0219i, circa 3.000 de specii de pe\u0219ti venino\u0219i etc.<\/p>\n<p>Printre cele mai otr\u0103vitoare vie\u021buitoare ale planetei reg\u0103sim <strong>Caracati\u021ba cu inele albastre<\/strong> <em>(Hapalochlaena maculosa)<\/em>, <strong>Broscu\u021ba otr\u0103vitoare aurie<\/strong><em> (Phyllobates terribilis)<\/em>, <strong>Meduza cutie<\/strong><em> (Chironex fleckeri)<\/em> \u0219i <strong>Taipanul de\u0219ertului<\/strong> <em>(Oxyuranus microlepidotus). <\/em><\/p>\n<p><strong>Caracati\u021ba cu inele albastre<\/strong><em> (Hapalochlaena maculosa)<\/em> este reprezentat\u0103 pe timbrul cu valoarea nominal\u0103 de <strong><em>3,50 lei<\/em><\/strong>. C\u00e2nt\u0103re\u0219te \u00een medie 38 grame \u0219i o g\u0103sim \u00een zone costiere st\u00e2ncoase, bazine mareice etc., pe coasta de sud a Australiei. \u00cen pofida dimensiunilor mici, de p\u00e2n\u0103 la 20 cm, caracati\u021bele din genul <em>Hapalochlaena <\/em>sunt cunoscute ca fiind unele dintre cele mai veninoase animale marine de pe planet\u0103. Otrava lor, pentru care nu s-a g\u0103sit antidot, este de 1.200 de ori mai puternic\u0103 dec\u00e2t cianura, provoc\u00e2nd paralizie motorie \u0219i stop respirator care pot conduce la stop cardiac. \u00cen ciuda veninului s\u0103u, Caracati\u021ba cu inele albastre este o vie\u0163uitoare timid\u0103, care se camufleaz\u0103 p\u00e2n\u0103 c\u00e2nd se simte provocat\u0103 s\u0103 atace.<\/p>\n<p>Timbrul cu valoarea nominal\u0103 de <strong><em>4 lei<\/em><\/strong> ilustreaz\u0103 <strong>Broscu\u021ba otr\u0103vitoare aurie<\/strong><em> (Phyllobates terribilis)<\/em>, un batracian sociabil care tr\u0103ie\u0219te pe Coasta Pacific\u0103 a Columbiei \u00een grupuri mici de 5-6 exemplare. Mediul ideal de via\u021b\u0103 al acestei variet\u0103\u021bi de broa\u0219te este reprezentat de p\u0103durile tropicale situate la altitudinea de 100-200 m. Specia este diurn\u0103, preponderent terestr\u0103 \u0219i foarte sensibil\u0103 la orice form\u0103 de presiune antropic\u0103. Cu o lungime de p\u00e2n\u0103 la 45 mm, broscu\u021bele prezint\u0103 o culoare dorsal\u0103 de un galben str\u0103lucitor, portocaliu sau verde metalic, \u00een func\u021bie de zona din care provin.<\/p>\n<p>Din studiile speciali\u0219tilor a rezultat c\u0103 Broscu\u021ba otr\u0103vitoare aurie con\u021bine una dintre cele mai toxice substan\u021be din lumea animal\u0103; doar veninul unui melc<em> (Conus)<\/em> este mai puternic la doz\u0103 egal\u0103. Toxinele acesteia, secretate de glande din piele, sunt preluate de organism din hran\u0103, respectiv din anumite insecte. Datorit\u0103 toxicit\u0103\u021bii extreme, broscu\u021ba nu are du\u0219mani naturali, cu excep\u021bia \u0219erpilor din specia <em>Erythrolamprus epinephelus<\/em>, singura imun\u0103 fa\u021b\u0103 de toxina broscu\u021bei. Otrava unei singure broscu\u021be este suficient\u0103 pentru a ucide doi elefan\u021bi africani sau 10-20 oameni.<\/p>\n<p>Cunoscut\u0103 pentru veninul s\u0103u extrem de puternic, <strong>Meduza cutie<\/strong> <em>(Chironex fleckeri) <\/em>este ilustrat\u0103 pe timbrul cu valoarea nominal\u0103 de <strong><em>4,50 lei<\/em><\/strong>. G\u0103zduit\u0103 \u00een principal de apele de coast\u0103 din Australia \u0219i Indo-Pacific, Meduza cutie, ca \u0219i alte specii de meduze din clasa Cubozoa, are un sistem nervos mai complex dec\u00e2t cel al altor meduze \u0219i integreaz\u0103 o informa\u021bie senzitiv\u0103 mai bogat\u0103, av\u00e2nd ochi capabili s\u0103 formeze imagini \u0219i s\u0103 diferen\u021bieze culori, precum \u0219i alte organe de sim\u021b ce o ajut\u0103 s\u0103 detecteze vibra\u021biile care o pot pune \u00een pericol \u0219i s\u0103-\u0219i men\u021bin\u0103 echilibrul \u0219i orientarea \u00een ap\u0103. Meduza este translucid\u0103, are un diametru de circa 15-35 cm, iar cele p\u00e2n\u0103 la 60 tentacule pot ajunge p\u00e2n\u0103 la 3 m lungime. Fiecare tentacul con\u021bine milioane de celule cu mici spini venino\u0219i, \u00een forma unor harpoane microscopice; celulele au un mecanism declan\u0219at de contact, care \u00eenfige spinii \u00een prad\u0103. \u00cen\u021bep\u0103tura meduzei este foarte dureroas\u0103, atac\u0103 inima \u0219i sistemul nervos. Meduza cutie este v\u00e2nat\u0103 de c\u0103tre \u0163estoasele de mare, imune la veninul ei.<\/p>\n<p>De\u021bin\u0103torul celui mai puternic venin dintre toate variet\u0103\u021bile de \u0219erpi de pe suprafa\u021ba P\u0103m\u00e2ntului este <strong>Taipanul de\u0219ertului<\/strong> <em>(Oxyuranus microlepidotus)<\/em>, ilustrat pe timbrul cu valoarea nominal\u0103 de <strong><em>16 lei<\/em><\/strong>, specie endemic\u0103 pentru zonele aride \u0219i st\u00e2ncoase din centrul \u0219i sudul Australiei. De talie mare, cu o lungime cuprins\u0103 \u00eentre 1,8-2,5 m la maturitate, Taipanul de\u0219ertului \u00ee\u0219i adapteaz\u0103 coloritul \u00een func\u0163ie de anotimp, fiind mai deschis la culoare \u00een sezonul cald \u0219i mai \u00eenchis \u00een cel rece. Dup\u0103 unele estim\u0103ri, veninul taipanului este de circa 70 de ori mai puternic dec\u00e2t al cobrei regale; el ac\u021bioneaz\u0103 foarte rapid. O singur\u0103 mu\u0219c\u0103tur\u0103 a acestuia poate ucide aproximativ 110.000 de \u0219oareci, iar un om mu\u0219cat poate muri \u0219i \u00een 45 minute. Veninul ac\u021bioneaz\u0103 asupra sistemului nervos \u0219i paralizeaz\u0103 sistemul respirator.<\/p>\n<p>Pe plicul \u201eprima zi\u201d este ilustrat\u0103<strong> Cobra regal\u0103 <em>(<\/em><\/strong><em>Ophiophagus hannah),<\/em> cea mai mare specie din r\u00e2ndul \u0219erpilor venino\u0219i, care atinge \u00een mod curent o lungime de 3-4 m, iar exemplarele cele mai mari, aproape 6 m. O g\u0103sim \u00een regiunile cu p\u0103duri tropicale dese, aproape de ap\u0103, din <a href=\"https:\/\/ro.wikipedia.org\/wiki\/Asia_de_Sud_Est\">Asia de Sud-Est<\/a>. Denumirea sa, care \u00een limba latin\u0103 \u00eenseamn\u0103 \u201em\u00e2nc\u0103tor de \u0219erpi\u201d, este una \u00eendrept\u0103\u021bit\u0103 deoarece aceasta se hr\u0103ne\u0219te numai cu \u0219erpi \u0219i \u0219op\u00e2rle.<\/p>\n<p>Cobra regal\u0103 tr\u0103ie\u0219te pe sol, este activ\u0103 diurn \u0219i mai rar \u00een timpul nop\u021bii. Este monogam\u0103, lucru destul de neobi\u0219nuit la \u0219erpi, \u0219i ovipar\u0103, fiind, de altfel, singura specie de \u0219arpe care construie\u0219te cuib. Veninul cobrei con\u021bine neurotoxine puternice, care, \u00eentr-o anumit\u0103 doz\u0103, sunt letale pentru om.<strong><em><br \/>\n<\/em><\/strong><\/p>\n<p><strong><em>Romfilatelia mul\u0163ume\u0219te Muzeului Na\u021bional de Istorie Natural\u0103 \u201eGrigore Antipa\u201d din Bucure\u0219ti pentru sprijinul documentar acordat la realizarea acestei emisiuni de m\u0103rci po\u0219tale. <\/em><\/strong><\/p>\n<p><strong><em>\u00a0PRODUSE SPECIALE:<\/em><\/strong><em><br \/>\n<\/em><\/p>\n<p><strong><em>Albumul filatelic<\/em><\/strong><em> este realizat \u00een tiraj limitat de <strong>252<\/strong> exemplare \u0219i este echipat cu blocul de 4 timbre al emisiunii \u0219i plicul \u201eprima zi\u201d av\u00e2nd \u0219tampila \u201eprima zi\u201d aplicat\u0103 \u00een clar \u00een folio. Fiecare element este numerotat de la <strong>001<\/strong> la <strong>252<\/strong>. <\/em><\/p>\n<p><img decoding=\"async\" loading=\"lazy\" class=\"aligncenter wp-image-2019335 size-full\" src=\"https:\/\/romfilatelia.ro\/magazin\/wp-content\/uploads\/2017\/12\/vietuitoare_otravitoare_caract.jpg\" alt=\"\" width=\"900\" height=\"759\" srcset=\"https:\/\/romfilatelia.ro\/magazin\/wp-content\/uploads\/2017\/12\/vietuitoare_otravitoare_caract.jpg 900w, https:\/\/romfilatelia.ro\/magazin\/wp-content\/uploads\/2017\/12\/vietuitoare_otravitoare_caract-500x422.jpg 500w, https:\/\/romfilatelia.ro\/magazin\/wp-content\/uploads\/2017\/12\/vietuitoare_otravitoare_caract-64x54.jpg 64w\" sizes=\"(max-width: 900px) 100vw, 900px\" \/><\/p>\n","protected":false},"excerpt":{"rendered":"<p>Venind \u00een \u00eent\u00e2mpinarea colec\u0163ionarilor \u015fi iubitorilor tematicii Faun\u0103, Romfilatelia introduce \u00een circula\u021bie emisiunea de m\u0103rci po\u0219tale \u201eCele mai otr\u0103vitoare vie\u021buitoare\u201d. Regnul animal, nedescoperit \u00een totalitate \u0219i fascinant pentru cercet\u0103tori, include, pe suprafa\u0163a \u0219i \u00een interiorul p\u0103m\u00e2ntului, \u00een ape sau \u00een v\u0103zduh, vertebrate \u0219i nevertebrate, unele inofensive, alte periculoase. Animalele veninoase sunt creaturi care produc substan\u021be&hellip;&nbsp;<a href=\"https:\/\/romfilatelia.ro\/magazin\/produs\/colectii-anuale\/2017\/cele-mai-otravitoare-vietuitoare\/\" class=\"\" rel=\"bookmark\">Cite\u0219te mai mult &raquo;<span class=\"screen-reader-text\">CELE MAI OTR\u0102VITOARE VIE\u021aUITOARE<\/span><\/a><\/p>\n","protected":false},"featured_media":2019332,"template":"","meta":{"neve_meta_sidebar":"","neve_meta_container":"","neve_meta_enable_content_width":"","neve_meta_content_width":0,"neve_meta_title_alignment":"","neve_meta_author_avatar":"","neve_post_elements_order":"","neve_meta_disable_header":"","neve_meta_disable_footer":"","neve_meta_disable_title":""},"product_cat":[138,6],"product_tag":[],"_links":{"self":[{"href":"https:\/\/romfilatelia.ro\/magazin\/wp-json\/wp\/v2\/product\/2019330"}],"collection":[{"href":"https:\/\/romfilatelia.ro\/magazin\/wp-json\/wp\/v2\/product"}],"about":[{"href":"https:\/\/romfilatelia.ro\/magazin\/wp-json\/wp\/v2\/types\/product"}],"wp:featuredmedia":[{"embeddable":true,"href":"https:\/\/romfilatelia.ro\/magazin\/wp-json\/wp\/v2\/media\/2019332"}],"wp:attachment":[{"href":"https:\/\/romfilatelia.ro\/magazin\/wp-json\/wp\/v2\/media?parent=2019330"}],"wp:term":[{"taxonomy":"product_cat","embeddable":true,"href":"https:\/\/romfilatelia.ro\/magazin\/wp-json\/wp\/v2\/product_cat?post=2019330"},{"taxonomy":"product_tag","embeddable":true,"href":"https:\/\/romfilatelia.ro\/magazin\/wp-json\/wp\/v2\/product_tag?post=2019330"}],"curies":[{"name":"wp","href":"https:\/\/api.w.org\/{rel}","templated":true}]}}