{"id":2019247,"date":"2017-11-16T16:44:10","date_gmt":"2017-11-16T14:44:10","guid":{"rendered":"https:\/\/romfilatelia.ro\/magazin\/?post_type=product&#038;p=2019247"},"modified":"2017-11-16T16:48:52","modified_gmt":"2017-11-16T14:48:52","slug":"zambetul-ferestrelor-muscatele","status":"publish","type":"product","link":"https:\/\/romfilatelia.ro\/magazin\/produs\/colectii-anuale\/2017\/zambetul-ferestrelor-muscatele\/","title":{"rendered":"Z\u00c2MBETUL FERESTRELOR, MU\u0218CATELE"},"content":{"rendered":"<p><a href=\"https:\/\/romfilatelia.ro\/magazin\/wp-content\/uploads\/2017\/11\/Muscate_emisiune.jpg\"><img decoding=\"async\" loading=\"lazy\" class=\"wp-image-2019248 size-medium alignleft\" src=\"https:\/\/romfilatelia.ro\/magazin\/wp-content\/uploads\/2017\/11\/Muscate_emisiune-294x300.jpg\" alt=\"\" width=\"294\" height=\"300\" \/><\/a><strong>Romfilatelia<\/strong> introduce \u00een circula\u0163ie emisiunea de m\u0103rci po\u0219tale <strong><em>Z\u00c2MBETUL FERESTRELOR, MU\u0218CATELE<\/em><\/strong> venind, \u00eenc\u0103 o dat\u0103, \u00een \u00eent\u00e2mpinarea iubitorilor de flor\u0103 \u0219i a pasiona\u0163ilor de filatelie.<\/p>\n<p>\u00cen parcuri, gr\u0103dini, \u00een ghivece sau \u00een jardiniere, indiferent de anotimp, florile reprezint\u0103 bucuria ochilor \u0219i a sufletului. Delicate sau robuste, \u00eenalte sau pitice, florile sunt o simfonie de culoare \u0219i parfum.<\/p>\n<p>Cu origini \u00een sudul Africii (Capul Bunei Speran\u0163e), unde cre\u0219te spontan, dar \u0219i \u00een Australia \u0219i Noua Zeeland\u0103, mu\u0219cata este o plant\u0103 rustic\u0103, decorativ\u0103, cu perioad\u0103 de \u00eenflorire \u00eendelungat\u0103.<\/p>\n<p>Cunoscut\u0103 \u00eenc\u0103 din secolul al XVI-lea, mu\u0219cata este una dintre cele mai r\u0103sp\u00e2ndite plante din lume. Viu colorat\u0103, cu frunzele rotunjite \u0219i u\u0219or parfumate, cultivat\u0103 \u00een ghivece sau jardiniere, \u00eempodobe\u0219te ferestrele \u0219i pervazurile caselor \u0219i \u00eenvesele\u0219te gr\u0103dinile \u0219i parcurile.<\/p>\n<p>\u00cen anul 1738, Johannes Burmain a denumit mu\u0219cata <em>Pelargonium, <\/em>acestui gen apar\u0163in\u00e2ndu-i aproximativ 300 de specii.<\/p>\n<p>Mu\u0219cata este o plant\u0103 erbacee, peren\u0103, subarbust sau arbust, de forma unei tufe care poate atinge 40-60 de centimetri. Frunzele sale sunt mai mult sau mai pu\u0163in c\u0103rnoase, deseori cu peri glandulari, opuse sau alterne. Florile sunt grupate \u00een inflorescen\u0163e umbeliforme, bogate, cu peste zece flori, dezvoltate la sub\u0163ioara frunzelor sau opuse acestora.<\/p>\n<p>De\u0219i destul de rezistent\u0103 la temperaturi sc\u0103zute, mu\u0219cata prefer\u0103 totu\u0219i locurile \u00eensorite, calde, cu lumin\u0103 natural\u0103. Planta poate \u00eenflori, la interior, \u00een orice anotimp dac\u0103 are asigurate condi\u0163ii minime de lumin\u0103, ap\u0103 \u0219i temperatur\u0103.<\/p>\n<p>Florile mu\u0219catei pot fi simple sau b\u0103tute, cu o colora\u0163ie intens\u0103 de alb, ro\u0219u, roz sau \u00een mai multe culori \u0219i pot avea parfum de ment\u0103, pin, scor\u0163i\u0219oar\u0103, l\u0103m\u00e2ie sau portocal\u0103.<\/p>\n<p>\u00cen func\u0163ie de parfumul lor, \u00een perioada Victorian\u0103, c\u00e2nd florile erau un mijloc de comunicare, mu\u0219catele au primit diverse asocieri \u0219i semnifica\u0163ii: <em>prietenie adev\u0103rat\u0103<\/em>, <em>\u00eent\u00e2lnire a\u0219teptat\u0103<\/em>, <em>\u00eent\u00e2lnire nea\u0219teptat\u0103<\/em>. Mu\u0219cata este legat\u0103 \u0219i de legenda \u00een care John Dalton a realizat c\u0103 nu vede culoarea ro\u0219ie, deoarece \u00een percep\u0163ia acestuia, florile mu\u0219catei erau roz \u0219i albastre, de\u0219i ele erau roz \u0219i ro\u0219ii. \u00cen onoarea sa avem ast\u0103zi termenul \u201edaltonism\u201d.<\/p>\n<p>Una dintre cele mai spectaculoase plante este <strong>Mu\u0219cata curg\u0103toare <\/strong><em>(Pelargonium peltatum)<\/em>, ilustrat\u0103 pe timbrul cu valoarea nominal\u0103 de <strong><em>2,20 lei<\/em><\/strong>. Planta \u00ee\u0219i are originea \u00een Africa de Sud, iar \u00een Europa este cunoscut\u0103 din secolul al XVII-lea. Mu\u0219catele curg\u0103toare sunt considerate florile ideale pentru balcoane \u0219i terase. Florile sunt simple sau b\u0103tute \u00een nuan\u0163e de ro\u0219u, roz, mov sau alb \u0219i, spre deosebire de celelalte specii, au frunzele lucioase \u0219i col\u0163uroase, asem\u0103n\u0103toare iederei. Mu\u0219catele cu flori simple au mai multe flori dec\u00e2t cele b\u0103tute. Sunt u\u0219or de \u00eengrijit, \u00eenfloresc din prim\u0103var\u0103 p\u00e2n\u0103 toamna t\u00e2rziu \u0219i au nevoie de ap\u0103 \u0219i lumin\u0103 din bel\u0219ug.<\/p>\n<p>Timbrele cu valoarea nominal\u0103 de<strong> <em>2,50 lei<\/em><\/strong> \u0219i de <strong><em>15 lei<\/em> <\/strong>ilustreaz\u0103 <strong>Mu\u0219cata obi\u0219nuit\u0103<\/strong> <em>(Pelargonium zonale)<\/em> \u00een dou\u0103 nuan\u0163e de culoare, ro\u0219u \u0219i roz. R\u0103sp\u00e2ndit\u0103 at\u00e2t \u00een mediul rural, c\u00e2t \u0219i \u00een cel urban, este cea mai folosit\u0103 floare pentru \u00eempodobirea balcoanelor. Frunzele acestei mu\u0219cate, de un verde \u00eenchis, sunt catifelate, \u00een form\u0103 de potcoav\u0103 \u0219i u\u0219or rotunjite. Ele \u00eencadreaz\u0103 florile de diferite culori: ro\u0219ii, roz, portocalii sau albe. Poate ierna \u00een spa\u0163ii \u00eentunecate, la temperaturi mai sc\u0103zute.<\/p>\n<p>Pe timbrul cu valoarea nominal\u0103 de <strong><em>8 lei<\/em> <\/strong>este reprezentat\u0103 <strong>Mu\u0219cata nobil\u0103<\/strong> <em>(Pelargonium grandiflorum)<\/em>. Aceast\u0103 plant\u0103 are florile mari, petalele catifelate, asem\u0103n\u0103toare panselu\u0163elor. Floarea este de o elegan\u0163\u0103 aparte \u0219i are un colorit deosebit, de la alb \u0219i crem p\u00e2n\u0103 la violet \u0219i lila. Mu\u0219cata nobil\u0103 nu are nevoie de mult\u0103 ap\u0103 pentru a se dezvolta \u0219i supravie\u0163ui. De asemenea, nu iube\u0219te umezeala \u0219i nu suport\u0103 lumina direct\u0103 a soarelui.<\/p>\n<p><strong><em>Romfilatelia mul\u021bume\u0219te Gr\u0103dinii Botanice \u201eD. Br\u00e2ndz\u0103\u201d a Universit\u0103\u021bii din Bucure\u0219ti pentru sprijinul documentar acordat la realizarea acestei emisiuni de m\u0103rci po\u0219tale \u0219i fotografului Octavian Chende.<\/em><\/strong><\/p>\n<p><strong><em>PRODUSE SPECIALE<\/em><\/strong><strong><em>:<\/em><\/strong><em><br \/>\n<\/em><\/p>\n<p><strong><em>Albumul filatelic<\/em><\/strong><em> este realizat \u00een tiraj limitat de <strong>253<\/strong> exemplare \u0219i este echipat cu blocul de 4 timbre al emisiunii \u0219i plicul \u201eprima zi\u201d av\u00e2nd \u0219tampila \u201eprima zi\u201d aplicat\u0103 \u00een clar \u00een folio aur. Fiecare element este numerotat cu negru de la <strong>001<\/strong> la <strong>253<\/strong>.<\/em><\/p>\n<p><a href=\"https:\/\/romfilatelia.ro\/magazin\/wp-content\/uploads\/2017\/11\/Muscate_caract.jpg\"><img decoding=\"async\" loading=\"lazy\" class=\"aligncenter size-full wp-image-2019249\" src=\"https:\/\/romfilatelia.ro\/magazin\/wp-content\/uploads\/2017\/11\/Muscate_caract.jpg\" alt=\"\" width=\"900\" height=\"802\" srcset=\"https:\/\/romfilatelia.ro\/magazin\/wp-content\/uploads\/2017\/11\/Muscate_caract.jpg 900w, https:\/\/romfilatelia.ro\/magazin\/wp-content\/uploads\/2017\/11\/Muscate_caract-500x446.jpg 500w, https:\/\/romfilatelia.ro\/magazin\/wp-content\/uploads\/2017\/11\/Muscate_caract-64x57.jpg 64w\" sizes=\"(max-width: 900px) 100vw, 900px\" \/><\/a><\/p>\n","protected":false},"excerpt":{"rendered":"<p>Romfilatelia introduce \u00een circula\u0163ie emisiunea de m\u0103rci po\u0219tale Z\u00c2MBETUL FERESTRELOR, MU\u0218CATELE venind, \u00eenc\u0103 o dat\u0103, \u00een \u00eent\u00e2mpinarea iubitorilor de flor\u0103 \u0219i a pasiona\u0163ilor de filatelie. \u00cen parcuri, gr\u0103dini, \u00een ghivece sau \u00een jardiniere, indiferent de anotimp, florile reprezint\u0103 bucuria ochilor \u0219i a sufletului. Delicate sau robuste, \u00eenalte sau pitice, florile sunt o simfonie de culoare&hellip;&nbsp;<a href=\"https:\/\/romfilatelia.ro\/magazin\/produs\/colectii-anuale\/2017\/zambetul-ferestrelor-muscatele\/\" class=\"\" rel=\"bookmark\">Cite\u0219te mai mult &raquo;<span class=\"screen-reader-text\">Z\u00c2MBETUL FERESTRELOR, MU\u0218CATELE<\/span><\/a><\/p>\n","protected":false},"featured_media":2019248,"template":"","meta":{"neve_meta_sidebar":"","neve_meta_container":"","neve_meta_enable_content_width":"","neve_meta_content_width":0,"neve_meta_title_alignment":"","neve_meta_author_avatar":"","neve_post_elements_order":"","neve_meta_disable_header":"","neve_meta_disable_footer":"","neve_meta_disable_title":""},"product_cat":[138,6],"product_tag":[],"_links":{"self":[{"href":"https:\/\/romfilatelia.ro\/magazin\/wp-json\/wp\/v2\/product\/2019247"}],"collection":[{"href":"https:\/\/romfilatelia.ro\/magazin\/wp-json\/wp\/v2\/product"}],"about":[{"href":"https:\/\/romfilatelia.ro\/magazin\/wp-json\/wp\/v2\/types\/product"}],"wp:featuredmedia":[{"embeddable":true,"href":"https:\/\/romfilatelia.ro\/magazin\/wp-json\/wp\/v2\/media\/2019248"}],"wp:attachment":[{"href":"https:\/\/romfilatelia.ro\/magazin\/wp-json\/wp\/v2\/media?parent=2019247"}],"wp:term":[{"taxonomy":"product_cat","embeddable":true,"href":"https:\/\/romfilatelia.ro\/magazin\/wp-json\/wp\/v2\/product_cat?post=2019247"},{"taxonomy":"product_tag","embeddable":true,"href":"https:\/\/romfilatelia.ro\/magazin\/wp-json\/wp\/v2\/product_tag?post=2019247"}],"curies":[{"name":"wp","href":"https:\/\/api.w.org\/{rel}","templated":true}]}}