{"id":2019104,"date":"2017-09-26T14:02:40","date_gmt":"2017-09-26T12:02:40","guid":{"rendered":"https:\/\/romfilatelia.ro\/magazin\/?post_type=product&#038;p=2019104"},"modified":"2020-07-08T13:51:55","modified_gmt":"2020-07-08T11:51:55","slug":"foaie-prezentare-timbre","status":"publish","type":"product","link":"https:\/\/romfilatelia.ro\/magazin\/produs\/plicuri-si-accesorii-filatelice\/foaie-prezentare-timbre\/","title":{"rendered":"Foaie prezentare timbre pe fundal negru"},"content":{"rendered":"<table width=\"955\">\n<tbody>\n<tr>\n<td width=\"151\">Foaie prezentare timbre 29 mm inaltime\/r\u00e2nd<\/td>\n<td width=\"62\">Vario 8S<\/td>\n<td width=\"467\">Foaie A4 de prezentare pentru timbre 8 r\u00e2nduri pe foaie \u00een\u0103l\u021bime aproximativ\u0103 a r\u00e2ndului 29 mm.<\/p>\n<p>&nbsp;<\/td>\n<\/tr>\n<tr>\n<td width=\"151\">Foaie prezentare timbre 33 mm inaltime\/r\u00e2nd<\/td>\n<td width=\"62\">Vario 7S<\/td>\n<td width=\"467\">Foaie A4 de prezentare pentru timbre 7 r\u00e2nduri pe foaie \u00een\u0103l\u021bime aproximativ\u0103 a r\u00e2ndului 33 mm.<\/p>\n<p>&nbsp;<\/td>\n<\/tr>\n<tr>\n<td width=\"151\">Foaie prezentare timbre 39 mm inaltime\/r\u00e2nd<\/td>\n<td width=\"62\">Vario 6S<\/td>\n<td width=\"467\">Foaie A4 de prezentare pentru timbre 6 r\u00e2nduri pe foaie \u00een\u0103l\u021bime aproximativ\u0103 a r\u00e2ndului 39 mm.<\/p>\n<p>&nbsp;<\/td>\n<\/tr>\n<tr>\n<td width=\"151\">Foaie prezentare timbre 51 mm inaltime\/r\u00e2nd<\/td>\n<td width=\"62\">Vario 5S<\/td>\n<td width=\"467\">Foaie A4 de prezentare pentru timbre 5 r\u00e2nduri pe foaie \u00een\u0103l\u021bime aproximativ\u0103 a r\u00e2ndului 51 mm.<\/p>\n<p>&nbsp;<\/td>\n<\/tr>\n<tr>\n<td width=\"151\">Foaie prezentare timbre 63 mm inaltime\/r\u00e2nd<\/td>\n<td width=\"62\">Vario 4S<\/td>\n<td width=\"467\">Foaie A4 de prezentare pentru timbre 4 r\u00e2nduri pe foaie in\u0103l\u021bime aproximativa a r\u00e2ndului 63 mm.<\/p>\n<p>&nbsp;<\/td>\n<\/tr>\n<tr>\n<td width=\"151\">Foaie prezentare timbre 84 mm inaltime\/r\u00e2nd<\/td>\n<td width=\"62\">Vario 3S<\/td>\n<td width=\"467\">Foaie A4 de prezentare pentru timbre 3 r\u00e2nduri pe foaie \u00een\u0103l\u021bime aproximativ\u0103 a r\u00e2ndului 84 mm.<\/p>\n<p>&nbsp;<\/td>\n<\/tr>\n<tr>\n<td width=\"151\">Foaie prezentare timbre 128 mm inaltime\/r\u00e2nd<\/td>\n<td width=\"62\">Vario 2S<\/td>\n<td width=\"467\">Foaie A4 de prezentare pentru timbre 2 r\u00e2nduri pe foaie \u00een\u0103l\u021bime aproximativ\u0103 a r\u00e2ndului 128 mm.<\/p>\n<p>&nbsp;<\/td>\n<\/tr>\n<tr>\n<td width=\"151\">Foaie A4 prezentare timbre<\/td>\n<td width=\"62\">Vario 1S<\/td>\n<td width=\"467\">Foaie A4 de prezentare pentru timbre 1 r\u00e2nd pe foaie dimnsiuni aproximative 263 mm x 195 mm.<\/p>\n<p>&nbsp;<\/td>\n<\/tr>\n<\/tbody>\n<\/table>\n","protected":false},"excerpt":{"rendered":"<p>Foaie prezentare timbre 29 mm inaltime\/r\u00e2nd Vario 8S Foaie A4 de prezentare pentru timbre 8 r\u00e2nduri pe foaie \u00een\u0103l\u021bime aproximativ\u0103 a r\u00e2ndului 29 mm. &nbsp; Foaie prezentare timbre 33 mm inaltime\/r\u00e2nd Vario 7S Foaie A4 de prezentare pentru timbre 7 r\u00e2nduri pe foaie \u00een\u0103l\u021bime aproximativ\u0103 a r\u00e2ndului 33 mm. &nbsp; Foaie prezentare timbre 39 mm&hellip;&nbsp;<a href=\"https:\/\/romfilatelia.ro\/magazin\/produs\/plicuri-si-accesorii-filatelice\/foaie-prezentare-timbre\/\" class=\"\" rel=\"bookmark\">Cite\u0219te mai mult &raquo;<span class=\"screen-reader-text\">Foaie prezentare timbre pe fundal negru<\/span><\/a><\/p>\n","protected":false},"featured_media":2019105,"template":"","meta":{"neve_meta_sidebar":"","neve_meta_container":"","neve_meta_enable_content_width":"","neve_meta_content_width":0,"neve_meta_title_alignment":"","neve_meta_author_avatar":"","neve_post_elements_order":"","neve_meta_disable_header":"","neve_meta_disable_footer":"","neve_meta_disable_title":""},"product_cat":[160,167],"product_tag":[],"_links":{"self":[{"href":"https:\/\/romfilatelia.ro\/magazin\/wp-json\/wp\/v2\/product\/2019104"}],"collection":[{"href":"https:\/\/romfilatelia.ro\/magazin\/wp-json\/wp\/v2\/product"}],"about":[{"href":"https:\/\/romfilatelia.ro\/magazin\/wp-json\/wp\/v2\/types\/product"}],"wp:featuredmedia":[{"embeddable":true,"href":"https:\/\/romfilatelia.ro\/magazin\/wp-json\/wp\/v2\/media\/2019105"}],"wp:attachment":[{"href":"https:\/\/romfilatelia.ro\/magazin\/wp-json\/wp\/v2\/media?parent=2019104"}],"wp:term":[{"taxonomy":"product_cat","embeddable":true,"href":"https:\/\/romfilatelia.ro\/magazin\/wp-json\/wp\/v2\/product_cat?post=2019104"},{"taxonomy":"product_tag","embeddable":true,"href":"https:\/\/romfilatelia.ro\/magazin\/wp-json\/wp\/v2\/product_tag?post=2019104"}],"curies":[{"name":"wp","href":"https:\/\/api.w.org\/{rel}","templated":true}]}}