{"id":2018938,"date":"2017-09-14T06:55:54","date_gmt":"2017-09-14T04:55:54","guid":{"rendered":"https:\/\/romfilatelia.ro\/magazin\/?post_type=product&#038;p=2018938"},"modified":"2017-09-14T07:01:37","modified_gmt":"2017-09-14T05:01:37","slug":"flori-de-cactus","status":"publish","type":"product","link":"https:\/\/romfilatelia.ro\/magazin\/produs\/colectii-anuale\/2017\/flori-de-cactus\/","title":{"rendered":"FLORI DE CACTUS"},"content":{"rendered":"<p><a href=\"https:\/\/romfilatelia.ro\/magazin\/wp-content\/uploads\/2017\/09\/Flori_de_cactus_emis.jpg\"><img decoding=\"async\" loading=\"lazy\" class=\"alignleft wp-image-2018939 size-medium\" src=\"https:\/\/romfilatelia.ro\/magazin\/wp-content\/uploads\/2017\/09\/Flori_de_cactus_emis-300x264.jpg\" alt=\"\" width=\"300\" height=\"264\" \/><\/a><strong>Romfilatelia<\/strong> vine \u00een \u00eent\u00e2mpinarea pasiona\u0163ilor de flor\u0103, prin introducerea \u00een circula\u0163ie a emisiunii de m\u0103rci po\u0219tale <strong><em>FLORI DE CACTUS<\/em><\/strong><em>. <\/em><\/p>\n<p>Cactu\u0219ii fac parte din familia <em>Cactaceae<\/em>, care con\u0163ine peste 4000 de specii. Cuv\u00e2ntul \u201ek\u00e1ktos\u201d provine\u00a0 din limba greac\u0103 \u0219i \u00eenseamn\u0103 plant\u0103 spinoas\u0103.<\/p>\n<p>Datorit\u0103 depozit\u0103rii apei \u00een \u0163esuturi, cactu\u0219ii mai sunt cunoscu\u0163i \u0219i sub denumirea de \u201ec\u0103mila verde\u201d.<\/p>\n<p>Originea acestora se g\u0103se\u0219te \u00een de\u0219erturile Americii, \u00een special Nevada, Arizona, California, Mexic, unde vegeta\u0163ia specific\u0103 este constituit\u0103 din cactu\u0219i. Ei s-au r\u0103sp\u00e2ndit \u00een timp \u00een toate de\u0219erturile Terrei, indiferent de forma de relief. Cactu\u0219ii sunt plante cu o prezen\u0163\u0103 continu\u0103 datorit\u0103 capacit\u0103\u0163ii lor de adaptabilitate. Chiar dac\u0103 sunt plante obi\u0219nuite cu seceta, cactu\u0219ii impresioneaz\u0103 prin florile superbe, mari, divers colorate \u0219i care ne farmec\u0103 prin simplitatea lor.<\/p>\n<p><strong><em>Lophocereus schottii<\/em><\/strong><em> <strong>forma Monstruosus, <\/strong><\/em>ilustrat pe timbrul cu valoarea nominal\u0103 de <strong>3,50 lei<\/strong>, este o muta\u0163ie genetic stabil\u0103, ap\u0103rut\u0103 \u00een mod natural, care, de\u0219i steril\u0103, continu\u0103 s\u0103 supravie\u0163uiasc\u0103 \u00een s\u0103lb\u0103ticie sub forma unor mici popula\u0163ii, \u00eentr-un areal restr\u00e2ns \u00een nord-estul El Arco, \u00eentre Mexico \u0219i peninsula Baja, pe nisipuri sau pietri\u0219uri fine.<\/p>\n<p>\u00cen aceste loca\u0163ii, plantele continu\u0103 s\u0103 supravie\u0163uiasc\u0103, \u00eenmul\u0163indu-se vegetativ, prin \u00eenr\u0103d\u0103cinarea fragmentelor de ramuri care cad pe sol.<\/p>\n<p>Pe timbrul cu valoarea nominal\u0103 de <strong>4 lei<\/strong> apare ilustrat <strong><em>Opuntia aciculata<\/em><\/strong>, cunoscut \u0219i ca <em>limba soacrei<\/em>. Un alt membru al familiei <em>Cactaceae<\/em>, este o specie foarte r\u0103sp\u00e2ndit\u0103 \u00een \u0163ara noastr\u0103, \u00een ser\u0103, sau apartament. Este originar\u0103 din nord-vestul Mexicului, sud-vestul SUA, \u00een zone cu ariditate ridicat\u0103. Simbolul soarelui la vechii indieni, speciile de <em>Opuntia<\/em> formeaz\u0103 colonii care se \u00eentind pe suprafe\u0163e mari \u00een de\u0219ertul mexican.<\/p>\n<p>Florile sunt mari, av\u00e2nd aproximativ 10 cm \u00een diametru, de culoare galben auriu p\u00e2n\u0103 la corai, cu petale delicate \u0219i parfumate, \u0219i pot s\u0103 apar\u0103 aproape tot anul, \u00een special, \u00een perioada aprilie-septembrie. Fructele, ro\u0219ii purpurii, \u0163epoase, asem\u0103n\u0103toare unor pere mici sunt comestibile.<\/p>\n<p><strong><em>Coryphantha sulcata (Mammillaria sulcata), <\/em><\/strong>sau cactusul ananas, este o specie cu dimensiuni mici sau medii, de form\u0103 globular\u0103. Spinii, de obicei 9-10, de culoare alb-g\u0103lbui, sunt etala\u0163i \u00een forma unei stele, \u00een a\u0219a fel \u00eenc\u00e2t planta pare acoperit\u0103 cu o dantel\u0103 alb\u0103. Florile acestui cactus au culoarea galben str\u0103lucitor cu mijloc portocaliu, cu miros dulceag, pot atinge 6-7.5 cm \u00een diametru \u0219i apar spre v\u00e2rful tulpinii \u00een toat\u0103 perioada de var\u0103. Ca mai toate speciile de cactu\u0219i \u0219i <em>Coryphantha, <\/em>ilustrat\u0103 pe timbrul cu valoarea nominal\u0103 de <strong>4,50 lei<\/strong>, \u00ee\u0219i schimb\u0103 aspectul pe durata vie\u0163ii.<\/p>\n<p><strong><em>Echinocactus horizonthalonius<\/em><\/strong><strong>, <\/strong>popular denumit, ca \u0219i alte specii ale genului, <em>scaunul soacrei, <\/em>este un cactus cu tulpina globuloas\u0103, cerat\u0103, verde-cenu\u0219ie, cu coaste rotunjite, late, pu\u0163in spiralate. Este ilustrat pe timbrul cu valoarea nominal\u0103 de <strong>15 lei<\/strong>. Spinii de culoare ro\u0219u \u00eenchis, la\u0163i, tari, u\u0219or \u00eencovoia\u0163i, de 4 cm lungime, sunt grupa\u0163i c\u00e2te 6-9, la nivelul areolelor. Planta poate ajunge p\u00e2n\u0103 la dimensiuni de 40-50 cm \u0219i va \u00eencepe s\u0103 \u00eenfloreasc\u0103 \u00eenc\u0103 de la sf\u00e2r\u0219itul prim\u0103verii, doar \u00een momentul \u00een care ajunge la maturitate, \u00een general, dup\u0103 v\u00e2rsta de 10 ani. Florile sale de culoare roz \u00eenchis pot dep\u0103\u0219i 3 cm lungime.<\/p>\n<p><strong><em>Romfilatelia mul\u0163ume\u0219te Gr\u0103dinii Botanice \u201eDimitrie Br\u00e2ndz\u0103\u201d a Universit\u0103\u021bii din Bucure\u0219ti \u0219i domnului fotograf Ionu\u021b-Mihai Floca pentru sprijinul acordat la realizarea acestei emisiuni de m\u0103rci po\u0219tale.<\/em><\/strong><em><br \/>\n<\/em><\/p>\n<p><strong><em>PRODUSE SPECIALE:<\/em><\/strong><em><br \/>\n<\/em><\/p>\n<p><strong><em>Albumul filatelic<\/em><\/strong><em> este realizat \u00een tiraj limitat de <strong>255<\/strong> exemplare \u015fi este echipat cu blocul de 4 timbre al emisiunii \u015fi plicul \u201eprima zi\u201d av\u00e2nd \u015ftampila \u201eprima zi\u201d aplicat\u0103 \u00een clar \u00een folio aur. Fiecare element este numerotat cu negru de la <strong>001<\/strong> la <strong>255<\/strong>. <\/em><\/p>\n<p><em>\u00a0<a href=\"https:\/\/romfilatelia.ro\/magazin\/wp-content\/uploads\/2017\/09\/Flori_de_cactus_caract.jpg\"><img decoding=\"async\" loading=\"lazy\" class=\"aligncenter size-full wp-image-2018940\" src=\"https:\/\/romfilatelia.ro\/magazin\/wp-content\/uploads\/2017\/09\/Flori_de_cactus_caract.jpg\" alt=\"\" width=\"900\" height=\"774\" srcset=\"https:\/\/romfilatelia.ro\/magazin\/wp-content\/uploads\/2017\/09\/Flori_de_cactus_caract.jpg 900w, https:\/\/romfilatelia.ro\/magazin\/wp-content\/uploads\/2017\/09\/Flori_de_cactus_caract-500x430.jpg 500w, https:\/\/romfilatelia.ro\/magazin\/wp-content\/uploads\/2017\/09\/Flori_de_cactus_caract-64x55.jpg 64w, https:\/\/romfilatelia.ro\/magazin\/wp-content\/uploads\/2017\/09\/Flori_de_cactus_caract-300x258.jpg 300w, https:\/\/romfilatelia.ro\/magazin\/wp-content\/uploads\/2017\/09\/Flori_de_cactus_caract-768x660.jpg 768w\" sizes=\"(max-width: 900px) 100vw, 900px\" \/><\/a><\/em><\/p>\n","protected":false},"excerpt":{"rendered":"<p>Romfilatelia vine \u00een \u00eent\u00e2mpinarea pasiona\u0163ilor de flor\u0103, prin introducerea \u00een circula\u0163ie a emisiunii de m\u0103rci po\u0219tale FLORI DE CACTUS. Cactu\u0219ii fac parte din familia Cactaceae, care con\u0163ine peste 4000 de specii. Cuv\u00e2ntul \u201ek\u00e1ktos\u201d provine\u00a0 din limba greac\u0103 \u0219i \u00eenseamn\u0103 plant\u0103 spinoas\u0103. Datorit\u0103 depozit\u0103rii apei \u00een \u0163esuturi, cactu\u0219ii mai sunt cunoscu\u0163i \u0219i sub denumirea de \u201ec\u0103mila&hellip;&nbsp;<a href=\"https:\/\/romfilatelia.ro\/magazin\/produs\/colectii-anuale\/2017\/flori-de-cactus\/\" class=\"\" rel=\"bookmark\">Cite\u0219te mai mult &raquo;<span class=\"screen-reader-text\">FLORI DE CACTUS<\/span><\/a><\/p>\n","protected":false},"featured_media":2018939,"template":"","meta":{"neve_meta_sidebar":"","neve_meta_container":"","neve_meta_enable_content_width":"","neve_meta_content_width":0,"neve_meta_title_alignment":"","neve_meta_author_avatar":"","neve_post_elements_order":"","neve_meta_disable_header":"","neve_meta_disable_footer":"","neve_meta_disable_title":""},"product_cat":[138,6],"product_tag":[],"_links":{"self":[{"href":"https:\/\/romfilatelia.ro\/magazin\/wp-json\/wp\/v2\/product\/2018938"}],"collection":[{"href":"https:\/\/romfilatelia.ro\/magazin\/wp-json\/wp\/v2\/product"}],"about":[{"href":"https:\/\/romfilatelia.ro\/magazin\/wp-json\/wp\/v2\/types\/product"}],"wp:featuredmedia":[{"embeddable":true,"href":"https:\/\/romfilatelia.ro\/magazin\/wp-json\/wp\/v2\/media\/2018939"}],"wp:attachment":[{"href":"https:\/\/romfilatelia.ro\/magazin\/wp-json\/wp\/v2\/media?parent=2018938"}],"wp:term":[{"taxonomy":"product_cat","embeddable":true,"href":"https:\/\/romfilatelia.ro\/magazin\/wp-json\/wp\/v2\/product_cat?post=2018938"},{"taxonomy":"product_tag","embeddable":true,"href":"https:\/\/romfilatelia.ro\/magazin\/wp-json\/wp\/v2\/product_tag?post=2018938"}],"curies":[{"name":"wp","href":"https:\/\/api.w.org\/{rel}","templated":true}]}}