{"id":2017734,"date":"2017-05-30T10:00:29","date_gmt":"2017-05-30T08:00:29","guid":{"rendered":"https:\/\/romfilatelia.ro\/magazin\/?post_type=product&#038;p=2017734"},"modified":"2021-07-29T13:27:12","modified_gmt":"2021-07-29T11:27:12","slug":"bloc-timbre-sibiu-capitala-culturala-europeana-2007","status":"publish","type":"product","link":"https:\/\/romfilatelia.ro\/magazin\/produs\/bloc-timbre\/bloc-timbre-sibiu-capitala-culturala-europeana-2007\/","title":{"rendered":"Bloc 6 timbre SIBIU &#8211; CAPITAL\u00c3 CULTURAL\u00c3 EUROPEAN\u00c3 2007"},"content":{"rendered":"","protected":false},"excerpt":{"rendered":"","protected":false},"featured_media":2017732,"template":"","meta":{"neve_meta_sidebar":"","neve_meta_container":"","neve_meta_enable_content_width":"","neve_meta_content_width":0,"neve_meta_title_alignment":"","neve_meta_author_avatar":"","neve_post_elements_order":"","neve_meta_disable_header":"","neve_meta_disable_footer":"","neve_meta_disable_title":""},"product_cat":[20],"product_tag":[],"_links":{"self":[{"href":"https:\/\/romfilatelia.ro\/magazin\/wp-json\/wp\/v2\/product\/2017734"}],"collection":[{"href":"https:\/\/romfilatelia.ro\/magazin\/wp-json\/wp\/v2\/product"}],"about":[{"href":"https:\/\/romfilatelia.ro\/magazin\/wp-json\/wp\/v2\/types\/product"}],"wp:featuredmedia":[{"embeddable":true,"href":"https:\/\/romfilatelia.ro\/magazin\/wp-json\/wp\/v2\/media\/2017732"}],"wp:attachment":[{"href":"https:\/\/romfilatelia.ro\/magazin\/wp-json\/wp\/v2\/media?parent=2017734"}],"wp:term":[{"taxonomy":"product_cat","embeddable":true,"href":"https:\/\/romfilatelia.ro\/magazin\/wp-json\/wp\/v2\/product_cat?post=2017734"},{"taxonomy":"product_tag","embeddable":true,"href":"https:\/\/romfilatelia.ro\/magazin\/wp-json\/wp\/v2\/product_tag?post=2017734"}],"curies":[{"name":"wp","href":"https:\/\/api.w.org\/{rel}","templated":true}]}}