{"id":2017269,"date":"2017-05-15T18:12:10","date_gmt":"2017-05-15T16:12:10","guid":{"rendered":"http:\/\/romfilatelia.ro\/store\/?post_type=product&#038;p=2017269"},"modified":"2017-05-15T18:12:10","modified_gmt":"2017-05-15T16:12:10","slug":"60-de-ani-muzeul-national-al-literaturii-romane","status":"publish","type":"product","link":"https:\/\/romfilatelia.ro\/magazin\/produs\/colectii-anuale\/2017\/60-de-ani-muzeul-national-al-literaturii-romane\/","title":{"rendered":"60 DE ANI, MUZEUL NA\u0162IONAL AL LITERATURII ROM\u00c2NE"},"content":{"rendered":"<p><a href=\"https:\/\/romfilatelia.ro\/magazin\/wp-content\/uploads\/2017\/05\/Muz_Nat_Lit_Rom_60_emis.jpg\"><img decoding=\"async\" loading=\"lazy\" class=\"wp-image-2017272 size-medium alignleft\" src=\"https:\/\/romfilatelia.ro\/magazin\/wp-content\/uploads\/2017\/05\/Muz_Nat_Lit_Rom_60_emis-300x195.jpg\" alt=\"\" width=\"300\" height=\"195\" \/><\/a><strong><em>Muzeul Na\u0163ional al Literaturii Rom\u00e2ne<\/em><\/strong> ad\u0103poste\u015fte un autentic tezaur literar format din manuscrise, c\u0103r\u0163i, obiecte personale, lucr\u0103ri artistice, fotografii, \u00eenregistr\u0103ri audio &#8211; video care redau profunzimea \u015fi complexitatea \u00eentregii arte a cuv\u00e2ntului \u00een literatura rom\u00e2n\u0103. Prin acestea, institu\u0163ia Muzeul Na\u0163ional al Literaturii Rom\u00e2ne este \u015fi o veritabil\u0103 p\u0103str\u0103toare a limbii rom\u00e2ne, for\u0163a identit\u0103\u0163ii na\u0163iunii noastre.<\/p>\n<p>La ceas aniversar, <strong>Romfilatelia<\/strong> se al\u0103tur\u0103 \u201eMuzeului Cuv\u00e2ntului\u201d, dedic\u00e2ndu-i emisiunea de m\u0103rci po\u015ftale alc\u0103tuit\u0103 dintr-un timbru \u015fi o coli\u0163\u0103 dantelat\u0103.<\/p>\n<p>Muzeul Na\u0163ional al Literaturii Rom\u00e2ne de\u0163ine peste 300.000 de piese organizate \u00een 300 de colec\u0163ii (sec. XV \u2013 XX), cuprinz\u00e2nd manuscrise ale scriitorilor rom\u00e2ni, de la cronicari precum Varlaam, Dosoftei, la Ion Heliade R\u0103dulescu, Vasile Alecsandri, Mihai Eminescu, Ion Creang\u0103, Lucian Blaga, I.L.Caragiale, Titu Maiorescu \u015fi mul\u0163i al\u0163ii. De asemenea, muzeul de\u0163ine manuscrise valoroase ale unor scriitori str\u0103ini: M. Proust, Th. Mann, Paul Valery, G. Papini, G. Ungaretti etc. Colec\u0163iile sunt completate de c\u0103r\u0163i vechi \u015fi rare, documente istorico \u2013 literare, lucr\u0103ri de art\u0103 plastic\u0103 (grafic\u0103, pictur\u0103, sculptur\u0103), periodice, obiecte \u015fi mobilier memorial, fotografii, \u00eenregistr\u0103ri audio \u2013 video.<\/p>\n<p>Existen\u0163a \u015fi misiunea Muzeului Na\u0163ional al Literaturii Rom\u00e2ne au fost percepute, p\u00e2n\u0103 la un punct, ca o activitate dedicat\u0103 \u00een principal cercet\u0103rii \u015fi valorific\u0103rii operei eminesciene. \u00cen ultimele dou\u0103 decenii misiunea de conservare a mo\u015ftenirii literare \u015fi valorificare a acesteia s-a conturat mai clar, astfel c\u0103 Muzeul Na\u0163ional al Literaturii Rom\u00e2ne se afirm\u0103 ca o institu\u0163ie \u2013 depozitar a literaturii rom\u00e2ne vechi \u015fi moderne, precum \u015fi un avanpost al creativit\u0103\u0163ii contemporane. Misiunea sa este promovarea literaturii rom\u00e2ne pe plan intern \u015fi interna\u0163ional, integrarea acesteia \u00een circuitul valorilor culturale europene prin conservarea, dezvoltarea, cercetarea \u015fi valorificarea patrimoniului.<\/p>\n<p>Timbrul emisiunii cu valoare de <strong>8 lei<\/strong> este dedicat fondatorului muzeului, <strong>Dumitru Panaitescu <em>Perpessicius<\/em><\/strong>, poet de o factur\u0103 cu totul deosebit\u0103 dar, mai ales, un istoric literar de prim rang.<\/p>\n<p>\u00cen anul 1954 prime\u015fte Premiul de Stat pentru elaborarea edi\u0163iei critice a operelor lui Mihai Eminescu. Istoria noastr\u0103 literar\u0103 a avut \u015fansa de a g\u0103si \u00een Perpessicius pe editorul profund analitic \u015fi pasionat al monumentalei edi\u0163ii a <em>Operei lui Eminescu<\/em>.<\/p>\n<p>\u00cen anul 1955 devine membru al Academiei Rom\u00e2ne, ocup\u00e2nd \u015fi func\u0163ia de Director General al Bibliotecii Academiei, p\u00e2n\u0103 \u00een anul 1957 c\u00e2nd devine Directorul Muzeului Literaturii Rom\u00e2ne. \u00cen anul 1970 \u00ee\u015fi \u00eenscrie numele ca director fondator al revistei <em>Manuscriptum<\/em>.<\/p>\n<p>Pe timbrul coli\u0163ei dantelate a emisiunii cu valoare de <strong>16 lei<\/strong> este reprezentat\u0103 <strong>sigla <em>Muzeului Na\u0163ional al Literaturii Rom\u00e2ne<\/em><\/strong>, realizat\u0103 de Mircia Dumitrescu care, prin abordarea grafic\u0103 red\u0103 figurativ simbolistica\u00a0 literaturii rom\u00e2ne.<\/p>\n<p>Pe fundalul coli\u0163ei este prezentat\u0103 o fotografie a unei file care p\u0103streaz\u0103 pentru posteritate scrisul marelui poet Mihai Eminescu \u015fi c\u00e2teva strofe din poemul <em>La steaua<\/em>, care se g\u0103se\u015fte \u00een Arhiva Muzeului Na\u0163ional al Literaturii \u015fi clasat \u00een Tezaur. Poemul a fost\u00a0 publicat\u00a0 la data de 25 octombrie 1886 \u00een <em>Rom\u00e2nia liber\u0103<\/em>.<\/p>\n<p>&nbsp;<\/p>\n<p><strong><em>Romfilatelia mul\u0163ume\u015fte Muzeului Na\u0163ional al Literaturii Rom\u00e2ne pentru sprijinul documentar acordat la realizarea acestei emisiuni de m\u0103rci po\u015ftale.<\/em><\/strong><\/p>\n<p><a href=\"https:\/\/romfilatelia.ro\/magazin\/wp-content\/uploads\/2017\/05\/Muz_Nat_Lit_Rom_60_caract.jpg\"><img decoding=\"async\" loading=\"lazy\" class=\"aligncenter wp-image-2017270 size-full\" src=\"https:\/\/romfilatelia.ro\/magazin\/wp-content\/uploads\/2017\/05\/Muz_Nat_Lit_Rom_60_caract.jpg\" alt=\"\" width=\"900\" height=\"615\" srcset=\"https:\/\/romfilatelia.ro\/magazin\/wp-content\/uploads\/2017\/05\/Muz_Nat_Lit_Rom_60_caract.jpg 900w, https:\/\/romfilatelia.ro\/magazin\/wp-content\/uploads\/2017\/05\/Muz_Nat_Lit_Rom_60_caract-500x342.jpg 500w, https:\/\/romfilatelia.ro\/magazin\/wp-content\/uploads\/2017\/05\/Muz_Nat_Lit_Rom_60_caract-64x44.jpg 64w, https:\/\/romfilatelia.ro\/magazin\/wp-content\/uploads\/2017\/05\/Muz_Nat_Lit_Rom_60_caract-300x205.jpg 300w, https:\/\/romfilatelia.ro\/magazin\/wp-content\/uploads\/2017\/05\/Muz_Nat_Lit_Rom_60_caract-768x525.jpg 768w\" sizes=\"(max-width: 900px) 100vw, 900px\" \/><\/a><\/p>\n","protected":false},"excerpt":{"rendered":"<p>Muzeul Na\u0163ional al Literaturii Rom\u00e2ne ad\u0103poste\u015fte un autentic tezaur literar format din manuscrise, c\u0103r\u0163i, obiecte personale, lucr\u0103ri artistice, fotografii, \u00eenregistr\u0103ri audio &#8211; video care redau profunzimea \u015fi complexitatea \u00eentregii arte a cuv\u00e2ntului \u00een literatura rom\u00e2n\u0103. Prin acestea, institu\u0163ia Muzeul Na\u0163ional al Literaturii Rom\u00e2ne este \u015fi o veritabil\u0103 p\u0103str\u0103toare a limbii rom\u00e2ne, for\u0163a identit\u0103\u0163ii na\u0163iunii noastre.&hellip;&nbsp;<a href=\"https:\/\/romfilatelia.ro\/magazin\/produs\/colectii-anuale\/2017\/60-de-ani-muzeul-national-al-literaturii-romane\/\" class=\"\" rel=\"bookmark\">Cite\u0219te mai mult &raquo;<span class=\"screen-reader-text\">60 DE ANI, MUZEUL NA\u0162IONAL AL LITERATURII ROM\u00c2NE<\/span><\/a><\/p>\n","protected":false},"featured_media":2017272,"template":"","meta":{"neve_meta_sidebar":"","neve_meta_container":"","neve_meta_enable_content_width":"","neve_meta_content_width":0,"neve_meta_title_alignment":"","neve_meta_author_avatar":"","neve_post_elements_order":"","neve_meta_disable_header":"","neve_meta_disable_footer":"","neve_meta_disable_title":""},"product_cat":[138,6],"product_tag":[],"_links":{"self":[{"href":"https:\/\/romfilatelia.ro\/magazin\/wp-json\/wp\/v2\/product\/2017269"}],"collection":[{"href":"https:\/\/romfilatelia.ro\/magazin\/wp-json\/wp\/v2\/product"}],"about":[{"href":"https:\/\/romfilatelia.ro\/magazin\/wp-json\/wp\/v2\/types\/product"}],"wp:featuredmedia":[{"embeddable":true,"href":"https:\/\/romfilatelia.ro\/magazin\/wp-json\/wp\/v2\/media\/2017272"}],"wp:attachment":[{"href":"https:\/\/romfilatelia.ro\/magazin\/wp-json\/wp\/v2\/media?parent=2017269"}],"wp:term":[{"taxonomy":"product_cat","embeddable":true,"href":"https:\/\/romfilatelia.ro\/magazin\/wp-json\/wp\/v2\/product_cat?post=2017269"},{"taxonomy":"product_tag","embeddable":true,"href":"https:\/\/romfilatelia.ro\/magazin\/wp-json\/wp\/v2\/product_tag?post=2017269"}],"curies":[{"name":"wp","href":"https:\/\/api.w.org\/{rel}","templated":true}]}}