{"id":2016954,"date":"2017-01-25T19:46:25","date_gmt":"2017-01-25T17:46:25","guid":{"rendered":"http:\/\/romfilatelia.ro\/store\/?post_type=product&#038;p=2016954"},"modified":"2024-04-23T12:53:23","modified_gmt":"2024-04-23T10:53:23","slug":"set-valori-10-ani-romania-in-uniunea-europeana","status":"publish","type":"product","link":"https:\/\/romfilatelia.ro\/magazin\/produs\/uncategorized\/set-valori-10-ani-romania-in-uniunea-europeana\/","title":{"rendered":"Set valori 10 ANI, ROM\u00c2NIA \u00ceN UNIUNEA EUROPEAN\u0102"},"content":{"rendered":"","protected":false},"excerpt":{"rendered":"","protected":false},"featured_media":2016955,"template":"","meta":{"neve_meta_sidebar":"","neve_meta_container":"","neve_meta_enable_content_width":"","neve_meta_content_width":0,"neve_meta_title_alignment":"","neve_meta_author_avatar":"","neve_post_elements_order":"","neve_meta_disable_header":"","neve_meta_disable_footer":"","neve_meta_disable_title":""},"product_cat":[171],"product_tag":[],"_links":{"self":[{"href":"https:\/\/romfilatelia.ro\/magazin\/wp-json\/wp\/v2\/product\/2016954"}],"collection":[{"href":"https:\/\/romfilatelia.ro\/magazin\/wp-json\/wp\/v2\/product"}],"about":[{"href":"https:\/\/romfilatelia.ro\/magazin\/wp-json\/wp\/v2\/types\/product"}],"wp:featuredmedia":[{"embeddable":true,"href":"https:\/\/romfilatelia.ro\/magazin\/wp-json\/wp\/v2\/media\/2016955"}],"wp:attachment":[{"href":"https:\/\/romfilatelia.ro\/magazin\/wp-json\/wp\/v2\/media?parent=2016954"}],"wp:term":[{"taxonomy":"product_cat","embeddable":true,"href":"https:\/\/romfilatelia.ro\/magazin\/wp-json\/wp\/v2\/product_cat?post=2016954"},{"taxonomy":"product_tag","embeddable":true,"href":"https:\/\/romfilatelia.ro\/magazin\/wp-json\/wp\/v2\/product_tag?post=2016954"}],"curies":[{"name":"wp","href":"https:\/\/api.w.org\/{rel}","templated":true}]}}