{"id":2016350,"date":"2016-10-06T10:36:39","date_gmt":"2016-10-06T08:36:39","guid":{"rendered":"http:\/\/romfilatelia.ro\/store\/?post_type=product&#038;p=2016350"},"modified":"2019-05-09T15:09:47","modified_gmt":"2019-05-09T13:09:47","slug":"set-blocuri-timbre-iubeste-natura-parcul-national-ceahlau","status":"publish","type":"product","link":"https:\/\/romfilatelia.ro\/magazin\/produs\/bloc-timbre\/set-blocuri-timbre-iubeste-natura-parcul-national-ceahlau\/","title":{"rendered":"Set blocuri timbre IUBE\u015eTE NATURA! PARCUL NA\u0162IONAL CEAHL\u0102U"},"content":{"rendered":"","protected":false},"excerpt":{"rendered":"","protected":false},"featured_media":2016351,"template":"","meta":{"neve_meta_sidebar":"","neve_meta_container":"","neve_meta_enable_content_width":"","neve_meta_content_width":0,"neve_meta_title_alignment":"","neve_meta_author_avatar":"","neve_post_elements_order":"","neve_meta_disable_header":"","neve_meta_disable_footer":"","neve_meta_disable_title":""},"product_cat":[20,145],"product_tag":[],"_links":{"self":[{"href":"https:\/\/romfilatelia.ro\/magazin\/wp-json\/wp\/v2\/product\/2016350"}],"collection":[{"href":"https:\/\/romfilatelia.ro\/magazin\/wp-json\/wp\/v2\/product"}],"about":[{"href":"https:\/\/romfilatelia.ro\/magazin\/wp-json\/wp\/v2\/types\/product"}],"wp:featuredmedia":[{"embeddable":true,"href":"https:\/\/romfilatelia.ro\/magazin\/wp-json\/wp\/v2\/media\/2016351"}],"wp:attachment":[{"href":"https:\/\/romfilatelia.ro\/magazin\/wp-json\/wp\/v2\/media?parent=2016350"}],"wp:term":[{"taxonomy":"product_cat","embeddable":true,"href":"https:\/\/romfilatelia.ro\/magazin\/wp-json\/wp\/v2\/product_cat?post=2016350"},{"taxonomy":"product_tag","embeddable":true,"href":"https:\/\/romfilatelia.ro\/magazin\/wp-json\/wp\/v2\/product_tag?post=2016350"}],"curies":[{"name":"wp","href":"https:\/\/api.w.org\/{rel}","templated":true}]}}