{"id":2016332,"date":"2016-10-06T07:42:02","date_gmt":"2016-10-06T07:42:02","guid":{"rendered":"http:\/\/romfilatelia.ro\/store\/?post_type=product&#038;p=2016332"},"modified":"2016-10-06T07:42:02","modified_gmt":"2016-10-06T07:42:02","slug":"servicii-prin-prietenie-20-de-ani-i-p-a-sectia-romana","status":"publish","type":"product","link":"https:\/\/romfilatelia.ro\/magazin\/produs\/colectii-anuale\/2016\/servicii-prin-prietenie-20-de-ani-i-p-a-sectia-romana\/","title":{"rendered":"SERVICII PRIN PRIETENIE 20 DE ANI I.P.A SEC\u0162IA ROM\u00c2N\u0102"},"content":{"rendered":"<p><img decoding=\"async\" loading=\"lazy\" class=\"size-medium wp-image-2016333 alignleft\" src=\"https:\/\/romfilatelia.ro\/magazin\/wp-content\/uploads\/2016\/10\/site_IPA-2016-160x300-160x300.jpg\" alt=\"site_ipa-2016-160x300\" width=\"160\" height=\"300\" srcset=\"https:\/\/romfilatelia.ro\/magazin\/wp-content\/uploads\/2016\/10\/site_IPA-2016-160x300.jpg 160w, https:\/\/romfilatelia.ro\/magazin\/wp-content\/uploads\/2016\/10\/site_IPA-2016-160x300-64x120.jpg 64w\" sizes=\"(max-width: 160px) 100vw, 160px\" \/><\/p>\n<p>Cea mai mare organiza\u0163ie de prietenie a poli\u0163i\u015ftilor din \u00eentreaga lume, <em>International Police Association \u2013 I.P.A.<\/em> \u2013 a luat fiin\u0163\u0103 la 1 ianuarie 1950.<\/p>\n<p>I.P.A. a fost \u00eenfiin\u0163at\u0103 \u00een Marea Britanie din ini\u0163iativa sergentului de poli\u0163ie Arthur Troop din Lincolnshire, Anglia. Un idealist convins, acesta a dorit s\u0103 creeze un cadru adecvat prieteniei \u00eentre poli\u0163i\u015ftii de pretutindeni \u015fi cooper\u0103rii interna\u0163ionale.<\/p>\n<p>Dup\u0103 \u00eencheierea celui de-al Doilea R\u0103zboi Mondial, Arthur Troop \u015fi-a dedicat timpul \u00eemplinirii acestui frumos vis. \u00cenconjurat de prieteni care \u00eemp\u0103rt\u0103\u015feau acelea\u015fi idealuri, a lucrat continuu pentru ac\u0163iuni care aveau drept obiectiv \u00eenfiin\u0163area altor sec\u0163ii na\u0163ionale.\u00a0 \u00cenc\u0103 de la \u00eenceput, mesajul I.P.A. a fost preluat rapid, astfel c\u0103, \u00een anul 1953, Olanda, Belgia \u015fi Fran\u0163a \u015fi-au constituit sec\u0163ii, \u00een anul 1954 urm\u00e2nd exemplul Norvegia \u015fi Elve\u0163ia, iar<br \/>\n\u00een 1955 Germania \u015fi Irlanda.<\/p>\n<p>La scurt timp au ap\u0103rut sec\u0163ii I.P.A. \u00een majoritatea Europei de Vest, Africa, America, Asia \u015fi Australia.<\/p>\n<p>\u00cen anul 1955, la prima reuniune a Comitetului Executiv Interna\u0163ional de la Paris, Arthur Troop a devenit primul secretar general interna\u0163ional.<\/p>\n<p>A\u015fa \u015fi-a \u00eenceput existen\u0163a International Police Association, cea mai mare asocia\u0163ie mondial\u0103 de acest gen, care \u00een prezent are 66 de sec\u0163ii na\u0163ionale.<\/p>\n<p>Limbile oficiale ale Asocia\u0163iei sunt engleza (limba de referin\u0163\u0103), franceza, germana \u015fi spaniola.<\/p>\n<p>I.P.A. Sec\u0163ia Rom\u00e2n\u0103 a fost fondat\u0103 la data de 31 august 1992 \u015fi afiliat\u0103 la I.P.A. \u00een data de 25 octombrie 1996, la ini\u0163iativa domnului general-locotenent dr. ing. Iulian Medrea.<\/p>\n<p>Eforturile de constituire \u015fi de dezvoltare ale Sec\u0163iei Rom\u00e2ne a Asocia\u0163iei Interna\u0163ionale a Poli\u0163i\u015ftilor au fost \u00eencununate de succes \u015fi datorit\u0103 faptului c\u0103, \u00een comportamentul oamenilor care apar\u0103 legea \u015fi societatea, prietenia are r\u0103d\u0103cini ad\u00e2nci \u015fi solide. La ace\u015fti oameni se reg\u0103se\u015fte spiritul de echitate \u015fi dreptate, sus\u0163inere moral\u0103, respectul \u015fi aprecierea fa\u0163\u0103 de valorile umane \u015fi ale statului de drept.<\/p>\n<p><strong>Principiile fundamentale<\/strong> ale acestei asocia\u0163ii sunt: prietenia, ospitalitatea, umanitatea, solidaritatea, unitatea, universalitatea \u015fi voluntariatul. <strong>Scopul I.P.A.<\/strong> este crearea \u015fi dezvoltarea leg\u0103turilor de prietenie \u00eentre membrii s\u0103i, iar printre <strong>obiectivele asocia\u0163iei<\/strong> se reg\u0103sesc: promovarea respectului fa\u0163\u0103 de lege, ordinea na\u0163ional\u0103 \u015fi interna\u0163ional\u0103, stimularea leg\u0103turilor de prietenie, \u00eentrajutorare \u015fi respect reciproc; cre\u015fterea prestigiului \u015fi imaginii structurilor profesionale din care fac parte membrii I.P.A. etc.<\/p>\n<p>Cu cele 156 de filiale ale sale \u015fi cei peste 45.000 de membri, I.P.A. Sec\u0163ia Rom\u00e2n\u0103 ocup\u0103 locul II la nivel mondial. \u00cen ultimii ani, \u0163ara noastr\u0103 s-a clasat pe locul I la organizarea \u015fi desf\u0103\u015furarea activit\u0103\u0163ilor sociale, educa\u0163ionale, profesionale \u015fi sportive. Printre membrii I.P.A. din Rom\u00e2nia, se num\u0103r\u0103 \u015fi poli\u0163i\u015ftii \u015fi jandarmii ce \u00eendeplinesc misiuni O.N.U. peste hotare.<\/p>\n<p>I.P.A. Sec\u0163ia Rom\u00e2n\u0103 se m\u00e2ndre\u015fte cu faptul c\u0103 din r\u00e2ndurile ei fac parte \u015fi marii sportivi ai Rom\u00e2niei: Nadia Com\u0103neci, Gheorghe Hagi, Ion \u0162iriac, Elisabeta Lip\u0103, Lucian Bute, Monica Iag\u0103r, Marius Urzic\u0103, Ivan Patzaichin \u015fi mul\u0163i al\u0163ii.<\/p>\n<p>De la ace\u015fti frumo\u015fi \u015fi talenta\u0163i sportivi s-au inspirat \u015fi membrii I.P.A. \u00een organizarea \u015fi participarea la nivel na\u0163ional \u015fi interna\u0163ional la zeci \u015fi sute de competi\u0163ii sportive: fotbal de sal\u0103, fotbal pe plaj\u0103, fotbal pe gazon natural sau artificial, tenis de c\u00e2mp, tenis de mas\u0103, handbal, \u00eenot, alerg\u0103ri, trac\u0163iuni, flot\u0103ri etc. Lor li se adaug\u0103 cei cu preocup\u0103ri artistice: scriitori, pictori, sculptori, interpre\u0163i muzicali.<\/p>\n<p>Implicarea I.P.A. Sec\u0163ia Rom\u00e2n\u0103 \u00een ac\u0163iuni de caritate demonstreaz\u0103 sensibilitatea \u015fi generozitatea membrilor ei. R\u0103spunz\u00e2nd \u00eentotdeauna la solicit\u0103rile celor din jur, membrii I.P.A. ofer\u0103 societ\u0103\u0163ii un model de comportament demn de urmat.<\/p>\n<p>Asocia\u0163ia na\u0163ional\u0103 public\u0103 o revist\u0103 proprie de informare \u015fi opinii denumit\u0103 \u201eI.P.A. JURNAL\u201d \u015fi una profesional\u0103: \u201eRevista de Investiga\u0163ii Criminale\u201d, iar la nivel regional apar diverse \u00adbuletine tematice.<\/p>\n<p>Membrii Asocia\u0163iei au f\u0103cut din prietenie un mod de a fi, manifest\u00e2nd \u00een permanen\u0163\u0103 puternice sentimente de omenie, \u00eentrajutorare, toleran\u0163\u0103 \u015fi bun\u0103-cuviin\u0163\u0103. Pentru ei, prietenia genereaz\u0103 ocazii \u015fi prilejuri de a se cunoa\u015fte, fiind principala surs\u0103 care le alimenteaz\u0103 dorin\u0163a de a stabili rela\u0163ii noi.<\/p>\n<p>Timbrul emisiunii din acest an, 2016, marcheaz\u0103 aniversarea a 20 de ani de la afilierea Sec\u0163iei Rom\u00e2ne la I.P.A., grafica \u015fi cromatica acestuia relief\u00e2nd logo-ul \u015fi motto-ul asocia\u0163iei <em>Servo per amikeco <\/em>\u2013 \u201eServicii prin prietenie\u201d, precum \u015fi misiunea asocia\u0163iei: promovarea prieteniei.<\/p>\n<p>Coli\u0163a emisiunii ilustreaz\u0103 diploma prin care I.P.A. Rom\u00e2nia s-a afiliat acestei prestigioase asocia\u0163ii la data de 25 octombrie 1996, \u00een Brisbane, Australia \u015fi imaginea fondatorului I.P.A., Arthur Troop, marc\u00e2nd aniversarea a 66 de ani de la fondarea Asocia\u0163iei, precum \u015fi lista celor 66 de \u0163\u0103ri unite \u00een spiritul prieteniei, toate complet\u00e2nd cu succes compozi\u0163ia grafic\u0103 a acesteia.<\/p>\n<p><img decoding=\"async\" loading=\"lazy\" class=\"aligncenter wp-image-2016334 size-full\" src=\"https:\/\/romfilatelia.ro\/magazin\/wp-content\/uploads\/2016\/10\/caract_IPA.jpg\" alt=\"pliant_IPA.qxp\" width=\"1117\" height=\"660\" srcset=\"https:\/\/romfilatelia.ro\/magazin\/wp-content\/uploads\/2016\/10\/caract_IPA.jpg 1117w, https:\/\/romfilatelia.ro\/magazin\/wp-content\/uploads\/2016\/10\/caract_IPA-500x295.jpg 500w, https:\/\/romfilatelia.ro\/magazin\/wp-content\/uploads\/2016\/10\/caract_IPA-64x38.jpg 64w, https:\/\/romfilatelia.ro\/magazin\/wp-content\/uploads\/2016\/10\/caract_IPA-300x177.jpg 300w, https:\/\/romfilatelia.ro\/magazin\/wp-content\/uploads\/2016\/10\/caract_IPA-768x454.jpg 768w, https:\/\/romfilatelia.ro\/magazin\/wp-content\/uploads\/2016\/10\/caract_IPA-1024x605.jpg 1024w\" sizes=\"(max-width: 1117px) 100vw, 1117px\" \/><\/p>\n","protected":false},"excerpt":{"rendered":"<p>Cea mai mare organiza\u0163ie de prietenie a poli\u0163i\u015ftilor din \u00eentreaga lume, International Police Association \u2013 I.P.A. \u2013 a luat fiin\u0163\u0103 la 1 ianuarie 1950. I.P.A. a fost \u00eenfiin\u0163at\u0103 \u00een Marea Britanie din ini\u0163iativa sergentului de poli\u0163ie Arthur Troop din Lincolnshire, Anglia. Un idealist convins, acesta a dorit s\u0103 creeze un cadru adecvat prieteniei \u00eentre poli\u0163i\u015ftii&hellip;&nbsp;<a href=\"https:\/\/romfilatelia.ro\/magazin\/produs\/colectii-anuale\/2016\/servicii-prin-prietenie-20-de-ani-i-p-a-sectia-romana\/\" class=\"\" rel=\"bookmark\">Cite\u0219te mai mult &raquo;<span class=\"screen-reader-text\">SERVICII PRIN PRIETENIE 20 DE ANI I.P.A SEC\u0162IA ROM\u00c2N\u0102<\/span><\/a><\/p>\n","protected":false},"featured_media":2016333,"template":"","meta":{"neve_meta_sidebar":"","neve_meta_container":"","neve_meta_enable_content_width":"","neve_meta_content_width":0,"neve_meta_title_alignment":"","neve_meta_author_avatar":"","neve_post_elements_order":"","neve_meta_disable_header":"","neve_meta_disable_footer":"","neve_meta_disable_title":""},"product_cat":[102,6],"product_tag":[],"_links":{"self":[{"href":"https:\/\/romfilatelia.ro\/magazin\/wp-json\/wp\/v2\/product\/2016332"}],"collection":[{"href":"https:\/\/romfilatelia.ro\/magazin\/wp-json\/wp\/v2\/product"}],"about":[{"href":"https:\/\/romfilatelia.ro\/magazin\/wp-json\/wp\/v2\/types\/product"}],"wp:featuredmedia":[{"embeddable":true,"href":"https:\/\/romfilatelia.ro\/magazin\/wp-json\/wp\/v2\/media\/2016333"}],"wp:attachment":[{"href":"https:\/\/romfilatelia.ro\/magazin\/wp-json\/wp\/v2\/media?parent=2016332"}],"wp:term":[{"taxonomy":"product_cat","embeddable":true,"href":"https:\/\/romfilatelia.ro\/magazin\/wp-json\/wp\/v2\/product_cat?post=2016332"},{"taxonomy":"product_tag","embeddable":true,"href":"https:\/\/romfilatelia.ro\/magazin\/wp-json\/wp\/v2\/product_tag?post=2016332"}],"curies":[{"name":"wp","href":"https:\/\/api.w.org\/{rel}","templated":true}]}}