{"id":2016226,"date":"2016-09-07T14:13:18","date_gmt":"2016-09-07T14:13:18","guid":{"rendered":"http:\/\/romfilatelia.ro\/store\/?post_type=product&#038;p=2016226"},"modified":"2016-10-07T12:26:22","modified_gmt":"2016-10-07T12:26:22","slug":"jocurile-olimpice-de-vara-brazilia-2016","status":"publish","type":"product","link":"https:\/\/romfilatelia.ro\/magazin\/produs\/colectii-anuale\/2016\/jocurile-olimpice-de-vara-brazilia-2016\/","title":{"rendered":"JOCURILE OLIMPICE DE VAR\u0102, BRAZILIA 2016"},"content":{"rendered":"<p><img decoding=\"async\" class=\"alignleft\" src=\"http:\/\/romfilatelia.ro\/wp-content\/uploads\/2016\/08\/JO_2016_Rio_serie_bloc-1-300x289.jpg\" \/>Tematica Jocurilor Olimpice este una tradi\u0163ional\u0103 \u00een filatelia rom\u00e2neasc\u0103, iar anul acesta Romfilatelia continu\u0103 aceast\u0103 tradi\u0163ie prin introducerea \u00een circula\u0163ie a emisiunii de m\u0103rci po\u015ftale Jocurile Olimpice de Var\u0103, Brazilia 2016. Acesta este alc\u0103tuit\u0103 din 4 timbre ce ilustreaz\u0103 competi\u0163ii sportive la care Rom\u00e2nia s-a calificat: tir, judo, scrim\u0103 \u015fi atletism.<br \/>\nRio de Janeiro a fost desemnat ora\u015f gazd\u0103 al competi\u0163iei \u00een cadrul celei de-a 121-a Sesiuni a Comitetului Interna\u0163ional Olimpic, desf\u0103\u015furat\u0103 la Copenhaga, Danemarca pe 2 octombrie 2009. Rio este primul ora\u015f sud-american care va g\u0103zdui Jocurile Olimpice de var\u0103, al doilea din America Latin\u0103 dup\u0103 Ciudad de M\u00e9xico \u00een 1968 \u015fi primul din Emisfera Sudic\u0103 dup\u0103 2000. Jocurile se vor desf\u0103\u015fura \u00een perioada 5-21 august 2016.<br \/>\nFedera\u0163iile sportive de tir sportiv au ap\u0103rut \u00een secolul al XIX-lea \u00een Elve\u0163ia (1824), Marea Britanie (1859), Germania (1861) \u015fi \u00een SUA (1871).<br \/>\nTirul a fost prezent pentru prima dat\u0103 \u00een competi\u0163ia olimpic\u0103 chiar de la edi\u0163ia inaugural\u0103 a JO, \u00een 1896, la Atena, cu cinci probe. \u00cen prezent exist\u0103 15 probe olimpice de tir, \u00eemp\u0103r\u0163ite \u00een trei discipline, pistol, pu\u015fc\u0103 \u015fi talere. Rom\u00e2nia a fost reprezentat\u0103 pentru prima dat\u0103 \u00een competi\u0163iile olimpice de tir \u00een 1900, la Paris, apoi \u00een 1924 la Jocurile Olimpice care au avut loc tot la Paris, \u015fi \u00een 1936 la Jocurile Olimpice de la Berlin. Din 1952, reprezentan\u0163ii no\u015ftri nu au mai lipsit de la nicio edi\u0163ie a Jocurilor Olimpice.<br \/>\nJudo-ul este un sport tradi\u0163ional japonez derivat din ju-jitsu, tehnic\u0103 de lupt\u0103 dat\u00e2nd din antichitate. Judo-ul modern s-a dezvoltat din 1880 \u015fi a fost prezentat \u00een premier\u0103 la JO de la Tokio, din 1968, ca sport demonstrativ. \u00centrecerile masculine au fost introduce oficial la JO abia \u00een 1972, la Munchen, iar cele feminine \u00een 1992, la JO de la Barcelona. Rom\u00e2nia a participat la \u00eentreceri de judo \u00een cadrul a opt edi\u0163ii ale JO, \u00een 1980, 1984, 1992, 1996, 2000, 2004, 2008, 2012.<br \/>\nScrima modern\u0103 a \u00eenceput c\u0103 o form\u0103 de antrenament militar \u015fi a fost considerat\u0103 sport \u00een secolul al XV-lea.<br \/>\nInclus\u0103 \u00een programul olimpic chiar de la prima edi\u0163ie a Jocurilor moderne, \u00een 1896, la Atena, scrima a fost prezent\u0103 f\u0103r\u0103 \u00eentrerupere la toate edi\u0163iile JO. \u00cen 1924, la JO de la Paris au fost acceptate \u015fi \u00eentrecerile feminine.<br \/>\nDin 1928, de la prima participare, Rom\u00e2nia nu a lipsit din \u00eentrecerile olimpice de scrim\u0103 dec\u00e2t la JO din 1932, 1940, 1944 \u015fi 1948.<br \/>\n\u00centrecerile atletice au avut loc chiar de la cea dint\u00e2i edi\u0163ie a Jocurilor Olimpice antice, iar primii campioni au fost \u00eenregistra\u0163i \u00eenc\u0103 din anul 776 \u00ee.Hr. Din 1896, de la cea dint\u00e2i edi\u0163ie a JO moderne, concursurile atletice nu au lipsit niciodat\u0103 din programul olimpic, \u015fi datorit\u0103 popularit\u0103\u0163ii acestui sport, \u00een 1912 a fost \u00eenfiin\u0163at\u0103 Asocia\u0163ia Interna\u0163ional\u0103 a Federa\u0163iilor de Atletism (IAAF).<br \/>\nCompeti\u0163ia atletic\u0103 feminin\u0103 a fost introdus\u0103 \u00een premier\u0103 la Jocurile Olimpice \u00een 1928, la Amsterdam, dar numai la anumite discipline.<br \/>\nRom\u00e2nia a avut pentru prima dat\u0103 reprezentan\u0163i \u00een \u00eentrecerile olimpice atletice din acel an, absent\u00e2nd p\u00e2n\u0103 \u00een prezent doar de la edi\u0163iile Jocurilor din 1932, 1940, 1944 \u015fi 1948.<\/p>\n<p>Romfilatelia mul\u0163ume\u015fte Comitetului Olimpic \u015fi Sportiv Rom\u00e2n pentru sprijinul documentar acordat \u00een realizarea acestei emisiuni de m\u0103rci po\u015ftale.<\/p>\n<p><a href=\"http:\/\/romfilatelia.ro\/wp-content\/uploads\/2016\/08\/JO_2016_Rio_caract.jpg\"><img decoding=\"async\" loading=\"lazy\" class=\"wp-image-2013205 size-full alignleft\" src=\"http:\/\/romfilatelia.ro\/wp-content\/uploads\/2016\/08\/JO_2016_Rio_caract.jpg\" sizes=\"(max-width: 750px) 100vw, 750px\" srcset=\"http:\/\/romfilatelia.ro\/wp-content\/uploads\/2016\/08\/JO_2016_Rio_caract.jpg 750w, http:\/\/romfilatelia.ro\/wp-content\/uploads\/2016\/08\/JO_2016_Rio_caract-300x202.jpg 300w\" alt=\"JO_2016_Rio_caract\" width=\"750\" height=\"506\" \/><\/a><\/p>\n","protected":false},"excerpt":{"rendered":"<p>Tematica Jocurilor Olimpice este una tradi\u0163ional\u0103 \u00een filatelia rom\u00e2neasc\u0103, iar anul acesta Romfilatelia continu\u0103 aceast\u0103 tradi\u0163ie prin introducerea \u00een circula\u0163ie a emisiunii de m\u0103rci po\u015ftale Jocurile Olimpice de Var\u0103, Brazilia 2016. Acesta este alc\u0103tuit\u0103 din 4 timbre ce ilustreaz\u0103 competi\u0163ii sportive la care Rom\u00e2nia s-a calificat: tir, judo, scrim\u0103 \u015fi atletism. Rio de Janeiro a&hellip;&nbsp;<a href=\"https:\/\/romfilatelia.ro\/magazin\/produs\/colectii-anuale\/2016\/jocurile-olimpice-de-vara-brazilia-2016\/\" class=\"\" rel=\"bookmark\">Cite\u0219te mai mult &raquo;<span class=\"screen-reader-text\">JOCURILE OLIMPICE DE VAR\u0102, BRAZILIA 2016<\/span><\/a><\/p>\n","protected":false},"featured_media":2016227,"template":"","meta":{"neve_meta_sidebar":"","neve_meta_container":"","neve_meta_enable_content_width":"","neve_meta_content_width":0,"neve_meta_title_alignment":"","neve_meta_author_avatar":"","neve_post_elements_order":"","neve_meta_disable_header":"","neve_meta_disable_footer":"","neve_meta_disable_title":""},"product_cat":[102,6],"product_tag":[],"_links":{"self":[{"href":"https:\/\/romfilatelia.ro\/magazin\/wp-json\/wp\/v2\/product\/2016226"}],"collection":[{"href":"https:\/\/romfilatelia.ro\/magazin\/wp-json\/wp\/v2\/product"}],"about":[{"href":"https:\/\/romfilatelia.ro\/magazin\/wp-json\/wp\/v2\/types\/product"}],"wp:featuredmedia":[{"embeddable":true,"href":"https:\/\/romfilatelia.ro\/magazin\/wp-json\/wp\/v2\/media\/2016227"}],"wp:attachment":[{"href":"https:\/\/romfilatelia.ro\/magazin\/wp-json\/wp\/v2\/media?parent=2016226"}],"wp:term":[{"taxonomy":"product_cat","embeddable":true,"href":"https:\/\/romfilatelia.ro\/magazin\/wp-json\/wp\/v2\/product_cat?post=2016226"},{"taxonomy":"product_tag","embeddable":true,"href":"https:\/\/romfilatelia.ro\/magazin\/wp-json\/wp\/v2\/product_tag?post=2016226"}],"curies":[{"name":"wp","href":"https:\/\/api.w.org\/{rel}","templated":true}]}}