{"id":2016152,"date":"2016-08-09T13:05:54","date_gmt":"2016-08-09T11:05:54","guid":{"rendered":"http:\/\/romfilatelia.ro\/store\/?post_type=product&#038;p=2016152"},"modified":"2021-05-27T08:35:17","modified_gmt":"2021-05-27T06:35:17","slug":"set-4-valori-ceramica-romaneasca-farfurii-taranesti-iii","status":"publish","type":"product","link":"https:\/\/romfilatelia.ro\/magazin\/produs\/serie-valori\/set-4-valori-ceramica-romaneasca-farfurii-taranesti-iii\/","title":{"rendered":"Set 4 valori CERAMIC\u00c3 ROM\u00c2NEASC\u00c3 &#8211; Farfurii \u021b\u00e3r\u00e3ne\u015fti (III)"},"content":{"rendered":"","protected":false},"excerpt":{"rendered":"","protected":false},"featured_media":2017721,"template":"","meta":{"neve_meta_sidebar":"","neve_meta_container":"","neve_meta_enable_content_width":"","neve_meta_content_width":0,"neve_meta_title_alignment":"","neve_meta_author_avatar":"","neve_post_elements_order":"","neve_meta_disable_header":"","neve_meta_disable_footer":"","neve_meta_disable_title":""},"product_cat":[17],"product_tag":[],"_links":{"self":[{"href":"https:\/\/romfilatelia.ro\/magazin\/wp-json\/wp\/v2\/product\/2016152"}],"collection":[{"href":"https:\/\/romfilatelia.ro\/magazin\/wp-json\/wp\/v2\/product"}],"about":[{"href":"https:\/\/romfilatelia.ro\/magazin\/wp-json\/wp\/v2\/types\/product"}],"wp:featuredmedia":[{"embeddable":true,"href":"https:\/\/romfilatelia.ro\/magazin\/wp-json\/wp\/v2\/media\/2017721"}],"wp:attachment":[{"href":"https:\/\/romfilatelia.ro\/magazin\/wp-json\/wp\/v2\/media?parent=2016152"}],"wp:term":[{"taxonomy":"product_cat","embeddable":true,"href":"https:\/\/romfilatelia.ro\/magazin\/wp-json\/wp\/v2\/product_cat?post=2016152"},{"taxonomy":"product_tag","embeddable":true,"href":"https:\/\/romfilatelia.ro\/magazin\/wp-json\/wp\/v2\/product_tag?post=2016152"}],"curies":[{"name":"wp","href":"https:\/\/api.w.org\/{rel}","templated":true}]}}