{"id":2016067,"date":"2016-08-09T12:02:17","date_gmt":"2016-08-09T10:02:17","guid":{"rendered":"http:\/\/romfilatelia.ro\/store\/?post_type=product&#038;p=2016067"},"modified":"2020-04-29T17:29:40","modified_gmt":"2020-04-29T15:29:40","slug":"set-carti-postale-maxime-pasari-de-prada","status":"publish","type":"product","link":"https:\/\/romfilatelia.ro\/magazin\/produs\/carti-postale-maxime\/set-carti-postale-maxime-pasari-de-prada\/","title":{"rendered":"Set carti postale maxime P\u00c3S\u00c3RI DE PRAD\u00c3"},"content":{"rendered":"","protected":false},"excerpt":{"rendered":"","protected":false},"featured_media":2017761,"template":"","meta":{"neve_meta_sidebar":"","neve_meta_container":"","neve_meta_enable_content_width":"","neve_meta_content_width":0,"neve_meta_title_alignment":"","neve_meta_author_avatar":"","neve_post_elements_order":"","neve_meta_disable_header":"","neve_meta_disable_footer":"","neve_meta_disable_title":""},"product_cat":[8,145],"product_tag":[],"_links":{"self":[{"href":"https:\/\/romfilatelia.ro\/magazin\/wp-json\/wp\/v2\/product\/2016067"}],"collection":[{"href":"https:\/\/romfilatelia.ro\/magazin\/wp-json\/wp\/v2\/product"}],"about":[{"href":"https:\/\/romfilatelia.ro\/magazin\/wp-json\/wp\/v2\/types\/product"}],"wp:featuredmedia":[{"embeddable":true,"href":"https:\/\/romfilatelia.ro\/magazin\/wp-json\/wp\/v2\/media\/2017761"}],"wp:attachment":[{"href":"https:\/\/romfilatelia.ro\/magazin\/wp-json\/wp\/v2\/media?parent=2016067"}],"wp:term":[{"taxonomy":"product_cat","embeddable":true,"href":"https:\/\/romfilatelia.ro\/magazin\/wp-json\/wp\/v2\/product_cat?post=2016067"},{"taxonomy":"product_tag","embeddable":true,"href":"https:\/\/romfilatelia.ro\/magazin\/wp-json\/wp\/v2\/product_tag?post=2016067"}],"curies":[{"name":"wp","href":"https:\/\/api.w.org\/{rel}","templated":true}]}}