{"id":2015731,"date":"2016-08-08T17:11:07","date_gmt":"2016-08-08T15:11:07","guid":{"rendered":"http:\/\/romfilatelia.ro\/store\/?post_type=product&#038;p=2015731"},"modified":"2026-02-02T10:29:37","modified_gmt":"2026-02-02T08:29:37","slug":"colita-dantelata-10-ani-de-la-infiintarea-sectiei-romane-a-asociatiei-internationale-a-politistilor","status":"publish","type":"product","link":"https:\/\/romfilatelia.ro\/magazin\/produs\/colita-dantelata\/colita-dantelata-10-ani-de-la-infiintarea-sectiei-romane-a-asociatiei-internationale-a-politistilor\/","title":{"rendered":"Colita dantelata 10 ANI DE LA \u00ceNFIIN\u0162AREA SEC\u0162IEI ROM\u00c2NE A ASOCIA\u0162IEI INTERNA\u0162IONALE A POLI\u0162I\u015eTILOR"},"content":{"rendered":"","protected":false},"excerpt":{"rendered":"","protected":false},"featured_media":2017807,"template":"","meta":{"neve_meta_sidebar":"","neve_meta_container":"","neve_meta_enable_content_width":"","neve_meta_content_width":0,"neve_meta_title_alignment":"","neve_meta_author_avatar":"","neve_post_elements_order":"","neve_meta_disable_header":"","neve_meta_disable_footer":"","neve_meta_disable_title":""},"product_cat":[19],"product_tag":[],"_links":{"self":[{"href":"https:\/\/romfilatelia.ro\/magazin\/wp-json\/wp\/v2\/product\/2015731"}],"collection":[{"href":"https:\/\/romfilatelia.ro\/magazin\/wp-json\/wp\/v2\/product"}],"about":[{"href":"https:\/\/romfilatelia.ro\/magazin\/wp-json\/wp\/v2\/types\/product"}],"wp:featuredmedia":[{"embeddable":true,"href":"https:\/\/romfilatelia.ro\/magazin\/wp-json\/wp\/v2\/media\/2017807"}],"wp:attachment":[{"href":"https:\/\/romfilatelia.ro\/magazin\/wp-json\/wp\/v2\/media?parent=2015731"}],"wp:term":[{"taxonomy":"product_cat","embeddable":true,"href":"https:\/\/romfilatelia.ro\/magazin\/wp-json\/wp\/v2\/product_cat?post=2015731"},{"taxonomy":"product_tag","embeddable":true,"href":"https:\/\/romfilatelia.ro\/magazin\/wp-json\/wp\/v2\/product_tag?post=2015731"}],"curies":[{"name":"wp","href":"https:\/\/api.w.org\/{rel}","templated":true}]}}