{"id":2015608,"date":"2016-08-08T15:27:07","date_gmt":"2016-08-08T13:27:07","guid":{"rendered":"http:\/\/romfilatelia.ro\/store\/?post_type=product&#038;p=2015608"},"modified":"2021-08-27T13:53:17","modified_gmt":"2021-08-27T11:53:17","slug":"colita-dantelata-500-de-ani-de-la-tiparirea-primei-carti-pe-teritoriul-romaniei","status":"publish","type":"product","link":"https:\/\/romfilatelia.ro\/magazin\/produs\/colita-dantelata\/colita-dantelata-500-de-ani-de-la-tiparirea-primei-carti-pe-teritoriul-romaniei\/","title":{"rendered":"Colita dantelata 500 de ani de la tip\u0103rirea primei c\u0103r\u0163i pe teritoriul Rom\u00e2niei"},"content":{"rendered":"","protected":false},"excerpt":{"rendered":"","protected":false},"featured_media":2020609,"template":"","meta":{"neve_meta_sidebar":"","neve_meta_container":"","neve_meta_enable_content_width":"","neve_meta_content_width":0,"neve_meta_title_alignment":"","neve_meta_author_avatar":"","neve_post_elements_order":"","neve_meta_disable_header":"","neve_meta_disable_footer":"","neve_meta_disable_title":""},"product_cat":[19],"product_tag":[],"_links":{"self":[{"href":"https:\/\/romfilatelia.ro\/magazin\/wp-json\/wp\/v2\/product\/2015608"}],"collection":[{"href":"https:\/\/romfilatelia.ro\/magazin\/wp-json\/wp\/v2\/product"}],"about":[{"href":"https:\/\/romfilatelia.ro\/magazin\/wp-json\/wp\/v2\/types\/product"}],"wp:featuredmedia":[{"embeddable":true,"href":"https:\/\/romfilatelia.ro\/magazin\/wp-json\/wp\/v2\/media\/2020609"}],"wp:attachment":[{"href":"https:\/\/romfilatelia.ro\/magazin\/wp-json\/wp\/v2\/media?parent=2015608"}],"wp:term":[{"taxonomy":"product_cat","embeddable":true,"href":"https:\/\/romfilatelia.ro\/magazin\/wp-json\/wp\/v2\/product_cat?post=2015608"},{"taxonomy":"product_tag","embeddable":true,"href":"https:\/\/romfilatelia.ro\/magazin\/wp-json\/wp\/v2\/product_tag?post=2015608"}],"curies":[{"name":"wp","href":"https:\/\/api.w.org\/{rel}","templated":true}]}}