{"id":2015569,"date":"2016-08-08T15:15:48","date_gmt":"2016-08-08T13:15:48","guid":{"rendered":"http:\/\/romfilatelia.ro\/store\/?post_type=product&#038;p=2015569"},"modified":"2025-02-21T09:25:01","modified_gmt":"2025-02-21T07:25:01","slug":"carton-filatelic-emisiune-comuna-romania-federatia-rusa-monumente-inscrise-in-lista-patrimoniului-mondial-unesco","status":"publish","type":"product","link":"https:\/\/romfilatelia.ro\/magazin\/produs\/carton-filatelic\/carton-filatelic-emisiune-comuna-romania-federatia-rusa-monumente-inscrise-in-lista-patrimoniului-mondial-unesco\/","title":{"rendered":"Carton filatelic Emisiune comun\u00e3 ROM\u00c2NIA &#8211; FEDERA\u021aIA RUS\u00c3  &#8211;  Monumente \u00eenscrise \u00een lista patrimoniului mondial UNESCO"},"content":{"rendered":"","protected":false},"excerpt":{"rendered":"","protected":false},"featured_media":2015571,"template":"","meta":{"neve_meta_sidebar":"","neve_meta_container":"","neve_meta_enable_content_width":"","neve_meta_content_width":0,"neve_meta_title_alignment":"","neve_meta_author_avatar":"","neve_post_elements_order":"","neve_meta_disable_header":"","neve_meta_disable_footer":"","neve_meta_disable_title":""},"product_cat":[121],"product_tag":[],"_links":{"self":[{"href":"https:\/\/romfilatelia.ro\/magazin\/wp-json\/wp\/v2\/product\/2015569"}],"collection":[{"href":"https:\/\/romfilatelia.ro\/magazin\/wp-json\/wp\/v2\/product"}],"about":[{"href":"https:\/\/romfilatelia.ro\/magazin\/wp-json\/wp\/v2\/types\/product"}],"wp:featuredmedia":[{"embeddable":true,"href":"https:\/\/romfilatelia.ro\/magazin\/wp-json\/wp\/v2\/media\/2015571"}],"wp:attachment":[{"href":"https:\/\/romfilatelia.ro\/magazin\/wp-json\/wp\/v2\/media?parent=2015569"}],"wp:term":[{"taxonomy":"product_cat","embeddable":true,"href":"https:\/\/romfilatelia.ro\/magazin\/wp-json\/wp\/v2\/product_cat?post=2015569"},{"taxonomy":"product_tag","embeddable":true,"href":"https:\/\/romfilatelia.ro\/magazin\/wp-json\/wp\/v2\/product_tag?post=2015569"}],"curies":[{"name":"wp","href":"https:\/\/api.w.org\/{rel}","templated":true}]}}