{"id":2015564,"date":"2016-08-08T15:14:46","date_gmt":"2016-08-08T13:14:46","guid":{"rendered":"http:\/\/romfilatelia.ro\/store\/?post_type=product&#038;p=2015564"},"modified":"2021-08-27T13:53:18","modified_gmt":"2021-08-27T11:53:18","slug":"set-minicoli-emisiune-comuna-romania-federatia-rusa-monumente-inscrise-in-lista-patrimoniului-mondial-unesco-2","status":"publish","type":"product","link":"https:\/\/romfilatelia.ro\/magazin\/produs\/set-minicoli\/set-minicoli-emisiune-comuna-romania-federatia-rusa-monumente-inscrise-in-lista-patrimoniului-mondial-unesco-2\/","title":{"rendered":"Set minicoli Emisiune comun\u00e3 ROM\u00c2NIA &#8211; FEDERA\u021aIA RUS\u00c3  &#8211;  Monumente \u00eenscrise \u00een lista patrimoniului mondial UNESCO"},"content":{"rendered":"","protected":false},"excerpt":{"rendered":"","protected":false},"featured_media":2017441,"template":"","meta":{"neve_meta_sidebar":"","neve_meta_container":"","neve_meta_enable_content_width":"","neve_meta_content_width":0,"neve_meta_title_alignment":"","neve_meta_author_avatar":"","neve_post_elements_order":"","neve_meta_disable_header":"","neve_meta_disable_footer":"","neve_meta_disable_title":""},"product_cat":[18],"product_tag":[],"_links":{"self":[{"href":"https:\/\/romfilatelia.ro\/magazin\/wp-json\/wp\/v2\/product\/2015564"}],"collection":[{"href":"https:\/\/romfilatelia.ro\/magazin\/wp-json\/wp\/v2\/product"}],"about":[{"href":"https:\/\/romfilatelia.ro\/magazin\/wp-json\/wp\/v2\/types\/product"}],"wp:featuredmedia":[{"embeddable":true,"href":"https:\/\/romfilatelia.ro\/magazin\/wp-json\/wp\/v2\/media\/2017441"}],"wp:attachment":[{"href":"https:\/\/romfilatelia.ro\/magazin\/wp-json\/wp\/v2\/media?parent=2015564"}],"wp:term":[{"taxonomy":"product_cat","embeddable":true,"href":"https:\/\/romfilatelia.ro\/magazin\/wp-json\/wp\/v2\/product_cat?post=2015564"},{"taxonomy":"product_tag","embeddable":true,"href":"https:\/\/romfilatelia.ro\/magazin\/wp-json\/wp\/v2\/product_tag?post=2015564"}],"curies":[{"name":"wp","href":"https:\/\/api.w.org\/{rel}","templated":true}]}}