{"id":2015517,"date":"2016-08-08T14:46:23","date_gmt":"2016-08-08T12:46:23","guid":{"rendered":"http:\/\/romfilatelia.ro\/store\/?post_type=product&#038;p=2015517"},"modified":"2021-08-27T13:53:36","modified_gmt":"2021-08-27T11:53:36","slug":"set-6-valori-expozitia-filatelica-mondiala-efiro-2008-iii-150-de-ani-de-la-aparitia-primelor-marci-postale-romanesti-emisiuni-de-marci-postale-romanesti-in-premiera","status":"publish","type":"product","link":"https:\/\/romfilatelia.ro\/magazin\/produs\/serie-valori\/set-6-valori-expozitia-filatelica-mondiala-efiro-2008-iii-150-de-ani-de-la-aparitia-primelor-marci-postale-romanesti-emisiuni-de-marci-postale-romanesti-in-premiera\/","title":{"rendered":"Set 6 valori Expozi\u021bia Filatelic\u00e3 Mondial\u00e3 EFIRO 2008 (III)  &#8211;  150 de ani de la apari\u021bia primelor m\u00e3rci po\u015ftale rom\u00e2ne\u015fti &#8211; Emisiuni de m\u00e3rci po\u015ftale rom\u00e2ne\u015fti \u00een premier\u00e3"},"content":{"rendered":"","protected":false},"excerpt":{"rendered":"","protected":false},"featured_media":2017451,"template":"","meta":{"neve_meta_sidebar":"","neve_meta_container":"","neve_meta_enable_content_width":"","neve_meta_content_width":0,"neve_meta_title_alignment":"","neve_meta_author_avatar":"","neve_post_elements_order":"","neve_meta_disable_header":"","neve_meta_disable_footer":"","neve_meta_disable_title":""},"product_cat":[17],"product_tag":[],"_links":{"self":[{"href":"https:\/\/romfilatelia.ro\/magazin\/wp-json\/wp\/v2\/product\/2015517"}],"collection":[{"href":"https:\/\/romfilatelia.ro\/magazin\/wp-json\/wp\/v2\/product"}],"about":[{"href":"https:\/\/romfilatelia.ro\/magazin\/wp-json\/wp\/v2\/types\/product"}],"wp:featuredmedia":[{"embeddable":true,"href":"https:\/\/romfilatelia.ro\/magazin\/wp-json\/wp\/v2\/media\/2017451"}],"wp:attachment":[{"href":"https:\/\/romfilatelia.ro\/magazin\/wp-json\/wp\/v2\/media?parent=2015517"}],"wp:term":[{"taxonomy":"product_cat","embeddable":true,"href":"https:\/\/romfilatelia.ro\/magazin\/wp-json\/wp\/v2\/product_cat?post=2015517"},{"taxonomy":"product_tag","embeddable":true,"href":"https:\/\/romfilatelia.ro\/magazin\/wp-json\/wp\/v2\/product_tag?post=2015517"}],"curies":[{"name":"wp","href":"https:\/\/api.w.org\/{rel}","templated":true}]}}