{"id":2015422,"date":"2016-08-08T13:47:42","date_gmt":"2016-08-08T11:47:42","guid":{"rendered":"http:\/\/romfilatelia.ro\/store\/?post_type=product&#038;p=2015422"},"modified":"2021-08-27T13:54:27","modified_gmt":"2021-08-27T11:54:27","slug":"set-carti-postale-maxime-ceramica-romaneasca-ulcioare-de-nunta-ii","status":"publish","type":"product","link":"https:\/\/romfilatelia.ro\/magazin\/produs\/carti-postale-maxime\/set-carti-postale-maxime-ceramica-romaneasca-ulcioare-de-nunta-ii\/","title":{"rendered":"Set carti postale maxime Ceramic\u00e3 Rom\u00e2neasc\u00e3 &#8211; Ulcioare de nunt\u00e3 (II)"},"content":{"rendered":"","protected":false},"excerpt":{"rendered":"","protected":false},"featured_media":2020553,"template":"","meta":{"neve_meta_sidebar":"","neve_meta_container":"","neve_meta_enable_content_width":"","neve_meta_content_width":0,"neve_meta_title_alignment":"","neve_meta_author_avatar":"","neve_post_elements_order":"","neve_meta_disable_header":"","neve_meta_disable_footer":"","neve_meta_disable_title":""},"product_cat":[8],"product_tag":[],"_links":{"self":[{"href":"https:\/\/romfilatelia.ro\/magazin\/wp-json\/wp\/v2\/product\/2015422"}],"collection":[{"href":"https:\/\/romfilatelia.ro\/magazin\/wp-json\/wp\/v2\/product"}],"about":[{"href":"https:\/\/romfilatelia.ro\/magazin\/wp-json\/wp\/v2\/types\/product"}],"wp:featuredmedia":[{"embeddable":true,"href":"https:\/\/romfilatelia.ro\/magazin\/wp-json\/wp\/v2\/media\/2020553"}],"wp:attachment":[{"href":"https:\/\/romfilatelia.ro\/magazin\/wp-json\/wp\/v2\/media?parent=2015422"}],"wp:term":[{"taxonomy":"product_cat","embeddable":true,"href":"https:\/\/romfilatelia.ro\/magazin\/wp-json\/wp\/v2\/product_cat?post=2015422"},{"taxonomy":"product_tag","embeddable":true,"href":"https:\/\/romfilatelia.ro\/magazin\/wp-json\/wp\/v2\/product_tag?post=2015422"}],"curies":[{"name":"wp","href":"https:\/\/api.w.org\/{rel}","templated":true}]}}