{"id":2015346,"date":"2016-08-08T12:17:25","date_gmt":"2016-08-08T10:17:25","guid":{"rendered":"http:\/\/romfilatelia.ro\/store\/?post_type=product&#038;p=2015346"},"modified":"2021-08-27T13:54:28","modified_gmt":"2021-08-27T11:54:28","slug":"set-2-valori-evenimente-nato-summitul-nato-bucuresti-2-4-aprilie-2008","status":"publish","type":"product","link":"https:\/\/romfilatelia.ro\/magazin\/produs\/serie-valori\/set-2-valori-evenimente-nato-summitul-nato-bucuresti-2-4-aprilie-2008\/","title":{"rendered":"Set 2 valori cu t\u00eate-b\u00eache EVENIMENTE NATO &#8211; SUMMITUL NATO, Bucure\u015fti, 2-4 aprilie 2008"},"content":{"rendered":"","protected":false},"excerpt":{"rendered":"","protected":false},"featured_media":2015347,"template":"","meta":{"neve_meta_sidebar":"","neve_meta_container":"","neve_meta_enable_content_width":"","neve_meta_content_width":0,"neve_meta_title_alignment":"","neve_meta_author_avatar":"","neve_post_elements_order":"","neve_meta_disable_header":"","neve_meta_disable_footer":"","neve_meta_disable_title":""},"product_cat":[17],"product_tag":[],"_links":{"self":[{"href":"https:\/\/romfilatelia.ro\/magazin\/wp-json\/wp\/v2\/product\/2015346"}],"collection":[{"href":"https:\/\/romfilatelia.ro\/magazin\/wp-json\/wp\/v2\/product"}],"about":[{"href":"https:\/\/romfilatelia.ro\/magazin\/wp-json\/wp\/v2\/types\/product"}],"wp:featuredmedia":[{"embeddable":true,"href":"https:\/\/romfilatelia.ro\/magazin\/wp-json\/wp\/v2\/media\/2015347"}],"wp:attachment":[{"href":"https:\/\/romfilatelia.ro\/magazin\/wp-json\/wp\/v2\/media?parent=2015346"}],"wp:term":[{"taxonomy":"product_cat","embeddable":true,"href":"https:\/\/romfilatelia.ro\/magazin\/wp-json\/wp\/v2\/product_cat?post=2015346"},{"taxonomy":"product_tag","embeddable":true,"href":"https:\/\/romfilatelia.ro\/magazin\/wp-json\/wp\/v2\/product_tag?post=2015346"}],"curies":[{"name":"wp","href":"https:\/\/api.w.org\/{rel}","templated":true}]}}