{"id":2015061,"date":"2016-08-05T14:28:52","date_gmt":"2016-08-05T12:28:52","guid":{"rendered":"http:\/\/romfilatelia.ro\/store\/?post_type=product&#038;p=2015061"},"modified":"2025-02-21T09:59:43","modified_gmt":"2025-02-21T07:59:43","slug":"carton-filatelic-banca-nationala-a-romaniei-130-de-ani-de-la-infiintare","status":"publish","type":"product","link":"https:\/\/romfilatelia.ro\/magazin\/produs\/carton-filatelic\/carton-filatelic-banca-nationala-a-romaniei-130-de-ani-de-la-infiintare\/","title":{"rendered":"Carton filatelic BANCA NA\u021aIONAL\u00c3 A ROM\u00c2NIEI &#8211; 130 DE ANI DE LA \u00ceNFIIN\u021aARE"},"content":{"rendered":"","protected":false},"excerpt":{"rendered":"","protected":false},"featured_media":2015063,"template":"","meta":{"neve_meta_sidebar":"","neve_meta_container":"","neve_meta_enable_content_width":"","neve_meta_content_width":0,"neve_meta_title_alignment":"","neve_meta_author_avatar":"","neve_post_elements_order":"","neve_meta_disable_header":"","neve_meta_disable_footer":"","neve_meta_disable_title":""},"product_cat":[121,145],"product_tag":[],"_links":{"self":[{"href":"https:\/\/romfilatelia.ro\/magazin\/wp-json\/wp\/v2\/product\/2015061"}],"collection":[{"href":"https:\/\/romfilatelia.ro\/magazin\/wp-json\/wp\/v2\/product"}],"about":[{"href":"https:\/\/romfilatelia.ro\/magazin\/wp-json\/wp\/v2\/types\/product"}],"wp:featuredmedia":[{"embeddable":true,"href":"https:\/\/romfilatelia.ro\/magazin\/wp-json\/wp\/v2\/media\/2015063"}],"wp:attachment":[{"href":"https:\/\/romfilatelia.ro\/magazin\/wp-json\/wp\/v2\/media?parent=2015061"}],"wp:term":[{"taxonomy":"product_cat","embeddable":true,"href":"https:\/\/romfilatelia.ro\/magazin\/wp-json\/wp\/v2\/product_cat?post=2015061"},{"taxonomy":"product_tag","embeddable":true,"href":"https:\/\/romfilatelia.ro\/magazin\/wp-json\/wp\/v2\/product_tag?post=2015061"}],"curies":[{"name":"wp","href":"https:\/\/api.w.org\/{rel}","templated":true}]}}