{"id":2014949,"date":"2016-08-05T13:37:14","date_gmt":"2016-08-05T11:37:14","guid":{"rendered":"http:\/\/romfilatelia.ro\/store\/?post_type=product&#038;p=2014949"},"modified":"2025-02-21T09:56:52","modified_gmt":"2025-02-21T07:56:52","slug":"carton-filatelic-20-de-ani-de-activitate-1990-2010-organizatia-salvati-copiii-romania","status":"publish","type":"product","link":"https:\/\/romfilatelia.ro\/magazin\/produs\/carton-filatelic\/carton-filatelic-20-de-ani-de-activitate-1990-2010-organizatia-salvati-copiii-romania\/","title":{"rendered":"Carton filatelic 20 de ani de activitate (1990 &#8211; 2010) &#8211; ORGANIZA\u0162IA SALVA\u0162I COPIII ROM\u00c2NIA"},"content":{"rendered":"","protected":false},"excerpt":{"rendered":"","protected":false},"featured_media":2014950,"template":"","meta":{"neve_meta_sidebar":"","neve_meta_container":"","neve_meta_enable_content_width":"","neve_meta_content_width":0,"neve_meta_title_alignment":"","neve_meta_author_avatar":"","neve_post_elements_order":"","neve_meta_disable_header":"","neve_meta_disable_footer":"","neve_meta_disable_title":""},"product_cat":[121],"product_tag":[],"_links":{"self":[{"href":"https:\/\/romfilatelia.ro\/magazin\/wp-json\/wp\/v2\/product\/2014949"}],"collection":[{"href":"https:\/\/romfilatelia.ro\/magazin\/wp-json\/wp\/v2\/product"}],"about":[{"href":"https:\/\/romfilatelia.ro\/magazin\/wp-json\/wp\/v2\/types\/product"}],"wp:featuredmedia":[{"embeddable":true,"href":"https:\/\/romfilatelia.ro\/magazin\/wp-json\/wp\/v2\/media\/2014950"}],"wp:attachment":[{"href":"https:\/\/romfilatelia.ro\/magazin\/wp-json\/wp\/v2\/media?parent=2014949"}],"wp:term":[{"taxonomy":"product_cat","embeddable":true,"href":"https:\/\/romfilatelia.ro\/magazin\/wp-json\/wp\/v2\/product_cat?post=2014949"},{"taxonomy":"product_tag","embeddable":true,"href":"https:\/\/romfilatelia.ro\/magazin\/wp-json\/wp\/v2\/product_tag?post=2014949"}],"curies":[{"name":"wp","href":"https:\/\/api.w.org\/{rel}","templated":true}]}}