{"id":2014772,"date":"2016-08-04T16:41:13","date_gmt":"2016-08-04T14:41:13","guid":{"rendered":"http:\/\/romfilatelia.ro\/store\/?post_type=product&#038;p=2014772"},"modified":"2021-01-27T16:10:49","modified_gmt":"2021-01-27T14:10:49","slug":"set-valori-135-de-ani-de-la-infiintarea-societatii-nationale-de-cruce-rosie-din-romania","status":"publish","type":"product","link":"https:\/\/romfilatelia.ro\/magazin\/produs\/serie-valori\/set-valori-135-de-ani-de-la-infiintarea-societatii-nationale-de-cruce-rosie-din-romania\/","title":{"rendered":"Set valori 135 de ani de la \u00eenfiin\u0163area Societ\u0103\u0163ii Na\u0163ionale de Cruce Ro\u015fie din Rom\u00e2nia"},"content":{"rendered":"","protected":false},"excerpt":{"rendered":"","protected":false},"featured_media":2014773,"template":"","meta":{"neve_meta_sidebar":"","neve_meta_container":"","neve_meta_enable_content_width":"","neve_meta_content_width":0,"neve_meta_title_alignment":"","neve_meta_author_avatar":"","neve_post_elements_order":"","neve_meta_disable_header":"","neve_meta_disable_footer":"","neve_meta_disable_title":""},"product_cat":[17],"product_tag":[],"_links":{"self":[{"href":"https:\/\/romfilatelia.ro\/magazin\/wp-json\/wp\/v2\/product\/2014772"}],"collection":[{"href":"https:\/\/romfilatelia.ro\/magazin\/wp-json\/wp\/v2\/product"}],"about":[{"href":"https:\/\/romfilatelia.ro\/magazin\/wp-json\/wp\/v2\/types\/product"}],"wp:featuredmedia":[{"embeddable":true,"href":"https:\/\/romfilatelia.ro\/magazin\/wp-json\/wp\/v2\/media\/2014773"}],"wp:attachment":[{"href":"https:\/\/romfilatelia.ro\/magazin\/wp-json\/wp\/v2\/media?parent=2014772"}],"wp:term":[{"taxonomy":"product_cat","embeddable":true,"href":"https:\/\/romfilatelia.ro\/magazin\/wp-json\/wp\/v2\/product_cat?post=2014772"},{"taxonomy":"product_tag","embeddable":true,"href":"https:\/\/romfilatelia.ro\/magazin\/wp-json\/wp\/v2\/product_tag?post=2014772"}],"curies":[{"name":"wp","href":"https:\/\/api.w.org\/{rel}","templated":true}]}}