{"id":2014354,"date":"2016-07-29T16:39:06","date_gmt":"2016-07-29T14:39:06","guid":{"rendered":"http:\/\/romfilatelia.ro\/store\/?post_type=product&#038;p=2014354"},"modified":"2019-07-03T08:45:06","modified_gmt":"2019-07-03T06:45:06","slug":"set-valori-emisiune-comuna-romania-polonia-arta-populara-costume-populare-traditionale","status":"publish","type":"product","link":"https:\/\/romfilatelia.ro\/magazin\/produs\/serie-valori\/set-valori-emisiune-comuna-romania-polonia-arta-populara-costume-populare-traditionale\/","title":{"rendered":"Set valori Emisiune comun\u00e3 ROM\u00c2NIA &#8211; POLONIA: ART\u00c3 POPULAR\u00c3 &#8211; COSTUME POPULARE TRADI\u021aIONALE"},"content":{"rendered":"","protected":false},"excerpt":{"rendered":"","protected":false},"featured_media":2014355,"template":"","meta":{"neve_meta_sidebar":"","neve_meta_container":"","neve_meta_enable_content_width":"","neve_meta_content_width":0,"neve_meta_title_alignment":"","neve_meta_author_avatar":"","neve_post_elements_order":"","neve_meta_disable_header":"","neve_meta_disable_footer":"","neve_meta_disable_title":""},"product_cat":[145,17],"product_tag":[],"_links":{"self":[{"href":"https:\/\/romfilatelia.ro\/magazin\/wp-json\/wp\/v2\/product\/2014354"}],"collection":[{"href":"https:\/\/romfilatelia.ro\/magazin\/wp-json\/wp\/v2\/product"}],"about":[{"href":"https:\/\/romfilatelia.ro\/magazin\/wp-json\/wp\/v2\/types\/product"}],"wp:featuredmedia":[{"embeddable":true,"href":"https:\/\/romfilatelia.ro\/magazin\/wp-json\/wp\/v2\/media\/2014355"}],"wp:attachment":[{"href":"https:\/\/romfilatelia.ro\/magazin\/wp-json\/wp\/v2\/media?parent=2014354"}],"wp:term":[{"taxonomy":"product_cat","embeddable":true,"href":"https:\/\/romfilatelia.ro\/magazin\/wp-json\/wp\/v2\/product_cat?post=2014354"},{"taxonomy":"product_tag","embeddable":true,"href":"https:\/\/romfilatelia.ro\/magazin\/wp-json\/wp\/v2\/product_tag?post=2014354"}],"curies":[{"name":"wp","href":"https:\/\/api.w.org\/{rel}","templated":true}]}}